{"id":1510,"date":"2018-10-03T18:14:56","date_gmt":"2018-10-03T21:14:56","guid":{"rendered":"https:\/\/wp.ufpel.edu.br\/enghidrica\/?page_id=1510"},"modified":"2026-04-08T10:49:11","modified_gmt":"2026-04-08T13:49:11","slug":"formacao-complementar","status":"publish","type":"page","link":"https:\/\/wp.ufpel.edu.br\/enghidrica\/formularios\/formacao-complementar\/","title":{"rendered":"Forma\u00e7\u00e3o complementar"},"content":{"rendered":"<p style=\"text-align: center;\"><strong>FORMA\u00c7\u00c3O COMPLEMENTAR<\/strong><\/p>\n<p style=\"text-align: justify;\">Atividades acad\u00eamico-cient\u00edfico-culturais, n\u00e3o associadas a disciplinas e que est\u00e3o relacionadas com projetos de ensino, pesquisa ou extens\u00e3o.<\/p>\n<p style=\"text-align: justify;\">O aluno desenvolver\u00e1 atividades complementares com <strong>carga hor\u00e1ria m\u00ednima equivalente a um total de 4 cr\u00e9ditos (60 horas)<\/strong>, que servir\u00e1 para integralizar a carga hor\u00e1ria total exigida para sua forma\u00e7\u00e3o, conforme as atividades propostas no quadro abaixo.<\/p>\n<p style=\"text-align: justify;\">O enquadramento das atividades acad\u00eamico-cient\u00edfico-culturais a serem desenvolvidas pelos alunos do curso de gradua\u00e7\u00e3o em Engenharia H\u00eddrica e o n\u00famero de cr\u00e9ditos associados dever\u00e1 ser definido pelo colegiado do curso, sempre atendendo aos crit\u00e9rios estabelecidos no PPC e do regimento da institui\u00e7\u00e3o.<\/p>\n<p style=\"text-align: justify;\">Para que as atividades de Forma\u00e7\u00e3o Complementar sejam computadas e inseridas no hist\u00f3rico escolar do aluno, este deve inserir no cobalto as horas de atividades complementares atrav\u00e9s do menu<strong> aluno &#8211; cadastros &#8211; solicita\u00e7\u00e3o de atividades complementares,<\/strong> no per\u00edodo m\u00e1ximo de sua finaliza\u00e7\u00e3o do Trabalho de Conclus\u00e3o de Curso I. O colegiado do curso far\u00e1 a aprecia\u00e7\u00e3o e avalia\u00e7\u00e3o do pedido.<\/p>\n<p>&nbsp;<\/p>\n<p><strong>Atribui\u00e7\u00e3o de carga hor\u00e1ria das atividades complementares.<\/strong><\/p>\n<table width=\"590\">\n<tbody>\n<tr>\n<td width=\"339\"><strong>Atividade<\/strong><\/td>\n<td width=\"143\"><strong>Carga hor\u00e1ria m\u00ednima (h)<\/strong><\/td>\n<td width=\"108\"><strong>Carga hor\u00e1ria m\u00e1xima (h)<\/strong><\/td>\n<\/tr>\n<tr>\n<td width=\"339\"><strong>Ensino<\/strong><\/td>\n<td width=\"143\">&nbsp;<\/td>\n<td width=\"108\">&nbsp;<\/td>\n<\/tr>\n<tr>\n<td width=\"339\">Projetos de Ensino<\/td>\n<td width=\"143\">15<\/td>\n<td width=\"108\">45<\/td>\n<\/tr>\n<tr>\n<td width=\"339\">Monitoria<\/td>\n<td width=\"143\">15<\/td>\n<td width=\"108\">45<\/td>\n<\/tr>\n<tr>\n<td width=\"339\">Curso de l\u00edngua estrangeira<\/td>\n<td width=\"143\">15<\/td>\n<td width=\"108\">45<\/td>\n<\/tr>\n<tr>\n<td width=\"339\">\n<p>Disciplina n\u00e3o prevista no curr\u00edculo do<\/p>\n<p>Curso<\/td>\n<td width=\"143\">15<\/td>\n<td width=\"108\">45<\/td>\n<\/tr>\n<tr>\n<td width=\"339\">Ensino a dist\u00e2ncia\/Cursos a dist\u00e2ncia<\/td>\n<td width=\"143\">\u00a015<\/td>\n<td width=\"108\">45<\/td>\n<\/tr>\n<tr>\n<td width=\"339\"><strong>Pesquisa<\/strong><\/td>\n<td width=\"143\">&nbsp;<\/td>\n<td width=\"108\">&nbsp;<\/td>\n<\/tr>\n<tr>\n<td width=\"339\">Projetos de Pesquisa<\/td>\n<td width=\"143\">15<\/td>\n<td width=\"108\">45<\/td>\n<\/tr>\n<tr>\n<td width=\"339\">Inicia\u00e7\u00e3o Cient\u00edfica (Remunerada ou volunt\u00e1ria)<\/td>\n<td width=\"143\">15<\/td>\n<td width=\"108\">45<\/td>\n<\/tr>\n<tr>\n<td width=\"339\">Congressos, Simp\u00f3sios, Palestras, Semin\u00e1rios, Encontros, Semanas Acad\u00eamicas, Cursos, outros eventos<\/td>\n<td width=\"143\">\u00a015<\/td>\n<td width=\"108\">\u00a045<\/td>\n<\/tr>\n<tr>\n<td width=\"339\">Semin\u00e1rios, palestras, minicursos e cursos ministrados<\/td>\n<td width=\"143\">\u00a015<\/td>\n<td width=\"108\">45<\/td>\n<\/tr>\n<tr>\n<td width=\"339\"><strong>Extens\u00e3o<\/strong><\/td>\n<td width=\"143\">&nbsp;<\/td>\n<td width=\"108\">&nbsp;<\/td>\n<\/tr>\n<tr>\n<td width=\"339\">Projetos de Extens\u00e3o<\/td>\n<td width=\"143\">15<\/td>\n<td width=\"108\">45<\/td>\n<\/tr>\n<tr>\n<td width=\"339\">Programa de Inicia\u00e7\u00e3o Profissional, Est\u00e1gio curricular n\u00e3o obrigat\u00f3rio<\/td>\n<td width=\"143\">15<\/td>\n<td width=\"108\">45<\/td>\n<\/tr>\n<tr>\n<td width=\"339\">Representante discente titular no colegiado de curso<\/td>\n<td width=\"143\">15<\/td>\n<td width=\"108\">45<\/td>\n<\/tr>\n<tr>\n<td width=\"339\">Membro de Empresa J\u00fanior<\/td>\n<td width=\"143\">15<\/td>\n<td width=\"108\">45<\/td>\n<\/tr>\n<tr>\n<td width=\"339\">Membro de Diret\u00f3rio Acad\u00eamico<\/td>\n<td width=\"143\">15<\/td>\n<td width=\"108\">45<\/td>\n<\/tr>\n<tr>\n<td width=\"339\">Trabalho social volunt\u00e1rio<\/td>\n<td width=\"143\">15<\/td>\n<td width=\"108\">45<\/td>\n<\/tr>\n<tr>\n<td width=\"339\">Servi\u00e7o volunt\u00e1rio<sup>1<\/sup><\/td>\n<td width=\"143\">15<\/td>\n<td width=\"108\">45<\/td>\n<\/tr>\n<tr>\n<td width=\"339\">Programa de Educa\u00e7\u00e3o Tutorial<\/td>\n<td width=\"143\">15<\/td>\n<td width=\"108\">\u00a045<\/td>\n<\/tr>\n<tr>\n<td width=\"339\">Organiza\u00e7\u00e3o de eventos<\/td>\n<td width=\"143\">15<\/td>\n<td width=\"108\">45<\/td>\n<\/tr>\n<tr>\n<td width=\"339\">Programa de interc\u00e2mbio interinstitucional relacionado a \u00e1rea do Curso<\/td>\n<td width=\"143\">15<\/td>\n<td width=\"108\">45<\/td>\n<\/tr>\n<\/tbody>\n<\/table>\n<p><sup style=\"text-align: justify;\">1<\/sup><span style=\"text-align: justify;\">Servi\u00e7o volunt\u00e1rio: de acordo com a LEI N\u00ba 9.608, DE 18 DE FEVEREIRO DE 1998, que disp\u00f5e sobre o servi\u00e7o volunt\u00e1rio, em seu Art. 1\u00ba, \u201cConsidera-se servi\u00e7o volunt\u00e1rio, para fins desta Lei, a atividade n\u00e3o remunerada, prestada por pessoa f\u00edsica a entidade p\u00fablica de qualquer natureza, ou a institui\u00e7\u00e3o privada de fins n\u00e3o lucrativos, que tenha objetivos c\u00edvicos, culturais, educacionais, cient\u00edficos, recreativos ou de assist\u00eancia social, inclusive mutualidade\u201d.<\/span><\/p>\n<p>Fonte: Projeto Pedag\u00f3gico de Curso de Gradua\u00e7\u00e3o em Engenharia H\u00eddrica da UFPel<\/p>\n","protected":false},"excerpt":{"rendered":"<p>FORMA\u00c7\u00c3O COMPLEMENTAR Atividades acad\u00eamico-cient\u00edfico-culturais, n\u00e3o associadas a disciplinas e que est\u00e3o relacionadas com projetos de ensino, pesquisa ou extens\u00e3o. O aluno desenvolver\u00e1 atividades complementares com carga hor\u00e1ria m\u00ednima equivalente a um total de 4 cr\u00e9ditos (60 horas), que servir\u00e1 para integralizar a carga hor\u00e1ria total exigida para sua forma\u00e7\u00e3o, conforme as atividades propostas no quadro [&hellip;]<\/p>\n","protected":false},"author":598,"featured_media":0,"parent":871,"menu_order":0,"comment_status":"closed","ping_status":"closed","template":"","meta":{"jetpack_post_was_ever_published":false,"footnotes":""},"class_list":["post-1510","page","type-page","status-publish","hentry"],"jetpack_sharing_enabled":true,"jetpack_shortlink":"https:\/\/wp.me\/P8gexX-om","jetpack-related-posts":[],"publishpress_future_action":{"enabled":false,"date":"2026-04-18 00:45:28","action":"change-status","newStatus":"draft","terms":[],"taxonomy":"","extraData":[]},"publishpress_future_workflow_manual_trigger":{"enabledWorkflows":[]},"_links":{"self":[{"href":"https:\/\/wp.ufpel.edu.br\/enghidrica\/wp-json\/wp\/v2\/pages\/1510","targetHints":{"allow":["GET"]}}],"collection":[{"href":"https:\/\/wp.ufpel.edu.br\/enghidrica\/wp-json\/wp\/v2\/pages"}],"about":[{"href":"https:\/\/wp.ufpel.edu.br\/enghidrica\/wp-json\/wp\/v2\/types\/page"}],"author":[{"embeddable":true,"href":"https:\/\/wp.ufpel.edu.br\/enghidrica\/wp-json\/wp\/v2\/users\/598"}],"replies":[{"embeddable":true,"href":"https:\/\/wp.ufpel.edu.br\/enghidrica\/wp-json\/wp\/v2\/comments?post=1510"}],"version-history":[{"count":3,"href":"https:\/\/wp.ufpel.edu.br\/enghidrica\/wp-json\/wp\/v2\/pages\/1510\/revisions"}],"predecessor-version":[{"id":3055,"href":"https:\/\/wp.ufpel.edu.br\/enghidrica\/wp-json\/wp\/v2\/pages\/1510\/revisions\/3055"}],"up":[{"embeddable":true,"href":"https:\/\/wp.ufpel.edu.br\/enghidrica\/wp-json\/wp\/v2\/pages\/871"}],"wp:attachment":[{"href":"https:\/\/wp.ufpel.edu.br\/enghidrica\/wp-json\/wp\/v2\/media?parent=1510"}],"curies":[{"name":"wp","href":"https:\/\/api.w.org\/{rel}","templated":true}]}}