{"id":1264,"date":"2018-02-27T01:35:12","date_gmt":"2018-02-27T04:35:12","guid":{"rendered":"https:\/\/wp.ufpel.edu.br\/enghidrica\/?page_id=1264"},"modified":"2024-09-16T21:36:25","modified_gmt":"2024-09-17T00:36:25","slug":"estagios","status":"publish","type":"page","link":"https:\/\/wp.ufpel.edu.br\/enghidrica\/estagios\/","title":{"rendered":"Est\u00e1gios"},"content":{"rendered":"<p style=\"text-align: justify;\">Por defini\u00e7\u00e3o do Art. 1\u00ba da lei n\u00ba 11.788, de 25 de setembro de 2008, \u201c<strong>est\u00e1gio<\/strong> \u00e9 ato educativo escolar supervisionado, desenvolvido no ambiente de trabalho, que visa \u00e0 prepara\u00e7\u00e3o para o trabalho produtivo de educandos que estejam freq\u00fcentando o ensino regular em institui\u00e7\u00f5es de educa\u00e7\u00e3o superior, de educa\u00e7\u00e3o profissional, de ensino m\u00e9dio, da educa\u00e7\u00e3o especial e dos anos finais do ensino fundamental, na modalidade profissional da educa\u00e7\u00e3o de jovens e adultos\u201d.<\/p>\n<p style=\"text-align: justify;\">A referida legisla\u00e7\u00e3o classifica-o em est\u00e1gio curricular obrigat\u00f3rio e n\u00e3o obrigat\u00f3rio:<\/p>\n<p style=\"text-align: justify;\"><strong>Est\u00e1gio obrigat\u00f3rio:<\/strong> \u00e9 aquele definido como tal no projeto do curso, cuja carga hor\u00e1ria \u00e9 requisito para aprova\u00e7\u00e3o e obten\u00e7\u00e3o de diploma.<\/p>\n<p style=\"text-align: justify;\"><strong>Est\u00e1gio n\u00e3o-obrigat\u00f3rio:<\/strong> \u00e9 aquele desenvolvido como atividade opcional, acrescida \u00e0 carga hor\u00e1ria regular e obrigat\u00f3ria.<\/p>\n<p style=\"text-align: justify;\">Independente da modalidade, o est\u00e1gio n\u00e3o cria v\u00ednculo empregat\u00edcio de qualquer natureza, e somente poder\u00e1 ser realizado em \u00e1rea compat\u00edvel com a desenvolvida no curso.<\/p>\n<p style=\"text-align: justify;\">As atividades de est\u00e1gio somente ser\u00e3o v\u00e1lidas quando precedidas da celebra\u00e7\u00e3o de um Termo de Compromisso entre o educando, a parte concedente do est\u00e1gio e a institui\u00e7\u00e3o de ensino.<\/p>\n<p style=\"text-align: justify;\">As atividades do estagi\u00e1rio ser\u00e3o acompanhadas e orientadas por dois profissionais, sendo um deles um <strong>Supervisor no local de est\u00e1gio<\/strong> e o outro, um <strong>Professor Orientador do Est\u00e1gio pela UFPel<\/strong>.<\/p>\n<p style=\"text-align: justify;\">O <strong>Professor Supervisor de Est\u00e1gios<\/strong> do curso de Engenharia H\u00eddrica \u00e9 o regente da disciplina de Tutoria Acad\u00eamico-Profissional. Cabe ao Professor Supervisor de Est\u00e1gios orientar e auxiliar o aluno estagi\u00e1rio sobre os procedimentos formais do est\u00e1gio e os documentos a serem preenchidos.<\/p>\n<p><strong>A carga hor\u00e1ria m\u00ednima para o est\u00e1gio obrigat\u00f3rio \u00e9 de 240 horas (16 cr\u00e9ditos).<\/strong><\/p>\n<p>&nbsp;<\/p>\n<p style=\"text-align: justify;\"><strong>Seguro contra acidentes pessoais<\/strong><\/p>\n<p style=\"text-align: justify;\">A UFPEL disponibiliza seguro gratuito para os alunos em <strong>Est\u00e1gio Obrigat\u00f3rio<\/strong>.<\/p>\n<p>&nbsp;<\/p>\n<p style=\"text-align: justify;\"><strong>Dados do seguro feito pela UFPel:<\/strong><\/p>\n<p style=\"text-align: justify;\">Nome da seguradora: SEGUROS SURA S.A., CNPJ N\u00ba 33.065.699\/0001-27<\/p>\n<p style=\"text-align: justify;\">N\u00famero da ap\u00f3lice: 4 (2751059)<\/p>\n<p style=\"text-align: justify;\">Valor: R$20.000,00<\/p>\n<p>&nbsp;<\/p>\n<p style=\"text-align: justify;\"><strong>Documentos que dever\u00e3o ser entregues para realiza\u00e7\u00e3o do est\u00e1gio:<\/strong><\/p>\n<p style=\"text-align: justify;\"><strong><a href=\"https:\/\/wp.ufpel.edu.br\/enghidrica\/files\/2022\/08\/1-Carta-de-apresentacao-do-aluno-ao-estagio-curricular-1.docx\">1-Carta de apresenta\u00e7\u00e3o do aluno ao est\u00e1gio curricular<\/a>:<\/strong> esta \u00e9 uma carta de apresenta\u00e7\u00e3o do aluno \u00e0 concedente do est\u00e1gio. Deve-se providenciar <u>uma via assinada pelo professor orientador do est\u00e1gio pela UFPel<\/u> e entreg\u00e1-la na concedente do est\u00e1gio.<\/p>\n<p style=\"text-align: justify;\"><strong><a href=\"https:\/\/wp.ufpel.edu.br\/enghidrica\/files\/2022\/08\/2-Termo-de-compromisso-do-supervisor-no-local-do-estagio.docx\">2-Termo de compromisso do supervisor no local do est\u00e1gio<\/a>:<\/strong> este \u00e9 um termo de compromisso do supervisor do est\u00e1gio na concedente. Deve-se providenciar <u>uma via assinada pelo supervisor do est\u00e1gio na concedente<\/u> e entreg\u00e1-la para o professor supervisor de est\u00e1gios do Curso de Engenharia H\u00eddrica.<\/p>\n<p style=\"text-align: justify;\"><strong><a href=\"https:\/\/wp.ufpel.edu.br\/enghidrica\/files\/2022\/08\/3-Termo-de-compromisso-do-professor-orientador-do-estagio-pela-UFPel.docx\">3-Termo de compromisso do professor orientador do est\u00e1gio pela UFPel<\/a>:<\/strong> este termo dever\u00e1 ser preenchido apenas pelo professor orientador do est\u00e1gio pela UFPel. Deve-se providenciar <u>uma via assinada pelo professor orientador do est\u00e1gio pela UFPel<\/u> e entreg\u00e1-la para o professor supervisor de est\u00e1gios do Curso de Engenharia H\u00eddrica.<\/p>\n<p style=\"text-align: justify;\"><strong><a href=\"https:\/\/wp.ufpel.edu.br\/enghidrica\/files\/2022\/08\/4-Termo-de-Compromisso-para-realizacao-estagio.docx\">4-Termo de Compromisso para realiza\u00e7\u00e3o est\u00e1gio<\/a>:<\/strong> este \u00e9 um termo de compromisso para realiza\u00e7\u00e3o de est\u00e1gio curricular obrigat\u00f3rio e n\u00e3o obrigat\u00f3rio, tendo a UFPel como institui\u00e7\u00e3o de ensino. Deve-se providenciar <u>tr\u00eas vias assinadas pela coordena\u00e7\u00e3o do curso de Engenharia H\u00eddrica, pelo representante da concedente do est\u00e1gio e pelo estagi\u00e1rio, al\u00e9m de duas testemunhas.<\/u> Uma via dever\u00e1 ser entregue para o professor supervisor de est\u00e1gios do Curso de Engenharia H\u00eddrica, outra via para a concedente do est\u00e1gio e outra via para o estagi\u00e1rio.<\/p>\n<p style=\"text-align: justify;\"><strong><a href=\"https:\/\/wp.ufpel.edu.br\/enghidrica\/files\/2022\/08\/5-Plano-de-estagio-curricular.docx\">5-Plano de est\u00e1gio curricular<\/a>:<\/strong> este \u00e9 o plano que ser\u00e1 desenvolvido durante o est\u00e1gio. Deve-se providenciar <u>tr\u00eas vias assinadas pelo professor orientador do est\u00e1gio pela UFPel, pelo supervisor do est\u00e1gio na concedente e pelo estagi\u00e1rio<\/u>. Uma via dever\u00e1 ser entregue para o professor supervisor de est\u00e1gios do Curso de Engenharia H\u00eddrica, outra via para a concedente do est\u00e1gio e outra via para o estagi\u00e1rio.<\/p>\n<p style=\"text-align: justify;\"><strong><a href=\"https:\/\/wp.ufpel.edu.br\/enghidrica\/files\/2022\/08\/6-Avaliacao-do-estagiario-pelo-supervisor-na-concedente.docx\">6-Avalia\u00e7\u00e3o do estagi\u00e1rio pelo supervisor na concedente<\/a>:<\/strong> esta avalia\u00e7\u00e3o dever\u00e1 ser preenchida ao final do est\u00e1gio pelo <u>supervisor do est\u00e1gio na concedente<\/u> e entregue <u>uma via<\/u> para o professor supervisor de est\u00e1gios do Curso de Engenharia H\u00eddrica.<\/p>\n<p style=\"text-align: justify;\"><strong><a href=\"https:\/\/wp.ufpel.edu.br\/enghidrica\/files\/2022\/08\/Modelo-relatorio-Estagio-supervisionado.doc\">Modelo relat\u00f3rio-Est\u00e1gio supervisionado<\/a>:<\/strong> este \u00e9 o modelo de relat\u00f3rio que dever\u00e1 ser utilizado e entregue ap\u00f3s finalizar o est\u00e1gio para o professor supervisor de est\u00e1gios do Curso de Engenharia H\u00eddrica e para o professor orientador do est\u00e1gio pela UFPel.<\/p>\n<p>&nbsp;<\/p>\n<p style=\"text-align: justify;\">A regulamenta\u00e7\u00e3o dos est\u00e1gios na UFPel, em harmonia com a Lei 11.788\/2008, d\u00e1-se atrav\u00e9s das Resolu\u00e7\u00f5es n\u00ba 03\/2009 e 04\/2009, ambas do Conselho Coordenador do Ensino, da Pesquisa e da Extens\u00e3o \u2013 COCEPE. A primeira disp\u00f5e acerca dos est\u00e1gios obrigat\u00f3rios e n\u00e3o obrigat\u00f3rios concedidos dentro da pr\u00f3pria UFPel (UFPel como Parte Concedente), ao passo que a outra regulamenta todos os est\u00e1gios realizados por acad\u00eamicos da Institui\u00e7\u00e3o (UFPel como Institui\u00e7\u00e3o de Ensino).<\/p>\n<p style=\"text-align: justify;\">Abaixo est\u00e3o os documentos que orientam sobre o est\u00e1gio no curso de Engenharia H\u00eddrica:<\/p>\n<p><a href=\"https:\/\/wp.ufpel.edu.br\/enghidrica\/files\/2018\/02\/Lei-de-est\u00e1gio-11.788-2008.pdf\">Lei de est\u00e1gio 11.788-2008<\/a><\/p>\n<p><a href=\"https:\/\/wp.ufpel.edu.br\/enghidrica\/files\/2018\/02\/Cartilha-lei-de-est\u00e1gio-11.788-2008.pdf\">Cartilha lei de est\u00e1gio 11.788-2008<\/a><\/p>\n<p><a href=\"https:\/\/wp.ufpel.edu.br\/enghidrica\/files\/2018\/02\/Resolu\u00e7\u00e3o-03-de-08.06.2009.pdf\">Resolu\u00e7\u00e3o 03 de 08.06.2009<\/a><\/p>\n<p><a href=\"https:\/\/wp.ufpel.edu.br\/enghidrica\/files\/2018\/02\/Resolu\u00e7\u00e3o-04-de-08.06.2009.pdf\">Resolu\u00e7\u00e3o 04 de 08.06.2009<\/a><\/p>\n<p><a href=\"https:\/\/wp.ufpel.edu.br\/enghidrica\/files\/2018\/02\/Termo-de-Compromisso-UFPel-como-INSTITUICAO-DE-ENSINO-5.doc\">Termo-de-Compromisso-UFPel-como-INSTITUICAO-DE-ENSINO-5<\/a><\/p>\n<p><a href=\"https:\/\/wp.ufpel.edu.br\/enghidrica\/files\/2018\/02\/Termo-de-Compromisso-UFPel-como-PARTE-CONCEDENTE3-3.doc\">Termo-de-Compromisso-UFPel-como-PARTE-CONCEDENTE3-3<\/a><\/p>\n<p style=\"text-align: justify;\">\n","protected":false},"excerpt":{"rendered":"<p>Por defini\u00e7\u00e3o do Art. 1\u00ba da lei n\u00ba 11.788, de 25 de setembro de 2008, \u201cest\u00e1gio \u00e9 ato educativo escolar supervisionado, desenvolvido no ambiente de trabalho, que visa \u00e0 prepara\u00e7\u00e3o para o trabalho produtivo de educandos que estejam freq\u00fcentando o ensino regular em institui\u00e7\u00f5es de educa\u00e7\u00e3o superior, de educa\u00e7\u00e3o profissional, de ensino m\u00e9dio, da educa\u00e7\u00e3o [&hellip;]<\/p>\n","protected":false},"author":598,"featured_media":0,"parent":0,"menu_order":0,"comment_status":"closed","ping_status":"closed","template":"","meta":{"jetpack_post_was_ever_published":false,"footnotes":""},"class_list":["post-1264","page","type-page","status-publish","hentry"],"jetpack_sharing_enabled":true,"jetpack_shortlink":"https:\/\/wp.me\/P8gexX-ko","jetpack-related-posts":[],"publishpress_future_action":{"enabled":false,"date":"2026-04-15 04:39:00","action":"change-status","newStatus":"draft","terms":[],"taxonomy":"","extraData":[]},"publishpress_future_workflow_manual_trigger":{"enabledWorkflows":[]},"_links":{"self":[{"href":"https:\/\/wp.ufpel.edu.br\/enghidrica\/wp-json\/wp\/v2\/pages\/1264","targetHints":{"allow":["GET"]}}],"collection":[{"href":"https:\/\/wp.ufpel.edu.br\/enghidrica\/wp-json\/wp\/v2\/pages"}],"about":[{"href":"https:\/\/wp.ufpel.edu.br\/enghidrica\/wp-json\/wp\/v2\/types\/page"}],"author":[{"embeddable":true,"href":"https:\/\/wp.ufpel.edu.br\/enghidrica\/wp-json\/wp\/v2\/users\/598"}],"replies":[{"embeddable":true,"href":"https:\/\/wp.ufpel.edu.br\/enghidrica\/wp-json\/wp\/v2\/comments?post=1264"}],"version-history":[{"count":16,"href":"https:\/\/wp.ufpel.edu.br\/enghidrica\/wp-json\/wp\/v2\/pages\/1264\/revisions"}],"predecessor-version":[{"id":2736,"href":"https:\/\/wp.ufpel.edu.br\/enghidrica\/wp-json\/wp\/v2\/pages\/1264\/revisions\/2736"}],"wp:attachment":[{"href":"https:\/\/wp.ufpel.edu.br\/enghidrica\/wp-json\/wp\/v2\/media?parent=1264"}],"curies":[{"name":"wp","href":"https:\/\/api.w.org\/{rel}","templated":true}]}}