{"id":65,"date":"2018-11-04T22:33:34","date_gmt":"2018-11-05T00:33:34","guid":{"rendered":"https:\/\/wp.ufpel.edu.br\/engeosul\/?page_id=65"},"modified":"2018-11-04T22:33:34","modified_gmt":"2018-11-05T00:33:34","slug":"sobre-a-empresa","status":"publish","type":"page","link":"https:\/\/wp.ufpel.edu.br\/engeosul\/sobre-a-empresa\/","title":{"rendered":"Sobre a empresa"},"content":{"rendered":"<p style=\"text-align: justify\">A EnGeoSul \u2013 Empresa Junior de Consultoria em Geoengenharias foi fundada em 2017. A EnGeoSul J\u00fanior \u00e9 uma empresa sem fins lucrativos, formada pelos alunos da Engenharia de Petr\u00f3leo, Engenharia Geol\u00f3gica e Geoprocessamento da Universidade Federal de Pelotas.<\/p>\n<p style=\"text-align: justify\">\u00a0EnGeoSul Jr. tem a finalidade de prestar consultoria e servi\u00e7os nas \u00e1reas da geoengenharias, habilitando os alunos e comunidade, sempre levando o meio corporativo e empreendedor ao m\u00e1ximo. A ideia \u00e9 levar os alunos que vivem apenas no mundo o acad\u00eamico para dentro do mercado de trabalho, desenvolvendo suas caracter\u00edsticas individuais e coletivas. Onde eles poder\u00e3o trabalhar em projetos reais, que ser\u00e3o desenvolvidos dentro da EJ. Na foto a Diretoria de Funda\u00e7\u00e3o da Empresa Junior.<\/p>\n<p style=\"text-align: justify\">E-mail: engeosuljr@gmail.com<\/p>\n<p style=\"text-align: justify\">Telefone: +55 (11) 9 6332-8070<\/p>\n<p><a href=\"https:\/\/wp.ufpel.edu.br\/engeosul\/files\/2018\/11\/logo-empresa.png\"><img loading=\"lazy\" decoding=\"async\" class=\"alignnone size-medium wp-image-71\" src=\"https:\/\/wp.ufpel.edu.br\/engeosul\/files\/2018\/11\/logo-empresa-400x400.png\" alt=\"\" width=\"400\" height=\"400\" srcset=\"https:\/\/wp.ufpel.edu.br\/engeosul\/files\/2018\/11\/logo-empresa-400x400.png 400w, https:\/\/wp.ufpel.edu.br\/engeosul\/files\/2018\/11\/logo-empresa-200x200.png 200w, https:\/\/wp.ufpel.edu.br\/engeosul\/files\/2018\/11\/logo-empresa-768x768.png 768w, https:\/\/wp.ufpel.edu.br\/engeosul\/files\/2018\/11\/logo-empresa.png 960w\" sizes=\"auto, (max-width: 400px) 100vw, 400px\" \/><\/a><\/p>\n","protected":false},"excerpt":{"rendered":"<p>A EnGeoSul \u2013 Empresa Junior de Consultoria em Geoengenharias foi fundada em 2017. A EnGeoSul J\u00fanior \u00e9 uma empresa sem fins lucrativos, formada pelos alunos da Engenharia de Petr\u00f3leo, Engenharia Geol\u00f3gica e Geoprocessamento da Universidade Federal de Pelotas. \u00a0EnGeoSul Jr. tem a finalidade de prestar consultoria e servi\u00e7os nas \u00e1reas da geoengenharias, habilitando os alunos &hellip; <\/p>\n<p><a class=\"more-link btn\" href=\"https:\/\/wp.ufpel.edu.br\/engeosul\/sobre-a-empresa\/\">Continue lendo<\/a><\/p>\n","protected":false},"author":517,"featured_media":0,"parent":0,"menu_order":0,"comment_status":"closed","ping_status":"closed","template":"","meta":{"jetpack_post_was_ever_published":false,"footnotes":""},"class_list":["post-65","page","type-page","status-publish","hentry","nodate","item-wrap"],"jetpack_sharing_enabled":true,"jetpack_shortlink":"https:\/\/wp.me\/P66WC0-13","jetpack_likes_enabled":true,"_links":{"self":[{"href":"https:\/\/wp.ufpel.edu.br\/engeosul\/wp-json\/wp\/v2\/pages\/65","targetHints":{"allow":["GET"]}}],"collection":[{"href":"https:\/\/wp.ufpel.edu.br\/engeosul\/wp-json\/wp\/v2\/pages"}],"about":[{"href":"https:\/\/wp.ufpel.edu.br\/engeosul\/wp-json\/wp\/v2\/types\/page"}],"author":[{"embeddable":true,"href":"https:\/\/wp.ufpel.edu.br\/engeosul\/wp-json\/wp\/v2\/users\/517"}],"replies":[{"embeddable":true,"href":"https:\/\/wp.ufpel.edu.br\/engeosul\/wp-json\/wp\/v2\/comments?post=65"}],"version-history":[{"count":3,"href":"https:\/\/wp.ufpel.edu.br\/engeosul\/wp-json\/wp\/v2\/pages\/65\/revisions"}],"predecessor-version":[{"id":74,"href":"https:\/\/wp.ufpel.edu.br\/engeosul\/wp-json\/wp\/v2\/pages\/65\/revisions\/74"}],"wp:attachment":[{"href":"https:\/\/wp.ufpel.edu.br\/engeosul\/wp-json\/wp\/v2\/media?parent=65"}],"curies":[{"name":"wp","href":"https:\/\/api.w.org\/{rel}","templated":true}]}}