{"id":859,"date":"2023-04-25T16:42:56","date_gmt":"2023-04-25T19:42:56","guid":{"rendered":"https:\/\/wp.ufpel.edu.br\/engenhariageologica\/?page_id=859"},"modified":"2026-03-06T11:23:33","modified_gmt":"2026-03-06T14:23:33","slug":"estagio-e-tcc","status":"publish","type":"page","link":"https:\/\/wp.ufpel.edu.br\/engenhariageologica\/estagio-e-tcc\/","title":{"rendered":"Est\u00e1gio e TCC"},"content":{"rendered":"<p><strong>Documentos Est\u00e1gio Obrigat\u00f3rio &#8211; Engenharia Geol\u00f3gica<\/strong><\/p>\n<p><a href=\"https:\/\/wp.ufpel.edu.br\/engenhariageologica\/files\/2023\/04\/1-Normas-de-estagio-Eng-Geologica-versao-modificada-AC1.docx\">Normas de Est\u00e1gio &#8211; Engenharia Geol\u00f3gica<\/a><\/p>\n<p><a href=\"https:\/\/wp.ufpel.edu.br\/engenhariageologica\/files\/2023\/04\/2-Plano-de-Estagio-do-aluno-Anexo-1.docx\">Plano de Estagio do aluno &#8211; Anexo 1<\/a><\/p>\n<p><a href=\"https:\/\/wp.ufpel.edu.br\/engenhariageologica\/files\/2023\/04\/3-Avaliacao-pelo-Supervisor-Anexo-2.docx\">Avaliacao pelo Supervisor &#8211; Anexo 2<\/a><\/p>\n<p><a href=\"https:\/\/wp.ufpel.edu.br\/engenhariageologica\/files\/2023\/04\/4-Modelo-do-Relatorio-de-Estagio-3.docx\">Modelo do Relatorio de Est\u00e1gio &#8211; Anexo 3<\/a><\/p>\n<p><a href=\"https:\/\/wp.ufpel.edu.br\/engenhariageologica\/files\/2023\/04\/5-Ciencia-do-supervisor-Anexo-4.docx\">Ci\u00eancia do Supervisor &#8211; Anexo 4<\/a><\/p>\n<p><a href=\"https:\/\/wp.ufpel.edu.br\/engenhariageologica\/files\/2023\/04\/6-Avaliacao-do-orientador-5.docx\">Avalia\u00e7\u00e3o do orientador &#8211; Anexo 5<\/a><\/p>\n<p><strong>Normas Trabalho de Conclus\u00e3o de Curso (TCC) &#8211; Engenharia Geol\u00f3gica<\/strong><\/p>\n<ul>\n<li><a style=\"color: #333333;\" href=\"https:\/\/wp.ufpel.edu.br\/engenhariageologica\/files\/2024\/07\/SEI_UFPel___2578247___Resolucao_novas_normas_TCC__1_.pdf\">Regulamento TCC UFPel<\/a><\/li>\n<li><a href=\"https:\/\/wp.ufpel.edu.br\/engenhariageologica\/files\/2024\/07\/Manual-versao-final-novembro-1.pdf\">Manual TCC UFPel<\/a><\/li>\n<li><a href=\"https:\/\/wp.ufpel.edu.br\/sisbi\/files\/2024\/04\/Capa_Paginas_pre_e_pos-textuais_atualizado.docx\">Modelo TCC com capas<\/a> &#8211; n\u00e3o esque\u00e7a de usar apenas as capas para o TCC<\/li>\n<li><a style=\"text-align: justify;\" href=\"https:\/\/wp.ufpel.edu.br\/sisbi\/files\/2025\/08\/Termo-TCC-e-TCCP.pdf\">Termo Biblioteca<\/a><\/li>\n<\/ul>\n<p>Documentos para a defesa do TCC:<\/p>\n<ul>\n<li>Anexo 1: <a href=\"https:\/\/docs.google.com\/document\/d\/1tv_dmFE8BKWdM8y49awTeSNqKXP16_N0\/edit?usp=drive_link&amp;ouid=102231314936041678298&amp;rtpof=true&amp;sd=true\">Notas do Avaliador do TCC<\/a>;<\/li>\n<li>Anexo 2: <a href=\"https:\/\/docs.google.com\/document\/d\/1NQQkDkLFP3-XTczE6WjmDvhtKTyp4UTv\/edit?usp=drive_link&amp;ouid=102231314936041678298&amp;rtpof=true&amp;sd=true\">Todas as notas do TCC<\/a>;<\/li>\n<li><a href=\"https:\/\/docs.google.com\/document\/d\/1tBh5Z0-yotcCoEIOGUocjFiM7dFoP_bZ\/edit?usp=drive_link&amp;ouid=102231314936041678298&amp;rtpof=true&amp;sd=true\">Ata da defesa do TCC<\/a>.<\/li>\n<\/ul>\n<p>&nbsp;<\/p>\n<p>&nbsp;<\/p>\n<p>&nbsp;<\/p>\n","protected":false},"excerpt":{"rendered":"<p>Documentos Est\u00e1gio Obrigat\u00f3rio &#8211; Engenharia Geol\u00f3gica Normas de Est\u00e1gio &#8211; Engenharia Geol\u00f3gica Plano de Estagio do aluno &#8211; Anexo 1 Avaliacao pelo Supervisor &#8211; Anexo 2 Modelo do Relatorio de Est\u00e1gio &#8211; Anexo 3 Ci\u00eancia do Supervisor &#8211; Anexo 4 Avalia\u00e7\u00e3o do orientador &#8211; Anexo 5 Normas Trabalho de Conclus\u00e3o de Curso (TCC) &#8211; Engenharia [&hellip;]<\/p>\n","protected":false},"author":588,"featured_media":0,"parent":0,"menu_order":0,"comment_status":"closed","ping_status":"closed","template":"","meta":{"footnotes":""},"class_list":["post-859","page","type-page","status-publish","hentry"],"_links":{"self":[{"href":"https:\/\/wp.ufpel.edu.br\/engenhariageologica\/wp-json\/wp\/v2\/pages\/859","targetHints":{"allow":["GET"]}}],"collection":[{"href":"https:\/\/wp.ufpel.edu.br\/engenhariageologica\/wp-json\/wp\/v2\/pages"}],"about":[{"href":"https:\/\/wp.ufpel.edu.br\/engenhariageologica\/wp-json\/wp\/v2\/types\/page"}],"author":[{"embeddable":true,"href":"https:\/\/wp.ufpel.edu.br\/engenhariageologica\/wp-json\/wp\/v2\/users\/588"}],"replies":[{"embeddable":true,"href":"https:\/\/wp.ufpel.edu.br\/engenhariageologica\/wp-json\/wp\/v2\/comments?post=859"}],"version-history":[{"count":3,"href":"https:\/\/wp.ufpel.edu.br\/engenhariageologica\/wp-json\/wp\/v2\/pages\/859\/revisions"}],"predecessor-version":[{"id":1238,"href":"https:\/\/wp.ufpel.edu.br\/engenhariageologica\/wp-json\/wp\/v2\/pages\/859\/revisions\/1238"}],"wp:attachment":[{"href":"https:\/\/wp.ufpel.edu.br\/engenhariageologica\/wp-json\/wp\/v2\/media?parent=859"}],"curies":[{"name":"wp","href":"https:\/\/api.w.org\/{rel}","templated":true}]}}