{"id":452,"date":"2019-03-26T17:12:32","date_gmt":"2019-03-26T20:12:32","guid":{"rendered":"https:\/\/wp.ufpel.edu.br\/engenhariageologica\/?page_id=452"},"modified":"2025-05-17T17:27:52","modified_gmt":"2025-05-17T20:27:52","slug":"livros","status":"publish","type":"page","link":"https:\/\/wp.ufpel.edu.br\/engenhariageologica\/livros\/","title":{"rendered":"Livros"},"content":{"rendered":"<p>A Biblioteca da UFPel disponibiliza diversos livros de refer\u00eancia na \u00e1rea de Engenharia Geol\u00f3gica no seu acervo online. Consulte em: https:\/\/pergamum.ufpel.edu.br\/<\/p>\n<p>&nbsp;<\/p>\n<p>Abaixo est\u00e3o alguns livros disponibilizados gratuitamente:<\/p>\n<p><a href=\"https:\/\/wp.ufpel.edu.br\/engenhariageologica\/files\/2019\/03\/LIVRO-DE-ELETRICIDADE-E-MAGNETISMO-LIVRO-1.pdf\">Eletricidade e Magnetismo<\/a><\/p>\n<p>&nbsp;<\/p>\n<div class=\"gmail_quote\"><a href=\"https:\/\/bdigital.ufp.pt\/handle\/10284\/7735\">Carv\u00f5es Gondu\u00e2nicos no Brasil<\/a>. Gerson Miltzarek<\/div>\n<div>\n<p>&nbsp;<\/p>\n<div class=\"gmail_quote\"><\/div>\n<\/div>\n<div><a href=\"https:\/\/lume.ufrgs.br\/bitstream\/handle\/10183\/221967\/001126119.pdf?sequence=1&amp;isAllowed=y\">Contribui\u00e7\u00f5es \u00e0 Geologia do Rio Grande do Sul e de Santa Catarina<\/a><\/div>\n<div><\/div>\n<div><\/div>\n<div><\/div>\n<div><\/div>\n","protected":false},"excerpt":{"rendered":"<p>A Biblioteca da UFPel disponibiliza diversos livros de refer\u00eancia na \u00e1rea de Engenharia Geol\u00f3gica no seu acervo online. Consulte em: https:\/\/pergamum.ufpel.edu.br\/ &nbsp; Abaixo est\u00e3o alguns livros disponibilizados gratuitamente: Eletricidade e Magnetismo &nbsp; Carv\u00f5es Gondu\u00e2nicos no Brasil. Gerson Miltzarek &nbsp; Contribui\u00e7\u00f5es \u00e0 Geologia do Rio Grande do Sul e de Santa Catarina<\/p>\n","protected":false},"author":588,"featured_media":0,"parent":0,"menu_order":0,"comment_status":"closed","ping_status":"closed","template":"","meta":{"footnotes":""},"class_list":["post-452","page","type-page","status-publish","hentry"],"_links":{"self":[{"href":"https:\/\/wp.ufpel.edu.br\/engenhariageologica\/wp-json\/wp\/v2\/pages\/452","targetHints":{"allow":["GET"]}}],"collection":[{"href":"https:\/\/wp.ufpel.edu.br\/engenhariageologica\/wp-json\/wp\/v2\/pages"}],"about":[{"href":"https:\/\/wp.ufpel.edu.br\/engenhariageologica\/wp-json\/wp\/v2\/types\/page"}],"author":[{"embeddable":true,"href":"https:\/\/wp.ufpel.edu.br\/engenhariageologica\/wp-json\/wp\/v2\/users\/588"}],"replies":[{"embeddable":true,"href":"https:\/\/wp.ufpel.edu.br\/engenhariageologica\/wp-json\/wp\/v2\/comments?post=452"}],"version-history":[{"count":7,"href":"https:\/\/wp.ufpel.edu.br\/engenhariageologica\/wp-json\/wp\/v2\/pages\/452\/revisions"}],"predecessor-version":[{"id":1179,"href":"https:\/\/wp.ufpel.edu.br\/engenhariageologica\/wp-json\/wp\/v2\/pages\/452\/revisions\/1179"}],"wp:attachment":[{"href":"https:\/\/wp.ufpel.edu.br\/engenhariageologica\/wp-json\/wp\/v2\/media?parent=452"}],"curies":[{"name":"wp","href":"https:\/\/api.w.org\/{rel}","templated":true}]}}