{"id":303,"date":"2017-10-09T12:52:05","date_gmt":"2017-10-09T15:52:05","guid":{"rendered":"https:\/\/wp.ufpel.edu.br\/engenhariageologica\/?page_id=303"},"modified":"2025-04-01T19:09:20","modified_gmt":"2025-04-01T22:09:20","slug":"gestao","status":"publish","type":"page","link":"https:\/\/wp.ufpel.edu.br\/engenhariageologica\/dafpo\/gestao\/","title":{"rendered":"Gest\u00e3o"},"content":{"rendered":"<p style=\"text-align: left;\"><strong>GEST\u00c3O GEOL\u00d3GICOS &#8211; 2025\/2026<\/strong><\/p>\n<p>&nbsp;<\/p>\n<div dir=\"auto\">Marcos Daniel Prado Brito &#8211; Presid\u00eancia;<\/div>\n<div dir=\"auto\">Emily Plamer &#8211; Vice-Presid\u00eancia;<\/div>\n<div dir=\"auto\">Alice dos Santos Padia &#8211; 1\u00ba Secretaria Geral;<\/div>\n<div dir=\"auto\">Maria Luiza Leal Barbosa &#8211; 2\u00ba Secretaria Geral;<\/div>\n<div dir=\"auto\">Vitor Borges de Brito &#8211; Representante Discente;<\/div>\n<div dir=\"auto\">Juan Ign\u00e1cio Vieira &#8211; 1\u00ba Tesouraria;<\/div>\n<div dir=\"auto\">Lucas Saulo Castro Nascimento &#8211; 2\u00ba Tesouraria;<\/div>\n<div dir=\"auto\">Juliana Belloni Rossi de Freitas &#8211; Diretoria do Departamento Acad\u00eamico;<\/div>\n<div dir=\"auto\">Alana Marina Lima de \u00c1vila &#8211; Diretoria de Marketing e Eventos;<\/div>\n<div dir=\"auto\">Joice de Freitas Medeiros &#8211; Diretoria de Projetos;<\/div>\n<div dir=\"auto\">Gabriella Coimbra de \u00c1vila &#8211; Diretoria de Comunica\u00e7\u00e3o;<\/div>\n","protected":false},"excerpt":{"rendered":"<p>GEST\u00c3O GEOL\u00d3GICOS &#8211; 2025\/2026 &nbsp; Marcos Daniel Prado Brito &#8211; Presid\u00eancia; Emily Plamer &#8211; Vice-Presid\u00eancia; Alice dos Santos Padia &#8211; 1\u00ba Secretaria Geral; Maria Luiza Leal Barbosa &#8211; 2\u00ba Secretaria Geral; Vitor Borges de Brito &#8211; Representante Discente; Juan Ign\u00e1cio Vieira &#8211; 1\u00ba Tesouraria; Lucas Saulo Castro Nascimento &#8211; 2\u00ba Tesouraria; Juliana Belloni Rossi de [&hellip;]<\/p>\n","protected":false},"author":588,"featured_media":0,"parent":140,"menu_order":0,"comment_status":"closed","ping_status":"closed","template":"","meta":{"footnotes":""},"class_list":["post-303","page","type-page","status-publish","hentry"],"_links":{"self":[{"href":"https:\/\/wp.ufpel.edu.br\/engenhariageologica\/wp-json\/wp\/v2\/pages\/303","targetHints":{"allow":["GET"]}}],"collection":[{"href":"https:\/\/wp.ufpel.edu.br\/engenhariageologica\/wp-json\/wp\/v2\/pages"}],"about":[{"href":"https:\/\/wp.ufpel.edu.br\/engenhariageologica\/wp-json\/wp\/v2\/types\/page"}],"author":[{"embeddable":true,"href":"https:\/\/wp.ufpel.edu.br\/engenhariageologica\/wp-json\/wp\/v2\/users\/588"}],"replies":[{"embeddable":true,"href":"https:\/\/wp.ufpel.edu.br\/engenhariageologica\/wp-json\/wp\/v2\/comments?post=303"}],"version-history":[{"count":5,"href":"https:\/\/wp.ufpel.edu.br\/engenhariageologica\/wp-json\/wp\/v2\/pages\/303\/revisions"}],"predecessor-version":[{"id":1051,"href":"https:\/\/wp.ufpel.edu.br\/engenhariageologica\/wp-json\/wp\/v2\/pages\/303\/revisions\/1051"}],"up":[{"embeddable":true,"href":"https:\/\/wp.ufpel.edu.br\/engenhariageologica\/wp-json\/wp\/v2\/pages\/140"}],"wp:attachment":[{"href":"https:\/\/wp.ufpel.edu.br\/engenhariageologica\/wp-json\/wp\/v2\/media?parent=303"}],"curies":[{"name":"wp","href":"https:\/\/api.w.org\/{rel}","templated":true}]}}