{"id":301,"date":"2017-10-09T12:50:45","date_gmt":"2017-10-09T15:50:45","guid":{"rendered":"https:\/\/wp.ufpel.edu.br\/engenhariageologica\/?page_id=301"},"modified":"2017-10-09T12:53:12","modified_gmt":"2017-10-09T15:53:12","slug":"objetivo-e-contato","status":"publish","type":"page","link":"https:\/\/wp.ufpel.edu.br\/engenhariageologica\/dafpo\/objetivo-e-contato\/","title":{"rendered":"Objetivo e Contato"},"content":{"rendered":"<p style=\"text-align: justify\">\u00a0 \u00a0 \u00a0Origem do nome\u00a0&#8220;Diret\u00f3rio Acad\u00eamico Francisco de Paula Oliveira&#8221;:\u00a0O D.A. da Engenharia Geol\u00f3gica homenageia, atrav\u00e9s do seu nome, um dos primeiros ge\u00f3logos brasileiros. Francisco de Paula Oliveira foi da primeira turma da Escola de Minas, em Ouro Preto, e publicou em vida mais de 40 trabalhos sobre geologia econ\u00f4mica do chumbo, merc\u00fario e carv\u00e3o entre outros. Estudou as jazidas de ouro de Minas Gerais, as de cobre da Bahia e as forma\u00e7\u00f5es carbon\u00edferas do sul do pa\u00eds.<\/p>\n<p style=\"text-align: justify\">\n<p style=\"text-align: justify\">\u00a0 \u00a0 \u00a0O DAFPO tem como principal objetivo representar e auxiliar os alunos do curso de Engenharia Geol\u00f3gica da UFPel. Em busca de\u00a0uma gest\u00e3o transparente e de sucesso, estamos abertos a sugest\u00f5es e cr\u00edticas construtivas. Para tal, basta enviar um e-mail para\u00a0<a href=\"mailto:daengeologicaufpel@gmail.com\" target=\"_blank\" rel=\"noopener\">daengeologicaufpel@gmail.com<\/a>.<\/p>\n","protected":false},"excerpt":{"rendered":"<p>\u00a0 \u00a0 \u00a0Origem do nome\u00a0&#8220;Diret\u00f3rio Acad\u00eamico Francisco de Paula Oliveira&#8221;:\u00a0O D.A. da Engenharia Geol\u00f3gica homenageia, atrav\u00e9s do seu nome, um dos primeiros ge\u00f3logos brasileiros. Francisco de Paula Oliveira foi da primeira turma da Escola de Minas, em Ouro Preto, e publicou em vida mais de 40 trabalhos sobre geologia econ\u00f4mica do chumbo, merc\u00fario e carv\u00e3o [&hellip;]<\/p>\n","protected":false},"author":588,"featured_media":0,"parent":140,"menu_order":0,"comment_status":"closed","ping_status":"closed","template":"","meta":{"footnotes":""},"class_list":["post-301","page","type-page","status-publish","hentry"],"_links":{"self":[{"href":"https:\/\/wp.ufpel.edu.br\/engenhariageologica\/wp-json\/wp\/v2\/pages\/301","targetHints":{"allow":["GET"]}}],"collection":[{"href":"https:\/\/wp.ufpel.edu.br\/engenhariageologica\/wp-json\/wp\/v2\/pages"}],"about":[{"href":"https:\/\/wp.ufpel.edu.br\/engenhariageologica\/wp-json\/wp\/v2\/types\/page"}],"author":[{"embeddable":true,"href":"https:\/\/wp.ufpel.edu.br\/engenhariageologica\/wp-json\/wp\/v2\/users\/588"}],"replies":[{"embeddable":true,"href":"https:\/\/wp.ufpel.edu.br\/engenhariageologica\/wp-json\/wp\/v2\/comments?post=301"}],"version-history":[{"count":2,"href":"https:\/\/wp.ufpel.edu.br\/engenhariageologica\/wp-json\/wp\/v2\/pages\/301\/revisions"}],"predecessor-version":[{"id":307,"href":"https:\/\/wp.ufpel.edu.br\/engenhariageologica\/wp-json\/wp\/v2\/pages\/301\/revisions\/307"}],"up":[{"embeddable":true,"href":"https:\/\/wp.ufpel.edu.br\/engenhariageologica\/wp-json\/wp\/v2\/pages\/140"}],"wp:attachment":[{"href":"https:\/\/wp.ufpel.edu.br\/engenhariageologica\/wp-json\/wp\/v2\/media?parent=301"}],"curies":[{"name":"wp","href":"https:\/\/api.w.org\/{rel}","templated":true}]}}