{"id":203,"date":"2017-09-30T15:39:49","date_gmt":"2017-09-30T18:39:49","guid":{"rendered":"https:\/\/wp.ufpel.edu.br\/engenhariageologica\/?page_id=203"},"modified":"2017-09-30T15:40:30","modified_gmt":"2017-09-30T18:40:30","slug":"atestado-medico","status":"publish","type":"page","link":"https:\/\/wp.ufpel.edu.br\/engenhariageologica\/informacoes\/atestado-medico\/","title":{"rendered":"Atestado M\u00e9dico"},"content":{"rendered":"<div style=\"text-align: justify\"><strong>Regras sobre atestados m\u00e9dicos.<\/strong><\/div>\n<div style=\"text-align: justify\">\u2013 Atestados m\u00e9dicos inferiores a tr\u00eas dias\u00a0<strong>n\u00e3o<\/strong>\u00a0dever\u00e3o ser encaminhados a Pericia M\u00e9dica, estes dever\u00e3o ser resolvidos no \u00e2mbito do Colegiado do Curso conforme Regulamento do Ensino da Gradua\u00e7\u00e3o.<\/div>\n<div style=\"text-align: justify\">\u2013 Atestados com mais de tr\u00eas dias dever\u00e3o ser entregues no N\u00facleo de Pericia M\u00e9dica da UFPel\u00a0(situado \u00e0 rua Dr. Cassiano, 424 entre Os\u00f3rio e Deodoro, centro de Pelotas).<\/div>\n<div style=\"text-align: justify\"><\/div>\n<div style=\"text-align: justify\"><strong>Regulamento do Ensino da Gradua\u00e7\u00e3o:<\/strong><\/div>\n<div style=\"text-align: justify\"><em>Art. 68. O discente que, por impedimento legal, doen\u00e7a atestada por servi\u00e7o m\u00e9dico de sa\u00fade ou motivo de for\u00e7a maior, devidamente comprovado, faltar a uma avalia\u00e7\u00e3o, poder\u00e1 realiz\u00e1-la em outro momento, desde que requeira por escrito (formul\u00e1rio dispon\u00edvel no colegiado) ao Colegiado de Curso at\u00e9 3 (tr\u00eas) dias \u00fateis ap\u00f3s a realiza\u00e7\u00e3o da avalia\u00e7\u00e3o anterior.<\/em><\/div>\n","protected":false},"excerpt":{"rendered":"<p>Regras sobre atestados m\u00e9dicos. \u2013 Atestados m\u00e9dicos inferiores a tr\u00eas dias\u00a0n\u00e3o\u00a0dever\u00e3o ser encaminhados a Pericia M\u00e9dica, estes dever\u00e3o ser resolvidos no \u00e2mbito do Colegiado do Curso conforme Regulamento do Ensino da Gradua\u00e7\u00e3o. \u2013 Atestados com mais de tr\u00eas dias dever\u00e3o ser entregues no N\u00facleo de Pericia M\u00e9dica da UFPel\u00a0(situado \u00e0 rua Dr. Cassiano, 424 entre [&hellip;]<\/p>\n","protected":false},"author":588,"featured_media":0,"parent":125,"menu_order":3,"comment_status":"closed","ping_status":"closed","template":"page-sem-sidebar.php","meta":{"footnotes":""},"class_list":["post-203","page","type-page","status-publish","hentry"],"_links":{"self":[{"href":"https:\/\/wp.ufpel.edu.br\/engenhariageologica\/wp-json\/wp\/v2\/pages\/203","targetHints":{"allow":["GET"]}}],"collection":[{"href":"https:\/\/wp.ufpel.edu.br\/engenhariageologica\/wp-json\/wp\/v2\/pages"}],"about":[{"href":"https:\/\/wp.ufpel.edu.br\/engenhariageologica\/wp-json\/wp\/v2\/types\/page"}],"author":[{"embeddable":true,"href":"https:\/\/wp.ufpel.edu.br\/engenhariageologica\/wp-json\/wp\/v2\/users\/588"}],"replies":[{"embeddable":true,"href":"https:\/\/wp.ufpel.edu.br\/engenhariageologica\/wp-json\/wp\/v2\/comments?post=203"}],"version-history":[{"count":1,"href":"https:\/\/wp.ufpel.edu.br\/engenhariageologica\/wp-json\/wp\/v2\/pages\/203\/revisions"}],"predecessor-version":[{"id":205,"href":"https:\/\/wp.ufpel.edu.br\/engenhariageologica\/wp-json\/wp\/v2\/pages\/203\/revisions\/205"}],"up":[{"embeddable":true,"href":"https:\/\/wp.ufpel.edu.br\/engenhariageologica\/wp-json\/wp\/v2\/pages\/125"}],"wp:attachment":[{"href":"https:\/\/wp.ufpel.edu.br\/engenhariageologica\/wp-json\/wp\/v2\/media?parent=203"}],"curies":[{"name":"wp","href":"https:\/\/api.w.org\/{rel}","templated":true}]}}