{"id":186,"date":"2017-09-30T15:25:19","date_gmt":"2017-09-30T18:25:19","guid":{"rendered":"https:\/\/wp.ufpel.edu.br\/engenhariageologica\/?page_id=186"},"modified":"2025-05-17T17:26:22","modified_gmt":"2025-05-17T20:26:22","slug":"formandos","status":"publish","type":"page","link":"https:\/\/wp.ufpel.edu.br\/engenhariageologica\/alunos\/formandos\/","title":{"rendered":"Formandos"},"content":{"rendered":"<p>Para registro de pedido de formatura (ap\u00f3s a integraliza\u00e7\u00e3o de todos os cr\u00e9ditos referentes as disciplinas obrigat\u00f3rias, forma\u00e7\u00e3o complementar, est\u00e1gio e TCC), o mesmo dever\u00e1 seguir o prazo estabelecido no <a href=\"https:\/\/wp.ufpel.edu.br\/cra\/calendarios-academicos\/\">Calend\u00e1rio Acad\u00eamico da UFPel .<\/a><\/p>\n<p>Em caso de d\u00favidas, entre em contato com a secretaria do curso atrav\u00e9s do e-mail: engenhariageologica@ufpel.edu.br ou presencialmente no segundo andar do pr\u00e9dio da Alf\u00e2ndega &#8211; Centro de Engenharias (R. Benjamin Constant, 2 &#8211; Centro, Pelotas &#8211; RS, 96010-020)<\/p>\n<p><strong>Informa\u00e7\u00f5es importantes sobre TCC<\/strong><\/p>\n<p><strong>Portaria 2228\/2019:<\/strong> Disp\u00f5e sobre a entrega, via SEI, dos TCCs, TCCPs, Disserta\u00e7\u00f5es e Teses:<\/p>\n<p>Acesse aqui <a href=\"https:\/\/wp.ufpel.edu.br\/engenhariageologica\/files\/2021\/08\/SEI_23110.036093_2019_87-TCCs-entrega.pdf\">Portaria 2228\/2019<\/a><\/p>\n<p><strong>Termo de Autoriza\u00e7\u00e3o<\/strong> para inserir TCC (Gradua\u00e7\u00e3o) e TCCP (Especializa\u00e7\u00e3o) nas bases de dados da UFPel:<\/p>\n<p>Acesse aqui <a href=\"https:\/\/wp.ufpel.edu.br\/sisbi\/files\/2017\/05\/Termo-tcc-e-especializacao.pdf\">https:\/\/wp.ufpel.edu.br\/sisbi\/files\/2017\/05\/Termo-tcc-e-especializacao.pdf<\/a><\/p>\n","protected":false},"excerpt":{"rendered":"<p>Para registro de pedido de formatura (ap\u00f3s a integraliza\u00e7\u00e3o de todos os cr\u00e9ditos referentes as disciplinas obrigat\u00f3rias, forma\u00e7\u00e3o complementar, est\u00e1gio e TCC), o mesmo dever\u00e1 seguir o prazo estabelecido no Calend\u00e1rio Acad\u00eamico da UFPel . Em caso de d\u00favidas, entre em contato com a secretaria do curso atrav\u00e9s do e-mail: engenhariageologica@ufpel.edu.br ou presencialmente no segundo [&hellip;]<\/p>\n","protected":false},"author":588,"featured_media":0,"parent":120,"menu_order":0,"comment_status":"closed","ping_status":"closed","template":"","meta":{"footnotes":""},"class_list":["post-186","page","type-page","status-publish","hentry"],"_links":{"self":[{"href":"https:\/\/wp.ufpel.edu.br\/engenhariageologica\/wp-json\/wp\/v2\/pages\/186","targetHints":{"allow":["GET"]}}],"collection":[{"href":"https:\/\/wp.ufpel.edu.br\/engenhariageologica\/wp-json\/wp\/v2\/pages"}],"about":[{"href":"https:\/\/wp.ufpel.edu.br\/engenhariageologica\/wp-json\/wp\/v2\/types\/page"}],"author":[{"embeddable":true,"href":"https:\/\/wp.ufpel.edu.br\/engenhariageologica\/wp-json\/wp\/v2\/users\/588"}],"replies":[{"embeddable":true,"href":"https:\/\/wp.ufpel.edu.br\/engenhariageologica\/wp-json\/wp\/v2\/comments?post=186"}],"version-history":[{"count":10,"href":"https:\/\/wp.ufpel.edu.br\/engenhariageologica\/wp-json\/wp\/v2\/pages\/186\/revisions"}],"predecessor-version":[{"id":1178,"href":"https:\/\/wp.ufpel.edu.br\/engenhariageologica\/wp-json\/wp\/v2\/pages\/186\/revisions\/1178"}],"up":[{"embeddable":true,"href":"https:\/\/wp.ufpel.edu.br\/engenhariageologica\/wp-json\/wp\/v2\/pages\/120"}],"wp:attachment":[{"href":"https:\/\/wp.ufpel.edu.br\/engenhariageologica\/wp-json\/wp\/v2\/media?parent=186"}],"curies":[{"name":"wp","href":"https:\/\/api.w.org\/{rel}","templated":true}]}}