{"id":183,"date":"2017-09-30T15:18:59","date_gmt":"2017-09-30T18:18:59","guid":{"rendered":"https:\/\/wp.ufpel.edu.br\/engenhariageologica\/?page_id=183"},"modified":"2025-04-28T16:43:19","modified_gmt":"2025-04-28T19:43:19","slug":"comunidade-academica","status":"publish","type":"page","link":"https:\/\/wp.ufpel.edu.br\/engenhariageologica\/alunos\/comunidade-academica\/","title":{"rendered":"Atividades Acad\u00eamicas"},"content":{"rendered":"<p>Calend\u00e1rio acad\u00eamico 2025:\u00a0<a href=\"https:\/\/wp.ufpel.edu.br\/cra\/calendarios-academicos\/calendario-academico-2025\/\">https:\/\/wp.ufpel.edu.br\/cra\/calendarios-academicos\/calendario-academico-2025\/<\/a><\/p>\n<p>&nbsp;<\/p>\n<ul>\n<li><strong><em>Est\u00e1gio Curricular<\/em><\/strong><br \/>\n<a href=\"https:\/\/wp.ufpel.edu.br\/cec\/files\/2013\/04\/estagio_na_ufpel.pdf\">Est\u00e1gio na UFPel<\/a><a href=\"https:\/\/wp.ufpel.edu.br\/engenhariageologica\/files\/2017\/09\/Termo-de-Compromisso-UFPel-como-INSTITUICAO-DE-ENSINO-5.doc\">Termo de compromisso \u2013 UFPel como Institui\u00e7\u00e3o de Ensino<\/a><\/p>\n<p><a href=\"https:\/\/wp.ufpel.edu.br\/engenhariageologica\/files\/2017\/09\/Termo-de-Compromisso-UFPel-como-PARTE-CONCEDENTE3-3.doc\">Termo de Compromisso \u2013 UFPel parte concedente<\/a><\/p>\n<p><a href=\"https:\/\/wp.ufpel.edu.br\/engenhariageologica\/files\/2017\/09\/manual-de-relat\u00f3rio-de-est\u00e1gio.docx\">Manual de relat\u00f3rio de est\u00e1gio<\/a><\/li>\n<\/ul>\n<p>&nbsp;<\/p>\n<ul>\n<li><em><strong>Atividades Complementares<\/strong><\/em>\n<ul>\n<li><a href=\"https:\/\/wp.ufpel.edu.br\/engenhariageologica\/files\/2018\/07\/Forma\u00e7\u00e3o_complementar_geol\u00f3gica.pdf\">Forma\u00e7\u00e3o_complementar<\/a><\/li>\n<\/ul>\n<\/li>\n<\/ul>\n<p>&nbsp;<\/p>\n<ul>\n<li><em><strong>Carga Hor\u00e1ria Livre<\/strong><\/em>\n<ul>\n<li style=\"text-align: justify;\">As atividades disciplinares livres ou optativas poder\u00e3o ser selecionadas ao arb\u00edtrio do estudante, para a organiza\u00e7\u00e3o de seu perfil pessoal e\/ou profissional.<\/li>\n<\/ul>\n<\/li>\n<\/ul>\n","protected":false},"excerpt":{"rendered":"<p>Calend\u00e1rio acad\u00eamico 2025:\u00a0https:\/\/wp.ufpel.edu.br\/cra\/calendarios-academicos\/calendario-academico-2025\/ &nbsp; Est\u00e1gio Curricular Est\u00e1gio na UFPelTermo de compromisso \u2013 UFPel como Institui\u00e7\u00e3o de Ensino Termo de Compromisso \u2013 UFPel parte concedente Manual de relat\u00f3rio de est\u00e1gio &nbsp; Atividades Complementares Forma\u00e7\u00e3o_complementar &nbsp; Carga Hor\u00e1ria Livre As atividades disciplinares livres ou optativas poder\u00e3o ser selecionadas ao arb\u00edtrio do estudante, para a organiza\u00e7\u00e3o de seu [&hellip;]<\/p>\n","protected":false},"author":588,"featured_media":0,"parent":120,"menu_order":2,"comment_status":"closed","ping_status":"closed","template":"","meta":{"footnotes":""},"class_list":["post-183","page","type-page","status-publish","hentry"],"_links":{"self":[{"href":"https:\/\/wp.ufpel.edu.br\/engenhariageologica\/wp-json\/wp\/v2\/pages\/183","targetHints":{"allow":["GET"]}}],"collection":[{"href":"https:\/\/wp.ufpel.edu.br\/engenhariageologica\/wp-json\/wp\/v2\/pages"}],"about":[{"href":"https:\/\/wp.ufpel.edu.br\/engenhariageologica\/wp-json\/wp\/v2\/types\/page"}],"author":[{"embeddable":true,"href":"https:\/\/wp.ufpel.edu.br\/engenhariageologica\/wp-json\/wp\/v2\/users\/588"}],"replies":[{"embeddable":true,"href":"https:\/\/wp.ufpel.edu.br\/engenhariageologica\/wp-json\/wp\/v2\/comments?post=183"}],"version-history":[{"count":9,"href":"https:\/\/wp.ufpel.edu.br\/engenhariageologica\/wp-json\/wp\/v2\/pages\/183\/revisions"}],"predecessor-version":[{"id":1088,"href":"https:\/\/wp.ufpel.edu.br\/engenhariageologica\/wp-json\/wp\/v2\/pages\/183\/revisions\/1088"}],"up":[{"embeddable":true,"href":"https:\/\/wp.ufpel.edu.br\/engenhariageologica\/wp-json\/wp\/v2\/pages\/120"}],"wp:attachment":[{"href":"https:\/\/wp.ufpel.edu.br\/engenhariageologica\/wp-json\/wp\/v2\/media?parent=183"}],"curies":[{"name":"wp","href":"https:\/\/api.w.org\/{rel}","templated":true}]}}