{"id":180,"date":"2017-09-30T15:16:37","date_gmt":"2017-09-30T18:16:37","guid":{"rendered":"https:\/\/wp.ufpel.edu.br\/engenhariageologica\/?page_id=180"},"modified":"2025-05-17T17:23:18","modified_gmt":"2025-05-17T20:23:18","slug":"ingressantes","status":"publish","type":"page","link":"https:\/\/wp.ufpel.edu.br\/engenhariageologica\/alunos\/ingressantes\/","title":{"rendered":"Ingressantes"},"content":{"rendered":"<p>Caros alunos ingressantes.<\/p>\n<p>Vimos por meio deste, dar as boas vindas a tod@s no curso de Engenharia Geol\u00f3gica, e trazer algumas informa\u00e7\u00f5es necess\u00e1rias para um bom in\u00edcio de curso:<\/p>\n<ul>\n<li>Os hor\u00e1rios e as salas das suas aulas est\u00e3o dispostos nas\u00a0 not\u00edcias;<\/li>\n<li>Qualquer d\u00favida entrar em contato com a secretaria do colegiado atrav\u00e9s do e-mail engenhariageologica@ufpel.edu.br ou no segundo andar do pr\u00e9dio da Alf\u00e2ndega<\/li>\n<li><a href=\"https:\/\/wp.ufpel.edu.br\/engenhariageologica\/files\/2019\/08\/Manual-de-estudantes-Engenharia-Geol\u00f3gica.pdf\">Manual de estudantes &#8211; Engenharia Geol\u00f3gica<\/a>.<\/li>\n<\/ul>\n","protected":false},"excerpt":{"rendered":"<p>Caros alunos ingressantes. Vimos por meio deste, dar as boas vindas a tod@s no curso de Engenharia Geol\u00f3gica, e trazer algumas informa\u00e7\u00f5es necess\u00e1rias para um bom in\u00edcio de curso: Os hor\u00e1rios e as salas das suas aulas est\u00e3o dispostos nas\u00a0 not\u00edcias; Qualquer d\u00favida entrar em contato com a secretaria do colegiado atrav\u00e9s do e-mail engenhariageologica@ufpel.edu.br [&hellip;]<\/p>\n","protected":false},"author":588,"featured_media":0,"parent":120,"menu_order":2,"comment_status":"closed","ping_status":"closed","template":"","meta":{"footnotes":""},"class_list":["post-180","page","type-page","status-publish","hentry"],"_links":{"self":[{"href":"https:\/\/wp.ufpel.edu.br\/engenhariageologica\/wp-json\/wp\/v2\/pages\/180","targetHints":{"allow":["GET"]}}],"collection":[{"href":"https:\/\/wp.ufpel.edu.br\/engenhariageologica\/wp-json\/wp\/v2\/pages"}],"about":[{"href":"https:\/\/wp.ufpel.edu.br\/engenhariageologica\/wp-json\/wp\/v2\/types\/page"}],"author":[{"embeddable":true,"href":"https:\/\/wp.ufpel.edu.br\/engenhariageologica\/wp-json\/wp\/v2\/users\/588"}],"replies":[{"embeddable":true,"href":"https:\/\/wp.ufpel.edu.br\/engenhariageologica\/wp-json\/wp\/v2\/comments?post=180"}],"version-history":[{"count":5,"href":"https:\/\/wp.ufpel.edu.br\/engenhariageologica\/wp-json\/wp\/v2\/pages\/180\/revisions"}],"predecessor-version":[{"id":1177,"href":"https:\/\/wp.ufpel.edu.br\/engenhariageologica\/wp-json\/wp\/v2\/pages\/180\/revisions\/1177"}],"up":[{"embeddable":true,"href":"https:\/\/wp.ufpel.edu.br\/engenhariageologica\/wp-json\/wp\/v2\/pages\/120"}],"wp:attachment":[{"href":"https:\/\/wp.ufpel.edu.br\/engenhariageologica\/wp-json\/wp\/v2\/media?parent=180"}],"curies":[{"name":"wp","href":"https:\/\/api.w.org\/{rel}","templated":true}]}}