{"id":177,"date":"2017-09-30T15:06:14","date_gmt":"2017-09-30T18:06:14","guid":{"rendered":"https:\/\/wp.ufpel.edu.br\/engenhariageologica\/?page_id=177"},"modified":"2017-09-30T15:56:41","modified_gmt":"2017-09-30T18:56:41","slug":"sistema-academico","status":"publish","type":"page","link":"https:\/\/wp.ufpel.edu.br\/engenhariageologica\/alunos\/sistema-academico\/","title":{"rendered":"Sistema Acad\u00eamico"},"content":{"rendered":"<p>OBTEN\u00c7\u00c3O DA SENHA DE ACESSO AO SISTEMA ACAD\u00caMICO:<\/p>\n<p>1\u00ba \u2013 Acesse a pagina do Sistema Acad\u00eamico :\u00a0<a href=\"https:\/\/cobalto.ufpel.edu.br\/\">https:\/\/cobalto.ufpel.edu.br\/<\/a>;<br \/>\n2\u00ba \u2013 Preencha com o seu CPF;<br \/>\n3\u00ba \u2013 Responda as informa\u00e7\u00f5es solicitadas e anote sua senha .<\/p>\n<p>D\u00favidas: Atendimento Coordenadoria de Registros Acad\u00eamicos (CRA) (53) 3284-4067<\/p>\n<p>Caso n\u00e3o consiga,\u00a0<em>por qualquer motivo<\/em>, dirija-se ao Atendimento presencial da Coordenadoria de Registros Acad\u00eamicos (CRA), com seu documento de RG \u2013<em>\u00a0n\u00e3o atendemos por e-mail ou telefone, somente presencial.<\/em><\/p>\n<p>&nbsp;<\/p>\n","protected":false},"excerpt":{"rendered":"<p>OBTEN\u00c7\u00c3O DA SENHA DE ACESSO AO SISTEMA ACAD\u00caMICO: 1\u00ba \u2013 Acesse a pagina do Sistema Acad\u00eamico :\u00a0https:\/\/cobalto.ufpel.edu.br\/; 2\u00ba \u2013 Preencha com o seu CPF; 3\u00ba \u2013 Responda as informa\u00e7\u00f5es solicitadas e anote sua senha . D\u00favidas: Atendimento Coordenadoria de Registros Acad\u00eamicos (CRA) (53) 3284-4067 Caso n\u00e3o consiga,\u00a0por qualquer motivo, dirija-se ao Atendimento presencial da Coordenadoria [&hellip;]<\/p>\n","protected":false},"author":588,"featured_media":0,"parent":120,"menu_order":2,"comment_status":"closed","ping_status":"closed","template":"","meta":{"footnotes":""},"class_list":["post-177","page","type-page","status-publish","hentry"],"_links":{"self":[{"href":"https:\/\/wp.ufpel.edu.br\/engenhariageologica\/wp-json\/wp\/v2\/pages\/177","targetHints":{"allow":["GET"]}}],"collection":[{"href":"https:\/\/wp.ufpel.edu.br\/engenhariageologica\/wp-json\/wp\/v2\/pages"}],"about":[{"href":"https:\/\/wp.ufpel.edu.br\/engenhariageologica\/wp-json\/wp\/v2\/types\/page"}],"author":[{"embeddable":true,"href":"https:\/\/wp.ufpel.edu.br\/engenhariageologica\/wp-json\/wp\/v2\/users\/588"}],"replies":[{"embeddable":true,"href":"https:\/\/wp.ufpel.edu.br\/engenhariageologica\/wp-json\/wp\/v2\/comments?post=177"}],"version-history":[{"count":1,"href":"https:\/\/wp.ufpel.edu.br\/engenhariageologica\/wp-json\/wp\/v2\/pages\/177\/revisions"}],"predecessor-version":[{"id":179,"href":"https:\/\/wp.ufpel.edu.br\/engenhariageologica\/wp-json\/wp\/v2\/pages\/177\/revisions\/179"}],"up":[{"embeddable":true,"href":"https:\/\/wp.ufpel.edu.br\/engenhariageologica\/wp-json\/wp\/v2\/pages\/120"}],"wp:attachment":[{"href":"https:\/\/wp.ufpel.edu.br\/engenhariageologica\/wp-json\/wp\/v2\/media?parent=177"}],"curies":[{"name":"wp","href":"https:\/\/api.w.org\/{rel}","templated":true}]}}