{"id":166,"date":"2017-09-30T14:34:31","date_gmt":"2017-09-30T17:34:31","guid":{"rendered":"https:\/\/wp.ufpel.edu.br\/engenhariageologica\/?page_id=166"},"modified":"2023-04-12T14:38:05","modified_gmt":"2023-04-12T17:38:05","slug":"curriculo","status":"publish","type":"page","link":"https:\/\/wp.ufpel.edu.br\/engenhariageologica\/curso-2\/curriculo\/","title":{"rendered":"Curr\u00edculo"},"content":{"rendered":"<p>&nbsp;<\/p>\n<p>Abaixo est\u00e3o dispon\u00edveis para download o Projeto Pedag\u00f3gico do curso de gradua\u00e7\u00e3o em Engenharia Geol\u00f3gica, bem como a lista de disciplians optativas.<\/p>\n<p><a href=\"https:\/\/wp.ufpel.edu.br\/engenhariageologica\/files\/2023\/04\/PROJETO-POLITICO-PEDAGOGICO-2015.pdf\">PROJETO POLITICO PEDAG\u00d3GICO 2015<\/a><\/p>\n<p><a href=\"https:\/\/wp.ufpel.edu.br\/engenhariageologica\/files\/2023\/04\/Disciplinas-Optativas.pdf\">Disciplinas Optativas<\/a><\/p>\n<p>Na p\u00e1gina institucional da UFPel voc\u00ea pode acessar informa\u00e7\u00f5es atualizadas sobre o curso, como matriz curricular, disciplinas, professores e projetos:<\/p>\n<p><a href=\"https:\/\/institucional.ufpel.edu.br\/cursos\/cod\/5600\">https:\/\/institucional.ufpel.edu.br\/cursos\/cod\/5600<\/a><\/p>\n","protected":false},"excerpt":{"rendered":"<p>&nbsp; Abaixo est\u00e3o dispon\u00edveis para download o Projeto Pedag\u00f3gico do curso de gradua\u00e7\u00e3o em Engenharia Geol\u00f3gica, bem como a lista de disciplians optativas. PROJETO POLITICO PEDAG\u00d3GICO 2015 Disciplinas Optativas Na p\u00e1gina institucional da UFPel voc\u00ea pode acessar informa\u00e7\u00f5es atualizadas sobre o curso, como matriz curricular, disciplinas, professores e projetos: https:\/\/institucional.ufpel.edu.br\/cursos\/cod\/5600<\/p>\n","protected":false},"author":588,"featured_media":0,"parent":115,"menu_order":2,"comment_status":"closed","ping_status":"closed","template":"page-sem-sidebar.php","meta":{"footnotes":""},"class_list":["post-166","page","type-page","status-publish","hentry"],"_links":{"self":[{"href":"https:\/\/wp.ufpel.edu.br\/engenhariageologica\/wp-json\/wp\/v2\/pages\/166","targetHints":{"allow":["GET"]}}],"collection":[{"href":"https:\/\/wp.ufpel.edu.br\/engenhariageologica\/wp-json\/wp\/v2\/pages"}],"about":[{"href":"https:\/\/wp.ufpel.edu.br\/engenhariageologica\/wp-json\/wp\/v2\/types\/page"}],"author":[{"embeddable":true,"href":"https:\/\/wp.ufpel.edu.br\/engenhariageologica\/wp-json\/wp\/v2\/users\/588"}],"replies":[{"embeddable":true,"href":"https:\/\/wp.ufpel.edu.br\/engenhariageologica\/wp-json\/wp\/v2\/comments?post=166"}],"version-history":[{"count":7,"href":"https:\/\/wp.ufpel.edu.br\/engenhariageologica\/wp-json\/wp\/v2\/pages\/166\/revisions"}],"predecessor-version":[{"id":857,"href":"https:\/\/wp.ufpel.edu.br\/engenhariageologica\/wp-json\/wp\/v2\/pages\/166\/revisions\/857"}],"up":[{"embeddable":true,"href":"https:\/\/wp.ufpel.edu.br\/engenhariageologica\/wp-json\/wp\/v2\/pages\/115"}],"wp:attachment":[{"href":"https:\/\/wp.ufpel.edu.br\/engenhariageologica\/wp-json\/wp\/v2\/media?parent=166"}],"curies":[{"name":"wp","href":"https:\/\/api.w.org\/{rel}","templated":true}]}}