{"id":163,"date":"2017-09-30T14:25:25","date_gmt":"2017-09-30T17:25:25","guid":{"rendered":"https:\/\/wp.ufpel.edu.br\/engenhariageologica\/?page_id=163"},"modified":"2021-07-09T20:29:30","modified_gmt":"2021-07-09T23:29:30","slug":"objetivo-e-perfil","status":"publish","type":"page","link":"https:\/\/wp.ufpel.edu.br\/engenhariageologica\/curso-2\/objetivo-e-perfil\/","title":{"rendered":"Objetivo e Perfil"},"content":{"rendered":"<p style=\"text-align: justify\"><span style=\"font-family: verdana, geneva, sans-serif;font-size: 10pt\"><strong><em>Objetivo:<\/em><\/strong><\/span><\/p>\n<p style=\"text-align: justify\"><span style=\"font-family: verdana, geneva, sans-serif;font-size: 10pt\">O objetivo do Curso de Gradua\u00e7\u00e3o em Engenharia Geol\u00f3gica \u00e9 formar profissionais para atuar nas diversas atividades que competem a um Engenheiro Ge\u00f3logo, bem como, em programas de extens\u00e3o e cursos de p\u00f3s-gradua\u00e7\u00e3o nas \u00e1reas de Engenharia e Geoci\u00eancias.<\/span><\/p>\n<p>&nbsp;<\/p>\n<p style=\"text-align: justify\"><span style=\"font-family: verdana, geneva, sans-serif;font-size: 10pt\"><em><strong>Perfil do profissional\/egresso:<\/strong><\/em><\/span><\/p>\n<p style=\"text-align: justify\"><span style=\"font-family: verdana, geneva, sans-serif;font-size: 10pt\">O Ge\u00f3logo ou Engenheiro Ge\u00f3logo atua na compreens\u00e3o dos processos de forma\u00e7\u00e3o e evolu\u00e7\u00e3o da Terra e na localiza\u00e7\u00e3o e extra\u00e7\u00e3o de recursos naturais, tais como \u00e1guas subterr\u00e2neas, petr\u00f3leo e carv\u00e3o mineral. Em sua atividade, realiza o levantamento e a an\u00e1lise de rochas e solos, elabora mapeamentos geol\u00f3gicos e geot\u00e9cnicos e avalia o risco de atividade s\u00edsmica. Atua, tamb\u00e9m, na identifica\u00e7\u00e3o, modelagem e explora\u00e7\u00e3o de aqu\u00edferos, dep\u00f3sitos de fosseis e jazidas minerais. Realiza a prospec\u00e7\u00e3o mineral, de petr\u00f3leo e de \u00e1guas subterr\u00e2neas, controlando a polui\u00e7\u00e3o nos solos e aqu\u00edferos. Coordena e supervisiona equipes de trabalho; realiza pesquisa cient\u00edfica e tecnol\u00f3gica e estudos de viabilidade t\u00e9cnico-econ\u00f4mica; executa e fiscaliza obras e servi\u00e7os t\u00e9cnicos; efetua vistorias, per\u00edcias e avalia\u00e7\u00f5es, emitindo laudos e pareceres. Em suas atividades, considera a \u00e9tica, a seguran\u00e7a e os impactos s\u00f3cio-ambientais.<\/span><\/p>\n","protected":false},"excerpt":{"rendered":"<p>Objetivo: O objetivo do Curso de Gradua\u00e7\u00e3o em Engenharia Geol\u00f3gica \u00e9 formar profissionais para atuar nas diversas atividades que competem a um Engenheiro Ge\u00f3logo, bem como, em programas de extens\u00e3o e cursos de p\u00f3s-gradua\u00e7\u00e3o nas \u00e1reas de Engenharia e Geoci\u00eancias. &nbsp; Perfil do profissional\/egresso: O Ge\u00f3logo ou Engenheiro Ge\u00f3logo atua na compreens\u00e3o dos processos de [&hellip;]<\/p>\n","protected":false},"author":588,"featured_media":0,"parent":115,"menu_order":2,"comment_status":"closed","ping_status":"closed","template":"page-sem-sidebar.php","meta":{"footnotes":""},"class_list":["post-163","page","type-page","status-publish","hentry"],"_links":{"self":[{"href":"https:\/\/wp.ufpel.edu.br\/engenhariageologica\/wp-json\/wp\/v2\/pages\/163","targetHints":{"allow":["GET"]}}],"collection":[{"href":"https:\/\/wp.ufpel.edu.br\/engenhariageologica\/wp-json\/wp\/v2\/pages"}],"about":[{"href":"https:\/\/wp.ufpel.edu.br\/engenhariageologica\/wp-json\/wp\/v2\/types\/page"}],"author":[{"embeddable":true,"href":"https:\/\/wp.ufpel.edu.br\/engenhariageologica\/wp-json\/wp\/v2\/users\/588"}],"replies":[{"embeddable":true,"href":"https:\/\/wp.ufpel.edu.br\/engenhariageologica\/wp-json\/wp\/v2\/comments?post=163"}],"version-history":[{"count":2,"href":"https:\/\/wp.ufpel.edu.br\/engenhariageologica\/wp-json\/wp\/v2\/pages\/163\/revisions"}],"predecessor-version":[{"id":705,"href":"https:\/\/wp.ufpel.edu.br\/engenhariageologica\/wp-json\/wp\/v2\/pages\/163\/revisions\/705"}],"up":[{"embeddable":true,"href":"https:\/\/wp.ufpel.edu.br\/engenhariageologica\/wp-json\/wp\/v2\/pages\/115"}],"wp:attachment":[{"href":"https:\/\/wp.ufpel.edu.br\/engenhariageologica\/wp-json\/wp\/v2\/media?parent=163"}],"curies":[{"name":"wp","href":"https:\/\/api.w.org\/{rel}","templated":true}]}}