{"id":160,"date":"2017-09-30T14:21:37","date_gmt":"2017-09-30T17:21:37","guid":{"rendered":"https:\/\/wp.ufpel.edu.br\/engenhariageologica\/?page_id=160"},"modified":"2021-07-09T20:29:13","modified_gmt":"2021-07-09T23:29:13","slug":"ingresso","status":"publish","type":"page","link":"https:\/\/wp.ufpel.edu.br\/engenhariageologica\/curso-2\/ingresso\/","title":{"rendered":"Ingresso"},"content":{"rendered":"<p><span style=\"font-family: verdana, geneva, sans-serif;font-size: 10pt\"><strong>Curso:<\/strong>\u00a0Engenharia Geol\u00f3gica<\/span><\/p>\n<p><span style=\"font-family: verdana, geneva, sans-serif;font-size: 10pt\"><strong>C\u00f3digo UFPel:<\/strong> 5600<\/span><\/p>\n<p><span style=\"font-family: verdana, geneva, sans-serif;font-size: 10pt\"><strong>Grau:\u00a0<\/strong>Bacharelado<\/span><\/p>\n<p><span style=\"font-family: verdana, geneva, sans-serif;font-size: 10pt\"><strong>Turno:<\/strong>\u00a0Integral (Matituno, Vespertino e Noturno)<\/span><\/p>\n<p><span style=\"font-family: verdana, geneva, sans-serif;font-size: 10pt\"><strong>Vagas: <\/strong>anualmente, s\u00e3o admitidos 45 novos estudantes pelo Sisu e 05 pelo PAVE<\/span><\/p>\n<p><span style=\"font-family: verdana, geneva, sans-serif;font-size: 10pt\"><strong>Ingresso:<\/strong>\u00a01\u00ba Semestre<\/span><\/p>\n<p><span style=\"font-family: verdana, geneva, sans-serif;font-size: 10pt\"><strong>Modalidade de Ingresso:<\/strong><\/span><\/p>\n<ul>\n<li style=\"text-align: justify\"><span style=\"font-family: verdana, geneva, sans-serif;font-size: 10pt\"><strong>Regular:<\/strong> ocorre atrav\u00e9s do\u00a0<a href=\"https:\/\/wp.ufpel.edu.br\/sisu\/\">Sistema de Sele\u00e7\u00e3o Unificada (Sisu)<\/a>\u00a0e do\u00a0<a href=\"https:\/\/wp.ufpel.edu.br\/pave\/\">Programa de Avalia\u00e7\u00e3o da Vida Escolar (PAVE)<\/a>\u00a0.<\/span><\/li>\n<li style=\"text-align: justify\"><span style=\"font-family: verdana, geneva, sans-serif;font-size: 10pt\"><strong>Reingresso, Reop\u00e7\u00e3o ou Transfer\u00eancia: <\/strong>ocorre de acordo com os\u00a0<a href=\"https:\/\/wp.ufpel.edu.br\/cra\/category\/editais-reopcao-reingresso-transferencia-e-portador-de-diploma\/\">editais<\/a>\u00a0divulgados pela Coordenadoria de Registros Acad\u00eamicos (CRA) da UFPel.<\/span><br \/>\n<span style=\"font-family: verdana, geneva, sans-serif;font-size: 10pt\"><em>Reingresso:<\/em> \u00e9 o retorno de ex-aluno da UFPel para o mesmo curso que abandonou ou cancelou;<\/span><br \/>\n<span style=\"font-family: verdana, geneva, sans-serif;font-size: 10pt\"><em>Reop\u00e7\u00e3o:<\/em> destina-se ao aluno da UFPel regularmente matriculado ou em trancamento geral de matr\u00edcula, que deseja ingressar em outro curso da UFPel;<\/span><br \/>\n<span style=\"font-family: verdana, geneva, sans-serif;font-size: 10pt\"><em>Transfer\u00eancia:<\/em> \u00e9 destinada aos alunos regulares de outras Institui\u00e7\u00f5es de Ensino Superior (IES) que desejam solicitar ingresso na UFPel.<\/span><\/li>\n<li style=\"text-align: justify\"><span style=\"font-family: verdana, geneva, sans-serif;font-size: 10pt\"><strong>Portador de t\u00edtulo de curso superior:\u00a0<\/strong>ocorre de acordo com os\u00a0<a href=\"https:\/\/wp.ufpel.edu.br\/cra\/category\/editais-reopcao-reingresso-transferencia-e-portador-de-diploma\/\">editais<\/a>\u00a0divulgados pela Coordenadoria de Registros Acad\u00eamicos (CRA) da UFPel.<\/span><\/li>\n<\/ul>\n","protected":false},"excerpt":{"rendered":"<p>Curso:\u00a0Engenharia Geol\u00f3gica C\u00f3digo UFPel: 5600 Grau:\u00a0Bacharelado Turno:\u00a0Integral (Matituno, Vespertino e Noturno) Vagas: anualmente, s\u00e3o admitidos 45 novos estudantes pelo Sisu e 05 pelo PAVE Ingresso:\u00a01\u00ba Semestre Modalidade de Ingresso: Regular: ocorre atrav\u00e9s do\u00a0Sistema de Sele\u00e7\u00e3o Unificada (Sisu)\u00a0e do\u00a0Programa de Avalia\u00e7\u00e3o da Vida Escolar (PAVE)\u00a0. Reingresso, Reop\u00e7\u00e3o ou Transfer\u00eancia: ocorre de acordo com os\u00a0editais\u00a0divulgados pela Coordenadoria [&hellip;]<\/p>\n","protected":false},"author":588,"featured_media":0,"parent":115,"menu_order":2,"comment_status":"closed","ping_status":"closed","template":"page-sem-sidebar.php","meta":{"footnotes":""},"class_list":["post-160","page","type-page","status-publish","hentry"],"_links":{"self":[{"href":"https:\/\/wp.ufpel.edu.br\/engenhariageologica\/wp-json\/wp\/v2\/pages\/160","targetHints":{"allow":["GET"]}}],"collection":[{"href":"https:\/\/wp.ufpel.edu.br\/engenhariageologica\/wp-json\/wp\/v2\/pages"}],"about":[{"href":"https:\/\/wp.ufpel.edu.br\/engenhariageologica\/wp-json\/wp\/v2\/types\/page"}],"author":[{"embeddable":true,"href":"https:\/\/wp.ufpel.edu.br\/engenhariageologica\/wp-json\/wp\/v2\/users\/588"}],"replies":[{"embeddable":true,"href":"https:\/\/wp.ufpel.edu.br\/engenhariageologica\/wp-json\/wp\/v2\/comments?post=160"}],"version-history":[{"count":6,"href":"https:\/\/wp.ufpel.edu.br\/engenhariageologica\/wp-json\/wp\/v2\/pages\/160\/revisions"}],"predecessor-version":[{"id":704,"href":"https:\/\/wp.ufpel.edu.br\/engenhariageologica\/wp-json\/wp\/v2\/pages\/160\/revisions\/704"}],"up":[{"embeddable":true,"href":"https:\/\/wp.ufpel.edu.br\/engenhariageologica\/wp-json\/wp\/v2\/pages\/115"}],"wp:attachment":[{"href":"https:\/\/wp.ufpel.edu.br\/engenhariageologica\/wp-json\/wp\/v2\/media?parent=160"}],"curies":[{"name":"wp","href":"https:\/\/api.w.org\/{rel}","templated":true}]}}