{"id":157,"date":"2017-09-30T14:18:18","date_gmt":"2017-09-30T17:18:18","guid":{"rendered":"https:\/\/wp.ufpel.edu.br\/engenhariageologica\/?page_id=157"},"modified":"2021-07-09T20:28:37","modified_gmt":"2021-07-09T23:28:37","slug":"historico","status":"publish","type":"page","link":"https:\/\/wp.ufpel.edu.br\/engenhariageologica\/curso-2\/historico\/","title":{"rendered":"Hist\u00f3rico"},"content":{"rendered":"<p style=\"text-align: justify\"><span style=\"font-family: verdana, geneva, sans-serif;font-size: 10pt\">A cria\u00e7\u00e3o do Curso de Gradua\u00e7\u00e3o em Engenharia Geol\u00f3gica (t\u00edtulo Engenheiro Ge\u00f3logo) em 2008 faz parte do REUNI, reestrutura\u00e7\u00e3o e expans\u00e3o universit\u00e1ria. Foi realizada atrav\u00e9s de um acordo de coopera\u00e7\u00e3o t\u00e9cnica financiado entre o Minist\u00e9rio da Educa\u00e7\u00e3o e Cultura e a Universidade Federal de Pelotas (UFPel), com o intuito de ampliar o ensino superior nas universidades brasileiras, e particularmente na UFPel, representando uma Institui\u00e7\u00e3o de Ensino Superior (IES) da metade sul do Estado do Rio Grande do Sul.<\/span><br \/>\n<span style=\"font-family: verdana, geneva, sans-serif;font-size: 10pt\">A presen\u00e7a de institui\u00e7\u00f5es de ensino superior em qualquer regi\u00e3o \u00e9 elemento fundamental de desenvolvimento econ\u00f4mico e social, bem como de melhoria da qualidade de vida da popula\u00e7\u00e3o, uma vez que proporciona o aproveitamento das potencialidades locais. Os munic\u00edpios que possuem representa\u00e7\u00f5es de universidades est\u00e3o permanentemente desfrutando de um acentuado processo de transforma\u00e7\u00e3o econ\u00f4mica e cultural, mediante parcerias firmadas entre essas institui\u00e7\u00f5es e as comunidades em que est\u00e3o inseridas. Dessa forma, \u00e9 fomentada a troca de informa\u00e7\u00f5es e a intera\u00e7\u00e3o cient\u00edfica, tecnol\u00f3gica e intelectual, que permitem a transfer\u00eancia de conhecimentos necess\u00e1rios ao estabelecimento do desenvolvimento sustent\u00e1vel que respeite e estimule os sistemas produtivos locais. Nesse sentido, a cria\u00e7\u00e3o de um Curso de Gradua\u00e7\u00e3o em Engenharia Geol\u00f3gica busca ser um agente da definitiva incorpora\u00e7\u00e3o da regi\u00e3o ao mapa do desenvolvimento das geoci\u00eancias do Rio Grande do Sul. Esse curso permitir\u00e1 formar m\u00e3o-de-obra qualificada e adquirir as informa\u00e7\u00f5es necess\u00e1rias para impulsionar o progresso de sua regi\u00e3o e, com isso, novas perspectivas econ\u00f4micas para a regi\u00e3o.\u00a0A car\u00eancia de estudos de geologia na metade sul do estado e a propaga\u00e7\u00e3o\/necessidade do uso racional e sustentado de recursos naturais pelo ser humano t\u00eam sido as principais motiva\u00e7\u00f5es para a cria\u00e7\u00e3o do Curso de Gradua\u00e7\u00e3o em Engenharia Geol\u00f3gica. A partir da d\u00e9cada de 90, com a cria\u00e7\u00e3o do IQG (Instituto de Qu\u00edmica e Geoci\u00eancias) na UFPel, essencialmente pela presen\u00e7a de ge\u00f3logos no quadro do instituto, vislumbrava-se uma amplia\u00e7\u00e3o da \u00e1rea de geoci\u00eancias, com a cria\u00e7\u00e3o de um curso pr\u00f3prio. Com a proposta do REUNI, diversos fatores foram reunidos e permitiram a proposi\u00e7\u00e3o do curso, ressaltando, al\u00e9m do aporte de recursos financeiros, a possibilidade de contrata\u00e7\u00e3o de corpo docente e t\u00e9cnico, e ainda a pr\u00f3pria motiva\u00e7\u00e3o pol\u00edtica da universidade.<\/span><br \/>\n<span style=\"font-family: verdana, geneva, sans-serif;font-size: 10pt\">A implanta\u00e7\u00e3o do Curso de Gradua\u00e7\u00e3o em Engenharia Geol\u00f3gica na UFPel preenche a car\u00eancia de estudos sobre recursos naturais (rochas, minerais, f\u00f3sseis, sedimentos). O Curso de Gradua\u00e7\u00e3o em Engenharia Geol\u00f3gica, nessa regi\u00e3o, constitui uma possibilidade de estudos, pesquisa e extens\u00e3o complementar \u00e0s demais \u00e1reas j\u00e1 existentes, como, por exemplo, agronomia, engenharia agr\u00edcola, engenharia ambiental e engenharia de materiais. Por outro lado, o reduzido n\u00famero de cursos de Geologia no pa\u00eds e o crescimento da demanda de profissionais desta \u00e1rea nos mercados mineradores, de engenharia civil e ambiental, petroleiro dentre outros, v\u00eam corroborar a import\u00e2ncia de implantar um curso dessa natureza no sul do estado.<\/span><\/p>\n","protected":false},"excerpt":{"rendered":"<p>A cria\u00e7\u00e3o do Curso de Gradua\u00e7\u00e3o em Engenharia Geol\u00f3gica (t\u00edtulo Engenheiro Ge\u00f3logo) em 2008 faz parte do REUNI, reestrutura\u00e7\u00e3o e expans\u00e3o universit\u00e1ria. Foi realizada atrav\u00e9s de um acordo de coopera\u00e7\u00e3o t\u00e9cnica financiado entre o Minist\u00e9rio da Educa\u00e7\u00e3o e Cultura e a Universidade Federal de Pelotas (UFPel), com o intuito de ampliar o ensino superior nas [&hellip;]<\/p>\n","protected":false},"author":588,"featured_media":0,"parent":115,"menu_order":2,"comment_status":"closed","ping_status":"closed","template":"page-sem-sidebar.php","meta":{"footnotes":""},"class_list":["post-157","page","type-page","status-publish","hentry"],"_links":{"self":[{"href":"https:\/\/wp.ufpel.edu.br\/engenhariageologica\/wp-json\/wp\/v2\/pages\/157","targetHints":{"allow":["GET"]}}],"collection":[{"href":"https:\/\/wp.ufpel.edu.br\/engenhariageologica\/wp-json\/wp\/v2\/pages"}],"about":[{"href":"https:\/\/wp.ufpel.edu.br\/engenhariageologica\/wp-json\/wp\/v2\/types\/page"}],"author":[{"embeddable":true,"href":"https:\/\/wp.ufpel.edu.br\/engenhariageologica\/wp-json\/wp\/v2\/users\/588"}],"replies":[{"embeddable":true,"href":"https:\/\/wp.ufpel.edu.br\/engenhariageologica\/wp-json\/wp\/v2\/comments?post=157"}],"version-history":[{"count":3,"href":"https:\/\/wp.ufpel.edu.br\/engenhariageologica\/wp-json\/wp\/v2\/pages\/157\/revisions"}],"predecessor-version":[{"id":702,"href":"https:\/\/wp.ufpel.edu.br\/engenhariageologica\/wp-json\/wp\/v2\/pages\/157\/revisions\/702"}],"up":[{"embeddable":true,"href":"https:\/\/wp.ufpel.edu.br\/engenhariageologica\/wp-json\/wp\/v2\/pages\/115"}],"wp:attachment":[{"href":"https:\/\/wp.ufpel.edu.br\/engenhariageologica\/wp-json\/wp\/v2\/media?parent=157"}],"curies":[{"name":"wp","href":"https:\/\/api.w.org\/{rel}","templated":true}]}}