{"id":145,"date":"2017-09-30T11:43:38","date_gmt":"2017-09-30T14:43:38","guid":{"rendered":"https:\/\/wp.ufpel.edu.br\/engenhariageologica\/?page_id=145"},"modified":"2025-09-19T13:05:41","modified_gmt":"2025-09-19T16:05:41","slug":"contato","status":"publish","type":"page","link":"https:\/\/wp.ufpel.edu.br\/engenhariageologica\/curso-2\/contato\/","title":{"rendered":"Contato"},"content":{"rendered":"<p style=\"text-align: center;\"><span style=\"font-family: verdana, geneva, sans-serif;\"><strong>Universidade Federal de Pelotas<br \/>\nCentro de Engenharias<br \/>\nCurso de Engenharia Geol\u00f3gica<br \/>\nColegiado do Curso de Engenharia Geol\u00f3gica<\/strong><\/span><\/p>\n<p style=\"text-align: center;\"><span style=\"font-family: verdana, geneva, sans-serif;\"><strong>E-mail:<\/strong> engenhariageologica@ufpel.edu.br<\/span><br \/>\n<span style=\"font-family: verdana, geneva, sans-serif;\"><strong>Telefone:<\/strong> (53) 3284-1678<\/span><br \/>\n<span style=\"font-family: verdana, geneva, sans-serif;\"><strong>Endere\u00e7o:<\/strong>\u00a0Pra\u00e7a Domingos Rodrigues, n. 2<\/span><br \/>\n<span style=\"font-family: verdana, geneva, sans-serif;\">Campus das Engenharias \u2013 Centro, Pelotas \u2013 RS<\/span><\/p>\n<p style=\"text-align: center;\"><span style=\"font-family: verdana, geneva, sans-serif;\"><strong>Atendimento Colegiado:<\/strong>\u00a0De segunda a sexta-feira das 08:00 \u00e0s 14:00 horas<\/span><\/p>\n<p style=\"text-align: center;\"><span style=\"font-family: verdana, geneva, sans-serif;\"><strong>Coordenador de curso:<\/strong> Prof. Dr. Felipe Padilha Leitzke<\/span><\/p>\n<p style=\"text-align: center;\"><span style=\"font-family: verdana, geneva, sans-serif;\"><strong>Coordenador adjunto:<\/strong> Prof. Dr. Alexandre Felipe Bruch<\/span><\/p>\n<p style=\"text-align: center;\"><span style=\"font-family: verdana, geneva, sans-serif;\"><strong>Secret\u00e1ria:<\/strong> Maria L\u00facia Gaut\u00e9rio da Silva<\/span><\/p>\n<p style=\"text-align: center;\"><strong>Corpo T\u00e9cnico:<\/strong> Eng. Ge\u00f3l. Leandro Fernandes da Silva e Ge\u00f3l. Ricardo Arduin<\/p>\n","protected":false},"excerpt":{"rendered":"<p>Universidade Federal de Pelotas Centro de Engenharias Curso de Engenharia Geol\u00f3gica Colegiado do Curso de Engenharia Geol\u00f3gica E-mail: engenhariageologica@ufpel.edu.br Telefone: (53) 3284-1678 Endere\u00e7o:\u00a0Pra\u00e7a Domingos Rodrigues, n. 2 Campus das Engenharias \u2013 Centro, Pelotas \u2013 RS Atendimento Colegiado:\u00a0De segunda a sexta-feira das 08:00 \u00e0s 14:00 horas Coordenador de curso: Prof. Dr. Felipe Padilha Leitzke Coordenador adjunto: [&hellip;]<\/p>\n","protected":false},"author":588,"featured_media":0,"parent":115,"menu_order":1,"comment_status":"closed","ping_status":"closed","template":"","meta":{"footnotes":""},"class_list":["post-145","page","type-page","status-publish","hentry"],"_links":{"self":[{"href":"https:\/\/wp.ufpel.edu.br\/engenhariageologica\/wp-json\/wp\/v2\/pages\/145","targetHints":{"allow":["GET"]}}],"collection":[{"href":"https:\/\/wp.ufpel.edu.br\/engenhariageologica\/wp-json\/wp\/v2\/pages"}],"about":[{"href":"https:\/\/wp.ufpel.edu.br\/engenhariageologica\/wp-json\/wp\/v2\/types\/page"}],"author":[{"embeddable":true,"href":"https:\/\/wp.ufpel.edu.br\/engenhariageologica\/wp-json\/wp\/v2\/users\/588"}],"replies":[{"embeddable":true,"href":"https:\/\/wp.ufpel.edu.br\/engenhariageologica\/wp-json\/wp\/v2\/comments?post=145"}],"version-history":[{"count":4,"href":"https:\/\/wp.ufpel.edu.br\/engenhariageologica\/wp-json\/wp\/v2\/pages\/145\/revisions"}],"predecessor-version":[{"id":1231,"href":"https:\/\/wp.ufpel.edu.br\/engenhariageologica\/wp-json\/wp\/v2\/pages\/145\/revisions\/1231"}],"up":[{"embeddable":true,"href":"https:\/\/wp.ufpel.edu.br\/engenhariageologica\/wp-json\/wp\/v2\/pages\/115"}],"wp:attachment":[{"href":"https:\/\/wp.ufpel.edu.br\/engenhariageologica\/wp-json\/wp\/v2\/media?parent=145"}],"curies":[{"name":"wp","href":"https:\/\/api.w.org\/{rel}","templated":true}]}}