{"id":1252,"date":"2026-03-27T11:11:04","date_gmt":"2026-03-27T14:11:04","guid":{"rendered":"https:\/\/wp.ufpel.edu.br\/engenhariageologica\/?page_id=1252"},"modified":"2026-03-27T12:41:28","modified_gmt":"2026-03-27T15:41:28","slug":"horarios","status":"publish","type":"page","link":"https:\/\/wp.ufpel.edu.br\/engenhariageologica\/horarios\/","title":{"rendered":"HOR\u00c1RIOS"},"content":{"rendered":"<p>Hor\u00e1rios dos Laborat\u00f3rios e da Sala de Aula da Alf\u00e2ndega:<\/p>\n<p>Laborat\u00f3rio 3 &#8211; Explora\u00e7\u00e3o, Avalia\u00e7\u00e3o e Cubagem<br \/>\n<iframe loading=\"lazy\" src=\"https:\/\/calendar.google.com\/calendar\/embed?src=7d28b095a17991be6bf1fa1e51e823ebf075dc3423c694e31d27375009758f75%40group.calendar.google.com&#038;ctz=America%2FSao_Paulo\" style=\"border: 0\" width=\"800\" height=\"600\" frameborder=\"0\" scrolling=\"no\"><\/iframe><\/p>\n<p>Laborat\u00f3rio 4 &#8211; Geomensura e Cartografia<br \/>\n<iframe loading=\"lazy\" src=\"https:\/\/calendar.google.com\/calendar\/embed?src=e3261d3207714014a10d710015556d1fe30371527e4504721770639d15845a6f%40group.calendar.google.com&#038;ctz=America%2FSao_Paulo\" style=\"border: 0\" width=\"800\" height=\"600\" frameborder=\"0\" scrolling=\"no\"><\/iframe><\/p>\n<p>Laborat\u00f3rio 5 &#8211; Laborat\u00f3rio de Pr\u00e1ticas Computacionais<br \/>\n<iframe loading=\"lazy\" src=\"https:\/\/calendar.google.com\/calendar\/embed?src=b0db028a43bdd23ab121784fd04502324bc35345b8e079b3a6e5e3a019fd0a17%40group.calendar.google.com&#038;ctz=America%2FSao_Paulo\" style=\"border: 0\" width=\"800\" height=\"600\" frameborder=\"0\" scrolling=\"no\"><\/iframe><\/p>\n<p>Sala de aula 6 &#8211; Miniaudit\u00f3rio<br \/>\n<iframe loading=\"lazy\" src=\"https:\/\/calendar.google.com\/calendar\/embed?src=73be9fe9117cd5adf2165275ea1fc57509ad4e023077d9a915c7b4ccc78b1b8a%40group.calendar.google.com&#038;ctz=America%2FSao_Paulo\" style=\"border: 0\" width=\"800\" height=\"600\" frameborder=\"0\" scrolling=\"no\"><\/iframe><\/p>\n","protected":false},"excerpt":{"rendered":"<p>Hor\u00e1rios dos Laborat\u00f3rios e da Sala de Aula da Alf\u00e2ndega: Laborat\u00f3rio 3 &#8211; Explora\u00e7\u00e3o, Avalia\u00e7\u00e3o e Cubagem Laborat\u00f3rio 4 &#8211; Geomensura e Cartografia Laborat\u00f3rio 5 &#8211; Laborat\u00f3rio de Pr\u00e1ticas Computacionais Sala de aula 6 &#8211; Miniaudit\u00f3rio<\/p>\n","protected":false},"author":588,"featured_media":0,"parent":0,"menu_order":0,"comment_status":"closed","ping_status":"closed","template":"","meta":{"footnotes":""},"class_list":["post-1252","page","type-page","status-publish","hentry"],"_links":{"self":[{"href":"https:\/\/wp.ufpel.edu.br\/engenhariageologica\/wp-json\/wp\/v2\/pages\/1252","targetHints":{"allow":["GET"]}}],"collection":[{"href":"https:\/\/wp.ufpel.edu.br\/engenhariageologica\/wp-json\/wp\/v2\/pages"}],"about":[{"href":"https:\/\/wp.ufpel.edu.br\/engenhariageologica\/wp-json\/wp\/v2\/types\/page"}],"author":[{"embeddable":true,"href":"https:\/\/wp.ufpel.edu.br\/engenhariageologica\/wp-json\/wp\/v2\/users\/588"}],"replies":[{"embeddable":true,"href":"https:\/\/wp.ufpel.edu.br\/engenhariageologica\/wp-json\/wp\/v2\/comments?post=1252"}],"version-history":[{"count":4,"href":"https:\/\/wp.ufpel.edu.br\/engenhariageologica\/wp-json\/wp\/v2\/pages\/1252\/revisions"}],"predecessor-version":[{"id":1273,"href":"https:\/\/wp.ufpel.edu.br\/engenhariageologica\/wp-json\/wp\/v2\/pages\/1252\/revisions\/1273"}],"wp:attachment":[{"href":"https:\/\/wp.ufpel.edu.br\/engenhariageologica\/wp-json\/wp\/v2\/media?parent=1252"}],"curies":[{"name":"wp","href":"https:\/\/api.w.org\/{rel}","templated":true}]}}