{"id":120,"date":"2017-09-30T11:40:44","date_gmt":"2017-09-30T14:40:44","guid":{"rendered":"https:\/\/wp.ufpel.edu.br\/engenhariageologica\/?page_id=120"},"modified":"2025-05-26T10:54:30","modified_gmt":"2025-05-26T13:54:30","slug":"alunos","status":"publish","type":"page","link":"https:\/\/wp.ufpel.edu.br\/engenhariageologica\/alunos\/","title":{"rendered":"Alunos"},"content":{"rendered":"<p>Clique nos links abaixo para maiores informa\u00e7\u00f5es sobre:<\/p>\n<p>&nbsp;<\/p>\n<p><a href=\"https:\/\/wp.ufpel.edu.br\/engenhariageologica\/alunos\/sistema-academico\/\">Sistema Acad\u00eamico<\/a><\/p>\n<p><a href=\"https:\/\/wp.ufpel.edu.br\/engenhariageologica\/alunos\/ingressantes\/\">Ingressantes<\/a><\/p>\n<p><a href=\"https:\/\/wp.ufpel.edu.br\/engenhariageologica\/alunos\/comunidade-academica\/\">Atividades Acad\u00eamicas<\/a><\/p>\n<p><a href=\"https:\/\/wp.ufpel.edu.br\/engenhariageologica\/alunos\/formandos\/\">Formandos<\/a><\/p>\n<p><a href=\"https:\/\/wp.ufpel.edu.br\/engenhariageologica\/alunos\/egressos\/\">Egressos<\/a><\/p>\n","protected":false},"excerpt":{"rendered":"<p>Clique nos links abaixo para maiores informa\u00e7\u00f5es sobre: &nbsp; Sistema Acad\u00eamico Ingressantes Atividades Acad\u00eamicas Formandos Egressos<\/p>\n","protected":false},"author":588,"featured_media":0,"parent":0,"menu_order":1,"comment_status":"closed","ping_status":"closed","template":"","meta":{"footnotes":""},"class_list":["post-120","page","type-page","status-publish","hentry"],"_links":{"self":[{"href":"https:\/\/wp.ufpel.edu.br\/engenhariageologica\/wp-json\/wp\/v2\/pages\/120","targetHints":{"allow":["GET"]}}],"collection":[{"href":"https:\/\/wp.ufpel.edu.br\/engenhariageologica\/wp-json\/wp\/v2\/pages"}],"about":[{"href":"https:\/\/wp.ufpel.edu.br\/engenhariageologica\/wp-json\/wp\/v2\/types\/page"}],"author":[{"embeddable":true,"href":"https:\/\/wp.ufpel.edu.br\/engenhariageologica\/wp-json\/wp\/v2\/users\/588"}],"replies":[{"embeddable":true,"href":"https:\/\/wp.ufpel.edu.br\/engenhariageologica\/wp-json\/wp\/v2\/comments?post=120"}],"version-history":[{"count":3,"href":"https:\/\/wp.ufpel.edu.br\/engenhariageologica\/wp-json\/wp\/v2\/pages\/120\/revisions"}],"predecessor-version":[{"id":1183,"href":"https:\/\/wp.ufpel.edu.br\/engenhariageologica\/wp-json\/wp\/v2\/pages\/120\/revisions\/1183"}],"wp:attachment":[{"href":"https:\/\/wp.ufpel.edu.br\/engenhariageologica\/wp-json\/wp\/v2\/media?parent=120"}],"curies":[{"name":"wp","href":"https:\/\/api.w.org\/{rel}","templated":true}]}}