{"id":1174,"date":"2025-05-17T17:20:25","date_gmt":"2025-05-17T20:20:25","guid":{"rendered":"https:\/\/wp.ufpel.edu.br\/engenhariageologica\/?page_id=1174"},"modified":"2025-05-17T17:29:35","modified_gmt":"2025-05-17T20:29:35","slug":"egressos","status":"publish","type":"page","link":"https:\/\/wp.ufpel.edu.br\/engenhariageologica\/alunos\/egressos\/","title":{"rendered":"Egressos"},"content":{"rendered":"<p>Abaixo encontra-se a lista dos 163 egressos do curso de Engenharia Geol\u00f3gica no per\u00edodo de 2013 \u00e0 2024:<\/p>\n<table style=\"width: 576px;\" width=\"535\">\n<tbody>\n<tr>\n<td style=\"width: 436px;\" width=\"366\">Nome<\/td>\n<td style=\"width: 140px;\" width=\"169\">Ano de conclus\u00e3o<\/td>\n<\/tr>\n<tr>\n<td style=\"width: 436px;\" width=\"366\">ANA CAROLINA NUNES DA SILVA<\/td>\n<td style=\"width: 140px;\" width=\"169\">2024<\/td>\n<\/tr>\n<tr>\n<td style=\"width: 436px;\" width=\"366\">UANA GEMIMA SILVA LIMA<\/td>\n<td style=\"width: 140px;\" width=\"169\">2024<\/td>\n<\/tr>\n<tr>\n<td style=\"width: 436px;\" width=\"366\">CAROLINE SILVEIRA DA ROSA<\/td>\n<td style=\"width: 140px;\" width=\"169\">2024<\/td>\n<\/tr>\n<tr>\n<td style=\"width: 436px;\" width=\"366\">GUSTAVO SCHMIDT CABRAL<\/td>\n<td style=\"width: 140px;\" width=\"169\">2024<\/td>\n<\/tr>\n<tr>\n<td style=\"width: 436px;\" width=\"366\">LARISSA BERGAMINI SANTOS<\/td>\n<td style=\"width: 140px;\" width=\"169\">2024<\/td>\n<\/tr>\n<tr>\n<td style=\"width: 436px;\" width=\"366\">STEFANY SILVEIRA DAS NEVES<\/td>\n<td style=\"width: 140px;\" width=\"169\">2024<\/td>\n<\/tr>\n<tr>\n<td style=\"width: 436px;\" width=\"366\">DANIEL GABY DE CARVALHO<\/td>\n<td style=\"width: 140px;\" width=\"169\">2024<\/td>\n<\/tr>\n<tr>\n<td style=\"width: 436px;\" width=\"366\">FELIPE VASCONCELOS PACHECO<\/td>\n<td style=\"width: 140px;\" width=\"169\">2024<\/td>\n<\/tr>\n<tr>\n<td style=\"width: 436px;\" width=\"366\">ISRAEL BACHI<\/td>\n<td style=\"width: 140px;\" width=\"169\">2024<\/td>\n<\/tr>\n<tr>\n<td style=\"width: 436px;\" width=\"366\">LUCAS BRUM SALOM\u00c3O<\/td>\n<td style=\"width: 140px;\" width=\"169\">2024<\/td>\n<\/tr>\n<tr>\n<td style=\"width: 436px;\" width=\"366\">THIERRY MENDES DOS SANTOS<\/td>\n<td style=\"width: 140px;\" width=\"169\">2024<\/td>\n<\/tr>\n<tr>\n<td style=\"width: 436px;\" width=\"366\">ARIANE SALES SILVA<\/td>\n<td style=\"width: 140px;\" width=\"169\">2024<\/td>\n<\/tr>\n<tr>\n<td style=\"width: 436px;\" width=\"366\">LUCAS BECKER LARIVOIR ESTEVES<\/td>\n<td style=\"width: 140px;\" width=\"169\">2024<\/td>\n<\/tr>\n<tr>\n<td style=\"width: 436px;\" width=\"366\">LUCAS NASCIMENTO BRAGA<\/td>\n<td style=\"width: 140px;\" width=\"169\">2024<\/td>\n<\/tr>\n<tr>\n<td style=\"width: 436px;\" width=\"366\">MATHEUS CAVALCANTE DE ALBUQUERQUE MARANH\u00c3O<\/td>\n<td style=\"width: 140px;\" width=\"169\">2024<\/td>\n<\/tr>\n<tr>\n<td style=\"width: 436px;\" width=\"366\">ANNA BEATRIZ GOMES TETZNER<\/td>\n<td style=\"width: 140px;\" width=\"169\">2023<\/td>\n<\/tr>\n<tr>\n<td style=\"width: 436px;\" width=\"366\">IGOR WILLRICH LULIER<\/td>\n<td style=\"width: 140px;\" width=\"169\">2023<\/td>\n<\/tr>\n<tr>\n<td style=\"width: 436px;\" width=\"366\">JO\u00c3O FELIPE CAMPANARO<\/td>\n<td style=\"width: 140px;\" width=\"169\">2023<\/td>\n<\/tr>\n<tr>\n<td style=\"width: 436px;\" width=\"366\">MARCELO AUGUSTO BECKER DALLMANN<\/td>\n<td style=\"width: 140px;\" width=\"169\">2023<\/td>\n<\/tr>\n<tr>\n<td style=\"width: 436px;\" width=\"366\">MATEUS DOS SANTOS<\/td>\n<td style=\"width: 140px;\" width=\"169\">2023<\/td>\n<\/tr>\n<tr>\n<td style=\"width: 436px;\" width=\"366\">MATHEUS HEBERL\u00ca ARAUJO<\/td>\n<td style=\"width: 140px;\" width=\"169\">2023<\/td>\n<\/tr>\n<tr>\n<td style=\"width: 436px;\" width=\"366\">H\u00caNIO MARCOS RIBEIRO FRAN\u00c7A<\/td>\n<td style=\"width: 140px;\" width=\"169\">2023<\/td>\n<\/tr>\n<tr>\n<td style=\"width: 436px;\" width=\"366\">LUCAS DOS SANTOS ROCHA<\/td>\n<td style=\"width: 140px;\" width=\"169\">2023<\/td>\n<\/tr>\n<tr>\n<td style=\"width: 436px;\" width=\"366\">MOYZ\u00c9S S\u00c1VIO GOMES DE FARIAS<\/td>\n<td style=\"width: 140px;\" width=\"169\">2023<\/td>\n<\/tr>\n<tr>\n<td style=\"width: 436px;\" width=\"366\">TADEU BRAGA AREJANO<\/td>\n<td style=\"width: 140px;\" width=\"169\">2023<\/td>\n<\/tr>\n<tr>\n<td style=\"width: 436px;\" width=\"366\">VITOR MATEUS LOPES VARGAS<\/td>\n<td style=\"width: 140px;\" width=\"169\">2023<\/td>\n<\/tr>\n<tr>\n<td style=\"width: 436px;\" width=\"366\">DANIELE SILVEIRA DA ROSA<\/td>\n<td style=\"width: 140px;\" width=\"169\">2023<\/td>\n<\/tr>\n<tr>\n<td style=\"width: 436px;\" width=\"366\">RAFAELA OLIVEIRA TEODORO<\/td>\n<td style=\"width: 140px;\" width=\"169\">2023<\/td>\n<\/tr>\n<tr>\n<td style=\"width: 436px;\" width=\"366\">GABRIEL DA SILVA PONTES<\/td>\n<td style=\"width: 140px;\" width=\"169\">2023<\/td>\n<\/tr>\n<tr>\n<td style=\"width: 436px;\" width=\"366\">RITA MARIA PUCINELLI FAGONDE<\/td>\n<td style=\"width: 140px;\" width=\"169\">2023<\/td>\n<\/tr>\n<tr>\n<td style=\"width: 436px;\" width=\"366\">THIAGO FONS\u00caCA XAVIER<\/td>\n<td style=\"width: 140px;\" width=\"169\">2023<\/td>\n<\/tr>\n<tr>\n<td style=\"width: 436px;\" width=\"366\">MARCELO DA SILVEIRA TORTOLERO ARA\u00daJO LOUREN\u00c7O<\/td>\n<td style=\"width: 140px;\" width=\"169\">2022<\/td>\n<\/tr>\n<tr>\n<td style=\"width: 436px;\" width=\"366\">BETH\u00c2NIA MACHADO FIGUEIREDO<\/td>\n<td style=\"width: 140px;\" width=\"169\">2022<\/td>\n<\/tr>\n<tr>\n<td style=\"width: 436px;\" width=\"366\">GEYSI CUST\u00d3DIO DA SILVA<\/td>\n<td style=\"width: 140px;\" width=\"169\">2022<\/td>\n<\/tr>\n<tr>\n<td style=\"width: 436px;\" width=\"366\">JOHNY BARR\u00caTO ALVES<\/td>\n<td style=\"width: 140px;\" width=\"169\">2022<\/td>\n<\/tr>\n<tr>\n<td style=\"width: 436px;\" width=\"366\">TACIANE VAZ DOS SANTOS<\/td>\n<td style=\"width: 140px;\" width=\"169\">2022<\/td>\n<\/tr>\n<tr>\n<td style=\"width: 436px;\" width=\"366\">TULIO CEZAR SILVA SOUZA GOMES<\/td>\n<td style=\"width: 140px;\" width=\"169\">2022<\/td>\n<\/tr>\n<tr>\n<td style=\"width: 436px;\" width=\"366\">ALANA ROSALINI SANTOS PIRES<\/td>\n<td style=\"width: 140px;\" width=\"169\">2022<\/td>\n<\/tr>\n<tr>\n<td style=\"width: 436px;\" width=\"366\">JONATAS GOMES SEBASTI\u00c3O<\/td>\n<td style=\"width: 140px;\" width=\"169\">2022<\/td>\n<\/tr>\n<tr>\n<td style=\"width: 436px;\" width=\"366\">DOUGLAS MAIKOW VERONA<\/td>\n<td style=\"width: 140px;\" width=\"169\">2022<\/td>\n<\/tr>\n<tr>\n<td style=\"width: 436px;\" width=\"366\">AUR\u00c9LIO ALVES CARVALHO<\/td>\n<td style=\"width: 140px;\" width=\"169\">2022<\/td>\n<\/tr>\n<tr>\n<td style=\"width: 436px;\" width=\"366\">ADILSON APARECIDO DA SILVA<\/td>\n<td style=\"width: 140px;\" width=\"169\">2021<\/td>\n<\/tr>\n<tr>\n<td style=\"width: 436px;\" width=\"366\">IVANOR ZACHARIAS<\/td>\n<td style=\"width: 140px;\" width=\"169\">2021<\/td>\n<\/tr>\n<tr>\n<td style=\"width: 436px;\" width=\"366\">LENON SILVA DE OLIVEIRA<\/td>\n<td style=\"width: 140px;\" width=\"169\">2021<\/td>\n<\/tr>\n<tr>\n<td style=\"width: 436px;\" width=\"366\">LUIS EUG\u00caNIO POSTAY FRIZZO<\/td>\n<td style=\"width: 140px;\" width=\"169\">2021<\/td>\n<\/tr>\n<tr>\n<td style=\"width: 436px;\" width=\"366\">SUYANE GON\u00c7ALVES DE CAMPOS<\/td>\n<td style=\"width: 140px;\" width=\"169\">2021<\/td>\n<\/tr>\n<tr>\n<td style=\"width: 436px;\" width=\"366\">THAYNA NUNES ALVES<\/td>\n<td style=\"width: 140px;\" width=\"169\">2021<\/td>\n<\/tr>\n<tr>\n<td style=\"width: 436px;\" width=\"366\">ANDR\u00c9 LIMA DA SILVA<\/td>\n<td style=\"width: 140px;\" width=\"169\">2021<\/td>\n<\/tr>\n<tr>\n<td style=\"width: 436px;\" width=\"366\">CARLOS HENRIQUE GOMES TABARELLI<\/td>\n<td style=\"width: 140px;\" width=\"169\">2021<\/td>\n<\/tr>\n<tr>\n<td style=\"width: 436px;\" width=\"366\">EMANU\u00c9LLE SOARES CARDOZO<\/td>\n<td style=\"width: 140px;\" width=\"169\">2021<\/td>\n<\/tr>\n<tr>\n<td style=\"width: 436px;\" width=\"366\">INGRID GUALBERTA BARBOSA CHAVES<\/td>\n<td style=\"width: 140px;\" width=\"169\">2021<\/td>\n<\/tr>\n<tr>\n<td style=\"width: 436px;\" width=\"366\">MAYARA PASSOS BERGMANN<\/td>\n<td style=\"width: 140px;\" width=\"169\">2021<\/td>\n<\/tr>\n<tr>\n<td style=\"width: 436px;\" width=\"366\">THAIS VIEIRA ELLER<\/td>\n<td style=\"width: 140px;\" width=\"169\">2021<\/td>\n<\/tr>\n<tr>\n<td style=\"width: 436px;\" width=\"366\">AMANDA MORAIS GRABIN<\/td>\n<td style=\"width: 140px;\" width=\"169\">2021<\/td>\n<\/tr>\n<tr>\n<td style=\"width: 436px;\" width=\"366\">ANNA PAULA MATTE<\/td>\n<td style=\"width: 140px;\" width=\"169\">2021<\/td>\n<\/tr>\n<tr>\n<td style=\"width: 436px;\" width=\"366\">DANIELA BONETTO ROSA<\/td>\n<td style=\"width: 140px;\" width=\"169\">2021<\/td>\n<\/tr>\n<tr>\n<td style=\"width: 436px;\" width=\"366\">J\u00daLIA MILAGRES MIRANDA DA COSTA SANTOS<\/td>\n<td style=\"width: 140px;\" width=\"169\">2021<\/td>\n<\/tr>\n<tr>\n<td style=\"width: 436px;\" width=\"366\">GUILHERME NUNES VIEIRA<\/td>\n<td style=\"width: 140px;\" width=\"169\">2021<\/td>\n<\/tr>\n<tr>\n<td style=\"width: 436px;\" width=\"366\">\u00c9VERTON LENON DE JESUS SOUZA<\/td>\n<td style=\"width: 140px;\" width=\"169\">2021<\/td>\n<\/tr>\n<tr>\n<td style=\"width: 436px;\" width=\"366\">AMANDA DE SALES MAROTTA DA SILVA<\/td>\n<td style=\"width: 140px;\" width=\"169\">2020<\/td>\n<\/tr>\n<tr>\n<td style=\"width: 436px;\" width=\"366\">BRENDA MARTINELLI FUJIMORI<\/td>\n<td style=\"width: 140px;\" width=\"169\">2020<\/td>\n<\/tr>\n<tr>\n<td style=\"width: 436px;\" width=\"366\">MARCOS PHILLIPE GUIMAR\u00c3ES FARIA<\/td>\n<td style=\"width: 140px;\" width=\"169\">2020<\/td>\n<\/tr>\n<tr>\n<td style=\"width: 436px;\" width=\"366\">TAMIRES BOJJIS DA COSTA<\/td>\n<td style=\"width: 140px;\" width=\"169\">2020<\/td>\n<\/tr>\n<tr>\n<td style=\"width: 436px;\" width=\"366\">FERNANDA LUZ DE FREITAS<\/td>\n<td style=\"width: 140px;\" width=\"169\">2020<\/td>\n<\/tr>\n<tr>\n<td style=\"width: 436px;\" width=\"366\">CAROLINE DOS SANTOS TABELI\u00c3O<\/td>\n<td style=\"width: 140px;\" width=\"169\">2020<\/td>\n<\/tr>\n<tr>\n<td style=\"width: 436px;\" width=\"366\">Fernanda Lu\u00edsa da Costa<\/td>\n<td style=\"width: 140px;\" width=\"169\">2019<\/td>\n<\/tr>\n<tr>\n<td style=\"width: 436px;\" width=\"366\">RODRIGO ANTONIO DE FREITAS RODRIGUES<\/td>\n<td style=\"width: 140px;\" width=\"169\">2019<\/td>\n<\/tr>\n<tr>\n<td style=\"width: 436px;\" width=\"366\">MATHEUS ACOSTA FLORES<\/td>\n<td style=\"width: 140px;\" width=\"169\">2019<\/td>\n<\/tr>\n<tr>\n<td style=\"width: 436px;\" width=\"366\">MATHEUS COSTA FRAULO<\/td>\n<td style=\"width: 140px;\" width=\"169\">2019<\/td>\n<\/tr>\n<tr>\n<td style=\"width: 436px;\" width=\"366\">ANTONIO SILVA FERREIRA<\/td>\n<td style=\"width: 140px;\" width=\"169\">2019<\/td>\n<\/tr>\n<tr>\n<td style=\"width: 436px;\" width=\"366\">GABRIEL GIRARDI PAN<\/td>\n<td style=\"width: 140px;\" width=\"169\">2019<\/td>\n<\/tr>\n<tr>\n<td style=\"width: 436px;\" width=\"366\">MAUREN ESPINOSA GASPAR<\/td>\n<td style=\"width: 140px;\" width=\"169\">2019<\/td>\n<\/tr>\n<tr>\n<td style=\"width: 436px;\" width=\"366\">TAINARA GODOY DE SOUZA<\/td>\n<td style=\"width: 140px;\" width=\"169\">2019<\/td>\n<\/tr>\n<tr>\n<td style=\"width: 436px;\" width=\"366\">VER\u00d4NICA REGINA DE ALMEIDA VIEIRA<\/td>\n<td style=\"width: 140px;\" width=\"169\">2019<\/td>\n<\/tr>\n<tr>\n<td style=\"width: 436px;\" width=\"366\">YASMIM MOURAD OSHIRO<\/td>\n<td style=\"width: 140px;\" width=\"169\">2019<\/td>\n<\/tr>\n<tr>\n<td style=\"width: 436px;\" width=\"366\">ATILA DA SILVA MARTINS<\/td>\n<td style=\"width: 140px;\" width=\"169\">2019<\/td>\n<\/tr>\n<tr>\n<td style=\"width: 436px;\" width=\"366\">BRUNO DE OLIVEIRA KIMURA<\/td>\n<td style=\"width: 140px;\" width=\"169\">2019<\/td>\n<\/tr>\n<tr>\n<td style=\"width: 436px;\" width=\"366\">F\u00c1BIO AUGUSTO MARTINS<\/td>\n<td style=\"width: 140px;\" width=\"169\">2019<\/td>\n<\/tr>\n<tr>\n<td style=\"width: 436px;\" width=\"366\">GUILHERME COUTO MADRUGA<\/td>\n<td style=\"width: 140px;\" width=\"169\">2019<\/td>\n<\/tr>\n<tr>\n<td style=\"width: 436px;\" width=\"366\">GUILHERME SCHIEFFERDECKER ROCHA<\/td>\n<td style=\"width: 140px;\" width=\"169\">2019<\/td>\n<\/tr>\n<tr>\n<td style=\"width: 436px;\" width=\"366\">MARCI\u00c9LE SIEGERT GOETZKE<\/td>\n<td style=\"width: 140px;\" width=\"169\">2019<\/td>\n<\/tr>\n<tr>\n<td style=\"width: 436px;\" width=\"366\">THIAGO FEIJ\u00d3 BOM<\/td>\n<td style=\"width: 140px;\" width=\"169\">2019<\/td>\n<\/tr>\n<tr>\n<td style=\"width: 436px;\" width=\"366\">ELISANDRA HERNANDES DA FONSECA<\/td>\n<td style=\"width: 140px;\" width=\"169\">2019<\/td>\n<\/tr>\n<tr>\n<td style=\"width: 436px;\" width=\"366\">GUILHERME ZANON ALVES DA MATA<\/td>\n<td style=\"width: 140px;\" width=\"169\">2019<\/td>\n<\/tr>\n<tr>\n<td style=\"width: 436px;\" width=\"366\">PEDRO ANDRADE COELHO<\/td>\n<td style=\"width: 140px;\" width=\"169\">2019<\/td>\n<\/tr>\n<tr>\n<td style=\"width: 436px;\" width=\"366\">SAMUEL QUIROZ ANGELO<\/td>\n<td style=\"width: 140px;\" width=\"169\">2019<\/td>\n<\/tr>\n<tr>\n<td style=\"width: 436px;\" width=\"366\">ALLAN FELIPE ROCHA DE SIQUEIRA<\/td>\n<td style=\"width: 140px;\" width=\"169\">2019<\/td>\n<\/tr>\n<tr>\n<td style=\"width: 436px;\" width=\"366\">MATEUS KNABACH EVALD<\/td>\n<td style=\"width: 140px;\" width=\"169\">2018<\/td>\n<\/tr>\n<tr>\n<td style=\"width: 436px;\" width=\"366\">JO\u00c3O MATEUS MAR\u00c3O DOMINGUES<\/td>\n<td style=\"width: 140px;\" width=\"169\">2018<\/td>\n<\/tr>\n<tr>\n<td style=\"width: 436px;\" width=\"366\">MARINA LUIZA JORD\u00c3O MARTINS<\/td>\n<td style=\"width: 140px;\" width=\"169\">2018<\/td>\n<\/tr>\n<tr>\n<td style=\"width: 436px;\" width=\"366\">ANNA LET\u00cdCIA DA MATA ARA\u00daJO<\/td>\n<td style=\"width: 140px;\" width=\"169\">2018<\/td>\n<\/tr>\n<tr>\n<td style=\"width: 436px;\" width=\"366\">ARIELA BARBOSA VIEIRA<\/td>\n<td style=\"width: 140px;\" width=\"169\">2018<\/td>\n<\/tr>\n<tr>\n<td style=\"width: 436px;\" width=\"366\">DIEGO SEVERO VIEIRA<\/td>\n<td style=\"width: 140px;\" width=\"169\">2018<\/td>\n<\/tr>\n<tr>\n<td style=\"width: 436px;\" width=\"366\">JAMILE IARA SEKULA<\/td>\n<td style=\"width: 140px;\" width=\"169\">2018<\/td>\n<\/tr>\n<tr>\n<td style=\"width: 436px;\" width=\"366\">KELSILENE FERNANDA XAVIER<\/td>\n<td style=\"width: 140px;\" width=\"169\">2018<\/td>\n<\/tr>\n<tr>\n<td style=\"width: 436px;\" width=\"366\">LETICIA SILVEIRA MARAFON<\/td>\n<td style=\"width: 140px;\" width=\"169\">2018<\/td>\n<\/tr>\n<tr>\n<td style=\"width: 436px;\" width=\"366\">MARIANA AD\u00c9LIA POLASTRINI MOREIRA<\/td>\n<td style=\"width: 140px;\" width=\"169\">2018<\/td>\n<\/tr>\n<tr>\n<td style=\"width: 436px;\" width=\"366\">MARINA MACHADO<\/td>\n<td style=\"width: 140px;\" width=\"169\">2018<\/td>\n<\/tr>\n<tr>\n<td style=\"width: 436px;\" width=\"366\">MIKAEL FREITAS RIBEIRO<\/td>\n<td style=\"width: 140px;\" width=\"169\">2018<\/td>\n<\/tr>\n<tr>\n<td style=\"width: 436px;\" width=\"366\">RAONI BRAGA AZEREDO<\/td>\n<td style=\"width: 140px;\" width=\"169\">2018<\/td>\n<\/tr>\n<tr>\n<td style=\"width: 436px;\" width=\"366\">VIRG\u00cdNIA GAZOLA<\/td>\n<td style=\"width: 140px;\" width=\"169\">2018<\/td>\n<\/tr>\n<tr>\n<td style=\"width: 436px;\" width=\"366\">BEATRIZ YANAGI MENDES DE MORAES<\/td>\n<td style=\"width: 140px;\" width=\"169\">2018<\/td>\n<\/tr>\n<tr>\n<td style=\"width: 436px;\" width=\"366\">CATARINA RODRIGUES DO AMARAL<\/td>\n<td style=\"width: 140px;\" width=\"169\">2018<\/td>\n<\/tr>\n<tr>\n<td style=\"width: 436px;\" width=\"366\">FELIPE IVONEZ BORGES ALEXANDRE<\/td>\n<td style=\"width: 140px;\" width=\"169\">2018<\/td>\n<\/tr>\n<tr>\n<td style=\"width: 436px;\" width=\"366\">LUCAS FIRMINO DUTRA JUNIOR<\/td>\n<td style=\"width: 140px;\" width=\"169\">2018<\/td>\n<\/tr>\n<tr>\n<td style=\"width: 436px;\" width=\"366\">L\u00c9O VIEIRA<\/td>\n<td style=\"width: 140px;\" width=\"169\">2018<\/td>\n<\/tr>\n<tr>\n<td style=\"width: 436px;\" width=\"366\">RODRIGO DA SILVA TRENTIN<\/td>\n<td style=\"width: 140px;\" width=\"169\">2018<\/td>\n<\/tr>\n<tr>\n<td style=\"width: 436px;\" width=\"366\">THAYS FRAN\u00c7A AFONSO<\/td>\n<td style=\"width: 140px;\" width=\"169\">2018<\/td>\n<\/tr>\n<tr>\n<td style=\"width: 436px;\" width=\"366\">JO\u00c3O LUCAS ZARDO BONALDO<\/td>\n<td style=\"width: 140px;\" width=\"169\">2018<\/td>\n<\/tr>\n<tr>\n<td style=\"width: 436px;\" width=\"366\">TATYANE SALLES REIS<\/td>\n<td style=\"width: 140px;\" width=\"169\">2018<\/td>\n<\/tr>\n<tr>\n<td style=\"width: 436px;\" width=\"366\">BRENO OTON SANTOS E CAMPOS<\/td>\n<td style=\"width: 140px;\" width=\"169\">2017<\/td>\n<\/tr>\n<tr>\n<td style=\"width: 436px;\" width=\"366\">BRUNA CAMILA SCHNEIDER<\/td>\n<td style=\"width: 140px;\" width=\"169\">2017<\/td>\n<\/tr>\n<tr>\n<td style=\"width: 436px;\" width=\"366\">BRUNO RUAS DE PINHO<\/td>\n<td style=\"width: 140px;\" width=\"169\">2017<\/td>\n<\/tr>\n<tr>\n<td style=\"width: 436px;\" width=\"366\">C\u00c2NDIDA REGINA M\u00dcLLER<\/td>\n<td style=\"width: 140px;\" width=\"169\">2017<\/td>\n<\/tr>\n<tr>\n<td style=\"width: 436px;\" width=\"366\">DAILANA ESTER MAYER<\/td>\n<td style=\"width: 140px;\" width=\"169\">2017<\/td>\n<\/tr>\n<tr>\n<td style=\"width: 436px;\" width=\"366\">MARCELO ARRACHE ALVES<\/td>\n<td style=\"width: 140px;\" width=\"169\">2017<\/td>\n<\/tr>\n<tr>\n<td style=\"width: 436px;\" width=\"366\">MARIA EDUARDA FANTINI<\/td>\n<td style=\"width: 140px;\" width=\"169\">2017<\/td>\n<\/tr>\n<tr>\n<td style=\"width: 436px;\" width=\"366\">INGRID SILVA CORR\u00caA<\/td>\n<td style=\"width: 140px;\" width=\"169\">2017<\/td>\n<\/tr>\n<tr>\n<td style=\"width: 436px;\" width=\"366\">PAOLA BASTOS REGO<\/td>\n<td style=\"width: 140px;\" width=\"169\">2017<\/td>\n<\/tr>\n<tr>\n<td style=\"width: 436px;\" width=\"366\">CAIO PEREIRA DE ALMEIDA<\/td>\n<td style=\"width: 140px;\" width=\"169\">2017<\/td>\n<\/tr>\n<tr>\n<td style=\"width: 436px;\" width=\"366\">CECILE CHRISTINE VAN DER KALLEN<\/td>\n<td style=\"width: 140px;\" width=\"169\">2017<\/td>\n<\/tr>\n<tr>\n<td style=\"width: 436px;\" width=\"366\">JULIANA MACIEL BICCA<\/td>\n<td style=\"width: 140px;\" width=\"169\">2017<\/td>\n<\/tr>\n<tr>\n<td style=\"width: 436px;\" width=\"366\">L\u00cdGIA SOARES EN\u00c9AS ALVES<\/td>\n<td style=\"width: 140px;\" width=\"169\">2017<\/td>\n<\/tr>\n<tr>\n<td style=\"width: 436px;\" width=\"366\">OT\u00c1VIO PEREIRA DE LIMA<\/td>\n<td style=\"width: 140px;\" width=\"169\">2017<\/td>\n<\/tr>\n<tr>\n<td style=\"width: 436px;\" width=\"366\">YURI VON AMELN COELHO<\/td>\n<td style=\"width: 140px;\" width=\"169\">2017<\/td>\n<\/tr>\n<tr>\n<td style=\"width: 436px;\" width=\"366\">DAGOBERTO JOS\u00c9 ESQUINATTI<\/td>\n<td style=\"width: 140px;\" width=\"169\">2017<\/td>\n<\/tr>\n<tr>\n<td style=\"width: 436px;\" width=\"366\">R\u00d4MULO GRITTI SMOZINSKI<\/td>\n<td style=\"width: 140px;\" width=\"169\">2017<\/td>\n<\/tr>\n<tr>\n<td style=\"width: 436px;\" width=\"366\">ALLAN MAXCIMILLIAN BOM VIEIRA<\/td>\n<td style=\"width: 140px;\" width=\"169\">2016<\/td>\n<\/tr>\n<tr>\n<td style=\"width: 436px;\" width=\"366\">BRUNA KOPPE KRONHARDT<\/td>\n<td style=\"width: 140px;\" width=\"169\">2016<\/td>\n<\/tr>\n<tr>\n<td style=\"width: 436px;\" width=\"366\">DANIEL XIE WANG<\/td>\n<td style=\"width: 140px;\" width=\"169\">2016<\/td>\n<\/tr>\n<tr>\n<td style=\"width: 436px;\" width=\"366\">D\u00c9BORA DE S\u00c1 ANDRADE<\/td>\n<td style=\"width: 140px;\" width=\"169\">2016<\/td>\n<\/tr>\n<tr>\n<td style=\"width: 436px;\" width=\"366\">RUI S\u00c9RGIO SARAIVA DUARTE JUNIOR<\/td>\n<td style=\"width: 140px;\" width=\"169\">2016<\/td>\n<\/tr>\n<tr>\n<td style=\"width: 436px;\" width=\"366\">TUANY ALESSANDRA RODRIGUES<\/td>\n<td style=\"width: 140px;\" width=\"169\">2016<\/td>\n<\/tr>\n<tr>\n<td style=\"width: 436px;\" width=\"366\">THAIS CAROLINE MACKEY<\/td>\n<td style=\"width: 140px;\" width=\"169\">2016<\/td>\n<\/tr>\n<tr>\n<td style=\"width: 436px;\" width=\"366\">Annelise de Almeida Vetromile Lapuente dos Santos<\/td>\n<td style=\"width: 140px;\" width=\"169\">2016<\/td>\n<\/tr>\n<tr>\n<td style=\"width: 436px;\" width=\"366\">GUSTAVO MACHADO CYRILLO DA SILVA<\/td>\n<td style=\"width: 140px;\" width=\"169\">2016<\/td>\n<\/tr>\n<tr>\n<td style=\"width: 436px;\" width=\"366\">G\u00c9SSICA LUZA PALUDO<\/td>\n<td style=\"width: 140px;\" width=\"169\">2016<\/td>\n<\/tr>\n<tr>\n<td style=\"width: 436px;\" width=\"366\">JOSE PEDRO PEREIRA BARCELLOS<\/td>\n<td style=\"width: 140px;\" width=\"169\">2016<\/td>\n<\/tr>\n<tr>\n<td style=\"width: 436px;\" width=\"366\">MARTHINA KNIPPLING<\/td>\n<td style=\"width: 140px;\" width=\"169\">2016<\/td>\n<\/tr>\n<tr>\n<td style=\"width: 436px;\" width=\"366\">LUCAS SCHELLIN FOUCHY<\/td>\n<td style=\"width: 140px;\" width=\"169\">2016<\/td>\n<\/tr>\n<tr>\n<td style=\"width: 436px;\" width=\"366\">VINICIUS FERREIRA GOMES<\/td>\n<td style=\"width: 140px;\" width=\"169\">2016<\/td>\n<\/tr>\n<tr>\n<td style=\"width: 436px;\" width=\"366\">TALITA CABELERA DA SILVA<\/td>\n<td style=\"width: 140px;\" width=\"169\">2015<\/td>\n<\/tr>\n<tr>\n<td style=\"width: 436px;\" width=\"366\">J\u00c9SSICA STERN BEHLING<\/td>\n<td style=\"width: 140px;\" width=\"169\">2015<\/td>\n<\/tr>\n<tr>\n<td style=\"width: 436px;\" width=\"366\">BRUNO SILVA DA FONTOURA<\/td>\n<td style=\"width: 140px;\" width=\"169\">2015<\/td>\n<\/tr>\n<tr>\n<td style=\"width: 436px;\" width=\"366\">RAQUEL SILVA WETZEL<\/td>\n<td style=\"width: 140px;\" width=\"169\">2014<\/td>\n<\/tr>\n<tr>\n<td style=\"width: 436px;\" width=\"366\">JULIANO NUNES RODRIGUES<\/td>\n<td style=\"width: 140px;\" width=\"169\">2014<\/td>\n<\/tr>\n<tr>\n<td style=\"width: 436px;\" width=\"366\">MATHEUS FARIAS GRECCO<\/td>\n<td style=\"width: 140px;\" width=\"169\">2014<\/td>\n<\/tr>\n<tr>\n<td style=\"width: 436px;\" width=\"366\">RICARDO RADTKE DE SOUZA<\/td>\n<td style=\"width: 140px;\" width=\"169\">2014<\/td>\n<\/tr>\n<tr>\n<td style=\"width: 436px;\" width=\"366\">WESLLEN MORAES V\u00d6LZ<\/td>\n<td style=\"width: 140px;\" width=\"169\">2014<\/td>\n<\/tr>\n<tr>\n<td style=\"width: 436px;\" width=\"366\">ALAN GREGORY JENISCH<\/td>\n<td style=\"width: 140px;\" width=\"169\">2014<\/td>\n<\/tr>\n<tr>\n<td style=\"width: 436px;\" width=\"366\">BRUNO DE ALMEIDA GOETZE<\/td>\n<td style=\"width: 140px;\" width=\"169\">2014<\/td>\n<\/tr>\n<tr>\n<td style=\"width: 436px;\" width=\"366\">EDIMUR GOMES COELHO<\/td>\n<td style=\"width: 140px;\" width=\"169\">2014<\/td>\n<\/tr>\n<tr>\n<td style=\"width: 436px;\" width=\"366\">FERNANDA LUFT DE SOUZA<\/td>\n<td style=\"width: 140px;\" width=\"169\">2014<\/td>\n<\/tr>\n<tr>\n<td style=\"width: 436px;\" width=\"366\">GUILHERME LAPINSKI<\/td>\n<td style=\"width: 140px;\" width=\"169\">2014<\/td>\n<\/tr>\n<tr>\n<td style=\"width: 436px;\" width=\"366\">LEANDRO FERNANDES DA SILVA<\/td>\n<td style=\"width: 140px;\" width=\"169\">2014<\/td>\n<\/tr>\n<tr>\n<td style=\"width: 436px;\" width=\"366\">L\u00cdLIAN ROCKENBACH RAMOS<\/td>\n<td style=\"width: 140px;\" width=\"169\">2014<\/td>\n<\/tr>\n<tr>\n<td style=\"width: 436px;\" width=\"366\">MICHEL HATANO DE OLIVEIRA<\/td>\n<td style=\"width: 140px;\" width=\"169\">2014<\/td>\n<\/tr>\n<tr>\n<td style=\"width: 436px;\" width=\"366\">ARTHUR ZIEBELL<\/td>\n<td style=\"width: 140px;\" width=\"169\">2013<\/td>\n<\/tr>\n<tr>\n<td style=\"width: 436px;\" width=\"366\">EMANUELE AMBROSI<\/td>\n<td style=\"width: 140px;\" width=\"169\">2013<\/td>\n<\/tr>\n<tr>\n<td style=\"width: 436px;\" width=\"366\">FILIPE LOPES ALBARNAZ<\/td>\n<td style=\"width: 140px;\" width=\"169\">2013<\/td>\n<\/tr>\n<tr>\n<td style=\"width: 436px;\" width=\"366\">M\u00cdRIAM ZANOL REMDE<\/td>\n<td style=\"width: 140px;\" width=\"169\">2013<\/td>\n<\/tr>\n<tr>\n<td style=\"width: 436px;\" width=\"366\">RAFAEL FERNANDES E SILVA<\/td>\n<td style=\"width: 140px;\" width=\"169\">2013<\/td>\n<\/tr>\n<tr>\n<td style=\"width: 436px;\" width=\"366\">RENAN TEIXEIRA NOGUEIRA<\/td>\n<td style=\"width: 140px;\" width=\"169\">2013<\/td>\n<\/tr>\n<\/tbody>\n<\/table>\n<p>&nbsp;<\/p>\n","protected":false},"excerpt":{"rendered":"<p>Abaixo encontra-se a lista dos 163 egressos do curso de Engenharia Geol\u00f3gica no per\u00edodo de 2013 \u00e0 2024: Nome Ano de conclus\u00e3o ANA CAROLINA NUNES DA SILVA 2024 UANA GEMIMA SILVA LIMA 2024 CAROLINE SILVEIRA DA ROSA 2024 GUSTAVO SCHMIDT CABRAL 2024 LARISSA BERGAMINI SANTOS 2024 STEFANY SILVEIRA DAS NEVES 2024 DANIEL GABY DE CARVALHO [&hellip;]<\/p>\n","protected":false},"author":588,"featured_media":0,"parent":120,"menu_order":0,"comment_status":"closed","ping_status":"closed","template":"","meta":{"footnotes":""},"class_list":["post-1174","page","type-page","status-publish","hentry"],"_links":{"self":[{"href":"https:\/\/wp.ufpel.edu.br\/engenhariageologica\/wp-json\/wp\/v2\/pages\/1174","targetHints":{"allow":["GET"]}}],"collection":[{"href":"https:\/\/wp.ufpel.edu.br\/engenhariageologica\/wp-json\/wp\/v2\/pages"}],"about":[{"href":"https:\/\/wp.ufpel.edu.br\/engenhariageologica\/wp-json\/wp\/v2\/types\/page"}],"author":[{"embeddable":true,"href":"https:\/\/wp.ufpel.edu.br\/engenhariageologica\/wp-json\/wp\/v2\/users\/588"}],"replies":[{"embeddable":true,"href":"https:\/\/wp.ufpel.edu.br\/engenhariageologica\/wp-json\/wp\/v2\/comments?post=1174"}],"version-history":[{"count":2,"href":"https:\/\/wp.ufpel.edu.br\/engenhariageologica\/wp-json\/wp\/v2\/pages\/1174\/revisions"}],"predecessor-version":[{"id":1180,"href":"https:\/\/wp.ufpel.edu.br\/engenhariageologica\/wp-json\/wp\/v2\/pages\/1174\/revisions\/1180"}],"up":[{"embeddable":true,"href":"https:\/\/wp.ufpel.edu.br\/engenhariageologica\/wp-json\/wp\/v2\/pages\/120"}],"wp:attachment":[{"href":"https:\/\/wp.ufpel.edu.br\/engenhariageologica\/wp-json\/wp\/v2\/media?parent=1174"}],"curies":[{"name":"wp","href":"https:\/\/api.w.org\/{rel}","templated":true}]}}