{"id":115,"date":"2017-09-30T11:40:09","date_gmt":"2017-09-30T14:40:09","guid":{"rendered":"https:\/\/wp.ufpel.edu.br\/engenhariageologica\/?page_id=115"},"modified":"2025-05-16T14:30:39","modified_gmt":"2025-05-16T17:30:39","slug":"curso-2","status":"publish","type":"page","link":"https:\/\/wp.ufpel.edu.br\/engenhariageologica\/curso-2\/","title":{"rendered":"Curso"},"content":{"rendered":"<p><span style=\"font-family: verdana, geneva, sans-serif; font-size: 10pt;\"><strong>Curso:<\/strong>\u00a0Engenharia Geol\u00f3gica<\/span><\/p>\n<p><span style=\"font-family: verdana, geneva, sans-serif; font-size: 10pt;\"><strong>Unidade:<\/strong>\u00a0Centro de Engenharias<\/span><\/p>\n<p><span style=\"font-family: verdana, geneva, sans-serif; font-size: 10pt;\"><strong>N\u00edvel \/ Grau:<\/strong> Gradua\u00e7\u00e3o \/ Bacharelado<\/span><\/p>\n<p><span style=\"font-family: verdana, geneva, sans-serif; font-size: 10pt;\"><strong>Modalidade:<\/strong> Presencial<\/span><\/p>\n<p><span style=\"font-family: verdana, geneva, sans-serif; font-size: 10pt;\"><strong>Turno:<\/strong> Integral<\/span><\/p>\n<p><span style=\"font-family: verdana, geneva, sans-serif; font-size: 10pt;\"><strong>C\u00f3digo UFPel:<\/strong> 5600<\/span><\/p>\n<p><span style=\"font-family: verdana, geneva, sans-serif; font-size: 10pt;\"><strong>C\u00f3digo E-MEC:<\/strong> 113652<\/span><\/p>\n<p><span style=\"font-family: verdana, geneva, sans-serif; font-size: 10pt;\"><strong>Cria\u00e7\u00e3o e Reconhecimento:<\/strong>\u00a0Curso criado pela portaria 1602 de 15 de outubro de 2009.<\/span><br \/>\n<span style=\"font-family: verdana, geneva, sans-serif; font-size: 10pt;\">Curso reconhecido pela Portaria n\u00ba 735 de 27\/12\/2013. Publicada no D.O.U. de 30\/12\/2013.<\/span><br \/>\n<span style=\"font-family: verdana, geneva, sans-serif; font-size: 10pt;\">Renova\u00e7\u00e3o do reconhecimento pela Portaria n\u00ba 1097 de 24\/12\/2015. Publicada no D.O.U. de 30\/12\/2015 e pela <\/span><span style=\"font-family: verdana, geneva, sans-serif; font-size: 10pt;\">Portaria n\u00ba 921 de 27\/12\/2018. Publicada na Se\u00e7\u00e3o 1, p\u00e1gina 264 do D.O.U. de 28\/12\/2018. \u00daltima renova\u00e7\u00e3o de reconhecimento pela Portaria SERES\/MEC n\u00b0 33 de de 23\/01\/2025, publicada no D.O.U. de 27\/01\/2025 | Edi\u00e7\u00e3o: 18 | Se\u00e7\u00e3o: 1 | P\u00e1gina: 15<\/span><\/p>\n","protected":false},"excerpt":{"rendered":"<p>Curso:\u00a0Engenharia Geol\u00f3gica Unidade:\u00a0Centro de Engenharias N\u00edvel \/ Grau: Gradua\u00e7\u00e3o \/ Bacharelado Modalidade: Presencial Turno: Integral C\u00f3digo UFPel: 5600 C\u00f3digo E-MEC: 113652 Cria\u00e7\u00e3o e Reconhecimento:\u00a0Curso criado pela portaria 1602 de 15 de outubro de 2009. Curso reconhecido pela Portaria n\u00ba 735 de 27\/12\/2013. Publicada no D.O.U. de 30\/12\/2013. Renova\u00e7\u00e3o do reconhecimento pela Portaria n\u00ba 1097 de [&hellip;]<\/p>\n","protected":false},"author":588,"featured_media":0,"parent":0,"menu_order":1,"comment_status":"closed","ping_status":"closed","template":"page-sem-sidebar.php","meta":{"footnotes":""},"class_list":["post-115","page","type-page","status-publish","hentry"],"_links":{"self":[{"href":"https:\/\/wp.ufpel.edu.br\/engenhariageologica\/wp-json\/wp\/v2\/pages\/115","targetHints":{"allow":["GET"]}}],"collection":[{"href":"https:\/\/wp.ufpel.edu.br\/engenhariageologica\/wp-json\/wp\/v2\/pages"}],"about":[{"href":"https:\/\/wp.ufpel.edu.br\/engenhariageologica\/wp-json\/wp\/v2\/types\/page"}],"author":[{"embeddable":true,"href":"https:\/\/wp.ufpel.edu.br\/engenhariageologica\/wp-json\/wp\/v2\/users\/588"}],"replies":[{"embeddable":true,"href":"https:\/\/wp.ufpel.edu.br\/engenhariageologica\/wp-json\/wp\/v2\/comments?post=115"}],"version-history":[{"count":9,"href":"https:\/\/wp.ufpel.edu.br\/engenhariageologica\/wp-json\/wp\/v2\/pages\/115\/revisions"}],"predecessor-version":[{"id":1165,"href":"https:\/\/wp.ufpel.edu.br\/engenhariageologica\/wp-json\/wp\/v2\/pages\/115\/revisions\/1165"}],"wp:attachment":[{"href":"https:\/\/wp.ufpel.edu.br\/engenhariageologica\/wp-json\/wp\/v2\/media?parent=115"}],"curies":[{"name":"wp","href":"https:\/\/api.w.org\/{rel}","templated":true}]}}