{"id":1144,"date":"2025-05-16T13:43:19","date_gmt":"2025-05-16T16:43:19","guid":{"rendered":"https:\/\/wp.ufpel.edu.br\/engenhariageologica\/?page_id=1144"},"modified":"2025-05-16T13:43:24","modified_gmt":"2025-05-16T16:43:24","slug":"prof-dr-giovani-matte-cioccari","status":"publish","type":"page","link":"https:\/\/wp.ufpel.edu.br\/engenhariageologica\/professores\/prof-dr-giovani-matte-cioccari\/","title":{"rendered":"Prof. Dr. Giovani Matte Cioccari"},"content":{"rendered":"<div>Gradua\u00e7\u00e3o em Geologia pela Universidade Federal do Rio Grande do Sul (2002), Especialista ANP em Geologia do Petr\u00f3leo (2002), Mestre em Geoci\u00eancias pela Universidade Federal do Rio Grande do Sul (2004) e Doutor em Ci\u00eancias pela Universidade Federal do Rio Grande do Sul (2018). Atuou como ge\u00f3logo\/geoqu\u00edmico no Centro de Pesquisas da PETROBRAS na Ger\u00eancia de Geoqu\u00edmica (2007-2011). \u00c9 Professor Associado dos cursos de Engenharia do Petr\u00f3leo e Engenharia Geol\u00f3gica da UFPEL (2011-Atual). Tem experi\u00eancia na \u00e1rea de Geologia e Geoqu\u00edmica do Petr\u00f3leo e Modelagem de Sistemas Petrol\u00edferos.<\/div>\n","protected":false},"excerpt":{"rendered":"<p>Gradua\u00e7\u00e3o em Geologia pela Universidade Federal do Rio Grande do Sul (2002), Especialista ANP em Geologia do Petr\u00f3leo (2002), Mestre em Geoci\u00eancias pela Universidade Federal do Rio Grande do Sul (2004) e Doutor em Ci\u00eancias pela Universidade Federal do Rio Grande do Sul (2018). Atuou como ge\u00f3logo\/geoqu\u00edmico no Centro de Pesquisas da PETROBRAS na Ger\u00eancia [&hellip;]<\/p>\n","protected":false},"author":588,"featured_media":0,"parent":1082,"menu_order":0,"comment_status":"closed","ping_status":"closed","template":"","meta":{"footnotes":""},"class_list":["post-1144","page","type-page","status-publish","hentry"],"_links":{"self":[{"href":"https:\/\/wp.ufpel.edu.br\/engenhariageologica\/wp-json\/wp\/v2\/pages\/1144","targetHints":{"allow":["GET"]}}],"collection":[{"href":"https:\/\/wp.ufpel.edu.br\/engenhariageologica\/wp-json\/wp\/v2\/pages"}],"about":[{"href":"https:\/\/wp.ufpel.edu.br\/engenhariageologica\/wp-json\/wp\/v2\/types\/page"}],"author":[{"embeddable":true,"href":"https:\/\/wp.ufpel.edu.br\/engenhariageologica\/wp-json\/wp\/v2\/users\/588"}],"replies":[{"embeddable":true,"href":"https:\/\/wp.ufpel.edu.br\/engenhariageologica\/wp-json\/wp\/v2\/comments?post=1144"}],"version-history":[{"count":1,"href":"https:\/\/wp.ufpel.edu.br\/engenhariageologica\/wp-json\/wp\/v2\/pages\/1144\/revisions"}],"predecessor-version":[{"id":1147,"href":"https:\/\/wp.ufpel.edu.br\/engenhariageologica\/wp-json\/wp\/v2\/pages\/1144\/revisions\/1147"}],"up":[{"embeddable":true,"href":"https:\/\/wp.ufpel.edu.br\/engenhariageologica\/wp-json\/wp\/v2\/pages\/1082"}],"wp:attachment":[{"href":"https:\/\/wp.ufpel.edu.br\/engenhariageologica\/wp-json\/wp\/v2\/media?parent=1144"}],"curies":[{"name":"wp","href":"https:\/\/api.w.org\/{rel}","templated":true}]}}