{"id":1138,"date":"2025-05-16T13:42:43","date_gmt":"2025-05-16T16:42:43","guid":{"rendered":"https:\/\/wp.ufpel.edu.br\/engenhariageologica\/?page_id=1138"},"modified":"2025-05-16T13:46:51","modified_gmt":"2025-05-16T16:46:51","slug":"profa-dra-fernanda-gervasoni","status":"publish","type":"page","link":"https:\/\/wp.ufpel.edu.br\/engenhariageologica\/professores\/profa-dra-fernanda-gervasoni\/","title":{"rendered":"Prof\u00aa. Dr\u00aa. Fernanda Gervasoni"},"content":{"rendered":"<p><a href=\"https:\/\/wp.ufpel.edu.br\/engenhariageologica\/files\/2025\/05\/e3aa831f-15c6-462e-a623-d704a66122c6.png\"><img class=\"size-medium wp-image-1139 aligncenter\"  src=\"data:image\/svg+xml,%3Csvg xmlns=\"http:\/\/www.w3.org\/2000\/svg\" viewBox=\"0 0 1 1\"%3E%3C\/svg%3E\" data-src=\"https:\/\/wp.ufpel.edu.br\/engenhariageologica\/files\/2025\/05\/e3aa831f-15c6-462e-a623-d704a66122c6-400x400.png\" class=\"lazy-load\" loading=\"lazy\" decoding=\"async\" alt=\"\" width=\"400\" height=\"400\" \/><\/a><\/p>\n<p>Professora atuante nas \u00e1reas de Cristalografia, Mineralogia e Petrologia \u00cdgnea. Suas principais linhas de pesquisa concentram-se em Mineralogia, Geoqu\u00edmica e Petrologia Experimental, com \u00eanfase na geoqu\u00edmica e qu\u00edmica mineral de rochas ultram\u00e1ficas e alcalinas, metassomatismo mant\u00e9lico, e caracteriza\u00e7\u00e3o de inclus\u00f5es em minerais.<\/p>\n","protected":false},"excerpt":{"rendered":"<p>Professora atuante nas \u00e1reas de Cristalografia, Mineralogia e Petrologia \u00cdgnea. Suas principais linhas de pesquisa concentram-se em Mineralogia, Geoqu\u00edmica e Petrologia Experimental, com \u00eanfase na geoqu\u00edmica e qu\u00edmica mineral de rochas ultram\u00e1ficas e alcalinas, metassomatismo mant\u00e9lico, e caracteriza\u00e7\u00e3o de inclus\u00f5es em minerais.<\/p>\n","protected":false},"author":588,"featured_media":0,"parent":1082,"menu_order":0,"comment_status":"closed","ping_status":"closed","template":"","meta":{"footnotes":""},"class_list":["post-1138","page","type-page","status-publish","hentry"],"_links":{"self":[{"href":"https:\/\/wp.ufpel.edu.br\/engenhariageologica\/wp-json\/wp\/v2\/pages\/1138","targetHints":{"allow":["GET"]}}],"collection":[{"href":"https:\/\/wp.ufpel.edu.br\/engenhariageologica\/wp-json\/wp\/v2\/pages"}],"about":[{"href":"https:\/\/wp.ufpel.edu.br\/engenhariageologica\/wp-json\/wp\/v2\/types\/page"}],"author":[{"embeddable":true,"href":"https:\/\/wp.ufpel.edu.br\/engenhariageologica\/wp-json\/wp\/v2\/users\/588"}],"replies":[{"embeddable":true,"href":"https:\/\/wp.ufpel.edu.br\/engenhariageologica\/wp-json\/wp\/v2\/comments?post=1138"}],"version-history":[{"count":2,"href":"https:\/\/wp.ufpel.edu.br\/engenhariageologica\/wp-json\/wp\/v2\/pages\/1138\/revisions"}],"predecessor-version":[{"id":1152,"href":"https:\/\/wp.ufpel.edu.br\/engenhariageologica\/wp-json\/wp\/v2\/pages\/1138\/revisions\/1152"}],"up":[{"embeddable":true,"href":"https:\/\/wp.ufpel.edu.br\/engenhariageologica\/wp-json\/wp\/v2\/pages\/1082"}],"wp:attachment":[{"href":"https:\/\/wp.ufpel.edu.br\/engenhariageologica\/wp-json\/wp\/v2\/media?parent=1138"}],"curies":[{"name":"wp","href":"https:\/\/api.w.org\/{rel}","templated":true}]}}