{"id":1120,"date":"2025-05-16T13:22:40","date_gmt":"2025-05-16T16:22:40","guid":{"rendered":"https:\/\/wp.ufpel.edu.br\/engenhariageologica\/?page_id=1120"},"modified":"2025-05-16T13:28:57","modified_gmt":"2025-05-16T16:28:57","slug":"prof-dr-felipe-martins-marques-da-silva","status":"publish","type":"page","link":"https:\/\/wp.ufpel.edu.br\/engenhariageologica\/professores\/prof-dr-felipe-martins-marques-da-silva\/","title":{"rendered":"Prof. Dr. Felipe Martins Marques da Silva"},"content":{"rendered":"<p><a href=\"https:\/\/wp.ufpel.edu.br\/engenhariageologica\/files\/2025\/05\/Captura-de-tela-2025-05-16-132841.jpg\"><img class=\"size-full wp-image-1132 aligncenter\"  src=\"data:image\/svg+xml,%3Csvg xmlns=\"http:\/\/www.w3.org\/2000\/svg\" viewBox=\"0 0 1 1\"%3E%3C\/svg%3E\" data-src=\"https:\/\/wp.ufpel.edu.br\/engenhariageologica\/files\/2025\/05\/Captura-de-tela-2025-05-16-132841.jpg\" class=\"lazy-load\" loading=\"lazy\" decoding=\"async\" alt=\"\" width=\"222\" height=\"297\" \/><\/a><\/p>\n<p>formado em Engenharia Civil, com Mestrado e Doutorado em Ci\u00eancias Geod\u00e9sicas. Lido com Topografia, Fotogrametria e Geod\u00e9sia, trabalhando com Mapeamento e Georreferenciamento.<\/p>\n","protected":false},"excerpt":{"rendered":"<p>formado em Engenharia Civil, com Mestrado e Doutorado em Ci\u00eancias Geod\u00e9sicas. Lido com Topografia, Fotogrametria e Geod\u00e9sia, trabalhando com Mapeamento e Georreferenciamento.<\/p>\n","protected":false},"author":588,"featured_media":0,"parent":1082,"menu_order":0,"comment_status":"closed","ping_status":"closed","template":"","meta":{"footnotes":""},"class_list":["post-1120","page","type-page","status-publish","hentry"],"_links":{"self":[{"href":"https:\/\/wp.ufpel.edu.br\/engenhariageologica\/wp-json\/wp\/v2\/pages\/1120","targetHints":{"allow":["GET"]}}],"collection":[{"href":"https:\/\/wp.ufpel.edu.br\/engenhariageologica\/wp-json\/wp\/v2\/pages"}],"about":[{"href":"https:\/\/wp.ufpel.edu.br\/engenhariageologica\/wp-json\/wp\/v2\/types\/page"}],"author":[{"embeddable":true,"href":"https:\/\/wp.ufpel.edu.br\/engenhariageologica\/wp-json\/wp\/v2\/users\/588"}],"replies":[{"embeddable":true,"href":"https:\/\/wp.ufpel.edu.br\/engenhariageologica\/wp-json\/wp\/v2\/comments?post=1120"}],"version-history":[{"count":4,"href":"https:\/\/wp.ufpel.edu.br\/engenhariageologica\/wp-json\/wp\/v2\/pages\/1120\/revisions"}],"predecessor-version":[{"id":1133,"href":"https:\/\/wp.ufpel.edu.br\/engenhariageologica\/wp-json\/wp\/v2\/pages\/1120\/revisions\/1133"}],"up":[{"embeddable":true,"href":"https:\/\/wp.ufpel.edu.br\/engenhariageologica\/wp-json\/wp\/v2\/pages\/1082"}],"wp:attachment":[{"href":"https:\/\/wp.ufpel.edu.br\/engenhariageologica\/wp-json\/wp\/v2\/media?parent=1120"}],"curies":[{"name":"wp","href":"https:\/\/api.w.org\/{rel}","templated":true}]}}