{"id":1114,"date":"2025-05-16T13:12:10","date_gmt":"2025-05-16T16:12:10","guid":{"rendered":"https:\/\/wp.ufpel.edu.br\/engenhariageologica\/?page_id=1114"},"modified":"2025-05-16T13:12:10","modified_gmt":"2025-05-16T16:12:10","slug":"prof-dr-alexandre-felipe-bruch","status":"publish","type":"page","link":"https:\/\/wp.ufpel.edu.br\/engenhariageologica\/professores\/prof-dr-alexandre-felipe-bruch\/","title":{"rendered":"Prof. Dr. Alexandre Felipe Bruch"},"content":{"rendered":"<p><a href=\"https:\/\/wp.ufpel.edu.br\/engenhariageologica\/files\/2025\/05\/alexandre.jpg\"><img class=\" wp-image-1115 aligncenter\"  src=\"data:image\/svg+xml,%3Csvg xmlns=\"http:\/\/www.w3.org\/2000\/svg\" viewBox=\"0 0 1 1\"%3E%3C\/svg%3E\" data-src=\"https:\/\/wp.ufpel.edu.br\/engenhariageologica\/files\/2025\/05\/alexandre-329x400.jpg\" class=\"lazy-load\" loading=\"lazy\" decoding=\"async\" alt=\"\" width=\"236\" height=\"287\" \/><\/a><\/p>\n<p>Graduado em Geografia pela UFPEL (Licenciatura\/2007-Bacharelado\/2021), Mestre (2009) e Doutor (2015) em Geografia com \u00eanfase em An\u00e1lise Ambiental pelo PPGGEA\/UFRGS e especialista em Informa\u00e7\u00f5es Espaciais Georreferenciadas com \u00eanfase em Geomensura pela UNISINOS (2018). Possui experi\u00eancia nas \u00e1reas de Geoci\u00eancias e Engenharias, com \u00eanfase em Geomensura, Geomorfologia, Geoprocessamento, Sensoriamento Remoto e Geoqu\u00edmica da Paisagem, atuando principalmente nos seguintes temas: Levantamentos Topogr\u00e1ficos, Geod\u00e9sicos e Batim\u00e9tricos, Implanta\u00e7\u00e3o de Redes Geod\u00e9sicas Ativas, Monitoramento de Estruturas e Obras, Mapeamento Geomorfol\u00f3gico, Zoneamento e Fragilidade Ambiental, Mapeamento Geomorfol\u00f3gico e Modelagem de Paisagens Geoqu\u00edmicas. Atualmente \u00e9 Docente na UFPel no Centro das Engenharias \u2013 CENG, Coordenador do N\u00facleo de Estudos de Tecnologias em Geoci\u00eancias e Colaborador no NEPE-HIDROSEDI-Laborat\u00f3rio de Hidrometria e Hidrossedimentologia, ambos da UFPel.<\/p>\n<p>&nbsp;<\/p>\n","protected":false},"excerpt":{"rendered":"<p>Graduado em Geografia pela UFPEL (Licenciatura\/2007-Bacharelado\/2021), Mestre (2009) e Doutor (2015) em Geografia com \u00eanfase em An\u00e1lise Ambiental pelo PPGGEA\/UFRGS e especialista em Informa\u00e7\u00f5es Espaciais Georreferenciadas com \u00eanfase em Geomensura pela UNISINOS (2018). Possui experi\u00eancia nas \u00e1reas de Geoci\u00eancias e Engenharias, com \u00eanfase em Geomensura, Geomorfologia, Geoprocessamento, Sensoriamento Remoto e Geoqu\u00edmica da Paisagem, atuando principalmente [&hellip;]<\/p>\n","protected":false},"author":588,"featured_media":0,"parent":1082,"menu_order":0,"comment_status":"closed","ping_status":"closed","template":"","meta":{"footnotes":""},"class_list":["post-1114","page","type-page","status-publish","hentry"],"_links":{"self":[{"href":"https:\/\/wp.ufpel.edu.br\/engenhariageologica\/wp-json\/wp\/v2\/pages\/1114","targetHints":{"allow":["GET"]}}],"collection":[{"href":"https:\/\/wp.ufpel.edu.br\/engenhariageologica\/wp-json\/wp\/v2\/pages"}],"about":[{"href":"https:\/\/wp.ufpel.edu.br\/engenhariageologica\/wp-json\/wp\/v2\/types\/page"}],"author":[{"embeddable":true,"href":"https:\/\/wp.ufpel.edu.br\/engenhariageologica\/wp-json\/wp\/v2\/users\/588"}],"replies":[{"embeddable":true,"href":"https:\/\/wp.ufpel.edu.br\/engenhariageologica\/wp-json\/wp\/v2\/comments?post=1114"}],"version-history":[{"count":1,"href":"https:\/\/wp.ufpel.edu.br\/engenhariageologica\/wp-json\/wp\/v2\/pages\/1114\/revisions"}],"predecessor-version":[{"id":1116,"href":"https:\/\/wp.ufpel.edu.br\/engenhariageologica\/wp-json\/wp\/v2\/pages\/1114\/revisions\/1116"}],"up":[{"embeddable":true,"href":"https:\/\/wp.ufpel.edu.br\/engenhariageologica\/wp-json\/wp\/v2\/pages\/1082"}],"wp:attachment":[{"href":"https:\/\/wp.ufpel.edu.br\/engenhariageologica\/wp-json\/wp\/v2\/media?parent=1114"}],"curies":[{"name":"wp","href":"https:\/\/api.w.org\/{rel}","templated":true}]}}