{"id":1082,"date":"2025-04-28T16:32:58","date_gmt":"2025-04-28T19:32:58","guid":{"rendered":"https:\/\/wp.ufpel.edu.br\/engenhariageologica\/?page_id=1082"},"modified":"2026-03-06T11:33:42","modified_gmt":"2026-03-06T14:33:42","slug":"professores","status":"publish","type":"page","link":"https:\/\/wp.ufpel.edu.br\/engenhariageologica\/professores\/","title":{"rendered":"Professores"},"content":{"rendered":"<p>Abaixo est\u00e1 o quadro docente efetivo das disciplinas espec\u00edficas do curso de Engenharia Geol\u00f3gica. Clique nos nomes para obter maiores informa\u00e7\u00f5es sobre cada professor.<\/p>\n<p><a href=\"https:\/\/wp.ufpel.edu.br\/engenhariageologica\/profa-dra-adriana-araujo-castro-lopes\/\">Prof\u00aa. Dr\u00aa. Adriana Ara\u00fajo Castro Lopes<\/a><\/p>\n<p><a href=\"https:\/\/wp.ufpel.edu.br\/engenhariageologica\/professores\/prof-dr-alexandre-felipe-bruch\/\">Prof. Dr. Alexandre Felipe Bruch<\/a><\/p>\n<p><a href=\"https:\/\/institucional.ufpel.edu.br\/servidores\/id\/24306\">Prof. MSc. Amilcar Oliveira Barum<\/a><\/p>\n<p><a href=\"http:\/\/lattes.cnpq.br\/8965790318316835\">Prof. Dr. Ant\u00f4nio Carlos da Silva Ramos<\/a><\/p>\n<p><a href=\"http:\/\/lattes.cnpq.br\/1704685850469168\">Prof\u00aa MSc. Camile Urban<\/a><\/p>\n<p><a href=\"https:\/\/wp.ufpel.edu.br\/engenhariageologica\/professores\/prof-dr-daniel-bayer-da-silva\/\">Prof. Dr. Daniel Bayer da Silva<\/a><\/p>\n<p><a href=\"https:\/\/wp.ufpel.edu.br\/engenhariageologica\/professores\/prof-dr-felipe-martins-marques-da-silva\/\">Prof. Dr. Felipe Martins Marques da Silva<\/a><\/p>\n<p><a href=\"https:\/\/wp.ufpel.edu.br\/engenhariageologica\/profa-dra-fernanda-gervasoni\/\">Prof\u00aa. Dr\u00aa. Fernanda Gervasoni<\/a><\/p>\n<p><a href=\"https:\/\/wp.ufpel.edu.br\/engenhariageologica\/professores\/prof-dr-giovani-matte-cioccari\/\">Prof. Dr. Giovani Matte Cioccari<\/a><\/p>\n<p><a href=\"https:\/\/institucional.ufpel.edu.br\/servidores\/id\/22515\">Prof. Dr. Ricardo Giumelli Marquezan<\/a><\/p>\n<p><a href=\"https:\/\/institucional.ufpel.edu.br\/servidores\/id\/29135\">Prof. MSc. S\u00f4nia Souza Franco<\/a><\/p>\n<p><a href=\"https:\/\/wp.ufpel.edu.br\/engenhariageologica\/?page_id=1149&amp;preview=true\">Prof. Dr. Thales Sebben Petry<\/a><\/p>\n<p><a href=\"http:\/\/lattes.cnpq.br\/2659542280394218\">Prof. Dr. Viter Magalh\u00e3es Pinto<\/a><\/p>\n<p>&nbsp;<\/p>\n<p>&nbsp;<\/p>\n","protected":false},"excerpt":{"rendered":"<p>Abaixo est\u00e1 o quadro docente efetivo das disciplinas espec\u00edficas do curso de Engenharia Geol\u00f3gica. Clique nos nomes para obter maiores informa\u00e7\u00f5es sobre cada professor. Prof\u00aa. Dr\u00aa. Adriana Ara\u00fajo Castro Lopes Prof. Dr. Alexandre Felipe Bruch Prof. MSc. Amilcar Oliveira Barum Prof. Dr. Ant\u00f4nio Carlos da Silva Ramos Prof\u00aa MSc. Camile Urban Prof. Dr. Daniel Bayer [&hellip;]<\/p>\n","protected":false},"author":588,"featured_media":0,"parent":0,"menu_order":0,"comment_status":"closed","ping_status":"closed","template":"","meta":{"footnotes":""},"class_list":["post-1082","page","type-page","status-publish","hentry"],"_links":{"self":[{"href":"https:\/\/wp.ufpel.edu.br\/engenhariageologica\/wp-json\/wp\/v2\/pages\/1082","targetHints":{"allow":["GET"]}}],"collection":[{"href":"https:\/\/wp.ufpel.edu.br\/engenhariageologica\/wp-json\/wp\/v2\/pages"}],"about":[{"href":"https:\/\/wp.ufpel.edu.br\/engenhariageologica\/wp-json\/wp\/v2\/types\/page"}],"author":[{"embeddable":true,"href":"https:\/\/wp.ufpel.edu.br\/engenhariageologica\/wp-json\/wp\/v2\/users\/588"}],"replies":[{"embeddable":true,"href":"https:\/\/wp.ufpel.edu.br\/engenhariageologica\/wp-json\/wp\/v2\/comments?post=1082"}],"version-history":[{"count":3,"href":"https:\/\/wp.ufpel.edu.br\/engenhariageologica\/wp-json\/wp\/v2\/pages\/1082\/revisions"}],"predecessor-version":[{"id":1241,"href":"https:\/\/wp.ufpel.edu.br\/engenhariageologica\/wp-json\/wp\/v2\/pages\/1082\/revisions\/1241"}],"wp:attachment":[{"href":"https:\/\/wp.ufpel.edu.br\/engenhariageologica\/wp-json\/wp\/v2\/media?parent=1082"}],"curies":[{"name":"wp","href":"https:\/\/api.w.org\/{rel}","templated":true}]}}