{"id":991,"date":"2020-07-04T16:07:10","date_gmt":"2020-07-04T19:07:10","guid":{"rendered":"https:\/\/wp.ufpel.edu.br\/engenhariadepetroleo\/?page_id=991"},"modified":"2025-09-30T15:05:01","modified_gmt":"2025-09-30T18:05:01","slug":"cronograma-de-reunioes","status":"publish","type":"page","link":"https:\/\/wp.ufpel.edu.br\/engenhariadepetroleo\/curso\/colegiado\/cronograma-de-reunioes\/","title":{"rendered":"Cronograma de Reuni\u00f5es"},"content":{"rendered":"<p>As reuni\u00f5es de colegiado ocorrem \u00e0s segundas quinta-feira dos meses, conforme descrito no cronograma abaixo:<\/p>\n<table style=\"height: 233px;\">\n<tbody>\n<tr style=\"height: 65px;\">\n<td style=\"height: 65px; width: 484px;\" colspan=\"2\">\n<h3 style=\"text-align: center;\">Calend\u00e1rio de Reuni\u00f5es<\/h3>\n<\/td>\n<\/tr>\n<tr style=\"height: 56px;\">\n<td style=\"height: 112px; width: 191px;\" rowspan=\"2\">\n<p style=\"text-align: center;\">Reuni\u00f5es Ordin\u00e1rias<\/p>\n<\/td>\n<td style=\"height: 56px; width: 293px;\">\n<p style=\"text-align: center;\">Quinta-feira, 13 de Mar\u00e7o de 2025<\/p>\n<\/td>\n<\/tr>\n<tr style=\"height: 56px;\">\n<td style=\"height: 56px; width: 293px;\">\n<p style=\"text-align: center;\">Quinta-feira, 10 de Abril de 2025<\/p>\n<\/td>\n<\/tr>\n<tr>\n<td style=\"width: 191px;\">\n<p style=\"text-align: center;\">\n<\/td>\n<td style=\"width: 293px;\">\n<p style=\"text-align: center;\">Quinta-feira, 08 de Maio de 2025<\/p>\n<\/td>\n<\/tr>\n<tr>\n<td style=\"width: 191px;\">\n<p style=\"text-align: center;\">\n<\/td>\n<td style=\"width: 293px;\">\n<p style=\"text-align: center;\">Quinta-feira, 12 de Junho de 2025<\/p>\n<p style=\"text-align: center;\">Quinta-feira, 10 de Julho de 2025<\/p>\n<\/td>\n<\/tr>\n<tr>\n<td style=\"width: 191px;\">\n<p style=\"text-align: center;\">\n<\/td>\n<td style=\"width: 293px;\">\n<p style=\"text-align: center;\">Quinta-feira, 04 de Agosto de 2025<\/p>\n<\/td>\n<\/tr>\n<tr>\n<td style=\"width: 191px;\">\n<p style=\"text-align: center;\">\n<\/td>\n<td style=\"width: 293px;\">\n<p style=\"text-align: center;\">Quinta-feira, 11 de Setembro de 2025<\/p>\n<\/td>\n<\/tr>\n<tr>\n<td style=\"width: 191px;\">\n<p style=\"text-align: center;\">\n<\/td>\n<td style=\"width: 293px;\">\n<p style=\"text-align: center;\">Quinta-feira, 9 de Outubro de 2025<\/p>\n<\/td>\n<\/tr>\n<tr>\n<td style=\"width: 191px;\">\n<p style=\"text-align: center;\">\n<\/td>\n<td style=\"width: 293px;\">\n<p style=\"text-align: center;\">Quinta-feira, 13 de Novembro de 2025<\/p>\n<p style=\"text-align: center;\">Quinta-feira, 11 de Dezembro de 2025<\/p>\n<\/td>\n<\/tr>\n<tr style=\"height: 56px;\">\n<td style=\"height: 56px; width: 191px;\">\n<p style=\"text-align: center;\">Hor\u00e1rio<\/p>\n<\/td>\n<td style=\"height: 56px; width: 293px;\">\n<p style=\"text-align: center;\">8:00 \u00e0s 12:30<\/p>\n<\/td>\n<\/tr>\n<\/tbody>\n<\/table>\n<h6 style=\"text-align: right;\">Atualizado em 30 de SETEMBRO de 2025.<\/h6>\n","protected":false},"excerpt":{"rendered":"<p>As reuni\u00f5es de colegiado ocorrem \u00e0s segundas quinta-feira dos meses, conforme descrito no cronograma abaixo: Calend\u00e1rio de Reuni\u00f5es Reuni\u00f5es Ordin\u00e1rias Quinta-feira, 13 de Mar\u00e7o de 2025 Quinta-feira, 10 de Abril de 2025 Quinta-feira, 08 de Maio de 2025 Quinta-feira, 12 de Junho de 2025 Quinta-feira, 10 de Julho de 2025 Quinta-feira, 04 de Agosto de [&hellip;]<\/p>\n","protected":false},"author":197,"featured_media":0,"parent":989,"menu_order":1,"comment_status":"closed","ping_status":"closed","template":"","meta":{"jetpack_post_was_ever_published":false,"footnotes":""},"class_list":["post-991","page","type-page","status-publish","hentry"],"jetpack_sharing_enabled":true,"jetpack_shortlink":"https:\/\/wp.me\/P6Pmcg-fZ","jetpack_likes_enabled":true,"jetpack-related-posts":[],"_links":{"self":[{"href":"https:\/\/wp.ufpel.edu.br\/engenhariadepetroleo\/wp-json\/wp\/v2\/pages\/991","targetHints":{"allow":["GET"]}}],"collection":[{"href":"https:\/\/wp.ufpel.edu.br\/engenhariadepetroleo\/wp-json\/wp\/v2\/pages"}],"about":[{"href":"https:\/\/wp.ufpel.edu.br\/engenhariadepetroleo\/wp-json\/wp\/v2\/types\/page"}],"author":[{"embeddable":true,"href":"https:\/\/wp.ufpel.edu.br\/engenhariadepetroleo\/wp-json\/wp\/v2\/users\/197"}],"replies":[{"embeddable":true,"href":"https:\/\/wp.ufpel.edu.br\/engenhariadepetroleo\/wp-json\/wp\/v2\/comments?post=991"}],"version-history":[{"count":3,"href":"https:\/\/wp.ufpel.edu.br\/engenhariadepetroleo\/wp-json\/wp\/v2\/pages\/991\/revisions"}],"predecessor-version":[{"id":3141,"href":"https:\/\/wp.ufpel.edu.br\/engenhariadepetroleo\/wp-json\/wp\/v2\/pages\/991\/revisions\/3141"}],"up":[{"embeddable":true,"href":"https:\/\/wp.ufpel.edu.br\/engenhariadepetroleo\/wp-json\/wp\/v2\/pages\/989"}],"wp:attachment":[{"href":"https:\/\/wp.ufpel.edu.br\/engenhariadepetroleo\/wp-json\/wp\/v2\/media?parent=991"}],"curies":[{"name":"wp","href":"https:\/\/api.w.org\/{rel}","templated":true}]}}