{"id":989,"date":"2020-07-04T16:06:27","date_gmt":"2020-07-04T19:06:27","guid":{"rendered":"https:\/\/wp.ufpel.edu.br\/engenhariadepetroleo\/?page_id=989"},"modified":"2022-04-14T09:52:25","modified_gmt":"2022-04-14T12:52:25","slug":"colegiado","status":"publish","type":"page","link":"https:\/\/wp.ufpel.edu.br\/engenhariadepetroleo\/curso\/colegiado\/","title":{"rendered":"Colegiado"},"content":{"rendered":"<h1>Membros do Colegiado:<\/h1>\n<h3>Coordena\u00e7\u00e3o:<\/h3>\n<p>Coordenador: Prof. Valmir Francisco Risso<\/p>\n<p>Coordenadora Adjunta: Prof\u00aa. Camile Urban<\/p>\n<h3><\/h3>\n<h3>Representa\u00e7\u00e3o \u00c1rea B\u00e1sica:<\/h3>\n<p>Prof\u00aa. Maristela Bagatin Silva<\/p>\n<h3><\/h3>\n<h3>Representa\u00e7\u00e3o \u00c1rea Profissionalizante:<\/h3>\n<p>Prof. Jos\u00e9 Wilson da Silva<\/p>\n<h3>Representa\u00e7\u00e3o \u00c1rea Espec\u00edfica:<\/h3>\n<p>Prof\u00aa. Fernanda Vaz Alves Risso<br \/>\nProf. Forlan La Rosa Almeida<\/p>\n<h3>Representa\u00e7\u00e3o T\u00e9cnica Administrativa:<\/h3>\n<p>TAE. J\u00falia Mello Dos Santos<\/p>\n<h3>Representante Discente:<\/h3>\n<p>Acad\u00eamico Gabriel Chaves<\/p>\n<h6 style=\"text-align: right;\">Atualizado em 14 de Abril de 2022<\/h6>\n","protected":false},"excerpt":{"rendered":"<p>Membros do Colegiado: Coordena\u00e7\u00e3o: Coordenador: Prof. Valmir Francisco Risso Coordenadora Adjunta: Prof\u00aa. Camile Urban Representa\u00e7\u00e3o \u00c1rea B\u00e1sica: Prof\u00aa. Maristela Bagatin Silva Representa\u00e7\u00e3o \u00c1rea Profissionalizante: Prof. Jos\u00e9 Wilson da Silva Representa\u00e7\u00e3o \u00c1rea Espec\u00edfica: Prof\u00aa. Fernanda Vaz Alves Risso Prof. Forlan La Rosa Almeida Representa\u00e7\u00e3o T\u00e9cnica Administrativa: TAE. J\u00falia Mello Dos Santos Representante Discente: Acad\u00eamico Gabriel Chaves [&hellip;]<\/p>\n","protected":false},"author":197,"featured_media":0,"parent":975,"menu_order":5,"comment_status":"closed","ping_status":"closed","template":"","meta":{"jetpack_post_was_ever_published":false,"footnotes":""},"class_list":["post-989","page","type-page","status-publish","hentry"],"jetpack_sharing_enabled":true,"jetpack_shortlink":"https:\/\/wp.me\/P6Pmcg-fX","jetpack_likes_enabled":true,"jetpack-related-posts":[],"_links":{"self":[{"href":"https:\/\/wp.ufpel.edu.br\/engenhariadepetroleo\/wp-json\/wp\/v2\/pages\/989","targetHints":{"allow":["GET"]}}],"collection":[{"href":"https:\/\/wp.ufpel.edu.br\/engenhariadepetroleo\/wp-json\/wp\/v2\/pages"}],"about":[{"href":"https:\/\/wp.ufpel.edu.br\/engenhariadepetroleo\/wp-json\/wp\/v2\/types\/page"}],"author":[{"embeddable":true,"href":"https:\/\/wp.ufpel.edu.br\/engenhariadepetroleo\/wp-json\/wp\/v2\/users\/197"}],"replies":[{"embeddable":true,"href":"https:\/\/wp.ufpel.edu.br\/engenhariadepetroleo\/wp-json\/wp\/v2\/comments?post=989"}],"version-history":[{"count":4,"href":"https:\/\/wp.ufpel.edu.br\/engenhariadepetroleo\/wp-json\/wp\/v2\/pages\/989\/revisions"}],"predecessor-version":[{"id":2222,"href":"https:\/\/wp.ufpel.edu.br\/engenhariadepetroleo\/wp-json\/wp\/v2\/pages\/989\/revisions\/2222"}],"up":[{"embeddable":true,"href":"https:\/\/wp.ufpel.edu.br\/engenhariadepetroleo\/wp-json\/wp\/v2\/pages\/975"}],"wp:attachment":[{"href":"https:\/\/wp.ufpel.edu.br\/engenhariadepetroleo\/wp-json\/wp\/v2\/media?parent=989"}],"curies":[{"name":"wp","href":"https:\/\/api.w.org\/{rel}","templated":true}]}}