{"id":983,"date":"2020-07-04T16:03:07","date_gmt":"2020-07-04T19:03:07","guid":{"rendered":"https:\/\/wp.ufpel.edu.br\/engenhariadepetroleo\/?page_id=983"},"modified":"2025-10-06T14:34:47","modified_gmt":"2025-10-06T17:34:47","slug":"docentes","status":"publish","type":"page","link":"https:\/\/wp.ufpel.edu.br\/engenhariadepetroleo\/curso\/docentes\/","title":{"rendered":"Docentes"},"content":{"rendered":"<h1>DOCENTES EFETIVOS<\/h1>\n<h2><strong>ANT\u00d4NIO ALVES DA SILVA J\u00daNIOR<\/strong><\/h2>\n<p style=\"text-align: justify;\">Possui gradua\u00e7\u00e3o em Engenharia de Minas e Meio Ambiente pela Universidade Federal do Par\u00e1 (2011) e mestrado em Engenharia pelo Programa de P\u00f3s-Gradua\u00e7\u00e3o em Engenharia de Minas, Metal\u00fargica e Materiais da UFRGS (2013). Atualmente \u00e9 professor adjunto na Universidade Federal de Pelotas no curso de Engenharia de Petr\u00f3leo. Tem\u00a0experi\u00eancia na \u00e1rea de simula\u00e7\u00e3o estoc\u00e1stica e modelagem computacional aplicadas na Engenharia e Geoci\u00eancias.<\/p>\n<p>Disciplinas: Inform\u00e1tica; Geoestat\u00edstica; S\u00edsmica Aplicada ao Petr\u00f3leo; Caracteriza\u00e7\u00e3o de Reservat\u00f3rios<\/p>\n<p>Sala de Perman\u00eancia: Sala 05 do Pr\u00e9dio da Alf\u00e2ndega &#8211; CEng<\/p>\n<p>Contato: antonio.alves@ufpel.edu.br<\/p>\n<p>https:\/\/institucional.ufpel.edu.br\/servidores\/id\/134850<\/p>\n<p>http:\/\/lattes.cnpq.br\/5936252410871010<\/p>\n<p>________________________________________________________________________________<\/p>\n<h2>ANT\u00d4NIO CARLOS DA SILVA RAMOS<\/h2>\n<p style=\"text-align: justify;\">Possui gradua\u00e7\u00e3o em Engenharia Qu\u00edmica pela Universidade Federal do Rio Grande do Norte (1992), mestrado em Engenharia Qu\u00edmica pela Universidade Federal do Rio Grande do Norte (1995) e doutorado em Engenharia Qu\u00edmica pela Universidade Estadual de Campinas (2001). \u00c9 professor\/pesquisador da Universidade Federal de Pelotas (UFPel) onde atua principalmente nos cursos de engenharia geol\u00f3gica e engenharia de petr\u00f3leo. \u00c9 pesquisador colaborador no Programa de P\u00f3s-Gradua\u00e7\u00e3o em Engenharia Qu\u00edmica da FURG. Tem experi\u00eancia no comportamento de fra\u00e7\u00f5es pesadas de petr\u00f3leos, sendo essa a principal orienta\u00e7\u00e3o para o desenvolvimento de pesquisas. Atua tamb\u00e9m nos seguintes t\u00f3picos: propriedades de fluidos de petr\u00f3leos, asfaltenos, resinas e parafinas, modelagem termodin\u00e2mica, propriedades interfaciais e coloidais de surfatantes e processos de separa\u00e7\u00e3o.<\/p>\n<p>Disciplinas: Qu\u00edmica Aplicada; Termodin\u00e2mica Aplicada; Processamento de Petr\u00f3leo<\/p>\n<p>Sala de Perman\u00eancia: Sala 07 do Pr\u00e9dio da Alf\u00e2ndega &#8211; CEng<\/p>\n<p>Contato: antonio.ramos@ufpel.edu.br<\/p>\n<p>https:\/\/institucional.ufpel.edu.br\/servidores\/id\/30718<\/p>\n<p>http:\/\/lattes.cnpq.br\/8965790318316835<\/p>\n<p>________________________________________________________________________________<\/p>\n<h2>CAMILE URBAN<\/h2>\n<p style=\"text-align: justify;\">Atualmente \u00e9 docente da Universidade Federal de Pelotas (UFPel). Ministra aulas nos cursos de Engenharia Geol\u00f3gica e Engenharia de Petr\u00f3leo. Tamb\u00e9m atua como pesquisadora nesta institui\u00e7\u00e3o de ensino nas \u00e1reas de estratigrafia, sedimentologia e cartografia geol\u00f3gica. Possui gradua\u00e7\u00e3o em Geologia pela Universidade Federal do Paran\u00e1 &#8211; UFPR. Mestre na \u00e1rea de Geologia Ambiental tamb\u00e9m pela Universidade Federal do Paran\u00e1 &#8211; UFPR.<\/p>\n<p>Disciplinas: A Profiss\u00e3o do Eng. de Petr\u00f3leo; Estratigrafia Aplicada ao Petr\u00f3leo;<\/p>\n<p>Sala de Perman\u00eancia: Sala 01 do Pr\u00e9dio da Alf\u00e2ndega &#8211; CEng<\/p>\n<p>Contato: camile.urban@ufpel.edu.br<\/p>\n<p>https:\/\/institucional.ufpel.edu.br\/servidores\/id\/19330<\/p>\n<p>http:\/\/lattes.cnpq.br\/1704685850469168<\/p>\n<p>________________________________________________________________________________<\/p>\n<h2>FERNANDA VAZ ALVES RISSO<\/h2>\n<p style=\"text-align: justify;\">Gradua\u00e7\u00e3o em Engenharia de Alimentos pela Funda\u00e7\u00e3o Universidade Federal do Rio Grande (1999), Doutorado em Engenharia de Alimentos pela Universidade Estadual de Campinas (2004) e P\u00f3s-doutorado em Engenharia de Petr\u00f3leo pela Universidade Estadual de Campinas (2006) com financiamento pela Fapesp. Trabalhou como pesquisadora do grupo UNISIM no Departamento de Engenharia de Petr\u00f3leo na Universidade Estadual de Campinas at\u00e9 2011. Atualmente \u00e9 Professora Adjunto na UFPel, atuando no curso de Engenharia de Petr\u00f3leo, no Centro de Engenharias &#8211; CEng. Tem experi\u00eancia nos seguintes temas: Planejamento Estat\u00edstico e An\u00e1lise de Superf\u00edcie de Resposta, Simula\u00e7\u00e3o Num\u00e9rica, An\u00e1lise de Risco, Ajuste de Hist\u00f3rico, Redes Neurais, Gest\u00e3o e Contabilidade do Petr\u00f3leo, Economia e Sa\u00fade e Seguran\u00e7a no Trabalho. Na \u00e1rea de Engenharia de Alimentos tem experi\u00eancia nos seguintes temas: S\u00edntese de Oligossacar\u00eddeos, Produ\u00e7\u00e3o e Purifica\u00e7\u00e3o de Enzimas.<\/p>\n<p>Disciplinas: Gest\u00e3o e Contabilidade no Setor Petr\u00f3leo; Economia do Petr\u00f3leo; T\u00e9cnicas Aplicadas \u00e0 Eng. de Petr\u00f3leo; SMS no Setor de Petr\u00f3leo;<\/p>\n<p>Sala de Perman\u00eancia: Sala 05 do Pr\u00e9dio da Alf\u00e2ndega &#8211; CEng<\/p>\n<p>Contato: fernanda.risso@ufpel.edu.br<\/p>\n<p>https:\/\/institucional.ufpel.edu.br\/servidores\/id\/35264<\/p>\n<p>http:\/\/lattes.cnpq.br\/9541686514450231<\/p>\n<p>________________________________________________________________________________<\/p>\n<h2>FORLAN LA ROSA ALMEIDA<\/h2>\n<p style=\"text-align: justify;\">Engenheiro de Petr\u00f3leo formado pela Universidade Federal de Pelotas (UFPel). Mestre e Doutor em Ci\u00eancias e Engenharia de Petr\u00f3leo pela Universidade Estadual de Campinas atuando na \u00e1rea de integra\u00e7\u00e3o de dados de s\u00edsmica 4D ao processo de assimila\u00e7\u00e3o de dados. Atualmente \u00e9 Professor na Universidade Federal de Pelotas, atuando na \u00e1rea de Engenharia de Produ\u00e7\u00e3o de Petr\u00f3leo. Membro do corpo docente do Centro de Engenharias. Professor do Curso de Engenharia de Petr\u00f3leo. Membro do Colegiado e do N\u00facleo Docente Estruturante do Curso de Engenharia de Petr\u00f3leo. Coordenador do Curso de Engenharia de Petr\u00f3leo. Representante adjunto dos Coordenadores de Cursos de Gradua\u00e7\u00e3o da \u00c1rea de Ci\u00eancias Exatas junto ao Conselho Universit\u00e1rio (CONSUN)..<\/p>\n<p>Disciplinas: Escoamento de Petr\u00f3leo; Teste de Po\u00e7o; Sistemas de Produ\u00e7\u00e3o de Petr\u00f3leo; Eleva\u00e7\u00e3o de Petr\u00f3leo;<\/p>\n<p>Sala de Perman\u00eancia: Sala 320A do Pr\u00e9dio da COTADA &#8211; CEng<\/p>\n<p>Contato: forlan.almeida@ufpel.edu.br<\/p>\n<p>https:\/\/institucional.ufpel.edu.br\/servidores\/id\/14032<\/p>\n<p>http:\/\/lattes.cnpq.br\/5912060940392635<\/p>\n<p>________________________________________________________________________________<\/p>\n<h2>GIOVANI MATTE CIOCCARI<\/h2>\n<p style=\"text-align: justify;\">Graduado em Geologia pela Universidade Federal do Rio Grande do Sul (2002), Especialista em Geologia do Petr\u00f3leo (2001), Mestre em Geoci\u00eancias pela Universidade Federal do Rio Grande do Sul (2004) e Doutor em Ci\u00eancias pela Universidade Federal do Rio Grande do Sul (2018). Atuou como ge\u00f3logo\/geoqu\u00edmico no Centro de Pesquisas da PETROBRAS na Ger\u00eancia de Geoqu\u00edmica (2007-2011). Atualmente \u00e9 Professor Adjunto dos cursos de Engenharia do Petr\u00f3leo e Engenharia Geol\u00f3gica da UFPEL. Tem experi\u00eancia na \u00e1rea de Geoqu\u00edmica Org\u00e2nica e Modelagem de Sistemas Petrol\u00edferos, atuando principalmente nos seguintes temas: Geoqu\u00edmica Org\u00e2nica, Petrologia Org\u00e2nica, Biomarcadores, Cin\u00e9tica de Gera\u00e7\u00e3o de Petr\u00f3leo, Modelagem de Sistemas Petrol\u00edferos e Sistemas Petrol\u00edferos At\u00edpicos.<\/p>\n<p>Disciplinas: Geologia do Petr\u00f3leo; Perfilagem de Po\u00e7o;<\/p>\n<p>Sala de Perman\u00eancia: Sala 01 do Pr\u00e9dio da Alf\u00e2ndega &#8211; CEng<\/p>\n<p>Contato: giovani.cioccari@ufpel.edu.br<\/p>\n<p>https:\/\/institucional.ufpel.edu.br\/servidores\/id\/28776<\/p>\n<p>http:\/\/lattes.cnpq.br\/2221322457454331<\/p>\n<p>________________________________________________________________________________<\/p>\n<h2>JOS\u00c9 WILSON DA SILVA<\/h2>\n<p style=\"text-align: justify;\">Possui Gradua\u00e7\u00e3o em Engenharia Qu\u00edmica pela Universidade Federal do Rio Grande do Norte (1996), Mestrado em Engenharia Qu\u00edmica pela Universidade Estadual de Campinas (2000) e Doutorado em Engenharia Qu\u00edmica pela Universidade Estadual de Campinas (2004). Atualmente \u00e9 Professor Titular da Universidade Federal de Pelotas. Tem experi\u00eancia na \u00e1rea de Engenharia Qu\u00edmica, com \u00eanfase em Processos Catal\u00edticos e Cat\u00e1lise Heterog\u00eanea, atuando, principalmente, nos seguintes temas: Processos de Hidrogena\u00e7\u00e3o e de Hidrodesclora\u00e7\u00e3o Catal\u00edtica; Adsorventes Industriais, Prepara\u00e7\u00e3o e Caracteriza\u00e7\u00e3o de Catalisadores Heterog\u00eaneos.<\/p>\n<p>Disciplinas: Tutoria Acad\u00eamica; O Voluntariado e o seu Aprendizado; Transfer\u00eancia de Calor; Mec\u00e2nica dos Fluidos; Fluidos de Perfura\u00e7\u00e3o e Completa\u00e7\u00e3o de Po\u00e7os;<\/p>\n<p>Sala de Perman\u00eancia: Sala 320A do Pr\u00e9dio da COTADA &#8211; CEng<\/p>\n<p>Contato: jose.wilson@ufpel.edu.br<\/p>\n<p>https:\/\/institucional.ufpel.edu.br\/servidores\/id\/136322<\/p>\n<p>http:\/\/lattes.cnpq.br\/3279499946737160<\/p>\n<p>________________________________________________________________________________<\/p>\n<h2>LARISSA PINHEIRO COSTA<\/h2>\n<p style=\"text-align: justify;\">Possui gradua\u00e7\u00e3o em Engenharia de Petr\u00f3leo pela Universidade Federal de Pelotas (2014) e mestrado em Oceanografia F\u00edsica, Qu\u00edmica e Geol\u00f3gica pela Universidade Federal do Rio Grande (2016) e doutorado em Oceanografia F\u00edsica, Qu\u00edmica e Geol\u00f3gica (2020) tamb\u00e9m pela FURG. Tem experi\u00eancia na \u00e1rea de Geoci\u00eancias, com \u00eanfase em Geoqu\u00edmica, atuando principalmente nos seguintes temas: estu\u00e1rio, ars\u00eanio, impactos ambientais, contamina\u00e7\u00e3o org\u00e2nica e offshore. Atualmente faz parte do corpo docente da Universidade Federal de Pelotas, junto ao Centro de Engenharias &#8211; Engenharia de Petr\u00f3leo. As pesquisas atualmente desenvolvidas seguem da tem\u00e1tica de recursos renov\u00e1veis e energia.<\/p>\n<p>Disciplinas: L\u00edngua Estrangeira; Geomec\u00e2nica Aplicada ao Petr\u00f3leo; Perfura\u00e7\u00e3o de Po\u00e7os; Transi\u00e7\u00e3o Energ\u00e9tica;<\/p>\n<p>Sala de Perman\u00eancia: Sala 320A do Pr\u00e9dio da COTADA &#8211; CEng<\/p>\n<p>Contato: larissap.costa@hotmail.com<\/p>\n<p>https:\/\/institucional.ufpel.edu.br\/servidores\/id\/12364<\/p>\n<p>http:\/\/lattes.cnpq.br\/7611496032750683<\/p>\n<p>________________________________________________________________________________<\/p>\n<h2>MARISTELA BAGATIN SILVA<\/h2>\n<p style=\"text-align: justify;\">Possui gradua\u00e7\u00e3o em Geologia pela Universidade Federal do Rio Grande do Sul, mestrado em Geoci\u00eancias pela Universidade Federal do Rio Grande do Sul, Doutorado em Geologia, \u00e1rea de concentra\u00e7\u00e3o em Geoqu\u00edmica, pela Universidade Federal do Rio Grande do Sul, com doutorado sandu\u00edche na Faculdade de Ci\u00eancias do Porto, Portugal, e P\u00f3s-doutorado na UBC &#8211; The University of British Columbia, Vancouver. Foi Coordenadora dos cursos da \u00e1rea Tecnol\u00f3gica e Membro Conselho Superior Provis\u00f3rio da UERGS. Participou de projetos de pesquisas junto ao Laborat\u00f3rio de Carv\u00e3o e Rochas geradoras de petr\u00f3leo, UFRGS. Foi Bolsita de Desenvolvimento Tecnol\u00f3gico e Indutrial vinculado ao Projeto de Coopera\u00e7\u00e3o Internacional Brasil-Espanha CNPq\/CSIC. Colaborou na organiza\u00e7\u00e3o do Primeiro Semin\u00e1rio da Forma\u00e7\u00e3o de Rede Cooperativa de Pesquisa para Incremento da Utiliza\u00e7\u00e3o de Carv\u00e3o Nacional na Gera\u00e7\u00e3o de Energia El\u00e9trica no Brasil. Foi membro associado Comit\u00ea Internaciol para a Petrologia Org\u00e2nica e de Rochas Geradoras de Petr\u00f3leo e Editor Guest da Edi\u00e7\u00e3o Especial do peri\u00f3dico International Journal of Coal Geology ICCP-TSOP. Pesquisadora Visitante da Ag\u00eancia Nacional do Petr\u00f3leo, G\u00e1s Natural e Biocombust\u00edveis junto ao PRH-17, do Programa de Forma\u00e7\u00e3o de Recursos Humanos em An\u00e1lise de Bacia Aplicada \u00e0 Explora\u00e7\u00e3o de Petr\u00f3leo e G\u00e1s Natural, UERJ\/ANP, RJ. Foi docente da Funda\u00e7\u00e3o Univerisade Federal do Rio Grande, RS e membro da Comiss\u00e3o do PRH-27\/FURG intitulado Estudos Ambientais em \u00e1reas de atua\u00e7\u00e3o da Ind\u00fastria do Petr\u00f3leo. Prestou servi\u00e7os \u00e0 regulamenta\u00e7\u00e3o e \u00e0 fiscaliza\u00e7\u00e3o do exerc\u00edcio profissional da Engenharia, Geologia e Agronomia, como Membro de Comiss\u00e3o de Geologia e Engenharia de Minas, da Inspetoria de Rio Grande, RS. Atualmente \u00e9 docente da Universidade Federal de Pelotas , Centro de Engenharias, em que atua em disciplinas do n\u00facleo de Geoci\u00eancias do Curso Engenharia de Petr\u00f3leo. Integra o Sistema Basis INEP\/MEC e o Comit\u00ea de Acredita\u00e7\u00e3o de Cursos de Geologia no \u00e2mbito do Sistema de Acredita\u00e7\u00e3o Regional de Cursos de Gradua\u00e7\u00e3o do Mercosul e Estados Associados ARCU-SUL..<\/p>\n<p>Disciplinas: Geologia para Eng. de Petr\u00f3leo; Plant\u00e3o Tira-D\u00favidas; Petrologia Sedimentar Aplicada; Geoqu\u00edmica do Petr\u00f3leo; Geologia Marinha;<\/p>\n<p>Sala de Perman\u00eancia: Sala 05 do Pr\u00e9dio da Alf\u00e2ndega &#8211; CEng<\/p>\n<p>Contato: mbsilva@ufpel.edu.br<\/p>\n<p>https:\/\/institucional.ufpel.edu.br\/servidores\/id\/26866<\/p>\n<p>http:\/\/lattes.cnpq.br\/3423357030710071<\/p>\n<p>________________________________________________________________________________<\/p>\n<h2>ROMULO HENRIQUE BATISTA DE FARIAS<\/h2>\n<p style=\"text-align: justify;\">Professor Adjunto do Centro das Engenharias da Universidade Federal de Pelotas, graduado em Tecnologia para Ind\u00fastria de Petr\u00f3leo e G\u00e1s pela Universidade Est\u00e1cio de S\u00e1 (2010) e mestre em Ci\u00eancias Ambientais pela Universidade Federal de Pelotas (2019).Doutor em Qu\u00edmica Tecnol\u00f3gica e Ambiental pela Universidade Federal do Rio Grande (2024). \u00c1rea de Atua\u00e7\u00e3o: Adsor\u00e7\u00e3o de petr\u00f3leo e derivados. Qu\u00edmica Ambiental e Especialista em Petr\u00f3leo e Meio Ambiente.<\/p>\n<p>Disciplinas: Escoamento em Rochas Porosas; Instrumenta\u00e7\u00e3o e Medi\u00e7\u00e3o de Petr\u00f3leo; Completa\u00e7\u00e3o de Po\u00e7os; Avalia\u00e7\u00e3o Impactos Ambientais Setor Pet.; Log\u00edstica e Supriment. do Setor Petr\u00f3leo; Petr\u00f3leo e Meio Ambiente;<\/p>\n<p>Sala de Perman\u00eancia: Sala 320A do Pr\u00e9dio da COTADA &#8211; CEng<\/p>\n<p>Contato: romulo.farias@ufpel.edu.br<\/p>\n<p>https:\/\/institucional.ufpel.edu.br\/servidores\/id\/132334<\/p>\n<p>http:\/\/lattes.cnpq.br\/9851332686858804<\/p>\n<p>________________________________________________________________________________<\/p>\n<h2>VALMIR FRANCISCO RISSO<\/h2>\n<p style=\"text-align: justify;\">Possui gradua\u00e7\u00e3o em Engenharia Civil pela Universidade Federal do Rio Grande &#8211; FURG (1999), mestrado em Ci\u00eancias e Engenharia de Petr\u00f3leo pela Universidade Estadual de Campinas &#8211; UNICAMP (2002) e doutorado em Ci\u00eancias e Engenharia de Petr\u00f3leo pela Universidade Estadual de Campinas &#8211; UNICAMP (2007). Foi Pesquisador do Grupo UNISIM no Departamento de Engenharia de Petr\u00f3leo na Universidade Estadual de Campinas &#8211; UNICAMP de 2007 a junho de 2010. Foi Diretor Substituto do Centro de Engenharias &#8211; CEng\/UFPel. Atualmente \u00e9 Professor Associado da Universidade Federal de Pelotas e Coordenador do Curso de Engenharia de Petr\u00f3leo. Tem experi\u00eancia na \u00e1rea de Engenharia, com \u00eanfase em Engenharia de Petr\u00f3leo, atuando principalmente nas \u00e1reas de Engenharia de Reservat\u00f3rios e Produ\u00e7\u00e3o de Petr\u00f3leo. As linhas de pesquisa desenvolvidas incluem a Simula\u00e7\u00e3o Num\u00e9rica e Gerenciamento de Campos de Petr\u00f3leo, Ajuste de Hist\u00f3rico, An\u00e1lise de Risco, Otimiza\u00e7\u00e3o de Estrat\u00e9gias de Explota\u00e7\u00e3o, Planejamento Estat\u00edstico, Redes Neurais, \u00c1rvore de Deriva\u00e7\u00e3o, Monte Carlo, Hipercubo Latino, Engenharia Econ\u00f4mica e Avalia\u00e7\u00e3o Econ\u00f4mica de Projetos de Petr\u00f3leo.<\/p>\n<p>Disciplinas: Simula\u00e7\u00e3o e Model. de Reservat\u00f3rios; Educa\u00e7\u00e3o Financeira; Avalia\u00e7\u00e3o Econ\u00f4mica Projetos de Petr\u00f3leo; Engenharia de Reservat\u00f3rios; Gerenc. e Desenvolv. Campos de Petr\u00f3leo;<\/p>\n<p>Sala de Perman\u00eancia: Sala 05 do Pr\u00e9dio da Alf\u00e2ndega &#8211; CEng<\/p>\n<p>Contato: valmir.risso@ufpel.edu.br<\/p>\n<p>https:\/\/institucional.ufpel.edu.br\/servidores\/id\/30745<\/p>\n<p>http:\/\/lattes.cnpq.br\/7796663295400161<\/p>\n<p>________________________________________________________________________________<\/p>\n<p>&nbsp;<\/p>\n<h6 style=\"text-align: right;\">Atualizado em 30 de SETEMBRO de 2025<\/h6>\n","protected":false},"excerpt":{"rendered":"<p>DOCENTES EFETIVOS ANT\u00d4NIO ALVES DA SILVA J\u00daNIOR Possui gradua\u00e7\u00e3o em Engenharia de Minas e Meio Ambiente pela Universidade Federal do Par\u00e1 (2011) e mestrado em Engenharia pelo Programa de P\u00f3s-Gradua\u00e7\u00e3o em Engenharia de Minas, Metal\u00fargica e Materiais da UFRGS (2013). Atualmente \u00e9 professor adjunto na Universidade Federal de Pelotas no curso de Engenharia de Petr\u00f3leo. [&hellip;]<\/p>\n","protected":false},"author":197,"featured_media":0,"parent":975,"menu_order":4,"comment_status":"closed","ping_status":"closed","template":"","meta":{"jetpack_post_was_ever_published":false,"footnotes":""},"class_list":["post-983","page","type-page","status-publish","hentry"],"jetpack_sharing_enabled":true,"jetpack_shortlink":"https:\/\/wp.me\/P6Pmcg-fR","jetpack_likes_enabled":true,"jetpack-related-posts":[],"_links":{"self":[{"href":"https:\/\/wp.ufpel.edu.br\/engenhariadepetroleo\/wp-json\/wp\/v2\/pages\/983","targetHints":{"allow":["GET"]}}],"collection":[{"href":"https:\/\/wp.ufpel.edu.br\/engenhariadepetroleo\/wp-json\/wp\/v2\/pages"}],"about":[{"href":"https:\/\/wp.ufpel.edu.br\/engenhariadepetroleo\/wp-json\/wp\/v2\/types\/page"}],"author":[{"embeddable":true,"href":"https:\/\/wp.ufpel.edu.br\/engenhariadepetroleo\/wp-json\/wp\/v2\/users\/197"}],"replies":[{"embeddable":true,"href":"https:\/\/wp.ufpel.edu.br\/engenhariadepetroleo\/wp-json\/wp\/v2\/comments?post=983"}],"version-history":[{"count":3,"href":"https:\/\/wp.ufpel.edu.br\/engenhariadepetroleo\/wp-json\/wp\/v2\/pages\/983\/revisions"}],"predecessor-version":[{"id":3212,"href":"https:\/\/wp.ufpel.edu.br\/engenhariadepetroleo\/wp-json\/wp\/v2\/pages\/983\/revisions\/3212"}],"up":[{"embeddable":true,"href":"https:\/\/wp.ufpel.edu.br\/engenhariadepetroleo\/wp-json\/wp\/v2\/pages\/975"}],"wp:attachment":[{"href":"https:\/\/wp.ufpel.edu.br\/engenhariadepetroleo\/wp-json\/wp\/v2\/media?parent=983"}],"curies":[{"name":"wp","href":"https:\/\/api.w.org\/{rel}","templated":true}]}}