{"id":981,"date":"2020-07-04T16:02:40","date_gmt":"2020-07-04T19:02:40","guid":{"rendered":"https:\/\/wp.ufpel.edu.br\/engenhariadepetroleo\/?page_id=981"},"modified":"2025-09-30T14:50:02","modified_gmt":"2025-09-30T17:50:02","slug":"ingresso","status":"publish","type":"page","link":"https:\/\/wp.ufpel.edu.br\/engenhariadepetroleo\/curso\/ingresso\/","title":{"rendered":"Formas de Ingresso"},"content":{"rendered":"<h2>FORMAS DE ACESSO AO CURSO<\/h2>\n<p>S\u00e3o consideradas as seguintes formas de acesso ao curso, al\u00e9m de outras que vierem a vigorar na Universidade Federal de Pelotas:<\/p>\n<ul>\n<li><strong>Sistema de Sele\u00e7\u00e3o Unificada (SiSU):<\/strong> \u00e9 um sistema informatizado gerenciado pelo Minist\u00e9rio da Educa\u00e7\u00e3o (MEC), por meio do qual s\u00e3o selecionados candidatos a vagas em cursos de gradua\u00e7\u00e3o disponibilizadas pelas institui\u00e7\u00f5es p\u00fablicas de educa\u00e7\u00e3o superior participantes. A sele\u00e7\u00e3o dos candidatos \u00e0s vagas disponibilizadas por meio do SiSU ser\u00e1 efetuada com base nos resultados obtidos pelos estudantes no Exame Nacional do Ensino M\u00e9dio (ENEM);<\/li>\n<li><strong>Programa de Avalia\u00e7\u00e3o da Vida Escolar (PAVE):<\/strong> \u00e9 um programa que foi lan\u00e7ado em 2004, sendo uma modalidade alternativa de sele\u00e7\u00e3o para os cursos de gradua\u00e7\u00e3o da UFPel, constituindo-se em um processo gradual e sistem\u00e1tico, que acontecer\u00e1 ao longo do Ensino M\u00e9dio (E. M.), alicer\u00e7ado na integra\u00e7\u00e3o entre a educa\u00e7\u00e3o b\u00e1sica e a superior, visando \u00e0 melhoria da qualidade do ensino;<\/li>\n<li><strong>Reingresso:<\/strong> O reingresso ser\u00e1 para ex-alunos da UFPel, que se encontram em abandono em rela\u00e7\u00e3o ao seu Curso;<\/li>\n<li><strong>Portador de Diploma de Curso Superior:<\/strong> O ingresso por essa modalidade d\u00e1-se por portadores de diploma de curso superior;<\/li>\n<li><strong>Reop\u00e7\u00e3o:<\/strong> A reop\u00e7\u00e3o ser\u00e1 para alunos regularmente matriculados na UFPel, para prosseguimento de estudos em outro curso;<\/li>\n<li><strong>Transfer\u00eancia Volunt\u00e1ria:<\/strong> A transfer\u00eancia volunt\u00e1ria ser\u00e1 para alunos regularmente matriculados em curso superior, para prosseguimento de estudos no mesmo curso ou em cursos de \u00e1reas afins;<\/li>\n<li><strong>Transfer\u00eancia Compuls\u00f3ria:<\/strong> A transfer\u00eancia compuls\u00f3ria ser\u00e1 para alunos regularmente matriculados em curso superior, para prosseguimento de estudos no mesmo curso ou em cursos de \u00e1reas afins nos termos da lei;<\/li>\n<li><strong>Processo Seletivo para Ind\u00edgenas e Quilombolas: <\/strong>Processo seletivo espec\u00edfico para quilombolas;<\/li>\n<li><strong>Alunos Estrangeiros <\/strong>\u2013 Projeto Programa de Estudantes-Conv\u00eanio de Gradua\u00e7\u00e3o.<\/li>\n<li>Al\u00e9m do descrito no T\u00edtulo II &#8211; Do Ingresso na Universidade &#8211; Resolu\u00e7\u00e3o n\u00b0 29 de 13 de setembro de 2018.<\/li>\n<\/ul>\n<h6 style=\"text-align: right;\">ATUALIZADO EM 30 DE SETEMBRO DE 2025.<\/h6>\n","protected":false},"excerpt":{"rendered":"<p>FORMAS DE ACESSO AO CURSO S\u00e3o consideradas as seguintes formas de acesso ao curso, al\u00e9m de outras que vierem a vigorar na Universidade Federal de Pelotas: Sistema de Sele\u00e7\u00e3o Unificada (SiSU): \u00e9 um sistema informatizado gerenciado pelo Minist\u00e9rio da Educa\u00e7\u00e3o (MEC), por meio do qual s\u00e3o selecionados candidatos a vagas em cursos de gradua\u00e7\u00e3o disponibilizadas [&hellip;]<\/p>\n","protected":false},"author":197,"featured_media":0,"parent":975,"menu_order":3,"comment_status":"closed","ping_status":"closed","template":"","meta":{"jetpack_post_was_ever_published":false,"footnotes":""},"class_list":["post-981","page","type-page","status-publish","hentry"],"jetpack_sharing_enabled":true,"jetpack_shortlink":"https:\/\/wp.me\/P6Pmcg-fP","jetpack_likes_enabled":true,"jetpack-related-posts":[],"_links":{"self":[{"href":"https:\/\/wp.ufpel.edu.br\/engenhariadepetroleo\/wp-json\/wp\/v2\/pages\/981","targetHints":{"allow":["GET"]}}],"collection":[{"href":"https:\/\/wp.ufpel.edu.br\/engenhariadepetroleo\/wp-json\/wp\/v2\/pages"}],"about":[{"href":"https:\/\/wp.ufpel.edu.br\/engenhariadepetroleo\/wp-json\/wp\/v2\/types\/page"}],"author":[{"embeddable":true,"href":"https:\/\/wp.ufpel.edu.br\/engenhariadepetroleo\/wp-json\/wp\/v2\/users\/197"}],"replies":[{"embeddable":true,"href":"https:\/\/wp.ufpel.edu.br\/engenhariadepetroleo\/wp-json\/wp\/v2\/comments?post=981"}],"version-history":[{"count":4,"href":"https:\/\/wp.ufpel.edu.br\/engenhariadepetroleo\/wp-json\/wp\/v2\/pages\/981\/revisions"}],"predecessor-version":[{"id":3138,"href":"https:\/\/wp.ufpel.edu.br\/engenhariadepetroleo\/wp-json\/wp\/v2\/pages\/981\/revisions\/3138"}],"up":[{"embeddable":true,"href":"https:\/\/wp.ufpel.edu.br\/engenhariadepetroleo\/wp-json\/wp\/v2\/pages\/975"}],"wp:attachment":[{"href":"https:\/\/wp.ufpel.edu.br\/engenhariadepetroleo\/wp-json\/wp\/v2\/media?parent=981"}],"curies":[{"name":"wp","href":"https:\/\/api.w.org\/{rel}","templated":true}]}}