{"id":3207,"date":"2025-10-06T11:17:06","date_gmt":"2025-10-06T14:17:06","guid":{"rendered":"https:\/\/wp.ufpel.edu.br\/engenhariadepetroleo\/?page_id=3207"},"modified":"2025-10-06T11:22:52","modified_gmt":"2025-10-06T14:22:52","slug":"laboratorio-de-mineralogia-e-petrologia","status":"publish","type":"page","link":"https:\/\/wp.ufpel.edu.br\/engenhariadepetroleo\/laboratorio-de-mineralogia-e-petrologia\/","title":{"rendered":"Laborat\u00f3rio de Mineralogia e Petrologia"},"content":{"rendered":"<h1 class=\"corTexto\">Laborat\u00f3rio de Simula\u00e7\u00e3o<\/h1>\n<p><a href=\"https:\/\/i0.wp.com\/wp.ufpel.edu.br\/nulab\/files\/2016\/06\/P1010263.jpg?ssl=1\"><img data-recalc-dims=\"1\" class=\"alignnone size-thumbnail wp-image-3145\" src=\"https:\/\/i0.wp.com\/wp.ufpel.edu.br\/nulab\/files\/2016\/06\/P1010263-212x119.jpg?resize=212%2C119&#038;ssl=1\" sizes=\"(max-width: 212px) 100vw, 212px\" srcset=\"https:\/\/wp.ufpel.edu.br\/nulab\/files\/2016\/06\/P1010263-212x119.jpg 212w, https:\/\/wp.ufpel.edu.br\/nulab\/files\/2016\/06\/P1010263-424x238.jpg 424w, https:\/\/wp.ufpel.edu.br\/nulab\/files\/2016\/06\/P1010263-768x432.jpg 768w\" alt=\"p1010263\" width=\"212\" height=\"119\" \/><\/a>\u00a0<a href=\"https:\/\/i0.wp.com\/wp.ufpel.edu.br\/nulab\/files\/2016\/06\/P1010265.jpg?ssl=1\"><img data-recalc-dims=\"1\" class=\"alignnone size-thumbnail wp-image-3146\" src=\"https:\/\/i0.wp.com\/wp.ufpel.edu.br\/nulab\/files\/2016\/06\/P1010265-212x119.jpg?resize=212%2C119&#038;ssl=1\" sizes=\"(max-width: 212px) 100vw, 212px\" srcset=\"https:\/\/wp.ufpel.edu.br\/nulab\/files\/2016\/06\/P1010265-212x119.jpg 212w, https:\/\/wp.ufpel.edu.br\/nulab\/files\/2016\/06\/P1010265-424x238.jpg 424w, https:\/\/wp.ufpel.edu.br\/nulab\/files\/2016\/06\/P1010265-768x432.jpg 768w\" alt=\"p1010265\" width=\"212\" height=\"119\" \/><\/a><\/p>\n<p><strong>Unidade:<\/strong>\u00a0Centro de Engenharias (CENG)<\/p>\n<p><strong>Descri\u00e7\u00e3o<\/strong><br \/>\nSuportar atividades pedag\u00f3gicas destinadas ao ensino de conte\u00fados relacionados \u00e0s atividades desenvolvidas nos laborat\u00f3rios de inform\u00e1tica com softwares espec\u00edficos, visando atender as pr\u00e1ticas dos seguintes conte\u00fados: Planejamento e Controle da Produ\u00e7\u00e3o, Pesquisa Operacional, Log\u00edstica, Organiza\u00e7\u00e3o do Trabalho, Controle Estat\u00edstico de Processos, An\u00e1lise de Investimentos, Ergonomia, Processo de Desenvolvimento de Produto, Manuten\u00e7\u00e3o.<\/p>\n<p><strong>Localiza\u00e7\u00e3o<\/strong><br \/>\n<strong>Campus:<\/strong>\u00a0Porto<br \/>\n<strong>Pr\u00e9dio\/Bloco:<\/strong> Alf\u00e2ndega<br \/>\n<strong>Sala:<\/strong><\/p>\n<p><strong>Equipamentos<\/strong><br \/>\nComputadores<\/p>\n","protected":false},"excerpt":{"rendered":"<p>Laborat\u00f3rio de Simula\u00e7\u00e3o \u00a0 Unidade:\u00a0Centro de Engenharias (CENG) Descri\u00e7\u00e3o Suportar atividades pedag\u00f3gicas destinadas ao ensino de conte\u00fados relacionados \u00e0s atividades desenvolvidas nos laborat\u00f3rios de inform\u00e1tica com softwares espec\u00edficos, visando atender as pr\u00e1ticas dos seguintes conte\u00fados: Planejamento e Controle da Produ\u00e7\u00e3o, Pesquisa Operacional, Log\u00edstica, Organiza\u00e7\u00e3o do Trabalho, Controle Estat\u00edstico de Processos, An\u00e1lise de Investimentos, Ergonomia, Processo [&hellip;]<\/p>\n","protected":false},"author":197,"featured_media":0,"parent":0,"menu_order":0,"comment_status":"closed","ping_status":"closed","template":"","meta":{"jetpack_post_was_ever_published":false,"footnotes":""},"class_list":["post-3207","page","type-page","status-publish","hentry"],"jetpack_sharing_enabled":true,"jetpack_shortlink":"https:\/\/wp.me\/P6Pmcg-PJ","jetpack_likes_enabled":true,"jetpack-related-posts":[],"_links":{"self":[{"href":"https:\/\/wp.ufpel.edu.br\/engenhariadepetroleo\/wp-json\/wp\/v2\/pages\/3207","targetHints":{"allow":["GET"]}}],"collection":[{"href":"https:\/\/wp.ufpel.edu.br\/engenhariadepetroleo\/wp-json\/wp\/v2\/pages"}],"about":[{"href":"https:\/\/wp.ufpel.edu.br\/engenhariadepetroleo\/wp-json\/wp\/v2\/types\/page"}],"author":[{"embeddable":true,"href":"https:\/\/wp.ufpel.edu.br\/engenhariadepetroleo\/wp-json\/wp\/v2\/users\/197"}],"replies":[{"embeddable":true,"href":"https:\/\/wp.ufpel.edu.br\/engenhariadepetroleo\/wp-json\/wp\/v2\/comments?post=3207"}],"version-history":[{"count":3,"href":"https:\/\/wp.ufpel.edu.br\/engenhariadepetroleo\/wp-json\/wp\/v2\/pages\/3207\/revisions"}],"predecessor-version":[{"id":3211,"href":"https:\/\/wp.ufpel.edu.br\/engenhariadepetroleo\/wp-json\/wp\/v2\/pages\/3207\/revisions\/3211"}],"wp:attachment":[{"href":"https:\/\/wp.ufpel.edu.br\/engenhariadepetroleo\/wp-json\/wp\/v2\/media?parent=3207"}],"curies":[{"name":"wp","href":"https:\/\/api.w.org\/{rel}","templated":true}]}}