{"id":3167,"date":"2025-09-30T20:32:50","date_gmt":"2025-09-30T23:32:50","guid":{"rendered":"https:\/\/wp.ufpel.edu.br\/engenhariadepetroleo\/?page_id=3167"},"modified":"2025-09-30T20:32:50","modified_gmt":"2025-09-30T23:32:50","slug":"alfandega","status":"publish","type":"page","link":"https:\/\/wp.ufpel.edu.br\/engenhariadepetroleo\/alfandega\/","title":{"rendered":"ALF\u00c2NDEGA"},"content":{"rendered":"<p><a href=\"https:\/\/wp.ufpel.edu.br\/engenhariadepetroleo\/alfandega\/captura-de-tela_30-9-2025_203037_\/\" rel=\"attachment wp-att-3168\"><img data-recalc-dims=\"1\" data-attachment-id=\"3168\" data-permalink=\"https:\/\/wp.ufpel.edu.br\/engenhariadepetroleo\/alfandega\/captura-de-tela_30-9-2025_203037_\/\" data-orig-file=\"https:\/\/i0.wp.com\/wp.ufpel.edu.br\/engenhariadepetroleo\/files\/2025\/09\/Captura-de-tela_30-9-2025_203037_.jpeg?fit=638%2C361&amp;ssl=1\" data-orig-size=\"638,361\" data-comments-opened=\"0\" data-image-meta=\"{&quot;aperture&quot;:&quot;0&quot;,&quot;credit&quot;:&quot;&quot;,&quot;camera&quot;:&quot;&quot;,&quot;caption&quot;:&quot;&quot;,&quot;created_timestamp&quot;:&quot;0&quot;,&quot;copyright&quot;:&quot;&quot;,&quot;focal_length&quot;:&quot;0&quot;,&quot;iso&quot;:&quot;0&quot;,&quot;shutter_speed&quot;:&quot;0&quot;,&quot;title&quot;:&quot;&quot;,&quot;orientation&quot;:&quot;0&quot;}\" data-image-title=\"Captura de tela_30-9-2025_203037_\" data-image-description=\"\" data-image-caption=\"\" data-medium-file=\"https:\/\/i0.wp.com\/wp.ufpel.edu.br\/engenhariadepetroleo\/files\/2025\/09\/Captura-de-tela_30-9-2025_203037_.jpeg?fit=400%2C226&amp;ssl=1\" data-large-file=\"https:\/\/i0.wp.com\/wp.ufpel.edu.br\/engenhariadepetroleo\/files\/2025\/09\/Captura-de-tela_30-9-2025_203037_.jpeg?fit=638%2C361&amp;ssl=1\" class=\"size-medium wp-image-3168 alignleft\" src=\"https:\/\/i0.wp.com\/wp.ufpel.edu.br\/engenhariadepetroleo\/files\/2025\/09\/Captura-de-tela_30-9-2025_203037_.jpeg?resize=400%2C226&#038;ssl=1\" alt=\"\" width=\"400\" height=\"226\" srcset=\"https:\/\/i0.wp.com\/wp.ufpel.edu.br\/engenhariadepetroleo\/files\/2025\/09\/Captura-de-tela_30-9-2025_203037_.jpeg?resize=400%2C226&amp;ssl=1 400w, https:\/\/i0.wp.com\/wp.ufpel.edu.br\/engenhariadepetroleo\/files\/2025\/09\/Captura-de-tela_30-9-2025_203037_.jpeg?w=638&amp;ssl=1 638w\" sizes=\"(max-width: 400px) 100vw, 400px\" \/><\/a>O pr\u00e9dio do Centro de Engenharias \u2013 Alf\u00e2ndega, localizado na Pra\u00e7a Domingos Rodrigues 02, possui \u00e1rea total de 969m\u00b2 e\u00a0 disp\u00f5e de 4 laborat\u00f3rios e 4 salas de aula, al\u00e9m dos gabinetes de professores .<\/p>\n","protected":false},"excerpt":{"rendered":"<p>O pr\u00e9dio do Centro de Engenharias \u2013 Alf\u00e2ndega, localizado na Pra\u00e7a Domingos Rodrigues 02, possui \u00e1rea total de 969m\u00b2 e\u00a0 disp\u00f5e de 4 laborat\u00f3rios e 4 salas de aula, al\u00e9m dos gabinetes de professores .<\/p>\n","protected":false},"author":197,"featured_media":0,"parent":0,"menu_order":0,"comment_status":"closed","ping_status":"closed","template":"","meta":{"jetpack_post_was_ever_published":false,"footnotes":""},"class_list":["post-3167","page","type-page","status-publish","hentry"],"jetpack_sharing_enabled":true,"jetpack_shortlink":"https:\/\/wp.me\/P6Pmcg-P5","jetpack_likes_enabled":true,"jetpack-related-posts":[],"_links":{"self":[{"href":"https:\/\/wp.ufpel.edu.br\/engenhariadepetroleo\/wp-json\/wp\/v2\/pages\/3167","targetHints":{"allow":["GET"]}}],"collection":[{"href":"https:\/\/wp.ufpel.edu.br\/engenhariadepetroleo\/wp-json\/wp\/v2\/pages"}],"about":[{"href":"https:\/\/wp.ufpel.edu.br\/engenhariadepetroleo\/wp-json\/wp\/v2\/types\/page"}],"author":[{"embeddable":true,"href":"https:\/\/wp.ufpel.edu.br\/engenhariadepetroleo\/wp-json\/wp\/v2\/users\/197"}],"replies":[{"embeddable":true,"href":"https:\/\/wp.ufpel.edu.br\/engenhariadepetroleo\/wp-json\/wp\/v2\/comments?post=3167"}],"version-history":[{"count":2,"href":"https:\/\/wp.ufpel.edu.br\/engenhariadepetroleo\/wp-json\/wp\/v2\/pages\/3167\/revisions"}],"predecessor-version":[{"id":3170,"href":"https:\/\/wp.ufpel.edu.br\/engenhariadepetroleo\/wp-json\/wp\/v2\/pages\/3167\/revisions\/3170"}],"wp:attachment":[{"href":"https:\/\/wp.ufpel.edu.br\/engenhariadepetroleo\/wp-json\/wp\/v2\/media?parent=3167"}],"curies":[{"name":"wp","href":"https:\/\/api.w.org\/{rel}","templated":true}]}}