{"id":2657,"date":"2023-03-17T13:35:47","date_gmt":"2023-03-17T16:35:47","guid":{"rendered":"https:\/\/wp.ufpel.edu.br\/engenhariadepetroleo\/?page_id=2657"},"modified":"2023-03-17T13:35:47","modified_gmt":"2023-03-17T16:35:47","slug":"atividades-complementares","status":"publish","type":"page","link":"https:\/\/wp.ufpel.edu.br\/engenhariadepetroleo\/atividades-complementares\/","title":{"rendered":"Atividades Complementares"},"content":{"rendered":"\n<div class=\"wpcf7 no-js\" id=\"wpcf7-f2656-o1\" lang=\"pt-BR\" dir=\"ltr\" data-wpcf7-id=\"2656\">\n<div class=\"screen-reader-response\"><p role=\"status\" aria-live=\"polite\" aria-atomic=\"true\"><\/p> <ul><\/ul><\/div>\n<form action=\"\/engenhariadepetroleo\/wp-json\/wp\/v2\/pages\/2657#wpcf7-f2656-o1\" method=\"post\" class=\"wpcf7-form init\" aria-label=\"Formul\u00e1rios de contato\" enctype=\"multipart\/form-data\" novalidate=\"novalidate\" data-status=\"init\">\n<fieldset class=\"hidden-fields-container\"><input type=\"hidden\" name=\"_wpcf7\" value=\"2656\" \/><input type=\"hidden\" name=\"_wpcf7_version\" value=\"6.1.4\" \/><input type=\"hidden\" name=\"_wpcf7_locale\" value=\"pt_BR\" \/><input type=\"hidden\" name=\"_wpcf7_unit_tag\" value=\"wpcf7-f2656-o1\" \/><input type=\"hidden\" name=\"_wpcf7_container_post\" value=\"0\" \/><input type=\"hidden\" name=\"_wpcf7_posted_data_hash\" value=\"\" \/><input type=\"hidden\" name=\"_wpcf7cf_hidden_group_fields\" value=\"[]\" \/><input type=\"hidden\" name=\"_wpcf7cf_hidden_groups\" value=\"[]\" \/><input type=\"hidden\" name=\"_wpcf7cf_visible_groups\" value=\"[]\" \/><input type=\"hidden\" name=\"_wpcf7cf_repeaters\" value=\"[]\" \/><input type=\"hidden\" name=\"_wpcf7cf_steps\" value=\"{}\" \/><input type=\"hidden\" name=\"_wpcf7cf_options\" value=\"{&quot;form_id&quot;:2656,&quot;conditions&quot;:[{&quot;then_field&quot;:&quot;Atividade-de-extensao-selected&quot;,&quot;and_rules&quot;:[{&quot;if_field&quot;:&quot;menu-518&quot;,&quot;operator&quot;:&quot;equals&quot;,&quot;if_value&quot;:&quot;Atividades de Extens\\u00e3o&quot;}]},{&quot;then_field&quot;:&quot;Atividade-de-pesquisa-selected&quot;,&quot;and_rules&quot;:[{&quot;if_field&quot;:&quot;menu-518&quot;,&quot;operator&quot;:&quot;equals&quot;,&quot;if_value&quot;:&quot;Atividades de Pesquisa&quot;}]},{&quot;then_field&quot;:&quot;Atividade_de_ensino_selected&quot;,&quot;and_rules&quot;:[{&quot;if_field&quot;:&quot;menu-518&quot;,&quot;operator&quot;:&quot;equals&quot;,&quot;if_value&quot;:&quot;Atividades de Ensino&quot;}]}],&quot;settings&quot;:{&quot;animation&quot;:&quot;yes&quot;,&quot;animation_intime&quot;:200,&quot;animation_outtime&quot;:200,&quot;conditions_ui&quot;:&quot;normal&quot;,&quot;notice_dismissed&quot;:false}}\" \/>\n<\/fieldset>\n<p>Nome:\n<\/p>\n<p><span class=\"wpcf7-form-control-wrap\" data-name=\"your-name\"><input size=\"40\" maxlength=\"400\" class=\"wpcf7-form-control wpcf7-text wpcf7-validates-as-required\" aria-required=\"true\" aria-invalid=\"false\" value=\"\" type=\"text\" name=\"your-name\" \/><\/span>\n<\/p>\n<p>N\u00famero de Matr\u00edcula:\n<\/p>\n<p><span class=\"wpcf7-form-control-wrap\" data-name=\"your-matricula\"><input size=\"40\" maxlength=\"400\" class=\"wpcf7-form-control wpcf7-text wpcf7-validates-as-required\" aria-required=\"true\" aria-invalid=\"false\" value=\"\" type=\"text\" name=\"your-matricula\" \/><\/span>\n<\/p>\n<p>Email:\n<\/p>\n<p><span class=\"wpcf7-form-control-wrap\" data-name=\"your-email\"><input size=\"40\" maxlength=\"400\" class=\"wpcf7-form-control wpcf7-email wpcf7-validates-as-required wpcf7-text wpcf7-validates-as-email\" aria-required=\"true\" aria-invalid=\"false\" value=\"\" type=\"email\" name=\"your-email\" \/><\/span>\n<\/p>\n<p>Tipo de Atividade Complementar:\n<\/p>\n<p><span class=\"wpcf7-form-control-wrap\" data-name=\"menu-518\"><select class=\"wpcf7-form-control wpcf7-select\" aria-invalid=\"false\" name=\"menu-518\"><option value=\"\"><\/option><option value=\"Atividades de Extens\u00e3o\">Atividades de Extens\u00e3o<\/option><option value=\"Atividades de Pesquisa\">Atividades de Pesquisa<\/option><option value=\"Atividades de Ensino\">Atividades de Ensino<\/option><\/select><\/span>\n<\/p>\n<p>Qual o tipo de atividade desenvolvida:\n<\/p>\n<div data-id=\"Atividade-de-extensao-selected\" data-orig_data_id=\"Atividade-de-extensao-selected\"  class=\"\" data-class=\"wpcf7cf_group\">\n\t<p><span class=\"wpcf7-form-control-wrap\" data-name=\"extensao\"><select class=\"wpcf7-form-control wpcf7-select\" aria-invalid=\"false\" name=\"extensao\"><option value=\"Part. em semin\u00e1rios, semanas acad\u00eamicas, congressos e simp\u00f3sios - ouvinte\">Part. em semin\u00e1rios, semanas acad\u00eamicas, congressos e simp\u00f3sios - ouvinte<\/option><option value=\"Part. em semin\u00e1rios, semanas acad\u00eamicas, congressos e simp\u00f3sios - apresentador\">Part. em semin\u00e1rios, semanas acad\u00eamicas, congressos e simp\u00f3sios - apresentador<\/option><option value=\"Part. em projetos de extens\u00e3o\">Part. em projetos de extens\u00e3o<\/option><option value=\"Organiza\u00e7\u00e3o de eventos\">Organiza\u00e7\u00e3o de eventos<\/option><option value=\"Part. em \u00f3rg\u00e3os colegiados\">Part. em \u00f3rg\u00e3os colegiados<\/option><option value=\"Programa PET, Empresa J\u00fanior, Grupo de estudos, outros\">Programa PET, Empresa J\u00fanior, Grupo de estudos, outros<\/option><option value=\"Visitas t\u00e9cnicas institucionais\">Visitas t\u00e9cnicas institucionais<\/option><option value=\"Palestras fora de eventos\">Palestras fora de eventos<\/option><option value=\"Outra atividade de extens\u00e3o a crit\u00e9rio do Colegiado\">Outra atividade de extens\u00e3o a crit\u00e9rio do Colegiado<\/option><\/select><\/span>\n\t<\/p>\n<\/div>\n<div data-id=\"Atividade-de-pesquisa-selected\" data-orig_data_id=\"Atividade-de-pesquisa-selected\"  class=\"\" data-class=\"wpcf7cf_group\">\n\t<p><span class=\"wpcf7-form-control-wrap\" data-name=\"pesquisa\"><select class=\"wpcf7-form-control wpcf7-select\" aria-invalid=\"false\" name=\"pesquisa\"><option value=\"Inicia\u00e7\u00e3o Cient\u00edfica\">Inicia\u00e7\u00e3o Cient\u00edfica<\/option><option value=\"Publica\u00e7\u00f5es\">Publica\u00e7\u00f5es<\/option><option value=\"Desenvolvimento de Prot\u00f3tipos\">Desenvolvimento de Prot\u00f3tipos<\/option><option value=\"Outra atividade de pesquisa a crit\u00e9rio do Colegiado\">Outra atividade de pesquisa a crit\u00e9rio do Colegiado<\/option><\/select><\/span>\n\t<\/p>\n<\/div>\n<div data-id=\"Atividade_de_ensino_selected\" data-orig_data_id=\"Atividade_de_ensino_selected\"  class=\"\" data-class=\"wpcf7cf_group\">\n\t<p><span class=\"wpcf7-form-control-wrap\" data-name=\"ensino\"><select class=\"wpcf7-form-control wpcf7-select\" aria-invalid=\"false\" name=\"ensino\"><option value=\"Monitoria volunt\u00e1ria ou subsidiada\">Monitoria volunt\u00e1ria ou subsidiada<\/option><option value=\"Participa\u00e7\u00e3o em projetos de ensino\">Participa\u00e7\u00e3o em projetos de ensino<\/option><option value=\"Aprova\u00e7\u00e3o em exame de sufici\u00eancia ou profici\u00eancia em idioma estrangeiro\">Aprova\u00e7\u00e3o em exame de sufici\u00eancia ou profici\u00eancia em idioma estrangeiro<\/option><option value=\"Outra atividade de ensino a crit\u00e9rio do Colegiado\">Outra atividade de ensino a crit\u00e9rio do Colegiado<\/option><\/select><\/span>\n\t<\/p>\n<\/div>\n<p>Anexe seu comprovante relativo \u00e0 escolha acima:\n<\/p>\n<p><span class=\"wpcf7-form-control-wrap\" data-name=\"file-576\"><input size=\"40\" class=\"wpcf7-form-control wpcf7-file wpcf7-validates-as-required\" accept=\".pdf\" aria-required=\"true\" aria-invalid=\"false\" type=\"file\" name=\"file-576\" \/><\/span>\n<\/p>\n<p> *Se houver mais de um comprovante desta atividade desenvolvida, una-os em apenas um documento pdf.\n<\/p>\n<p> *Caso tenhas outros comprovantes de outros tipos de atividades complementares, realize um novo envio de acordo com cada atividade desenvolvida .\n<\/p>\n<p> *Voc\u00ea ir\u00e1 receber uma c\u00f3pia no e-mail cadastrado, guarde esse e-mail como comprovante da sua solicita\u00e7\u00e3o. Caso voc\u00ea n\u00e3o tenha recebido o e-mail comprovando o envio da solicita\u00e7\u00e3o, favor entrar em contato com a comiss\u00e3o de avalia\u00e7\u00e3o de horas complementares.\n<\/p>\n<p><input class=\"wpcf7-form-control wpcf7-submit has-spinner\" type=\"submit\" value=\"Enviar\" \/>\n<\/p><p style=\"display: none !important;\" class=\"akismet-fields-container\" data-prefix=\"_wpcf7_ak_\"><label>&#916;<textarea name=\"_wpcf7_ak_hp_textarea\" cols=\"45\" rows=\"8\" maxlength=\"100\"><\/textarea><\/label><input type=\"hidden\" id=\"ak_js_1\" name=\"_wpcf7_ak_js\" value=\"13\"\/><script>document.getElementById( \"ak_js_1\" ).setAttribute( \"value\", ( new Date() ).getTime() );<\/script><\/p><div class=\"wpcf7-response-output\" aria-hidden=\"true\"><\/div>\n<\/form>\n<\/div>\n\n","protected":false},"excerpt":{"rendered":"","protected":false},"author":197,"featured_media":0,"parent":0,"menu_order":0,"comment_status":"closed","ping_status":"closed","template":"","meta":{"jetpack_post_was_ever_published":false,"footnotes":""},"class_list":["post-2657","page","type-page","status-publish","hentry"],"jetpack_sharing_enabled":true,"jetpack_shortlink":"https:\/\/wp.me\/P6Pmcg-GR","jetpack_likes_enabled":true,"jetpack-related-posts":[],"_links":{"self":[{"href":"https:\/\/wp.ufpel.edu.br\/engenhariadepetroleo\/wp-json\/wp\/v2\/pages\/2657","targetHints":{"allow":["GET"]}}],"collection":[{"href":"https:\/\/wp.ufpel.edu.br\/engenhariadepetroleo\/wp-json\/wp\/v2\/pages"}],"about":[{"href":"https:\/\/wp.ufpel.edu.br\/engenhariadepetroleo\/wp-json\/wp\/v2\/types\/page"}],"author":[{"embeddable":true,"href":"https:\/\/wp.ufpel.edu.br\/engenhariadepetroleo\/wp-json\/wp\/v2\/users\/197"}],"replies":[{"embeddable":true,"href":"https:\/\/wp.ufpel.edu.br\/engenhariadepetroleo\/wp-json\/wp\/v2\/comments?post=2657"}],"version-history":[{"count":1,"href":"https:\/\/wp.ufpel.edu.br\/engenhariadepetroleo\/wp-json\/wp\/v2\/pages\/2657\/revisions"}],"predecessor-version":[{"id":2658,"href":"https:\/\/wp.ufpel.edu.br\/engenhariadepetroleo\/wp-json\/wp\/v2\/pages\/2657\/revisions\/2658"}],"wp:attachment":[{"href":"https:\/\/wp.ufpel.edu.br\/engenhariadepetroleo\/wp-json\/wp\/v2\/media?parent=2657"}],"curies":[{"name":"wp","href":"https:\/\/api.w.org\/{rel}","templated":true}]}}