{"id":2478,"date":"2022-09-27T08:11:07","date_gmt":"2022-09-27T11:11:07","guid":{"rendered":"https:\/\/wp.ufpel.edu.br\/engenhariadepetroleo\/?page_id=2478"},"modified":"2022-09-27T20:56:55","modified_gmt":"2022-09-27T23:56:55","slug":"mostradecursos","status":"publish","type":"page","link":"https:\/\/wp.ufpel.edu.br\/engenhariadepetroleo\/mostradecursos\/","title":{"rendered":"Mostra de Cursos"},"content":{"rendered":"<p style=\"padding-left: 40px; text-align: justify;\">Ol\u00e1 futuros ingressantes do curso de Engenharia de Petr\u00f3leo! Esta p\u00e1gina foi criada com o intuito de facilitar o acesso a todas as informa\u00e7\u00f5es que foram apresentadas na VI Mostra de Cursos da UFPel que ocorreu no dia 28 de setembro de 2022.<\/p>\n<p style=\"text-align: left; padding-left: 40px;\"><strong>Conhe\u00e7a a Engenharia de Petr\u00f3leo:<\/strong><\/p>\n<p style=\"padding-left: 40px; text-align: justify;\">O curso de Engenharia de Petr\u00f3leo da Universidade Federal de Pelotas foi fundado em 2009, tem como objetivo formar profissionais para atuar nas diferentes atividades relacionadas com a ind\u00fastria de explora\u00e7\u00e3o e produ\u00e7\u00e3o de \u00f3leo e g\u00e1s que competem a um Engenheiro de Petr\u00f3leo, bem como atuar em programas de extens\u00e3o, cursos de gradua\u00e7\u00e3o e de p\u00f3s-gradua\u00e7\u00e3o em \u00e1reas de pesquisa.<\/p>\n<p style=\"padding-left: 40px; text-align: justify;\">O Engenheiro de Petr\u00f3leo formado na UFPel pode atuar na elabora\u00e7\u00e3o de estudos, projetos e especifica\u00e7\u00f5es na \u00e1rea de Explora\u00e7\u00e3o e Produ\u00e7\u00e3o (E&amp;P). Em sua atividade, podem desenvolver projetos nos diversos segmentos da cadeia produtiva, mais especificamente os relacionados \u00e0 pesquisa de novas jazidas e \u00e0 produ\u00e7\u00e3o de \u00f3leo e g\u00e1s. Esse profissional atua desde a realiza\u00e7\u00e3o dos estudos geol\u00f3gicos iniciais, passando pela perfura\u00e7\u00e3o de po\u00e7os, e pelas opera\u00e7\u00f5es de produ\u00e7\u00e3o, transporte e processamento prim\u00e1rio do \u00f3leo e do g\u00e1s. Al\u00e9m das possibilidades anteriormente citadas, \u00e9 capaz de coordenar e supervisionar equipes de trabalho, realizar estudos de viabilidade t\u00e9cnico-econ\u00f4mica, executar e fiscalizar obras e servi\u00e7os t\u00e9cnicos e efetuar vistorias, per\u00edcias e avalia\u00e7\u00f5es, emitindo laudos e pareceres t\u00e9cnicos. O engenheiro deve sempre assegurar uma atua\u00e7\u00e3o \u00e9tica, segura e respons\u00e1vel acerca dos impactos socioambientais.<\/p>\n<hr \/>\n<p style=\"padding-left: 40px;\"><strong>Saiba Mais Sobre os Projetos de Extens\u00e3o:<\/strong><\/p>\n<ul>\n<li><strong>Projeto de Extens\u00e3o A Profiss\u00e3o do Engenheiro de Petr\u00f3leo<\/strong><\/li>\n<\/ul>\n<p style=\"padding-left: 40px; text-align: justify;\">O Projeto de Extens\u00e3o \u201cA Profiss\u00e3o do Engenheiro de Petr\u00f3leo\u201d foi criado em agosto de 2021 sob a responsabilidade da professora Camile Urban. O projeto vem como mais uma ferramenta para colaborar no aumento do n\u00famero de inscritos nos processos seletivos para ingressar na Universidade Federal de Pelotas, portanto o intuito deste projeto \u00e9 divulgar o curso de Engenharia de Petr\u00f3leo da UFPel para alunos do Ensino M\u00e9dio e Fundamental visando atrair mais ingressantes para o curso. Nas redes sociais do Projeto voc\u00ea encontra informa\u00e7\u00f5es acerca da vida profissional de um Engenheiro de Petr\u00f3leo, convidamos todos os futuros ingressantes a acompanharem as redes sociais para saber mais!<\/p>\n<p style=\"padding-left: 40px;\">Instagram: <a href=\"https:\/\/www.instagram.com\/aprofissaoengpetroleo\/\">https:\/\/www.instagram.com\/aprofissaoengpetroleo\/<\/a><\/p>\n<p style=\"padding-left: 40px;\">Facebook: <a href=\"https:\/\/www.facebook.com\/profile.php?id=100085090623818\">https:\/\/www.facebook.com\/profile.php?id=100085090623818<\/a><\/p>\n<p style=\"padding-left: 40px;\">E-mail: aprofissaodoengdepetroleo@gmail.com<\/p>\n<ul>\n<li><strong>The Oil Times: O Jornal Eletr\u00f4nico do Curso de Engenharia de Petr\u00f3leo da Universidade Federal de Pelotas. <\/strong><\/li>\n<\/ul>\n<p style=\"padding-left: 40px; text-align: justify;\">O The Oil Times \u00e9 uma plataforma de not\u00edcias formada pelos corpos discentes e docentes do curso de Engenharia de Petr\u00f3leo da Universidade Federal de Pelotas. Com o maior intuito informativo sobre o universo petrol\u00edfero, este jornal eletr\u00f4nico trar\u00e1 desde conhecimentos sobre a ind\u00fastria, relatos de est\u00e1gio, relatos de egressos, relatos de mestrado e doutorado, not\u00edcias sobre o mercado e novas tecnologias de explora\u00e7\u00e3o e produ\u00e7\u00e3o at\u00e9 concursos e eventos, al\u00e9m de atualiza\u00e7\u00f5es econ\u00f4micas mundiais. Neste jornal voc\u00ea futuro ingressante encontra not\u00edcias e informa\u00e7\u00f5es sobre a ind\u00fastria de \u00f3leo e g\u00e1s. Acompanhe o The Oil Times nas redes sociais e saiba sempre quando sair uma nova edi\u00e7\u00e3o!<\/p>\n<p style=\"padding-left: 40px;\">Leia o jornal em: <a href=\"https:\/\/wp.ufpel.edu.br\/engenhariadepetroleo\/newsletter\/\">https:\/\/wp.ufpel.edu.br\/engenhariadepetroleo\/newsletter\/<\/a><\/p>\n<p style=\"padding-left: 40px;\">Instagram: <a href=\"https:\/\/www.instagram.com\/theoiltimes_\/\">https:\/\/www.instagram.com\/theoiltimes_\/<\/a><\/p>\n<p style=\"padding-left: 40px;\">LinkedIn: <a href=\"https:\/\/www.linkedin.com\/company\/the-oil-times\/\">https:\/\/www.linkedin.com\/company\/the-oil-times\/<\/a><\/p>\n<hr \/>\n<p style=\"padding-left: 40px;\"><strong>Saiba Mais Sobre as Entidades do Curso:<\/strong><\/p>\n<p>&nbsp;<\/p>\n<ul>\n<li><strong>Diret\u00f3rio Acad\u00eamico Karen Adami<\/strong><\/li>\n<\/ul>\n<p style=\"padding-left: 40px; text-align: justify;\">O Diret\u00f3rio Acad\u00eamico Karen Adami (DAKA) foi fundado em 15 de maio de 2009, sendo uma associa\u00e7\u00e3o civil sem fins lucrativos, que tem por finalidade representar e congregar todos os estudantes matriculados no curso de Engenharia de Petr\u00f3leo da UFPel, protegendo seus direitos no \u00e2mbito estudantil.<\/p>\n<p style=\"padding-left: 40px; text-align: justify;\">Na atualidade, o DAKA realiza eventos sociais e acad\u00eamicos que apresentam benef\u00edcios tanto aos alunos da UFPel, quanto aos residentes da cidade de Pelotas, no estado do Rio Grande do Sul. Esses eventos agregam experi\u00eancias multidisciplinares aos integrantes da entidade, que aprendem quest\u00f5es relacionadas \u00e0 lideran\u00e7a, organiza\u00e7\u00e3o, trabalho em equipe, criatividade, orat\u00f3ria, comunica\u00e7\u00e3o, escrita, empatia, solu\u00e7\u00e3o de problemas, tomada de decis\u00e3o e outras. O principal evento realizado pelo DAKA em parceria com a SPE UFPel \u00e9 a Semana Acad\u00eamica da Engenharia de Petr\u00f3leo, intitulada Petro Sul \u2013 maior evento t\u00e9cnico-cient\u00edfico do Sul do pa\u00eds. Acompanhe o Diret\u00f3rio nas redes sociais e saiba mais sobre as atividades e pr\u00f3ximos eventos!<\/p>\n<p style=\"padding-left: 40px;\">Instagram: <a href=\"https:\/\/www.instagram.com\/daka_ufpel\/\">https:\/\/www.instagram.com\/daka_ufpel\/<\/a><\/p>\n<p style=\"padding-left: 40px;\">Facebook: <a href=\"https:\/\/www.facebook.com\/dakaufpel\">https:\/\/www.facebook.com\/dakaufpel<\/a><\/p>\n<p>&nbsp;<\/p>\n<ul>\n<li><strong>Cap\u00edtulo Estudantil SPE UFPel<\/strong><\/li>\n<\/ul>\n<p style=\"padding-left: 40px; text-align: justify;\">O Cap\u00edtulo Estudantil SPE da Universidade Federal de Pelotas foi fundado no dia 05 de julho de 2012, por alunos do curso Engenharia de Petr\u00f3leo da UFPel. Em 2017, o Cap\u00edtulo tornou-se uma Organiza\u00e7\u00e3o Social cadastrada com CNPJ, sem fins lucrativos e conta com o maior n\u00famero de membros da Se\u00e7\u00e3o Maca\u00e9. Formado por alunos de gradua\u00e7\u00e3o em engenharia de petr\u00f3leo, o Cap\u00edtulo tem por objetivo aproximar seus membros da ind\u00fastria de \u00f3leo e g\u00e1s, realizando o networking entre estudante e profissional, para que isso aconte\u00e7a, o Cap\u00edtulo Estudantil SPE UFPel se empenha em realizar eventos t\u00e9cnicos, palestras, workshops, minicursos, visitas t\u00e9cnicas e a Semana Acad\u00eamica da Engenharia de Petr\u00f3leo, intitulada Petro Sul \u2013 maior evento t\u00e9cnico-cient\u00edfico do Sul do pa\u00eds. Acompanhe o Cap\u00edtulo nas redes sociais!<\/p>\n<p style=\"padding-left: 40px;\">Site: <a href=\"https:\/\/speufpel.com\/\">https:\/\/speufpel.com\/<\/a><\/p>\n<p style=\"padding-left: 40px;\">Instagram: <a href=\"https:\/\/www.instagram.com\/speufpel\/\">https:\/\/www.instagram.com\/speufpel\/<\/a><\/p>\n<p style=\"padding-left: 40px;\">LinkedIn: <a href=\"https:\/\/www.linkedin.com\/company\/spe-ufpel-student-chapter\/\">https:\/\/www.linkedin.com\/company\/spe-ufpel-student-chapter\/<\/a><\/p>\n<p>&nbsp;<\/p>\n<ul>\n<li><strong>N\u00facleo WIN Brazil UFPel<\/strong><\/li>\n<\/ul>\n<p style=\"padding-left: 40px; text-align: justify;\">O N\u00facleo WIN Brazil UFPel faz parte do Comit\u00ea Women In Energy Brazil, da SPE Se\u00e7\u00e3o Brazil, que tem como miss\u00e3o promover a diversidade e equidade de g\u00eanero na ind\u00fastria de \u00f3leo e g\u00e1s atrav\u00e9s da atra\u00e7\u00e3o, reten\u00e7\u00e3o e engajamento de meninas e mulheres nas \u00e1reas de Ci\u00eancia, Tecnologia, Engenharia e Matem\u00e1tica (STEM). Atuando diretamente na Universidade Federal de Pelotas. O WIN possui como miss\u00e3o incentivar, acolher e relacionar meninas e mulheres nas \u00e1reas de ci\u00eancia, tecnologia, engenharia e matem\u00e1tica. Nossa vis\u00e3o \u00e9 promover a diversidade e a inclus\u00e3o de mulheres no \u00e2mbito acad\u00eamico. Nossos objetivos s\u00e3o fomentar a lideran\u00e7a feminina, atrair mulheres para as \u00e1reas de STEM, desenvolver programas que as capacitem e dar visibilidade aos seus trabalhos. Acompanhe o N\u00facleo nas redes sociais e saiba mais sobre as atividades e futuros eventos!<\/p>\n<p style=\"padding-left: 40px;\">E-mail: nucleowinbrasilufpel@gmail.com<\/p>\n<p style=\"padding-left: 40px;\">Instagram:\u00a0 <a href=\"https:\/\/www.instagram.com\/nucleowinbr.ufpel\/\">https:\/\/www.instagram.com\/nucleowinbr.ufpel\/<\/a><\/p>\n<p style=\"padding-left: 40px;\">LinkedIn: <a href=\"https:\/\/www.linkedin.com\/company\/n%C3%BAcleo-win-brazil-ufpel\/\">https:\/\/www.linkedin.com\/company\/n%C3%BAcleo-win-brazil-ufpel\/<\/a><\/p>\n<p>&nbsp;<\/p>\n<ul>\n<li><strong>Associa\u00e7\u00e3o Atl\u00e9tica Acad\u00eamica das Engenharias UFPel (AAAE) \u2013 Centauro<\/strong><\/li>\n<\/ul>\n<p style=\"padding-left: 40px; text-align: justify;\">A Atl\u00e9tica das Engenharias, mais conhecida como Centauro, tem como intuito promover a integra\u00e7\u00e3o entre os alunos atrav\u00e9s do desenvolvimento de atividades esportivas. Al\u00e9m disso, a Atl\u00e9tica realiza e participa de campeonatos de diversas modalidades, eventos sociais e festas. Acompanhe a Centauro nas redes sociais e saiba mais sobre os pr\u00f3ximos eventos!<\/p>\n<p style=\"padding-left: 40px;\">Instagram: <a href=\"https:\/\/www.instagram.com\/aaaecentauro\/\">https:\/\/www.instagram.com\/aaaecentauro\/<\/a><\/p>\n<p>&nbsp;<\/p>\n<ul>\n<li><strong>GeoPPetro \u2013 Empresa J\u00fanior<\/strong><\/li>\n<\/ul>\n<p style=\"padding-left: 40px; text-align: justify;\">A Empresa Junior de Consultoria em Geoengenharias dos cursos de Engenharia de Petr\u00f3leo e Geoprocessamento da Universidade Federal de Pelotas foi criada em 15 de Agosto de 2022. Acompanhe a Empresa na rede social e saiba mais sobre os pr\u00f3ximos passos!<\/p>\n<p style=\"padding-left: 40px;\">Instagram: <a href=\"https:\/\/www.instagram.com\/geoppetrojr\/\">https:\/\/www.instagram.com\/geoppetrojr\/<\/a><\/p>\n","protected":false},"excerpt":{"rendered":"<p>Ol\u00e1 futuros ingressantes do curso de Engenharia de Petr\u00f3leo! Esta p\u00e1gina foi criada com o intuito de facilitar o acesso a todas as informa\u00e7\u00f5es que foram apresentadas na VI Mostra de Cursos da UFPel que ocorreu no dia 28 de setembro de 2022. Conhe\u00e7a a Engenharia de Petr\u00f3leo: O curso de Engenharia de Petr\u00f3leo da [&hellip;]<\/p>\n","protected":false},"author":197,"featured_media":0,"parent":0,"menu_order":0,"comment_status":"closed","ping_status":"closed","template":"","meta":{"jetpack_post_was_ever_published":false,"footnotes":""},"class_list":["post-2478","page","type-page","status-publish","hentry"],"jetpack_sharing_enabled":true,"jetpack_shortlink":"https:\/\/wp.me\/P6Pmcg-DY","jetpack_likes_enabled":true,"jetpack-related-posts":[],"_links":{"self":[{"href":"https:\/\/wp.ufpel.edu.br\/engenhariadepetroleo\/wp-json\/wp\/v2\/pages\/2478","targetHints":{"allow":["GET"]}}],"collection":[{"href":"https:\/\/wp.ufpel.edu.br\/engenhariadepetroleo\/wp-json\/wp\/v2\/pages"}],"about":[{"href":"https:\/\/wp.ufpel.edu.br\/engenhariadepetroleo\/wp-json\/wp\/v2\/types\/page"}],"author":[{"embeddable":true,"href":"https:\/\/wp.ufpel.edu.br\/engenhariadepetroleo\/wp-json\/wp\/v2\/users\/197"}],"replies":[{"embeddable":true,"href":"https:\/\/wp.ufpel.edu.br\/engenhariadepetroleo\/wp-json\/wp\/v2\/comments?post=2478"}],"version-history":[{"count":7,"href":"https:\/\/wp.ufpel.edu.br\/engenhariadepetroleo\/wp-json\/wp\/v2\/pages\/2478\/revisions"}],"predecessor-version":[{"id":2497,"href":"https:\/\/wp.ufpel.edu.br\/engenhariadepetroleo\/wp-json\/wp\/v2\/pages\/2478\/revisions\/2497"}],"wp:attachment":[{"href":"https:\/\/wp.ufpel.edu.br\/engenhariadepetroleo\/wp-json\/wp\/v2\/media?parent=2478"}],"curies":[{"name":"wp","href":"https:\/\/api.w.org\/{rel}","templated":true}]}}