{"id":2268,"date":"2022-05-07T17:16:35","date_gmt":"2022-05-07T20:16:35","guid":{"rendered":"https:\/\/wp.ufpel.edu.br\/engenhariadepetroleo\/?page_id=2268"},"modified":"2023-01-27T15:46:57","modified_gmt":"2023-01-27T18:46:57","slug":"oportunidades-2","status":"publish","type":"page","link":"https:\/\/wp.ufpel.edu.br\/engenhariadepetroleo\/oportunidades-2\/","title":{"rendered":"Oportunidades"},"content":{"rendered":"<p>Ei, f<a href=\"https:\/\/i0.wp.com\/wp.ufpel.edu.br\/engenhariadepetroleo\/files\/2023\/01\/Imagem1.png?ssl=1\"><img data-recalc-dims=\"1\" data-attachment-id=\"2590\" data-permalink=\"https:\/\/wp.ufpel.edu.br\/engenhariadepetroleo\/oportunidades-2\/imagem1-2\/\" data-orig-file=\"https:\/\/i0.wp.com\/wp.ufpel.edu.br\/engenhariadepetroleo\/files\/2023\/01\/Imagem1.png?fit=720%2C720&amp;ssl=1\" data-orig-size=\"720,720\" data-comments-opened=\"0\" data-image-meta=\"{&quot;aperture&quot;:&quot;0&quot;,&quot;credit&quot;:&quot;&quot;,&quot;camera&quot;:&quot;&quot;,&quot;caption&quot;:&quot;&quot;,&quot;created_timestamp&quot;:&quot;0&quot;,&quot;copyright&quot;:&quot;&quot;,&quot;focal_length&quot;:&quot;0&quot;,&quot;iso&quot;:&quot;0&quot;,&quot;shutter_speed&quot;:&quot;0&quot;,&quot;title&quot;:&quot;&quot;,&quot;orientation&quot;:&quot;0&quot;}\" data-image-title=\"Imagem1\" data-image-description=\"\" data-image-caption=\"\" data-medium-file=\"https:\/\/i0.wp.com\/wp.ufpel.edu.br\/engenhariadepetroleo\/files\/2023\/01\/Imagem1.png?fit=400%2C400&amp;ssl=1\" data-large-file=\"https:\/\/i0.wp.com\/wp.ufpel.edu.br\/engenhariadepetroleo\/files\/2023\/01\/Imagem1.png?fit=720%2C720&amp;ssl=1\" class=\"size-medium wp-image-2590 alignleft\" src=\"https:\/\/i0.wp.com\/wp.ufpel.edu.br\/engenhariadepetroleo\/files\/2023\/01\/Imagem1.png?resize=400%2C400&#038;ssl=1\" alt=\"\" width=\"400\" height=\"400\" srcset=\"https:\/\/i0.wp.com\/wp.ufpel.edu.br\/engenhariadepetroleo\/files\/2023\/01\/Imagem1.png?resize=400%2C400&amp;ssl=1 400w, https:\/\/i0.wp.com\/wp.ufpel.edu.br\/engenhariadepetroleo\/files\/2023\/01\/Imagem1.png?resize=200%2C200&amp;ssl=1 200w, https:\/\/i0.wp.com\/wp.ufpel.edu.br\/engenhariadepetroleo\/files\/2023\/01\/Imagem1.png?w=720&amp;ssl=1 720w\" sizes=\"(max-width: 400px) 100vw, 400px\" \/><\/a>uturo engenheiro(a), esta vaga \u00e9 para voc\u00ea!<\/p>\n<p>Inscreva-se no processo seletivo de est\u00e1gio 2023\/1 e venha fazer parte da equipe da Gas Energy!<\/p>\n<p>&#x1f4e3; As inscri\u00e7\u00f5es s\u00e3o feitas atrav\u00e9s do preenchimento do formul\u00e1rio abaixo (os requisitos m\u00ednimos e informa\u00e7\u00f5es sobre a vaga est\u00e3o tamb\u00e9m dispon\u00edveis no link):<\/p>\n<p>https:\/\/lnkd.in\/dKRHc9yB<\/p>\n<p>&nbsp;<\/p>\n<p>&nbsp;<\/p>\n<p>&nbsp;<\/p>\n<p>&nbsp;<\/p>\n<p>&nbsp;<\/p>\n<p>&nbsp;<\/p>\n<p>&nbsp;<\/p>\n<p>_____________________________________________________________________________________<\/p>\n<p><a href=\"https:\/\/i0.wp.com\/wp.ufpel.edu.br\/engenhariadepetroleo\/files\/2023\/01\/WhatsApp-Image-2023-01-26-at-05.10.20.jpeg?ssl=1\"><img data-recalc-dims=\"1\" data-attachment-id=\"2588\" data-permalink=\"https:\/\/wp.ufpel.edu.br\/engenhariadepetroleo\/oportunidades-2\/whatsapp-image-2023-01-26-at-05-10-20\/\" data-orig-file=\"https:\/\/i0.wp.com\/wp.ufpel.edu.br\/engenhariadepetroleo\/files\/2023\/01\/WhatsApp-Image-2023-01-26-at-05.10.20.jpeg?fit=829%2C1172&amp;ssl=1\" data-orig-size=\"829,1172\" data-comments-opened=\"0\" data-image-meta=\"{&quot;aperture&quot;:&quot;0&quot;,&quot;credit&quot;:&quot;&quot;,&quot;camera&quot;:&quot;&quot;,&quot;caption&quot;:&quot;&quot;,&quot;created_timestamp&quot;:&quot;0&quot;,&quot;copyright&quot;:&quot;&quot;,&quot;focal_length&quot;:&quot;0&quot;,&quot;iso&quot;:&quot;0&quot;,&quot;shutter_speed&quot;:&quot;0&quot;,&quot;title&quot;:&quot;&quot;,&quot;orientation&quot;:&quot;0&quot;}\" data-image-title=\"WhatsApp Image 2023-01-26 at 05.10.20\" data-image-description=\"\" data-image-caption=\"\" data-medium-file=\"https:\/\/i0.wp.com\/wp.ufpel.edu.br\/engenhariadepetroleo\/files\/2023\/01\/WhatsApp-Image-2023-01-26-at-05.10.20.jpeg?fit=283%2C400&amp;ssl=1\" data-large-file=\"https:\/\/i0.wp.com\/wp.ufpel.edu.br\/engenhariadepetroleo\/files\/2023\/01\/WhatsApp-Image-2023-01-26-at-05.10.20.jpeg?fit=724%2C1024&amp;ssl=1\" class=\"alignnone size-medium wp-image-2588\" src=\"https:\/\/i0.wp.com\/wp.ufpel.edu.br\/engenhariadepetroleo\/files\/2023\/01\/WhatsApp-Image-2023-01-26-at-05.10.20.jpeg?resize=283%2C400&#038;ssl=1\" alt=\"\" width=\"283\" height=\"400\" srcset=\"https:\/\/i0.wp.com\/wp.ufpel.edu.br\/engenhariadepetroleo\/files\/2023\/01\/WhatsApp-Image-2023-01-26-at-05.10.20.jpeg?resize=283%2C400&amp;ssl=1 283w, https:\/\/i0.wp.com\/wp.ufpel.edu.br\/engenhariadepetroleo\/files\/2023\/01\/WhatsApp-Image-2023-01-26-at-05.10.20.jpeg?resize=724%2C1024&amp;ssl=1 724w, https:\/\/i0.wp.com\/wp.ufpel.edu.br\/engenhariadepetroleo\/files\/2023\/01\/WhatsApp-Image-2023-01-26-at-05.10.20.jpeg?resize=768%2C1086&amp;ssl=1 768w, https:\/\/i0.wp.com\/wp.ufpel.edu.br\/engenhariadepetroleo\/files\/2023\/01\/WhatsApp-Image-2023-01-26-at-05.10.20.jpeg?w=829&amp;ssl=1 829w\" sizes=\"(max-width: 283px) 100vw, 283px\" \/><\/a><\/p>\n<p>__________________________________________________________________________________________________________<\/p>\n<p><strong>Positions in reservoir simulation, enhanced oil recovery, reservoir management, machine learning and digital fields<\/strong><\/p>\n<p><img src=\"https:\/\/media-exp1.licdn.com\/dms\/image\/D4E12AQELvH29a1p65w\/article-cover_image-shrink_423_752\/0\/1659449094911?e=1668643200&amp;v=beta&amp;t=PslnEBPSw-YfR6VG8oeDA7yow8NdCbt1h3x8z0J8rxo\" \/><\/p>\n<p>&nbsp;<\/p>\n<p class=\"reader-text-block__paragraph\">UNISIM (research group in Petroleum Reservoir Simulation and Management) has open positions in reservoir simulation, enhanced oil recovery, reservoir management, machine learning and digital fields and related areas. In case on interest:<\/p>\n<p class=\"reader-text-block__paragraph\">\u00b7\u00a0\u00a0\u00a0\u00a0\u00a0\u00a0\u00a0\u00a0\u00a0Post-doctoral fellowships:\u00a0please indicate PD-UNISIM and research area;<\/p>\n<p class=\"reader-text-block__paragraph\">\u00b7\u00a0\u00a0\u00a0\u00a0\u00a0\u00a0\u00a0\u00a0\u00a0PhD and MSc (open registration now to start in Feb.\/2023).<\/p>\n<p class=\"reader-text-block__paragraph\">Please, send email to:\u00a0<a href=\"http:\/\/mailto:unisim-adm-l@listas.unicamp.br\/\">unisim-adm-l@listas.unicamp.br<\/a><\/p>\n<p class=\"reader-text-block__paragraph\">More information in:\u00a0<a href=\"https:\/\/www.unisim.cepetro.unicamp.br\/en\/opportunities\">https:\/\/www.unisim.cepetro.unicamp.br\/en\/opportunities<\/a><\/p>\n<p>___________________________________________________________________________________________________________________________<\/p>\n<p>&nbsp;<\/p>\n<p><strong>Programa de Est\u00e1gio TechnipFMC<\/strong><\/p>\n<p class=\"subtitle1 mt-3 mb-2\"><strong>Prazo para Inscri\u00e7\u00e3o:<\/strong> <span class=\"bold\">14\/08\/2022<\/span><\/p>\n<p><strong><b>Pr\u00e9-requisitos<\/b>:<\/strong><\/p>\n<ul>\n<li>Gradua\u00e7\u00e3o em Administra\u00e7\u00e3o; Ci\u00eancias Atuariais; Ci\u00eancias Cont\u00e1beis; Ci\u00eancias Econ\u00f4micas; Comunica\u00e7\u00e3o Social; Direito; Defesa e Gest\u00e3o Estrat\u00e9gica Internacional; Psicologia; Publicidade e Propaganda;<\/li>\n<li>Engenharias: Mec\u00e2nica; El\u00e9trica; Automa\u00e7\u00e3o; Eletr\u00f4nica; Renov\u00e1veis; Materiais; Produ\u00e7\u00e3o; Software; Metal\u00fargica; Naval e Qu\u00edmica;<\/li>\n<li>T\u00e9cnico em Mec\u00e2nica, El\u00e9trica, Automa\u00e7\u00e3o ou \u00e1reas afins;<\/li>\n<li>Cursando a partir do 3\u00ba per\u00edodo.<\/li>\n<\/ul>\n<p><strong>Benef\u00edcios<\/strong><\/p>\n<ul>\n<li>Bolsa: N\u00edvel T\u00e9cnico R$960.00<\/li>\n<li>Bolsa: N\u00edvel Superior 6h &#8211; R$1500.00<\/li>\n<li>Plano de Sa\u00fade<\/li>\n<li>Ticket ou alimenta\u00e7\u00e3o no local &#8211; a depender da localidade<\/li>\n<\/ul>\n<p class=\"subtitle1\"><strong>Atua\u00e7\u00f5es em<\/strong><\/p>\n<ul>\n<li>Rio de Janeiro\/RJ, Campos dos Goytacazes\/RJ, Maca\u00e9\/RJ, Porto A\u00e7u\/RJ e Vit\u00f3ria\/ES.<\/li>\n<\/ul>\n<p><strong>Diferenciais:<\/strong><\/p>\n<ul>\n<li>Conhecimentos em inform\u00e1tica;<\/li>\n<li>Ingl\u00eas.<\/li>\n<\/ul>\n<p><strong>Etapas do Processo:<\/strong><\/p>\n<ul>\n<li>Triagem de curr\u00edculos;<\/li>\n<li>Provas online;<\/li>\n<li>Din\u00e2micas em grupo;<\/li>\n<li>Entrevista final.<\/li>\n<\/ul>\n<p>Para saber mais sobre o processo e obter o edital completo, acesse o link: <a href=\"https:\/\/comunidadeempodera.com.br\/edital\/410\">https:\/\/comunidadeempodera.com.br\/edital\/410<\/a><\/p>\n<h3 style=\"text-align: right;\"><span style=\"font-size: 8pt;\">DATA DE DIVULGA\u00c7\u00c3O EM 29 DE JULHO DE 2022<\/span><\/h3>\n<p>________________________________________________________________________________<\/p>\n<p><b>Programa Trainee Apodi Cimentos<\/b><\/p>\n<p><b>Sobre a Empresa e o Programa:<\/b><\/p>\n<p>Somos uma\u00a0<em>joint venture<\/em>\u00a0multinacional formada pela participa\u00e7\u00e3o societ\u00e1ria de dois grandes grupos,\u00a0<strong>fam\u00edlia Dias Branco e Grupo Titan<\/strong>. Como ind\u00fastria cimenteira moderna e sustent\u00e1vel, atuamos no Norte e Nordeste do Brasil, com foco em inova\u00e7\u00e3o e crescimento sustent\u00e1vel. Temos orgulho de estar presente na hist\u00f3ria do nosso pa\u00eds como agentes indutores de transforma\u00e7\u00e3o.<\/p>\n<p><b>Pr\u00e9-requisitos:<\/b><\/p>\n<ul style=\"font-weight: 400;\">\n<li><strong>Forma\u00e7\u00e3o:\u00a0<\/strong>julho 2019 a julho 2022<\/li>\n<li>Disponibilidade para trabalhar presencial em Fortaleza\/CE e redondezas \u2013 05 vagas\u00a0<strong>|<\/strong>\u00a0Quixer\u00e9\/CE \u2013 02 vagas;<\/li>\n<li><strong>Idioma:<\/strong>\u00a0ingl\u00eas intermedi\u00e1rio<\/li>\n<li><strong>Cursos eleg\u00edveis: sem restri\u00e7\u00e3o<\/strong><\/li>\n<\/ul>\n<p><b>Link de inscri\u00e7\u00e3o:\u00a0<\/b><a href=\"https:\/\/apodi.across.jobs\">Apodi\u00a0Cimentos (across.jobs)<\/a><\/p>\n<p><a href=\"https:\/\/i0.wp.com\/wp.ufpel.edu.br\/engenhariadepetroleo\/files\/2022\/07\/unnamed-scaled.jpeg?ssl=1\"><img data-recalc-dims=\"1\" data-attachment-id=\"2359\" data-permalink=\"https:\/\/wp.ufpel.edu.br\/engenhariadepetroleo\/oportunidades-2\/unnamed-2\/\" data-orig-file=\"https:\/\/i0.wp.com\/wp.ufpel.edu.br\/engenhariadepetroleo\/files\/2022\/07\/unnamed-scaled.jpeg?fit=1810%2C2560&amp;ssl=1\" data-orig-size=\"1810,2560\" data-comments-opened=\"0\" data-image-meta=\"{&quot;aperture&quot;:&quot;0&quot;,&quot;credit&quot;:&quot;&quot;,&quot;camera&quot;:&quot;&quot;,&quot;caption&quot;:&quot;&quot;,&quot;created_timestamp&quot;:&quot;0&quot;,&quot;copyright&quot;:&quot;&quot;,&quot;focal_length&quot;:&quot;0&quot;,&quot;iso&quot;:&quot;0&quot;,&quot;shutter_speed&quot;:&quot;0&quot;,&quot;title&quot;:&quot;&quot;,&quot;orientation&quot;:&quot;1&quot;}\" data-image-title=\"unnamed\" data-image-description=\"\" data-image-caption=\"\" data-medium-file=\"https:\/\/i0.wp.com\/wp.ufpel.edu.br\/engenhariadepetroleo\/files\/2022\/07\/unnamed-scaled.jpeg?fit=283%2C400&amp;ssl=1\" data-large-file=\"https:\/\/i0.wp.com\/wp.ufpel.edu.br\/engenhariadepetroleo\/files\/2022\/07\/unnamed-scaled.jpeg?fit=724%2C1024&amp;ssl=1\" class=\"alignnone size-medium wp-image-2359\" src=\"https:\/\/i0.wp.com\/wp.ufpel.edu.br\/engenhariadepetroleo\/files\/2022\/07\/unnamed.jpeg?resize=283%2C400&#038;ssl=1\" alt=\"\" width=\"283\" height=\"400\" srcset=\"https:\/\/i0.wp.com\/wp.ufpel.edu.br\/engenhariadepetroleo\/files\/2022\/07\/unnamed-scaled.jpeg?resize=283%2C400&amp;ssl=1 283w, https:\/\/i0.wp.com\/wp.ufpel.edu.br\/engenhariadepetroleo\/files\/2022\/07\/unnamed-scaled.jpeg?resize=724%2C1024&amp;ssl=1 724w, https:\/\/i0.wp.com\/wp.ufpel.edu.br\/engenhariadepetroleo\/files\/2022\/07\/unnamed-scaled.jpeg?resize=768%2C1086&amp;ssl=1 768w, https:\/\/i0.wp.com\/wp.ufpel.edu.br\/engenhariadepetroleo\/files\/2022\/07\/unnamed-scaled.jpeg?resize=1086%2C1536&amp;ssl=1 1086w, https:\/\/i0.wp.com\/wp.ufpel.edu.br\/engenhariadepetroleo\/files\/2022\/07\/unnamed-scaled.jpeg?resize=1448%2C2048&amp;ssl=1 1448w, https:\/\/i0.wp.com\/wp.ufpel.edu.br\/engenhariadepetroleo\/files\/2022\/07\/unnamed-scaled.jpeg?w=1810&amp;ssl=1 1810w\" sizes=\"(max-width: 283px) 100vw, 283px\" \/><\/a><\/p>\n<p>&nbsp;<\/p>\n<h3 style=\"text-align: right;\"><span style=\"font-size: 8pt;\">DATA DE DIVULGA\u00c7\u00c3O EM 12 DE JULHO DE 2022<\/span><\/h3>\n<p>________________________________________________________________________________<\/p>\n<p><b>Programa Trainee H\u00f6gan\u00e4s 2022<\/b><b>\u00a0<\/b><\/p>\n<p><b>Sobre o Programa:<\/b>\u00a0\u00a0\u00a0\u00a0\u00a0\u00a0\u00a0\u00a0\u00a0<u><\/u>\u00a0<u><\/u><\/p>\n<p>Somos uma empresa global, o que te possibilitar\u00e1 uma ampla experi\u00eancia profissional, com muitas oportunidades de crescimento, trilha de desenvolvimento,\u00a0<i>Job Rotation<\/i>, projetos e desenvolvimento de potencial para transforma\u00e7\u00e3o e inova\u00e7\u00e3o de ideias tecnol\u00f3gicas.<\/p>\n<p>Pr\u00e9-requisitos:<br \/>\n<u><\/u><\/p>\n<ul type=\"disc\">\n<li>Forma\u00e7\u00e3o Superior: dezembro de 2019 a Julho de 2022\u00a0\u00a0<u><\/u>\u00a0<u><\/u><\/li>\n<li>Ingl\u00eas: Fluente\u00a0\u00a0<u><\/u>\u00a0<u><\/u><\/li>\n<li>Cursos: Engenharias de automa\u00e7\u00e3o, el\u00e9trica, eletr\u00f4nica, materiais, mec\u00e2nica, mecatr\u00f4nica, metalurgia, produ\u00e7\u00e3o e qu\u00edmica.\u00a0\u00a0<u><\/u>\u00a0<u><\/u><\/li>\n<li>Experi\u00eancia: sem restri\u00e7\u00f5es &#8211; desej\u00e1vel participa\u00e7\u00e3o em projetos (empresa jr., centros acad\u00eamicos, inicia\u00e7\u00e3o cient\u00edfica, P&amp;D)\u00a0\u00a0<u><\/u>\u00a0<u><\/u><\/li>\n<li>Conhecimento em pacote office<\/li>\n<\/ul>\n<p>Link de inscri\u00e7\u00e3o:\u00a0<a href=\"https:\/\/hoganas.across.jobs\/\" target=\"_blank\" rel=\"noopener\" data-saferedirecturl=\"https:\/\/www.google.com\/url?q=https:\/\/hoganas.across.jobs\/&amp;source=gmail&amp;ust=1654772050170000&amp;usg=AOvVaw0_zeSKmEKv_DI-ffdC3c9B\">https:\/\/hoganas.<wbr \/>across.jobs\/<\/a>\u00a0\u00a0<u><\/u><\/p>\n<p><a href=\"https:\/\/i0.wp.com\/wp.ufpel.edu.br\/engenhariadepetroleo\/files\/2022\/06\/WhatsApp-Image-2022-05-25-at-16.04.27-1.jpeg?ssl=1\"><img data-recalc-dims=\"1\" data-attachment-id=\"2336\" data-permalink=\"https:\/\/wp.ufpel.edu.br\/engenhariadepetroleo\/oportunidades-2\/whatsapp-image-2022-05-25-at-16-04-27-1\/\" data-orig-file=\"https:\/\/i0.wp.com\/wp.ufpel.edu.br\/engenhariadepetroleo\/files\/2022\/06\/WhatsApp-Image-2022-05-25-at-16.04.27-1.jpeg?fit=724%2C1024&amp;ssl=1\" data-orig-size=\"724,1024\" data-comments-opened=\"0\" data-image-meta=\"{&quot;aperture&quot;:&quot;0&quot;,&quot;credit&quot;:&quot;&quot;,&quot;camera&quot;:&quot;&quot;,&quot;caption&quot;:&quot;&quot;,&quot;created_timestamp&quot;:&quot;0&quot;,&quot;copyright&quot;:&quot;&quot;,&quot;focal_length&quot;:&quot;0&quot;,&quot;iso&quot;:&quot;0&quot;,&quot;shutter_speed&quot;:&quot;0&quot;,&quot;title&quot;:&quot;&quot;,&quot;orientation&quot;:&quot;0&quot;}\" data-image-title=\"WhatsApp Image 2022-05-25 at 16.04.27 (1)\" data-image-description=\"\" data-image-caption=\"\" data-medium-file=\"https:\/\/i0.wp.com\/wp.ufpel.edu.br\/engenhariadepetroleo\/files\/2022\/06\/WhatsApp-Image-2022-05-25-at-16.04.27-1.jpeg?fit=283%2C400&amp;ssl=1\" data-large-file=\"https:\/\/i0.wp.com\/wp.ufpel.edu.br\/engenhariadepetroleo\/files\/2022\/06\/WhatsApp-Image-2022-05-25-at-16.04.27-1.jpeg?fit=724%2C1024&amp;ssl=1\" class=\"alignnone size-medium wp-image-2336\" src=\"https:\/\/i0.wp.com\/wp.ufpel.edu.br\/engenhariadepetroleo\/files\/2022\/06\/WhatsApp-Image-2022-05-25-at-16.04.27-1.jpeg?resize=283%2C400&#038;ssl=1\" alt=\"\" width=\"283\" height=\"400\" srcset=\"https:\/\/i0.wp.com\/wp.ufpel.edu.br\/engenhariadepetroleo\/files\/2022\/06\/WhatsApp-Image-2022-05-25-at-16.04.27-1.jpeg?resize=283%2C400&amp;ssl=1 283w, https:\/\/i0.wp.com\/wp.ufpel.edu.br\/engenhariadepetroleo\/files\/2022\/06\/WhatsApp-Image-2022-05-25-at-16.04.27-1.jpeg?w=724&amp;ssl=1 724w\" sizes=\"(max-width: 283px) 100vw, 283px\" \/><\/a><\/p>\n<h3 style=\"text-align: right;\"><span style=\"font-size: 8pt;\">DATA DE DIVULGA\u00c7\u00c3O EM 08 DE JUNHO DE 2022<\/span><\/h3>\n<p>________________________________________________________________________________<\/p>\n<p><strong>Possibilidade de est\u00e1gio na Trident!<\/strong><\/p>\n<p>Resumes must be sent to:\u00a0brazil.recruitment@trident-energy.com\u00a0with the position\u00b4s name at the e-mails title.<\/p>\n<p>&#8220;Os curr\u00edculos devem ser enviados para: brazil.recruitment@trident-energy.com com o nome da vaga no t\u00edtulo dos e-mails.&#8221;<\/p>\n<p><a href=\"https:\/\/i0.wp.com\/wp.ufpel.edu.br\/engenhariadepetroleo\/files\/2022\/05\/Trident.jpeg?ssl=1\"><img data-recalc-dims=\"1\" data-attachment-id=\"2279\" data-permalink=\"https:\/\/wp.ufpel.edu.br\/engenhariadepetroleo\/oportunidades-2\/trident\/\" data-orig-file=\"https:\/\/i0.wp.com\/wp.ufpel.edu.br\/engenhariadepetroleo\/files\/2022\/05\/Trident.jpeg?fit=701%2C848&amp;ssl=1\" data-orig-size=\"701,848\" data-comments-opened=\"0\" data-image-meta=\"{&quot;aperture&quot;:&quot;0&quot;,&quot;credit&quot;:&quot;&quot;,&quot;camera&quot;:&quot;&quot;,&quot;caption&quot;:&quot;&quot;,&quot;created_timestamp&quot;:&quot;0&quot;,&quot;copyright&quot;:&quot;&quot;,&quot;focal_length&quot;:&quot;0&quot;,&quot;iso&quot;:&quot;0&quot;,&quot;shutter_speed&quot;:&quot;0&quot;,&quot;title&quot;:&quot;&quot;,&quot;orientation&quot;:&quot;0&quot;}\" data-image-title=\"Trident\" data-image-description=\"\" data-image-caption=\"\" data-medium-file=\"https:\/\/i0.wp.com\/wp.ufpel.edu.br\/engenhariadepetroleo\/files\/2022\/05\/Trident.jpeg?fit=331%2C400&amp;ssl=1\" data-large-file=\"https:\/\/i0.wp.com\/wp.ufpel.edu.br\/engenhariadepetroleo\/files\/2022\/05\/Trident.jpeg?fit=701%2C848&amp;ssl=1\" class=\"alignnone size-medium wp-image-2279\" src=\"https:\/\/i0.wp.com\/wp.ufpel.edu.br\/engenhariadepetroleo\/files\/2022\/05\/Trident.jpeg?resize=331%2C400&#038;ssl=1\" alt=\"\" width=\"331\" height=\"400\" srcset=\"https:\/\/i0.wp.com\/wp.ufpel.edu.br\/engenhariadepetroleo\/files\/2022\/05\/Trident.jpeg?resize=331%2C400&amp;ssl=1 331w, https:\/\/i0.wp.com\/wp.ufpel.edu.br\/engenhariadepetroleo\/files\/2022\/05\/Trident.jpeg?w=701&amp;ssl=1 701w\" sizes=\"(max-width: 331px) 100vw, 331px\" \/><\/a><\/p>\n<h3 style=\"text-align: right;\"><span style=\"font-size: 8pt;\">DATA DE DIVULGA\u00c7\u00c3O EM 10 DE MAIO DE 2022<\/span><\/h3>\n<p>________________________________________________________________________________<\/p>\n<p><strong>As inscri\u00e7\u00f5es para o Programa Trainee Eneva 2022 est\u00e3o abertas!<\/strong><\/p>\n<p>Se voc\u00ea conhece algum talento que busca sempre mais e queira se juntar a n\u00f3s, pode avisar que chegou a hora de fazer parte do time Eneva. Dessa vez, com vagas operacionais e corporativas.<\/p>\n<div><\/div>\n<p>Todo mundo merece saber dessa oportunidade, n\u00e3o \u00e9 mesmo? Nos ajude a alcan\u00e7ar novos talentos espalhando a nossa marca pelo pa\u00eds, compartilhando com as redes de contato e marcando o @ nos posts das redes sociais da Eneva.<\/p>\n<p>E se precisar de mais informa\u00e7\u00f5es sobre o Programa, \u00e9 s\u00f3 acessar e compartilhar este link:\u00a0<a href=\"http:\/\/bit.ly\/3MNtLjA\" target=\"_blank\" rel=\"noopener\" data-saferedirecturl=\"https:\/\/www.google.com\/url?q=http:\/\/bit.ly\/3MNtLjA&amp;source=gmail&amp;ust=1652031177100000&amp;usg=AOvVaw3C3JLCDg7XUohLHV5DNcJV\">bit.ly\/3MNtLjA<\/a><\/p>\n<p>A energia do time Eneva j\u00e1 est\u00e1 transformando o Brasil.<\/p>\n<p><a href=\"https:\/\/i0.wp.com\/wp.ufpel.edu.br\/engenhariadepetroleo\/files\/2022\/05\/image.png?ssl=1\"><img data-recalc-dims=\"1\" data-attachment-id=\"2263\" data-permalink=\"https:\/\/wp.ufpel.edu.br\/engenhariadepetroleo\/estagios\/image-3\/\" data-orig-file=\"https:\/\/i0.wp.com\/wp.ufpel.edu.br\/engenhariadepetroleo\/files\/2022\/05\/image.png?fit=750%2C371&amp;ssl=1\" data-orig-size=\"750,371\" data-comments-opened=\"0\" data-image-meta=\"{&quot;aperture&quot;:&quot;0&quot;,&quot;credit&quot;:&quot;&quot;,&quot;camera&quot;:&quot;&quot;,&quot;caption&quot;:&quot;&quot;,&quot;created_timestamp&quot;:&quot;0&quot;,&quot;copyright&quot;:&quot;&quot;,&quot;focal_length&quot;:&quot;0&quot;,&quot;iso&quot;:&quot;0&quot;,&quot;shutter_speed&quot;:&quot;0&quot;,&quot;title&quot;:&quot;&quot;,&quot;orientation&quot;:&quot;0&quot;}\" data-image-title=\"image\" data-image-description=\"\" data-image-caption=\"\" data-medium-file=\"https:\/\/i0.wp.com\/wp.ufpel.edu.br\/engenhariadepetroleo\/files\/2022\/05\/image.png?fit=400%2C198&amp;ssl=1\" data-large-file=\"https:\/\/i0.wp.com\/wp.ufpel.edu.br\/engenhariadepetroleo\/files\/2022\/05\/image.png?fit=750%2C371&amp;ssl=1\" class=\"alignnone size-medium wp-image-2263\" src=\"https:\/\/i0.wp.com\/wp.ufpel.edu.br\/engenhariadepetroleo\/files\/2022\/05\/image.png?resize=400%2C198&#038;ssl=1\" alt=\"\" width=\"400\" height=\"198\" srcset=\"https:\/\/i0.wp.com\/wp.ufpel.edu.br\/engenhariadepetroleo\/files\/2022\/05\/image.png?resize=400%2C198&amp;ssl=1 400w, https:\/\/i0.wp.com\/wp.ufpel.edu.br\/engenhariadepetroleo\/files\/2022\/05\/image.png?w=750&amp;ssl=1 750w\" sizes=\"(max-width: 400px) 100vw, 400px\" \/><\/a><\/p>\n<h3 style=\"text-align: right;\"><span style=\"font-size: 8pt;\">DATA DE DIVULGA\u00c7\u00c3O EM 05 DE MAIO DE 2022<\/span><\/h3>\n<p>________________________________________________________________________________<\/p>\n<h6 style=\"text-align: right;\">Atualizado em 10 de Maio de 2022<\/h6>\n","protected":false},"excerpt":{"rendered":"<p>Ei, futuro engenheiro(a), esta vaga \u00e9 para voc\u00ea! Inscreva-se no processo seletivo de est\u00e1gio 2023\/1 e venha fazer parte da equipe da Gas Energy! &#x1f4e3; As inscri\u00e7\u00f5es s\u00e3o feitas atrav\u00e9s do preenchimento do formul\u00e1rio abaixo (os requisitos m\u00ednimos e informa\u00e7\u00f5es sobre a vaga est\u00e3o tamb\u00e9m dispon\u00edveis no link): https:\/\/lnkd.in\/dKRHc9yB &nbsp; &nbsp; &nbsp; &nbsp; &nbsp; &nbsp; [&hellip;]<\/p>\n","protected":false},"author":197,"featured_media":0,"parent":0,"menu_order":0,"comment_status":"closed","ping_status":"closed","template":"","meta":{"jetpack_post_was_ever_published":false,"footnotes":""},"class_list":["post-2268","page","type-page","status-publish","hentry"],"jetpack_sharing_enabled":true,"jetpack_shortlink":"https:\/\/wp.me\/P6Pmcg-AA","jetpack_likes_enabled":true,"jetpack-related-posts":[],"_links":{"self":[{"href":"https:\/\/wp.ufpel.edu.br\/engenhariadepetroleo\/wp-json\/wp\/v2\/pages\/2268","targetHints":{"allow":["GET"]}}],"collection":[{"href":"https:\/\/wp.ufpel.edu.br\/engenhariadepetroleo\/wp-json\/wp\/v2\/pages"}],"about":[{"href":"https:\/\/wp.ufpel.edu.br\/engenhariadepetroleo\/wp-json\/wp\/v2\/types\/page"}],"author":[{"embeddable":true,"href":"https:\/\/wp.ufpel.edu.br\/engenhariadepetroleo\/wp-json\/wp\/v2\/users\/197"}],"replies":[{"embeddable":true,"href":"https:\/\/wp.ufpel.edu.br\/engenhariadepetroleo\/wp-json\/wp\/v2\/comments?post=2268"}],"version-history":[{"count":24,"href":"https:\/\/wp.ufpel.edu.br\/engenhariadepetroleo\/wp-json\/wp\/v2\/pages\/2268\/revisions"}],"predecessor-version":[{"id":2591,"href":"https:\/\/wp.ufpel.edu.br\/engenhariadepetroleo\/wp-json\/wp\/v2\/pages\/2268\/revisions\/2591"}],"wp:attachment":[{"href":"https:\/\/wp.ufpel.edu.br\/engenhariadepetroleo\/wp-json\/wp\/v2\/media?parent=2268"}],"curies":[{"name":"wp","href":"https:\/\/api.w.org\/{rel}","templated":true}]}}