{"id":2073,"date":"2022-02-21T12:37:13","date_gmt":"2022-02-21T15:37:13","guid":{"rendered":"https:\/\/wp.ufpel.edu.br\/engenhariadepetroleo\/?page_id=2073"},"modified":"2022-02-25T09:53:36","modified_gmt":"2022-02-25T12:53:36","slug":"ficha-de-acompanhamento-de-estagio","status":"publish","type":"page","link":"https:\/\/wp.ufpel.edu.br\/engenhariadepetroleo\/ficha-de-acompanhamento-de-estagio\/","title":{"rendered":"Ficha de Acompanhamento de Est\u00e1gio"},"content":{"rendered":"<h1 style=\"text-align: center\">Aten\u00e7\u00e3o!! P\u00e1gina em constru\u00e7\u00e3o. Formul\u00e1rio n\u00e3o operacional.<\/h1>\n\n<div class=\"wpcf7 no-js\" id=\"wpcf7-f2072-o1\" lang=\"pt-BR\" dir=\"ltr\" data-wpcf7-id=\"2072\">\n<div class=\"screen-reader-response\"><p role=\"status\" aria-live=\"polite\" aria-atomic=\"true\"><\/p> <ul><\/ul><\/div>\n<form action=\"\/engenhariadepetroleo\/wp-json\/wp\/v2\/pages\/2073#wpcf7-f2072-o1\" method=\"post\" class=\"wpcf7-form init\" aria-label=\"Formul\u00e1rios de contato\" novalidate=\"novalidate\" data-status=\"init\">\n<fieldset class=\"hidden-fields-container\"><input type=\"hidden\" name=\"_wpcf7\" value=\"2072\" \/><input type=\"hidden\" name=\"_wpcf7_version\" value=\"6.1.4\" \/><input type=\"hidden\" name=\"_wpcf7_locale\" value=\"pt_BR\" \/><input type=\"hidden\" name=\"_wpcf7_unit_tag\" value=\"wpcf7-f2072-o1\" \/><input type=\"hidden\" name=\"_wpcf7_container_post\" value=\"0\" \/><input type=\"hidden\" name=\"_wpcf7_posted_data_hash\" value=\"\" \/><input type=\"hidden\" name=\"_wpcf7cf_hidden_group_fields\" value=\"[]\" \/><input type=\"hidden\" name=\"_wpcf7cf_hidden_groups\" value=\"[]\" \/><input type=\"hidden\" name=\"_wpcf7cf_visible_groups\" value=\"[]\" \/><input type=\"hidden\" name=\"_wpcf7cf_repeaters\" value=\"[]\" \/><input type=\"hidden\" name=\"_wpcf7cf_steps\" value=\"{}\" \/><input type=\"hidden\" name=\"_wpcf7cf_options\" value=\"{&quot;form_id&quot;:2072,&quot;conditions&quot;:[],&quot;settings&quot;:{&quot;animation&quot;:&quot;yes&quot;,&quot;animation_intime&quot;:200,&quot;animation_outtime&quot;:200,&quot;conditions_ui&quot;:&quot;normal&quot;,&quot;notice_dismissed&quot;:false}}\" \/>\n<\/fieldset>\n<h2 style=\"text-align: center\">Formul\u00e1rio de Autoavalia\u00e7\u00e3o do Est\u00e1gio\n<\/h2>\n<p><b>Identifica\u00e7\u00e3o do(a) estagi\u00e1rio(a)<\/b>\n<\/p>\n<p>Nome:\n<\/p>\n<p><span class=\"wpcf7-form-control-wrap\" data-name=\"your-name\"><input size=\"40\" maxlength=\"400\" class=\"wpcf7-form-control wpcf7-text wpcf7-validates-as-required\" aria-required=\"true\" aria-invalid=\"false\" value=\"\" type=\"text\" name=\"your-name\" \/><\/span>\n<\/p>\n<p>N\u00famero de Matr\u00edcula:\n<\/p>\n<p><span class=\"wpcf7-form-control-wrap\" data-name=\"your-matricula\"><input size=\"40\" maxlength=\"400\" class=\"wpcf7-form-control wpcf7-text wpcf7-validates-as-required\" aria-required=\"true\" aria-invalid=\"false\" value=\"\" type=\"text\" name=\"your-matricula\" \/><\/span>\n<\/p>\n<p>Email:\n<\/p>\n<p><span class=\"wpcf7-form-control-wrap\" data-name=\"your-email\"><input size=\"40\" maxlength=\"400\" class=\"wpcf7-form-control wpcf7-email wpcf7-validates-as-required wpcf7-text wpcf7-validates-as-email\" aria-required=\"true\" aria-invalid=\"false\" value=\"\" type=\"email\" name=\"your-email\" \/><\/span>\n<\/p>\n<p><b>Identifica\u00e7\u00e3o do(a) orientador(a) de est\u00e1gio<\/b>\n<\/p>\n<p>Nome:\n<\/p>\n<p><span class=\"wpcf7-form-control-wrap\" data-name=\"name-orientador\"><input size=\"40\" maxlength=\"400\" class=\"wpcf7-form-control wpcf7-text wpcf7-validates-as-required\" aria-required=\"true\" aria-invalid=\"false\" value=\"\" type=\"text\" name=\"name-orientador\" \/><\/span>\n<\/p>\n<p>Email:\n<\/p>\n<p><span class=\"wpcf7-form-control-wrap\" data-name=\"email-orientador\"><input size=\"40\" maxlength=\"400\" class=\"wpcf7-form-control wpcf7-email wpcf7-validates-as-required wpcf7-text wpcf7-validates-as-email\" aria-required=\"true\" aria-invalid=\"false\" value=\"\" type=\"email\" name=\"email-orientador\" \/><\/span>\n<\/p>\n<p><b>Identifica\u00e7\u00e3o do local de est\u00e1gio<\/b>\n<\/p>\n<p>Empresa\/Institui\u00e7\u00e3o:\n<\/p>\n<p><span class=\"wpcf7-form-control-wrap\" data-name=\"empresa\"><input size=\"40\" maxlength=\"400\" class=\"wpcf7-form-control wpcf7-text wpcf7-validates-as-required\" aria-required=\"true\" aria-invalid=\"false\" value=\"\" type=\"text\" name=\"empresa\" \/><\/span>\n<\/p>\n<p>Local:\n<\/p>\n<p><span class=\"wpcf7-form-control-wrap\" data-name=\"local\"><input size=\"40\" maxlength=\"400\" class=\"wpcf7-form-control wpcf7-text wpcf7-validates-as-required\" aria-required=\"true\" aria-invalid=\"false\" value=\"\" type=\"text\" name=\"local\" \/><\/span>\n<\/p>\n<p>\u00c1rea de atua\u00e7\u00e3o:\n<\/p>\n<p><span class=\"wpcf7-form-control-wrap\" data-name=\"work\"><input size=\"40\" maxlength=\"400\" class=\"wpcf7-form-control wpcf7-text wpcf7-validates-as-required\" aria-required=\"true\" aria-invalid=\"false\" value=\"\" type=\"text\" name=\"work\" \/><\/span>\n<\/p>\n<p>Natureza do est\u00e1gio\n<\/p>\n<p><span class=\"wpcf7-form-control-wrap\" data-name=\"checkbox-1\"><span class=\"wpcf7-form-control wpcf7-checkbox wpcf7-validates-as-required\"><span class=\"wpcf7-list-item first\"><label><input type=\"checkbox\" name=\"checkbox-1[]\" value=\"Obrigat\u00f3rio\" \/><span class=\"wpcf7-list-item-label\">Obrigat\u00f3rio<\/span><\/label><\/span><span class=\"wpcf7-list-item last\"><label><input type=\"checkbox\" name=\"checkbox-1[]\" value=\"N\u00e3o obrigat\u00f3rio\" \/><span class=\"wpcf7-list-item-label\">N\u00e3o obrigat\u00f3rio<\/span><\/label><\/span><\/span><\/span>\n<\/p>\n<p><b>Identifica\u00e7\u00e3o do(a) supervisor(a) de est\u00e1gio<\/b>\n<\/p>\n<p>Nome:\n<\/p>\n<p><span class=\"wpcf7-form-control-wrap\" data-name=\"name-supervisor\"><input size=\"40\" maxlength=\"400\" class=\"wpcf7-form-control wpcf7-text wpcf7-validates-as-required\" aria-required=\"true\" aria-invalid=\"false\" value=\"\" type=\"text\" name=\"name-supervisor\" \/><\/span>\n<\/p>\n<p><b>Per\u00edodo de avalia\u00e7\u00e3o do est\u00e1gio<\/b>\n<\/p>\n<p>De <span class=\"wpcf7-form-control-wrap\" data-name=\"date-periodo-ini\"><input class=\"wpcf7-form-control wpcf7-date wpcf7-validates-as-required wpcf7-validates-as-date\" aria-required=\"true\" aria-invalid=\"false\" value=\"\" type=\"date\" name=\"date-periodo-ini\" \/><\/span> a <span class=\"wpcf7-form-control-wrap\" data-name=\"date-periodo-fin\"><input class=\"wpcf7-form-control wpcf7-date wpcf7-validates-as-required wpcf7-validates-as-date\" aria-required=\"true\" aria-invalid=\"false\" value=\"\" type=\"date\" name=\"date-periodo-fin\" \/><\/span>\n<\/p>\n<p> Descreva as atividades que voc\u00ea executou durante o per\u00edodo a que se refere essa avalia\u00e7\u00e3o:\n<\/p>\n<p><span class=\"wpcf7-form-control-wrap\" data-name=\"description\"><textarea cols=\"40\" rows=\"10\" maxlength=\"2000\" class=\"wpcf7-form-control wpcf7-textarea\" aria-invalid=\"false\" name=\"description\"><\/textarea><\/span>\n<\/p>\n<p> Durante esse per\u00edodo voc\u00ea teve oportunidade de participar de cursos\/eventos? Quais? Que contribui\u00e7\u00e3o eles trouxeram para a sua forma\u00e7\u00e3o profissional?\n<\/p>\n<p><span class=\"wpcf7-form-control-wrap\" data-name=\"oportunidades\"><textarea cols=\"40\" rows=\"10\" maxlength=\"2000\" class=\"wpcf7-form-control wpcf7-textarea\" aria-invalid=\"false\" name=\"oportunidades\"><\/textarea><\/span>\n<\/p>\n<p><b>ATIVIDADES<\/b>\n<\/p>\n<p>O est\u00e1gio est\u00e1 atendendo \u00e0s suas expectativas\n<\/p>\n<p><span class=\"wpcf7-form-control-wrap\" data-name=\"checkbox-2\"><span class=\"wpcf7-form-control wpcf7-checkbox wpcf7-validates-as-required\"><span class=\"wpcf7-list-item first\"><label><input type=\"checkbox\" name=\"checkbox-2[]\" value=\"Sim\" \/><span class=\"wpcf7-list-item-label\">Sim<\/span><\/label><\/span><span class=\"wpcf7-list-item\"><label><input type=\"checkbox\" name=\"checkbox-2[]\" value=\"N\u00e3o\" \/><span class=\"wpcf7-list-item-label\">N\u00e3o<\/span><\/label><\/span><span class=\"wpcf7-list-item last\"><label><input type=\"checkbox\" name=\"checkbox-2[]\" value=\"Regular\" \/><span class=\"wpcf7-list-item-label\">Regular<\/span><\/label><\/span><\/span><\/span>\n<\/p>\n<p>O plano de atividades est\u00e1 sendo cumprido?\n<\/p>\n<p><span class=\"wpcf7-form-control-wrap\" data-name=\"checkbox-3\"><span class=\"wpcf7-form-control wpcf7-checkbox wpcf7-validates-as-required\"><span class=\"wpcf7-list-item first\"><label><input type=\"checkbox\" name=\"checkbox-3[]\" value=\"Sim\" \/><span class=\"wpcf7-list-item-label\">Sim<\/span><\/label><\/span><span class=\"wpcf7-list-item\"><label><input type=\"checkbox\" name=\"checkbox-3[]\" value=\"N\u00e3o\" \/><span class=\"wpcf7-list-item-label\">N\u00e3o<\/span><\/label><\/span><span class=\"wpcf7-list-item last\"><label><input type=\"checkbox\" name=\"checkbox-3[]\" value=\"Regular\" \/><span class=\"wpcf7-list-item-label\">Regular<\/span><\/label><\/span><\/span><\/span>\n<\/p>\n<p>A carga hor\u00e1ria (no m\u00e1ximo 6 hora\/semana) est\u00e1 sendo cumprida?\n<\/p>\n<p><span class=\"wpcf7-form-control-wrap\" data-name=\"checkbox-4\"><span class=\"wpcf7-form-control wpcf7-checkbox wpcf7-validates-as-required\"><span class=\"wpcf7-list-item first\"><label><input type=\"checkbox\" name=\"checkbox-4[]\" value=\"Sim\" \/><span class=\"wpcf7-list-item-label\">Sim<\/span><\/label><\/span><span class=\"wpcf7-list-item\"><label><input type=\"checkbox\" name=\"checkbox-4[]\" value=\"N\u00e3o\" \/><span class=\"wpcf7-list-item-label\">N\u00e3o<\/span><\/label><\/span><span class=\"wpcf7-list-item last\"><label><input type=\"checkbox\" name=\"checkbox-4[]\" value=\"Regular\" \/><span class=\"wpcf7-list-item-label\">Regular<\/span><\/label><\/span><\/span><\/span>\n<\/p>\n<p>A sua carga hor\u00e1ria est\u00e1 sendo reduzida \u00e0 metade, nos dias de prova?\n<\/p>\n<p><span class=\"wpcf7-form-control-wrap\" data-name=\"checkbox-5\"><span class=\"wpcf7-form-control wpcf7-checkbox wpcf7-validates-as-required\"><span class=\"wpcf7-list-item first\"><label><input type=\"checkbox\" name=\"checkbox-5[]\" value=\"Sim\" \/><span class=\"wpcf7-list-item-label\">Sim<\/span><\/label><\/span><span class=\"wpcf7-list-item\"><label><input type=\"checkbox\" name=\"checkbox-5[]\" value=\"N\u00e3o\" \/><span class=\"wpcf7-list-item-label\">N\u00e3o<\/span><\/label><\/span><span class=\"wpcf7-list-item last\"><label><input type=\"checkbox\" name=\"checkbox-5[]\" value=\"Regular\" \/><span class=\"wpcf7-list-item-label\">Regular<\/span><\/label><\/span><\/span><\/span>\n<\/p>\n<p>O est\u00e1gio est\u00e1 lhe possibilitando aplicar seus conhecimentos te\u00f3ricos?\n<\/p>\n<p><span class=\"wpcf7-form-control-wrap\" data-name=\"checkbox-6\"><span class=\"wpcf7-form-control wpcf7-checkbox wpcf7-validates-as-required\"><span class=\"wpcf7-list-item first\"><label><input type=\"checkbox\" name=\"checkbox-6[]\" value=\"Sim\" \/><span class=\"wpcf7-list-item-label\">Sim<\/span><\/label><\/span><span class=\"wpcf7-list-item\"><label><input type=\"checkbox\" name=\"checkbox-6[]\" value=\"N\u00e3o\" \/><span class=\"wpcf7-list-item-label\">N\u00e3o<\/span><\/label><\/span><span class=\"wpcf7-list-item last\"><label><input type=\"checkbox\" name=\"checkbox-6[]\" value=\"Regular\" \/><span class=\"wpcf7-list-item-label\">Regular<\/span><\/label><\/span><\/span><\/span>\n<\/p>\n<p>O est\u00e1gio est\u00e1 lhe possibilitando ampliar seu relacionamento com outras pessoas, fazendo-o(a) perceber a import\u00e2ncia do di\u00e1logo e do trabalho em equipe?\n<\/p>\n<p><span class=\"wpcf7-form-control-wrap\" data-name=\"checkbox-7\"><span class=\"wpcf7-form-control wpcf7-checkbox wpcf7-validates-as-required\"><span class=\"wpcf7-list-item first\"><label><input type=\"checkbox\" name=\"checkbox-7[]\" value=\"Sim\" \/><span class=\"wpcf7-list-item-label\">Sim<\/span><\/label><\/span><span class=\"wpcf7-list-item\"><label><input type=\"checkbox\" name=\"checkbox-7[]\" value=\"N\u00e3o\" \/><span class=\"wpcf7-list-item-label\">N\u00e3o<\/span><\/label><\/span><span class=\"wpcf7-list-item last\"><label><input type=\"checkbox\" name=\"checkbox-7[]\" value=\"Regular\" \/><span class=\"wpcf7-list-item-label\">Regular<\/span><\/label><\/span><\/span><\/span>\n<\/p>\n<p><b>AMBIENTE DE TRABALHO<\/b>\n<\/p>\n<p>A empresa est\u00e1 fornecendo as condi\u00e7\u00f5es necess\u00e1rias para voc\u00ea desenvolver as suas atividades de est\u00e1gio?\n<\/p>\n<p><span class=\"wpcf7-form-control-wrap\" data-name=\"checkbox-8\"><span class=\"wpcf7-form-control wpcf7-checkbox wpcf7-validates-as-required\"><span class=\"wpcf7-list-item first\"><label><input type=\"checkbox\" name=\"checkbox-8[]\" value=\"Sim\" \/><span class=\"wpcf7-list-item-label\">Sim<\/span><\/label><\/span><span class=\"wpcf7-list-item\"><label><input type=\"checkbox\" name=\"checkbox-8[]\" value=\"N\u00e3o\" \/><span class=\"wpcf7-list-item-label\">N\u00e3o<\/span><\/label><\/span><span class=\"wpcf7-list-item last\"><label><input type=\"checkbox\" name=\"checkbox-8[]\" value=\"Regular\" \/><span class=\"wpcf7-list-item-label\">Regular<\/span><\/label><\/span><\/span><\/span>\n<\/p>\n<p>O seu relacionamento com os funcion\u00e1rios da empresa est\u00e1 bom?\n<\/p>\n<p><span class=\"wpcf7-form-control-wrap\" data-name=\"checkbox-9\"><span class=\"wpcf7-form-control wpcf7-checkbox wpcf7-validates-as-required\"><span class=\"wpcf7-list-item first\"><label><input type=\"checkbox\" name=\"checkbox-9[]\" value=\"Sim\" \/><span class=\"wpcf7-list-item-label\">Sim<\/span><\/label><\/span><span class=\"wpcf7-list-item\"><label><input type=\"checkbox\" name=\"checkbox-9[]\" value=\"N\u00e3o\" \/><span class=\"wpcf7-list-item-label\">N\u00e3o<\/span><\/label><\/span><span class=\"wpcf7-list-item last\"><label><input type=\"checkbox\" name=\"checkbox-9[]\" value=\"Regular\" \/><span class=\"wpcf7-list-item-label\">Regular<\/span><\/label><\/span><\/span><\/span>\n<\/p>\n<p>A supervis\u00e3o t\u00e9cnica oferecida pela empresa est\u00e1 suficiente?\n<\/p>\n<p><span class=\"wpcf7-form-control-wrap\" data-name=\"checkbox-10\"><span class=\"wpcf7-form-control wpcf7-checkbox wpcf7-validates-as-required\"><span class=\"wpcf7-list-item first\"><label><input type=\"checkbox\" name=\"checkbox-10[]\" value=\"Sim\" \/><span class=\"wpcf7-list-item-label\">Sim<\/span><\/label><\/span><span class=\"wpcf7-list-item\"><label><input type=\"checkbox\" name=\"checkbox-10[]\" value=\"N\u00e3o\" \/><span class=\"wpcf7-list-item-label\">N\u00e3o<\/span><\/label><\/span><span class=\"wpcf7-list-item last\"><label><input type=\"checkbox\" name=\"checkbox-10[]\" value=\"Regular\" \/><span class=\"wpcf7-list-item-label\">Regular<\/span><\/label><\/span><\/span><\/span>\n<\/p>\n<p>De 0 (zero) a 5 (cinco), d\u00ea uma nota para o seu desempenho no est\u00e1gio:\n<\/p>\n<p><span class=\"wpcf7-form-control-wrap\" data-name=\"number-411\"><input class=\"wpcf7-form-control wpcf7-number wpcf7-validates-as-number\" min=\"0\" max=\"5\" aria-invalid=\"false\" value=\"\" type=\"number\" name=\"number-411\" \/><\/span>\n<\/p>\n<p><b>COMENT\u00c1RIOS E SUGEST\u00d5ES<\/b>\n<\/p>\n<p><span class=\"wpcf7-form-control-wrap\" data-name=\"coment\"><textarea cols=\"40\" rows=\"10\" maxlength=\"2000\" class=\"wpcf7-form-control wpcf7-textarea\" aria-invalid=\"false\" name=\"coment\"><\/textarea><\/span>\n<\/p>\n<p><span class=\"wpcf7-form-control-wrap\" data-name=\"checkbox-145\"><span class=\"wpcf7-form-control wpcf7-checkbox wpcf7-validates-as-required\"><span class=\"wpcf7-list-item first last\"><label><input type=\"checkbox\" name=\"checkbox-145[]\" value=\"Declaro a veracidade do conte\u00fado aqui apresentado.\" \/><span class=\"wpcf7-list-item-label\">Declaro a veracidade do conte\u00fado aqui apresentado.<\/span><\/label><\/span><\/span><\/span>\n<\/p>\n<p> *Voc\u00ea, orientador(a) e o(a) coordenador(a) de est\u00e1gio receber\u00e3o uma c\u00f3pia da ficha de avalia\u00e7\u00e3o de est\u00e1gio no e-mail cadastrado neste relat\u00f3rio. Guarde esse e-mail como comprovante.\n<\/p>\n<p><input class=\"wpcf7-form-control wpcf7-submit has-spinner\" type=\"submit\" value=\"Encaminhar Ficha de Acompanhamento de Est\u00e1gio\" \/>\n<\/p><p style=\"display: none !important;\" class=\"akismet-fields-container\" data-prefix=\"_wpcf7_ak_\"><label>&#916;<textarea name=\"_wpcf7_ak_hp_textarea\" cols=\"45\" rows=\"8\" maxlength=\"100\"><\/textarea><\/label><input type=\"hidden\" id=\"ak_js_1\" name=\"_wpcf7_ak_js\" value=\"198\"\/><script>document.getElementById( \"ak_js_1\" ).setAttribute( \"value\", ( new Date() ).getTime() );<\/script><\/p><div class=\"wpcf7-response-output\" aria-hidden=\"true\"><\/div>\n<\/form>\n<\/div>\n\n","protected":false},"excerpt":{"rendered":"<p>Aten\u00e7\u00e3o!! P\u00e1gina em constru\u00e7\u00e3o. Formul\u00e1rio n\u00e3o operacional.<\/p>\n","protected":false},"author":197,"featured_media":0,"parent":0,"menu_order":0,"comment_status":"closed","ping_status":"closed","template":"","meta":{"jetpack_post_was_ever_published":false,"footnotes":""},"class_list":["post-2073","page","type-page","status-publish","hentry"],"jetpack_sharing_enabled":true,"jetpack_shortlink":"https:\/\/wp.me\/P6Pmcg-xr","jetpack_likes_enabled":true,"jetpack-related-posts":[],"_links":{"self":[{"href":"https:\/\/wp.ufpel.edu.br\/engenhariadepetroleo\/wp-json\/wp\/v2\/pages\/2073","targetHints":{"allow":["GET"]}}],"collection":[{"href":"https:\/\/wp.ufpel.edu.br\/engenhariadepetroleo\/wp-json\/wp\/v2\/pages"}],"about":[{"href":"https:\/\/wp.ufpel.edu.br\/engenhariadepetroleo\/wp-json\/wp\/v2\/types\/page"}],"author":[{"embeddable":true,"href":"https:\/\/wp.ufpel.edu.br\/engenhariadepetroleo\/wp-json\/wp\/v2\/users\/197"}],"replies":[{"embeddable":true,"href":"https:\/\/wp.ufpel.edu.br\/engenhariadepetroleo\/wp-json\/wp\/v2\/comments?post=2073"}],"version-history":[{"count":3,"href":"https:\/\/wp.ufpel.edu.br\/engenhariadepetroleo\/wp-json\/wp\/v2\/pages\/2073\/revisions"}],"predecessor-version":[{"id":2121,"href":"https:\/\/wp.ufpel.edu.br\/engenhariadepetroleo\/wp-json\/wp\/v2\/pages\/2073\/revisions\/2121"}],"wp:attachment":[{"href":"https:\/\/wp.ufpel.edu.br\/engenhariadepetroleo\/wp-json\/wp\/v2\/media?parent=2073"}],"curies":[{"name":"wp","href":"https:\/\/api.w.org\/{rel}","templated":true}]}}