{"id":2049,"date":"2022-02-15T17:14:07","date_gmt":"2022-02-15T20:14:07","guid":{"rendered":"https:\/\/wp.ufpel.edu.br\/engenhariadepetroleo\/?page_id=2049"},"modified":"2022-02-15T17:14:07","modified_gmt":"2022-02-15T20:14:07","slug":"solicitacao-de-requerimento-para-aproveitamento-de-disciplinas","status":"publish","type":"page","link":"https:\/\/wp.ufpel.edu.br\/engenhariadepetroleo\/solicitacao-de-requerimento-para-aproveitamento-de-disciplinas\/","title":{"rendered":"Solicita\u00e7\u00e3o de Requerimento para Aproveitamento de Disciplinas"},"content":{"rendered":"\n<div class=\"wpcf7 no-js\" id=\"wpcf7-f2048-o1\" lang=\"pt-BR\" dir=\"ltr\" data-wpcf7-id=\"2048\">\n<div class=\"screen-reader-response\"><p role=\"status\" aria-live=\"polite\" aria-atomic=\"true\"><\/p> <ul><\/ul><\/div>\n<form action=\"\/engenhariadepetroleo\/wp-json\/wp\/v2\/pages\/2049#wpcf7-f2048-o1\" method=\"post\" class=\"wpcf7-form init\" aria-label=\"Formul\u00e1rios de contato\" enctype=\"multipart\/form-data\" novalidate=\"novalidate\" data-status=\"init\">\n<fieldset class=\"hidden-fields-container\"><input type=\"hidden\" name=\"_wpcf7\" value=\"2048\" \/><input type=\"hidden\" name=\"_wpcf7_version\" value=\"6.1.4\" \/><input type=\"hidden\" name=\"_wpcf7_locale\" value=\"pt_BR\" \/><input type=\"hidden\" name=\"_wpcf7_unit_tag\" value=\"wpcf7-f2048-o1\" \/><input type=\"hidden\" name=\"_wpcf7_container_post\" value=\"0\" \/><input type=\"hidden\" name=\"_wpcf7_posted_data_hash\" value=\"\" \/><input type=\"hidden\" name=\"_wpcf7cf_hidden_group_fields\" value=\"[]\" \/><input type=\"hidden\" name=\"_wpcf7cf_hidden_groups\" value=\"[]\" \/><input type=\"hidden\" name=\"_wpcf7cf_visible_groups\" value=\"[]\" \/><input type=\"hidden\" name=\"_wpcf7cf_repeaters\" value=\"[]\" \/><input type=\"hidden\" name=\"_wpcf7cf_steps\" value=\"{}\" \/><input type=\"hidden\" name=\"_wpcf7cf_options\" value=\"{&quot;form_id&quot;:2048,&quot;conditions&quot;:[],&quot;settings&quot;:{&quot;animation&quot;:&quot;yes&quot;,&quot;animation_intime&quot;:200,&quot;animation_outtime&quot;:200,&quot;conditions_ui&quot;:&quot;normal&quot;,&quot;notice_dismissed&quot;:false}}\" \/>\n<\/fieldset>\n<p>Nome:\n<\/p>\n<p><span class=\"wpcf7-form-control-wrap\" data-name=\"your-name\"><input size=\"40\" maxlength=\"400\" class=\"wpcf7-form-control wpcf7-text wpcf7-validates-as-required\" aria-required=\"true\" aria-invalid=\"false\" value=\"\" type=\"text\" name=\"your-name\" \/><\/span>\n<\/p>\n<p>Curso:\n<\/p>\n<p><span class=\"wpcf7-form-control-wrap\" data-name=\"your-curso\"><input size=\"40\" maxlength=\"400\" class=\"wpcf7-form-control wpcf7-text wpcf7-validates-as-required\" aria-required=\"true\" aria-invalid=\"false\" value=\"\" type=\"text\" name=\"your-curso\" \/><\/span>\n<\/p>\n<p>N\u00famero de Matr\u00edcula:\n<\/p>\n<p><span class=\"wpcf7-form-control-wrap\" data-name=\"your-matricula\"><input size=\"40\" maxlength=\"400\" class=\"wpcf7-form-control wpcf7-text wpcf7-validates-as-required\" aria-required=\"true\" aria-invalid=\"false\" value=\"\" type=\"text\" name=\"your-matricula\" \/><\/span>\n<\/p>\n<p>Email:\n<\/p>\n<p><span class=\"wpcf7-form-control-wrap\" data-name=\"your-email\"><input size=\"40\" maxlength=\"400\" class=\"wpcf7-form-control wpcf7-email wpcf7-validates-as-required wpcf7-text wpcf7-validates-as-email\" aria-required=\"true\" aria-invalid=\"false\" value=\"\" type=\"email\" name=\"your-email\" \/><\/span>\n<\/p>\n<p><b>Solicito dispensa da seguinte disciplina:<\/b>\n<\/p>\n<p>Disciplina:\n<\/p>\n<p><span class=\"wpcf7-form-control-wrap\" data-name=\"disciplina\"><input size=\"40\" maxlength=\"400\" class=\"wpcf7-form-control wpcf7-text wpcf7-validates-as-required\" aria-required=\"true\" aria-invalid=\"false\" value=\"\" type=\"text\" name=\"disciplina\" \/><\/span>\n<\/p>\n<p>C\u00f3digo:\n<\/p>\n<p><span class=\"wpcf7-form-control-wrap\" data-name=\"code\"><input size=\"40\" maxlength=\"400\" class=\"wpcf7-form-control wpcf7-text\" aria-invalid=\"false\" value=\"\" type=\"text\" name=\"code\" \/><\/span>\n<\/p>\n<p><b>Por ter cursado:<\/b>\n<\/p>\n<p>Universidade:\n<\/p>\n<p><span class=\"wpcf7-form-control-wrap\" data-name=\"universidade\"><input size=\"40\" maxlength=\"400\" class=\"wpcf7-form-control wpcf7-text wpcf7-validates-as-required\" aria-required=\"true\" aria-invalid=\"false\" value=\"\" type=\"text\" name=\"universidade\" \/><\/span>\n<\/p>\n<p>Curso:\n<\/p>\n<p><span class=\"wpcf7-form-control-wrap\" data-name=\"curso\"><input size=\"40\" maxlength=\"400\" class=\"wpcf7-form-control wpcf7-text wpcf7-validates-as-required\" aria-required=\"true\" aria-invalid=\"false\" value=\"\" type=\"text\" name=\"curso\" \/><\/span>\n<\/p>\n<p>N\u00famero de Matr\u00edcula:\n<\/p>\n<p><span class=\"wpcf7-form-control-wrap\" data-name=\"matricula\"><input size=\"40\" maxlength=\"400\" class=\"wpcf7-form-control wpcf7-text wpcf7-validates-as-required\" aria-required=\"true\" aria-invalid=\"false\" value=\"\" type=\"text\" name=\"matricula\" \/><\/span>\n<\/p>\n<p>1. Disciplina:\n<\/p>\n<p><span class=\"wpcf7-form-control-wrap\" data-name=\"disciplina1\"><input size=\"40\" maxlength=\"400\" class=\"wpcf7-form-control wpcf7-text wpcf7-validates-as-required\" aria-required=\"true\" aria-invalid=\"false\" value=\"\" type=\"text\" name=\"disciplina1\" \/><\/span>\n<\/p>\n<p>1. C\u00f3digo:\n<\/p>\n<p><span class=\"wpcf7-form-control-wrap\" data-name=\"code1\"><input size=\"40\" maxlength=\"400\" class=\"wpcf7-form-control wpcf7-text\" aria-invalid=\"false\" value=\"\" type=\"text\" name=\"code1\" \/><\/span>\n<\/p>\n<p>2. Disciplina:\n<\/p>\n<p><span class=\"wpcf7-form-control-wrap\" data-name=\"disciplina2\"><input size=\"40\" maxlength=\"400\" class=\"wpcf7-form-control wpcf7-text\" aria-invalid=\"false\" value=\"\" type=\"text\" name=\"disciplina2\" \/><\/span>\n<\/p>\n<p>2.C\u00f3digo:\n<\/p>\n<p><span class=\"wpcf7-form-control-wrap\" data-name=\"code2\"><input size=\"40\" maxlength=\"400\" class=\"wpcf7-form-control wpcf7-text\" aria-invalid=\"false\" value=\"\" type=\"text\" name=\"code2\" \/><\/span>\n<\/p>\n<p>3. Disciplina:\n<\/p>\n<p><span class=\"wpcf7-form-control-wrap\" data-name=\"disciplina3\"><input size=\"40\" maxlength=\"400\" class=\"wpcf7-form-control wpcf7-text\" aria-invalid=\"false\" value=\"\" type=\"text\" name=\"disciplina3\" \/><\/span>\n<\/p>\n<p>3. C\u00f3digo:\n<\/p>\n<p><span class=\"wpcf7-form-control-wrap\" data-name=\"code3\"><input size=\"40\" maxlength=\"400\" class=\"wpcf7-form-control wpcf7-text\" aria-invalid=\"false\" value=\"\" type=\"text\" name=\"code3\" \/><\/span>\n<\/p>\n<p>4. Disciplina:\n<\/p>\n<p><span class=\"wpcf7-form-control-wrap\" data-name=\"disciplina4\"><input size=\"40\" maxlength=\"400\" class=\"wpcf7-form-control wpcf7-text\" aria-invalid=\"false\" value=\"\" type=\"text\" name=\"disciplina4\" \/><\/span>\n<\/p>\n<p>4. C\u00f3digo:\n<\/p>\n<p><span class=\"wpcf7-form-control-wrap\" data-name=\"code4\"><input size=\"40\" maxlength=\"400\" class=\"wpcf7-form-control wpcf7-text\" aria-invalid=\"false\" value=\"\" type=\"text\" name=\"code4\" \/><\/span>\n<\/p>\n<p>5. Disciplina:\n<\/p>\n<p><span class=\"wpcf7-form-control-wrap\" data-name=\"disciplina5\"><input size=\"40\" maxlength=\"400\" class=\"wpcf7-form-control wpcf7-text\" aria-invalid=\"false\" value=\"\" type=\"text\" name=\"disciplina5\" \/><\/span>\n<\/p>\n<p>5. C\u00f3digo:\n<\/p>\n<p><span class=\"wpcf7-form-control-wrap\" data-name=\"code5\"><input size=\"40\" maxlength=\"400\" class=\"wpcf7-form-control wpcf7-text\" aria-invalid=\"false\" value=\"\" type=\"text\" name=\"code5\" \/><\/span>\n<\/p>\n<p><span class=\"wpcf7-form-control-wrap\" data-name=\"checkbox-145\"><span class=\"wpcf7-form-control wpcf7-checkbox wpcf7-validates-as-required\"><span class=\"wpcf7-list-item first last\"><label><input type=\"checkbox\" name=\"checkbox-145[]\" value=\"Declaro a veracidade do conte\u00fado aqui apresentado.\" \/><span class=\"wpcf7-list-item-label\">Declaro a veracidade do conte\u00fado aqui apresentado.<\/span><\/label><\/span><\/span><\/span>\n<\/p>\n<h2>Aten\u00e7\u00e3o!\n<\/h2>\n<p>Compartilhe o <a href=\"https:\/\/wp.ufpel.edu.br\/engenhariadepetroleo\/files\/2020\/09\/REQUERIMENTO-PARA-APROVEITAMENTO-DE-DISCIPLINAS.pdf\"> Formul\u00e1rio para aproveitamento de disciplinas<\/a> preenchido e assinado.\n<\/p>\n<p><strong>Para disciplinas cursadas na UFPel dever\u00e1 ser anexado:<\/strong>\n<\/p>\n<p>- Hist\u00f3rico escolar original emitido pelo Colegiado de Curso ou pelo Sistema Cobalto ou pelo Departamento de Registros Acad\u00eamicos.\n<\/p>\n<p><strong>Para disciplinas cursadas em outra institui\u00e7\u00e3o dever\u00e1 ser anexado:<\/strong>\n<\/p>\n<p>- Hist\u00f3rico Escolar contendo nota, carga hor\u00e1ria e cr\u00e9ditos com carimbo e assinatura da institui\u00e7\u00e3o de origem.\n<\/p>\n<p>- Conte\u00fados Program\u00e1ticos (Programa das Disciplinas) originais com carimbo e assinatura da institui\u00e7\u00e3o de origem.\n<\/p>\n<p> N\u00e3o ser\u00e3o consideradas disciplinas cursadas registradas com dispensa ou disciplinas dispensadas.\n<\/p>\n<p> Este formul\u00e1rio n\u00e3o serve para solicitar carga hor\u00e1ria optativa, atividade complementar nem forma\u00e7\u00e3o livre.\n<\/p>\n<p>Pe\u00e7a orienta\u00e7\u00e3o no Colegiado do seu Curso sobre quais disciplinas voc\u00ea poder\u00e1\/dever\u00e1 pedir dispensa.\n<\/p>\n<p> *Voc\u00ea receber\u00e1 uma c\u00f3pia da solicita\u00e7\u00e3o por e-mail. Guarde esse e-mail como comprovante da sua solicita\u00e7\u00e3o.\n<\/p>\n<p>Anexe o Formul\u00e1rio para aproveitamento de disciplinas:\n<\/p>\n<p><span class=\"wpcf7-form-control-wrap\" data-name=\"file-398\"><input size=\"40\" class=\"wpcf7-form-control wpcf7-file\" accept=\".pdf\" aria-invalid=\"false\" type=\"file\" name=\"file-398\" \/><\/span>\n<\/p>\n<p>Anexe o seu hist\u00f3rico escolar:\n<\/p>\n<p><span class=\"wpcf7-form-control-wrap\" data-name=\"file-607\"><input size=\"40\" class=\"wpcf7-form-control wpcf7-file wpcf7-validates-as-required\" accept=\".pdf\" aria-required=\"true\" aria-invalid=\"false\" type=\"file\" name=\"file-607\" \/><\/span>\n<\/p>\n<p>Anexe o conte\u00fado program\u00e1tico:\n<\/p>\n<p><span class=\"wpcf7-form-control-wrap\" data-name=\"file-123\"><input size=\"40\" class=\"wpcf7-form-control wpcf7-file\" accept=\".pdf\" aria-invalid=\"false\" type=\"file\" name=\"file-123\" \/><\/span>\n<\/p>\n<p><input class=\"wpcf7-form-control wpcf7-submit has-spinner\" type=\"submit\" value=\"Encaminhar Solicita\u00e7\u00e3o de Requerimento para Aproveitamento de Disciplinas\" \/>\n<\/p><p style=\"display: none !important;\" class=\"akismet-fields-container\" data-prefix=\"_wpcf7_ak_\"><label>&#916;<textarea name=\"_wpcf7_ak_hp_textarea\" cols=\"45\" rows=\"8\" maxlength=\"100\"><\/textarea><\/label><input type=\"hidden\" id=\"ak_js_1\" name=\"_wpcf7_ak_js\" value=\"166\"\/><script>document.getElementById( \"ak_js_1\" ).setAttribute( \"value\", ( new Date() ).getTime() );<\/script><\/p><div class=\"wpcf7-response-output\" aria-hidden=\"true\"><\/div>\n<\/form>\n<\/div>\n\n","protected":false},"excerpt":{"rendered":"","protected":false},"author":197,"featured_media":0,"parent":0,"menu_order":0,"comment_status":"closed","ping_status":"closed","template":"","meta":{"jetpack_post_was_ever_published":false,"footnotes":""},"class_list":["post-2049","page","type-page","status-publish","hentry"],"jetpack_sharing_enabled":true,"jetpack_shortlink":"https:\/\/wp.me\/P6Pmcg-x3","jetpack_likes_enabled":true,"jetpack-related-posts":[],"_links":{"self":[{"href":"https:\/\/wp.ufpel.edu.br\/engenhariadepetroleo\/wp-json\/wp\/v2\/pages\/2049","targetHints":{"allow":["GET"]}}],"collection":[{"href":"https:\/\/wp.ufpel.edu.br\/engenhariadepetroleo\/wp-json\/wp\/v2\/pages"}],"about":[{"href":"https:\/\/wp.ufpel.edu.br\/engenhariadepetroleo\/wp-json\/wp\/v2\/types\/page"}],"author":[{"embeddable":true,"href":"https:\/\/wp.ufpel.edu.br\/engenhariadepetroleo\/wp-json\/wp\/v2\/users\/197"}],"replies":[{"embeddable":true,"href":"https:\/\/wp.ufpel.edu.br\/engenhariadepetroleo\/wp-json\/wp\/v2\/comments?post=2049"}],"version-history":[{"count":1,"href":"https:\/\/wp.ufpel.edu.br\/engenhariadepetroleo\/wp-json\/wp\/v2\/pages\/2049\/revisions"}],"predecessor-version":[{"id":2050,"href":"https:\/\/wp.ufpel.edu.br\/engenhariadepetroleo\/wp-json\/wp\/v2\/pages\/2049\/revisions\/2050"}],"wp:attachment":[{"href":"https:\/\/wp.ufpel.edu.br\/engenhariadepetroleo\/wp-json\/wp\/v2\/media?parent=2049"}],"curies":[{"name":"wp","href":"https:\/\/api.w.org\/{rel}","templated":true}]}}