{"id":1994,"date":"2021-12-01T20:14:24","date_gmt":"2021-12-01T23:14:24","guid":{"rendered":"https:\/\/wp.ufpel.edu.br\/engenhariadepetroleo\/?page_id=1994"},"modified":"2026-03-12T16:32:55","modified_gmt":"2026-03-12T19:32:55","slug":"solicitacao-de-flexibilizacao-de-pre-requisitos","status":"publish","type":"page","link":"https:\/\/wp.ufpel.edu.br\/engenhariadepetroleo\/solicitacao-de-flexibilizacao-de-pre-requisitos\/","title":{"rendered":"Solicita\u00e7\u00e3o de Flexibiliza\u00e7\u00e3o de Pr\u00e9-Requisitos"},"content":{"rendered":"<p>Conforme o <a href=\"https:\/\/wp.ufpel.edu.br\/cra\/calendario-academico\/\">calend\u00e1rio acad\u00eamico vigente<\/a>, o per\u00edodo de solicita\u00e7\u00e3o de flexibiliza\u00e7\u00e3o se encontra finalizado.<\/p>\n<h6 style=\"text-align: right;\">Atualizado em 12 de MAR\u00c7O de 2026<\/h6>\n","protected":false},"excerpt":{"rendered":"<p>Conforme o calend\u00e1rio acad\u00eamico vigente, o per\u00edodo de solicita\u00e7\u00e3o de flexibiliza\u00e7\u00e3o se encontra finalizado. Atualizado em 12 de MAR\u00c7O de 2026<\/p>\n","protected":false},"author":197,"featured_media":0,"parent":0,"menu_order":0,"comment_status":"closed","ping_status":"closed","template":"","meta":{"jetpack_post_was_ever_published":false,"footnotes":""},"class_list":["post-1994","page","type-page","status-publish","hentry"],"jetpack_sharing_enabled":true,"jetpack_shortlink":"https:\/\/wp.me\/P6Pmcg-wa","jetpack_likes_enabled":true,"jetpack-related-posts":[],"_links":{"self":[{"href":"https:\/\/wp.ufpel.edu.br\/engenhariadepetroleo\/wp-json\/wp\/v2\/pages\/1994","targetHints":{"allow":["GET"]}}],"collection":[{"href":"https:\/\/wp.ufpel.edu.br\/engenhariadepetroleo\/wp-json\/wp\/v2\/pages"}],"about":[{"href":"https:\/\/wp.ufpel.edu.br\/engenhariadepetroleo\/wp-json\/wp\/v2\/types\/page"}],"author":[{"embeddable":true,"href":"https:\/\/wp.ufpel.edu.br\/engenhariadepetroleo\/wp-json\/wp\/v2\/users\/197"}],"replies":[{"embeddable":true,"href":"https:\/\/wp.ufpel.edu.br\/engenhariadepetroleo\/wp-json\/wp\/v2\/comments?post=1994"}],"version-history":[{"count":3,"href":"https:\/\/wp.ufpel.edu.br\/engenhariadepetroleo\/wp-json\/wp\/v2\/pages\/1994\/revisions"}],"predecessor-version":[{"id":3328,"href":"https:\/\/wp.ufpel.edu.br\/engenhariadepetroleo\/wp-json\/wp\/v2\/pages\/1994\/revisions\/3328"}],"wp:attachment":[{"href":"https:\/\/wp.ufpel.edu.br\/engenhariadepetroleo\/wp-json\/wp\/v2\/media?parent=1994"}],"curies":[{"name":"wp","href":"https:\/\/api.w.org\/{rel}","templated":true}]}}