{"id":1845,"date":"2021-08-09T20:03:05","date_gmt":"2021-08-09T23:03:05","guid":{"rendered":"https:\/\/wp.ufpel.edu.br\/engenhariadepetroleo\/?page_id=1845"},"modified":"2025-03-05T10:42:36","modified_gmt":"2025-03-05T13:42:36","slug":"estagios","status":"publish","type":"page","link":"https:\/\/wp.ufpel.edu.br\/engenhariadepetroleo\/estagios\/","title":{"rendered":"Est\u00e1gios"},"content":{"rendered":"<p>Apresenta\u00e7\u00e3o \u2013 Defesa de Est\u00e1gio \u2013 Luize Bernardes \u2013 2025<\/p>\n<p><iframe title=\"Apresenta\u00e7\u00e3o \u2013 Defesa de Est\u00e1gio \u2013 Luize Bernardes \u2013 2025\" width=\"500\" height=\"281\" src=\"https:\/\/www.youtube.com\/embed\/b-zy1x1glwA?feature=oembed\" frameborder=\"0\" allow=\"accelerometer; autoplay; clipboard-write; encrypted-media; gyroscope; picture-in-picture; web-share\" referrerpolicy=\"strict-origin-when-cross-origin\" allowfullscreen><\/iframe><\/p>\n<p>Apresenta\u00e7\u00e3o \u2013 Defesa de Est\u00e1gio \u2013 Iago Neves \u2013 2023<\/p>\n<p><iframe title=\"Apresenta\u00e7\u00e3o \u2013 Defesa de Est\u00e1gio \u2013 Iago Neves \u2013 2023\" width=\"500\" height=\"281\" src=\"https:\/\/www.youtube.com\/embed\/dZ17hw6yaLw?feature=oembed\" frameborder=\"0\" allow=\"accelerometer; autoplay; clipboard-write; encrypted-media; gyroscope; picture-in-picture; web-share\" referrerpolicy=\"strict-origin-when-cross-origin\" allowfullscreen><\/iframe><\/p>\n<p>Apresenta\u00e7\u00e3o \u2013 Defesa de Est\u00e1gio \u2013 Nat\u00e1lia Cardoso \u2013 2023<\/p>\n<p><iframe title=\"Apresenta\u00e7\u00e3o \u2013 Defesa de Est\u00e1gio \u2013 Nat\u00e1lia Cardoso \u2013 2023\" width=\"500\" height=\"281\" src=\"https:\/\/www.youtube.com\/embed\/M0yNturolKE?feature=oembed\" frameborder=\"0\" allow=\"accelerometer; autoplay; clipboard-write; encrypted-media; gyroscope; picture-in-picture; web-share\" referrerpolicy=\"strict-origin-when-cross-origin\" allowfullscreen><\/iframe><\/p>\n<p>Apresenta\u00e7\u00e3o \u2013 Defesa de Est\u00e1gio \u2013 Reid Arag\u00e3o \u2013 2022<\/p>\n<p><iframe title=\"Apresenta\u00e7\u00e3o \u2013 Defesa de Est\u00e1gio \u2013 Reid Arag\u00e3o \u2013 2022\" width=\"500\" height=\"281\" src=\"https:\/\/www.youtube.com\/embed\/emQ-C488C5k?feature=oembed\" frameborder=\"0\" allow=\"accelerometer; autoplay; clipboard-write; encrypted-media; gyroscope; picture-in-picture; web-share\" referrerpolicy=\"strict-origin-when-cross-origin\" allowfullscreen><\/iframe><\/p>\n<p>Apresenta\u00e7\u00e3o \u2013 Defesa de Est\u00e1gio \u2013 Gustavo Bueno \u2013 2022<\/p>\n<p><iframe title=\"Apresenta\u00e7\u00e3o \u2013 Defesa de Est\u00e1gio \u2013 Gustavo Bueno \u2013 2022\" width=\"500\" height=\"281\" src=\"https:\/\/www.youtube.com\/embed\/LrfwUwuewog?feature=oembed\" frameborder=\"0\" allow=\"accelerometer; autoplay; clipboard-write; encrypted-media; gyroscope; picture-in-picture; web-share\" referrerpolicy=\"strict-origin-when-cross-origin\" allowfullscreen><\/iframe><\/p>\n<p>Apresenta\u00e7\u00e3o \u2013 Defesa de Est\u00e1gio \u2013 Erick Zanini \u2013 2022<\/p>\n<p><iframe title=\"Apresenta\u00e7\u00e3o \u2013 Defesa de Est\u00e1gio \u2013 Erick Zaninni \u2013 2022\" width=\"500\" height=\"281\" src=\"https:\/\/www.youtube.com\/embed\/B3KIFAUJMlE?feature=oembed\" frameborder=\"0\" allow=\"accelerometer; autoplay; clipboard-write; encrypted-media; gyroscope; picture-in-picture; web-share\" referrerpolicy=\"strict-origin-when-cross-origin\" allowfullscreen><\/iframe><\/p>\n<p>Apresenta\u00e7\u00e3o \u2013 Defesa de Est\u00e1gio \u2013 J\u00falia Regina Jung \u2013 2022<\/p>\n<p><iframe title=\"Apresenta\u00e7\u00e3o \u2013 Defesa de Est\u00e1gio \u2013 J\u00falia Regina Jung \u2013 2022\" width=\"500\" height=\"281\" src=\"https:\/\/www.youtube.com\/embed\/6zcxG6Z_MNo?feature=oembed\" frameborder=\"0\" allow=\"accelerometer; autoplay; clipboard-write; encrypted-media; gyroscope; picture-in-picture; web-share\" referrerpolicy=\"strict-origin-when-cross-origin\" allowfullscreen><\/iframe><\/p>\n<p>Apresenta\u00e7\u00e3o \u2013 Defesa de Est\u00e1gio \u2013 Fernando Steimetz \u2013 2022<\/p>\n<p><iframe title=\"Apresenta\u00e7\u00e3o \u2013 Defesa de Est\u00e1gio \u2013 Fernando Steimetz \u2013 2022\" width=\"500\" height=\"281\" src=\"https:\/\/www.youtube.com\/embed\/aSeWJJ9vO0M?feature=oembed\" frameborder=\"0\" allow=\"accelerometer; autoplay; clipboard-write; encrypted-media; gyroscope; picture-in-picture; web-share\" referrerpolicy=\"strict-origin-when-cross-origin\" allowfullscreen><\/iframe><\/p>\n<p>Apresenta\u00e7\u00e3o \u2013 Defesa de Est\u00e1gio \u2013 Vit\u00f3ria Klein \u2013 2022<\/p>\n<p><iframe title=\"Apresenta\u00e7\u00e3o \u2013 Defesa de Est\u00e1gio \u2013 Vit\u00f3ria Klein \u2013 2022\" width=\"500\" height=\"281\" src=\"https:\/\/www.youtube.com\/embed\/cKlvvkWdlQY?feature=oembed\" frameborder=\"0\" allow=\"accelerometer; autoplay; clipboard-write; encrypted-media; gyroscope; picture-in-picture; web-share\" referrerpolicy=\"strict-origin-when-cross-origin\" allowfullscreen><\/iframe><\/p>\n<p>Apresenta\u00e7\u00e3o &#8211; Defesa de Est\u00e1gio &#8211; BRUNA JULLIANA JACOMOSSI &#8211; 2022<\/p>\n<p><iframe title=\"Defesa do Est\u00e1gio da discente Bruna Jacomossi\" width=\"500\" height=\"281\" src=\"https:\/\/www.youtube.com\/embed\/yLc3QuMtH7w?feature=oembed\" frameborder=\"0\" allow=\"accelerometer; autoplay; clipboard-write; encrypted-media; gyroscope; picture-in-picture; web-share\" referrerpolicy=\"strict-origin-when-cross-origin\" allowfullscreen><\/iframe><\/p>\n<p>Apresenta\u00e7\u00e3o &#8211; Defesa de Est\u00e1gio &#8211; La\u00eds Barth Schnorrenberger &#8211; 2021<br \/>\n<iframe title=\"Apres Est\u00e1gio La\u00eds Barth Schnorrenberger\" width=\"500\" height=\"281\" src=\"https:\/\/www.youtube.com\/embed\/U_u9M4CUnKQ?feature=oembed\" frameborder=\"0\" allow=\"accelerometer; autoplay; clipboard-write; encrypted-media; gyroscope; picture-in-picture; web-share\" referrerpolicy=\"strict-origin-when-cross-origin\" allowfullscreen><\/iframe><\/p>\n<p>Apresenta\u00e7\u00e3o &#8211; Defesa de Est\u00e1gio &#8211; MARIA LET\u00cdCIA ALVES GOULART &#8211; 2020<br \/>\n<iframe title=\"Apresenta\u00e7\u00e3o - Defesa de Est\u00e1gio - MARIA LET\u00cdCIA ALVES GOULART\" width=\"500\" height=\"281\" src=\"https:\/\/www.youtube.com\/embed\/CBt0AgqEtfw?feature=oembed\" frameborder=\"0\" allow=\"accelerometer; autoplay; clipboard-write; encrypted-media; gyroscope; picture-in-picture; web-share\" referrerpolicy=\"strict-origin-when-cross-origin\" allowfullscreen><\/iframe><\/p>\n<p>Apresenta\u00e7\u00e3o &#8211; Defesa de Est\u00e1gio &#8211; CATHERINE GAYER OLLERMANN &#8211; 2020<br \/>\n<iframe title=\"Apresenta\u00e7\u00e3o - Defesa de Est\u00e1gio - CATHERINE GAYER OLLERMANN\" width=\"500\" height=\"281\" src=\"https:\/\/www.youtube.com\/embed\/RIpXEe8kojw?feature=oembed\" frameborder=\"0\" allow=\"accelerometer; autoplay; clipboard-write; encrypted-media; gyroscope; picture-in-picture; web-share\" referrerpolicy=\"strict-origin-when-cross-origin\" allowfullscreen><\/iframe><\/p>\n<p>&nbsp;<\/p>\n","protected":false},"excerpt":{"rendered":"<p>Apresenta\u00e7\u00e3o \u2013 Defesa de Est\u00e1gio \u2013 Luize Bernardes \u2013 2025 Apresenta\u00e7\u00e3o \u2013 Defesa de Est\u00e1gio \u2013 Iago Neves \u2013 2023 Apresenta\u00e7\u00e3o \u2013 Defesa de Est\u00e1gio \u2013 Nat\u00e1lia Cardoso \u2013 2023 Apresenta\u00e7\u00e3o \u2013 Defesa de Est\u00e1gio \u2013 Reid Arag\u00e3o \u2013 2022 Apresenta\u00e7\u00e3o \u2013 Defesa de Est\u00e1gio \u2013 Gustavo Bueno \u2013 2022 Apresenta\u00e7\u00e3o \u2013 Defesa de Est\u00e1gio [&hellip;]<\/p>\n","protected":false},"author":197,"featured_media":0,"parent":0,"menu_order":0,"comment_status":"closed","ping_status":"closed","template":"","meta":{"jetpack_post_was_ever_published":false,"footnotes":""},"class_list":["post-1845","page","type-page","status-publish","hentry"],"jetpack_sharing_enabled":true,"jetpack_shortlink":"https:\/\/wp.me\/P6Pmcg-tL","jetpack_likes_enabled":true,"jetpack-related-posts":[],"_links":{"self":[{"href":"https:\/\/wp.ufpel.edu.br\/engenhariadepetroleo\/wp-json\/wp\/v2\/pages\/1845","targetHints":{"allow":["GET"]}}],"collection":[{"href":"https:\/\/wp.ufpel.edu.br\/engenhariadepetroleo\/wp-json\/wp\/v2\/pages"}],"about":[{"href":"https:\/\/wp.ufpel.edu.br\/engenhariadepetroleo\/wp-json\/wp\/v2\/types\/page"}],"author":[{"embeddable":true,"href":"https:\/\/wp.ufpel.edu.br\/engenhariadepetroleo\/wp-json\/wp\/v2\/users\/197"}],"replies":[{"embeddable":true,"href":"https:\/\/wp.ufpel.edu.br\/engenhariadepetroleo\/wp-json\/wp\/v2\/comments?post=1845"}],"version-history":[{"count":17,"href":"https:\/\/wp.ufpel.edu.br\/engenhariadepetroleo\/wp-json\/wp\/v2\/pages\/1845\/revisions"}],"predecessor-version":[{"id":3050,"href":"https:\/\/wp.ufpel.edu.br\/engenhariadepetroleo\/wp-json\/wp\/v2\/pages\/1845\/revisions\/3050"}],"wp:attachment":[{"href":"https:\/\/wp.ufpel.edu.br\/engenhariadepetroleo\/wp-json\/wp\/v2\/media?parent=1845"}],"curies":[{"name":"wp","href":"https:\/\/api.w.org\/{rel}","templated":true}]}}