{"id":1758,"date":"2021-05-10T18:32:45","date_gmt":"2021-05-10T21:32:45","guid":{"rendered":"https:\/\/wp.ufpel.edu.br\/engenhariadepetroleo\/?page_id=1758"},"modified":"2023-05-02T10:15:10","modified_gmt":"2023-05-02T13:15:10","slug":"newsletter","status":"publish","type":"page","link":"https:\/\/wp.ufpel.edu.br\/engenhariadepetroleo\/newsletter\/","title":{"rendered":"Newsletter"},"content":{"rendered":"<p><a href=\"https:\/\/wp.ufpel.edu.br\/engenhariadepetroleo\/files\/2021\/05\/Newsletter-Edicao-1.pdf\">The Oil Times &#8211; Edi\u00e7\u00e3o 01 &#8211; Ano 1<\/a><\/p>\n<p><a href=\"https:\/\/wp.ufpel.edu.br\/engenhariadepetroleo\/files\/2021\/05\/Edicao-2-The-Oil-Times-1.pdf\">The Oil Times &#8211; Edi\u00e7\u00e3o 02 &#8211; Ano 1<\/a><\/p>\n<p><a href=\"https:\/\/wp.ufpel.edu.br\/engenhariadepetroleo\/files\/2021\/06\/Edicao-3-Newsletter-5-1.pdf\">The Oil Times &#8211; Edi\u00e7\u00e3o 03 &#8211; Ano 1<\/a><\/p>\n<p><a href=\"https:\/\/wp.ufpel.edu.br\/engenhariadepetroleo\/files\/2021\/07\/Edicao-4-The-Oil-Times.pdf\">The Oil Times &#8211; Edi\u00e7\u00e3o 04 &#8211; Ano 1<\/a><\/p>\n<p><a href=\"https:\/\/wp.ufpel.edu.br\/engenhariadepetroleo\/files\/2021\/08\/Edicao-5-Newsletter.pdf\">The Oil Times &#8211; Edi\u00e7\u00e3o 05 &#8211; Ano 1<\/a><\/p>\n<p><a href=\"https:\/\/wp.ufpel.edu.br\/engenhariadepetroleo\/files\/2021\/09\/Edicao-6-The-Oil-Times.pdf\">The Oil Times &#8211; Edi\u00e7\u00e3o 06 &#8211; Ano 1<\/a><\/p>\n<p><a href=\"https:\/\/wp.ufpel.edu.br\/engenhariadepetroleo\/files\/2021\/09\/Edicao-7-The-Oil-Times.pdf\">The Oil Times &#8211; Edi\u00e7\u00e3o 07 &#8211; Ano 1<\/a><\/p>\n<p><a href=\"https:\/\/wp.ufpel.edu.br\/engenhariadepetroleo\/files\/2021\/10\/Edicao-8-The-Oil-Times.pdf\">The Oil Times &#8211; Edi\u00e7\u00e3o 08 &#8211; Ano 1<\/a><\/p>\n<p><a href=\"https:\/\/wp.ufpel.edu.br\/engenhariadepetroleo\/files\/2021\/10\/Edicao-9-The-Oil-Times.pdf\">The Oil Times &#8211; Edi\u00e7\u00e3o 09 &#8211; Ano 1<\/a><\/p>\n<p><a href=\"https:\/\/wp.ufpel.edu.br\/engenhariadepetroleo\/files\/2021\/11\/Edicao-10-Especial-Petro-Sul-The-Oil-Times.pdf\">The Oil Times &#8211; Edi\u00e7\u00e3o 10 &#8211; Ano 1 (Edi\u00e7\u00e3o Especial)<\/a><\/p>\n<p><a href=\"https:\/\/wp.ufpel.edu.br\/engenhariadepetroleo\/files\/2022\/04\/Edicao-11-Especial-Guerra-Russia-x-Ucrania-The-Oil-Times-1.pdf\">The Oil Times &#8211; Edi\u00e7\u00e3o 11 &#8211; Ano 2 (Edi\u00e7\u00e3o Especial)<\/a><\/p>\n<p><a href=\"https:\/\/wp.ufpel.edu.br\/engenhariadepetroleo\/files\/2022\/04\/Edicao-12-The-Oil-Times-1.pdf\">The Oil Times &#8211; Edi\u00e7\u00e3o 12 &#8211; Ano 2<\/a><\/p>\n<p><a href=\"https:\/\/wp.ufpel.edu.br\/engenhariadepetroleo\/files\/2022\/05\/Edicao-13-Newsletter.pdf\">The Oil Times &#8211; Edi\u00e7\u00e3o 13 &#8211; Ano 2<\/a><\/p>\n<p><a href=\"https:\/\/wp.ufpel.edu.br\/engenhariadepetroleo\/files\/2022\/06\/Edicao-14-Newsletter.pdf\">The Oil Times &#8211; Edi\u00e7\u00e3o 14 &#8211; Ano 2<\/a><\/p>\n<p><a href=\"https:\/\/wp.ufpel.edu.br\/engenhariadepetroleo\/files\/2022\/07\/Edicao-15-Newsletter.pdf\">The Oil Times &#8211; Edi\u00e7\u00e3o 15 &#8211; Ano 2<\/a><\/p>\n<p><a href=\"https:\/\/wp.ufpel.edu.br\/engenhariadepetroleo\/files\/2022\/08\/Edicao-16-Newsletter.pdf\">The Oil Times &#8211; Edi\u00e7\u00e3o 16 &#8211; Ano 2<\/a><\/p>\n<p><a href=\"https:\/\/wp.ufpel.edu.br\/engenhariadepetroleo\/files\/2022\/09\/Edicao-17-The-Oil-Times.pdf\">The Oil Times &#8211; Edi\u00e7\u00e3o 17 &#8211; Ano 2 (Edi\u00e7\u00e3o Especial)<\/a><\/p>\n<p><a href=\"https:\/\/wp.ufpel.edu.br\/engenhariadepetroleo\/files\/2022\/11\/Edicao-18-The-Oil-Times.pdf\">The Oil Times &#8211; Edi\u00e7\u00e3o 18 &#8211; Ano 2<\/a><\/p>\n<p><a href=\"https:\/\/wp.ufpel.edu.br\/engenhariadepetroleo\/files\/2023\/02\/Co\u0301pia-de-Co\u0301pia-de-Edic\u0327a\u0303o-19-Newsletter.pdf\">The Oil Times &#8211; Edi\u00e7\u00e3o 19 &#8211; Ano 3<\/a><\/p>\n<p><a href=\"https:\/\/wp.ufpel.edu.br\/engenhariadepetroleo\/files\/2023\/03\/Edic\u0327a\u0303o-20-Newsletter-6.pdf\">The Oil Times &#8211; Edi\u00e7\u00e3o 20 &#8211; Ano 3 (Edi\u00e7\u00e3o Especial)<\/a><\/p>\n<p><a href=\"https:\/\/wp.ufpel.edu.br\/engenhariadepetroleo\/files\/2023\/05\/Edic\u0327a\u0303o-21-Newsletter-1-1.pdf\">The Oil Times &#8211; Edi\u00e7\u00e3o 21 &#8211; Ano 3<\/a><\/p>\n<p>&nbsp;<\/p>\n","protected":false},"excerpt":{"rendered":"<p>The Oil Times &#8211; Edi\u00e7\u00e3o 01 &#8211; Ano 1 The Oil Times &#8211; Edi\u00e7\u00e3o 02 &#8211; Ano 1 The Oil Times &#8211; Edi\u00e7\u00e3o 03 &#8211; Ano 1 The Oil Times &#8211; Edi\u00e7\u00e3o 04 &#8211; Ano 1 The Oil Times &#8211; Edi\u00e7\u00e3o 05 &#8211; Ano 1 The Oil Times &#8211; Edi\u00e7\u00e3o 06 &#8211; Ano 1 The [&hellip;]<\/p>\n","protected":false},"author":197,"featured_media":0,"parent":0,"menu_order":0,"comment_status":"closed","ping_status":"closed","template":"","meta":{"jetpack_post_was_ever_published":false,"footnotes":""},"class_list":["post-1758","page","type-page","status-publish","hentry"],"jetpack_sharing_enabled":true,"jetpack_shortlink":"https:\/\/wp.me\/P6Pmcg-sm","jetpack_likes_enabled":true,"jetpack-related-posts":[],"_links":{"self":[{"href":"https:\/\/wp.ufpel.edu.br\/engenhariadepetroleo\/wp-json\/wp\/v2\/pages\/1758","targetHints":{"allow":["GET"]}}],"collection":[{"href":"https:\/\/wp.ufpel.edu.br\/engenhariadepetroleo\/wp-json\/wp\/v2\/pages"}],"about":[{"href":"https:\/\/wp.ufpel.edu.br\/engenhariadepetroleo\/wp-json\/wp\/v2\/types\/page"}],"author":[{"embeddable":true,"href":"https:\/\/wp.ufpel.edu.br\/engenhariadepetroleo\/wp-json\/wp\/v2\/users\/197"}],"replies":[{"embeddable":true,"href":"https:\/\/wp.ufpel.edu.br\/engenhariadepetroleo\/wp-json\/wp\/v2\/comments?post=1758"}],"version-history":[{"count":21,"href":"https:\/\/wp.ufpel.edu.br\/engenhariadepetroleo\/wp-json\/wp\/v2\/pages\/1758\/revisions"}],"predecessor-version":[{"id":2689,"href":"https:\/\/wp.ufpel.edu.br\/engenhariadepetroleo\/wp-json\/wp\/v2\/pages\/1758\/revisions\/2689"}],"wp:attachment":[{"href":"https:\/\/wp.ufpel.edu.br\/engenhariadepetroleo\/wp-json\/wp\/v2\/media?parent=1758"}],"curies":[{"name":"wp","href":"https:\/\/api.w.org\/{rel}","templated":true}]}}