{"id":1150,"date":"2020-07-04T16:55:04","date_gmt":"2020-07-04T19:55:04","guid":{"rendered":"https:\/\/wp.ufpel.edu.br\/engenhariadepetroleo\/?page_id=1150"},"modified":"2020-08-31T11:57:13","modified_gmt":"2020-08-31T14:57:13","slug":"oportunidades","status":"publish","type":"page","link":"https:\/\/wp.ufpel.edu.br\/engenhariadepetroleo\/oportunidades\/","title":{"rendered":"Oportunidades"},"content":{"rendered":"<p>P\u00e1gina apenas para a cria\u00e7\u00e3o dos sub-itens.<\/p>\n<p>N\u00e3o publicar nada aqui, pois n\u00e3o ficar\u00e1 vis\u00edvel no site!<\/p>\n","protected":false},"excerpt":{"rendered":"<p>P\u00e1gina apenas para a cria\u00e7\u00e3o dos sub-itens. N\u00e3o publicar nada aqui, pois n\u00e3o ficar\u00e1 vis\u00edvel no site!<\/p>\n","protected":false},"author":197,"featured_media":0,"parent":0,"menu_order":8,"comment_status":"closed","ping_status":"closed","template":"","meta":{"jetpack_post_was_ever_published":false,"footnotes":""},"class_list":["post-1150","page","type-page","status-publish","hentry"],"jetpack_sharing_enabled":true,"jetpack_shortlink":"https:\/\/wp.me\/P6Pmcg-iy","jetpack_likes_enabled":true,"jetpack-related-posts":[],"_links":{"self":[{"href":"https:\/\/wp.ufpel.edu.br\/engenhariadepetroleo\/wp-json\/wp\/v2\/pages\/1150","targetHints":{"allow":["GET"]}}],"collection":[{"href":"https:\/\/wp.ufpel.edu.br\/engenhariadepetroleo\/wp-json\/wp\/v2\/pages"}],"about":[{"href":"https:\/\/wp.ufpel.edu.br\/engenhariadepetroleo\/wp-json\/wp\/v2\/types\/page"}],"author":[{"embeddable":true,"href":"https:\/\/wp.ufpel.edu.br\/engenhariadepetroleo\/wp-json\/wp\/v2\/users\/197"}],"replies":[{"embeddable":true,"href":"https:\/\/wp.ufpel.edu.br\/engenhariadepetroleo\/wp-json\/wp\/v2\/comments?post=1150"}],"version-history":[{"count":2,"href":"https:\/\/wp.ufpel.edu.br\/engenhariadepetroleo\/wp-json\/wp\/v2\/pages\/1150\/revisions"}],"predecessor-version":[{"id":1259,"href":"https:\/\/wp.ufpel.edu.br\/engenhariadepetroleo\/wp-json\/wp\/v2\/pages\/1150\/revisions\/1259"}],"wp:attachment":[{"href":"https:\/\/wp.ufpel.edu.br\/engenhariadepetroleo\/wp-json\/wp\/v2\/media?parent=1150"}],"curies":[{"name":"wp","href":"https:\/\/api.w.org\/{rel}","templated":true}]}}