{"id":1134,"date":"2020-07-04T16:49:13","date_gmt":"2020-07-04T19:49:13","guid":{"rendered":"https:\/\/wp.ufpel.edu.br\/engenhariadepetroleo\/?page_id=1134"},"modified":"2022-04-19T16:44:47","modified_gmt":"2022-04-19T19:44:47","slug":"2020-2","status":"publish","type":"page","link":"https:\/\/wp.ufpel.edu.br\/engenhariadepetroleo\/publicacoes\/tccs\/2020-2\/","title":{"rendered":"2020"},"content":{"rendered":"<p>EDUARDO RAMIRES DOS SANTOS &#8211; <a href=\"https:\/\/pergamum.ufpel.edu.br\/pergamumweb\/vinculos\/0000cb\/0000cbb0.pdf\">Influ\u00eancia do Modelo Representativo na Sele\u00e7\u00e3o de Estrat\u00e9gias de Produ\u00e7\u00e3o<\/a><\/p>\n<p>EMANUEL CARLOS \u00c1VILA FERREIRA &#8211; <a href=\"https:\/\/pergamum.ufpel.edu.br\/pergamumweb\/vinculos\/0000cb\/0000cbb1.pdf\">Elabora\u00e7\u00e3o do Cap\u00edtulo de Integridade dos Elementos de Barreira na Fase de Interven\u00e7\u00e3o do Po\u00e7o<\/a><\/p>\n<p>RAFAEL GHIROTTI GARCIA &#8211; <a href=\"https:\/\/pergamum.ufpel.edu.br\/pergamumweb\/vinculos\/0000cb\/0000cbb5.pdf\">Projeto de Po\u00e7o Aberto Multilateral Para o Redesenvolvimento de Campo Maduro na Bacia de Campos<\/a><\/p>\n<p>&nbsp;<\/p>\n<h6 style=\"text-align: right;\">ATUALIZADO EM 19 DE ABRIL DE 2022.<\/h6>\n","protected":false},"excerpt":{"rendered":"<p>EDUARDO RAMIRES DOS SANTOS &#8211; Influ\u00eancia do Modelo Representativo na Sele\u00e7\u00e3o de Estrat\u00e9gias de Produ\u00e7\u00e3o EMANUEL CARLOS \u00c1VILA FERREIRA &#8211; Elabora\u00e7\u00e3o do Cap\u00edtulo de Integridade dos Elementos de Barreira na Fase de Interven\u00e7\u00e3o do Po\u00e7o RAFAEL GHIROTTI GARCIA &#8211; Projeto de Po\u00e7o Aberto Multilateral Para o Redesenvolvimento de Campo Maduro na Bacia de Campos &nbsp; [&hellip;]<\/p>\n","protected":false},"author":197,"featured_media":0,"parent":1120,"menu_order":7,"comment_status":"closed","ping_status":"closed","template":"","meta":{"jetpack_post_was_ever_published":false,"footnotes":""},"class_list":["post-1134","page","type-page","status-publish","hentry"],"jetpack_sharing_enabled":true,"jetpack_shortlink":"https:\/\/wp.me\/P6Pmcg-ii","jetpack_likes_enabled":true,"jetpack-related-posts":[],"_links":{"self":[{"href":"https:\/\/wp.ufpel.edu.br\/engenhariadepetroleo\/wp-json\/wp\/v2\/pages\/1134","targetHints":{"allow":["GET"]}}],"collection":[{"href":"https:\/\/wp.ufpel.edu.br\/engenhariadepetroleo\/wp-json\/wp\/v2\/pages"}],"about":[{"href":"https:\/\/wp.ufpel.edu.br\/engenhariadepetroleo\/wp-json\/wp\/v2\/types\/page"}],"author":[{"embeddable":true,"href":"https:\/\/wp.ufpel.edu.br\/engenhariadepetroleo\/wp-json\/wp\/v2\/users\/197"}],"replies":[{"embeddable":true,"href":"https:\/\/wp.ufpel.edu.br\/engenhariadepetroleo\/wp-json\/wp\/v2\/comments?post=1134"}],"version-history":[{"count":6,"href":"https:\/\/wp.ufpel.edu.br\/engenhariadepetroleo\/wp-json\/wp\/v2\/pages\/1134\/revisions"}],"predecessor-version":[{"id":2235,"href":"https:\/\/wp.ufpel.edu.br\/engenhariadepetroleo\/wp-json\/wp\/v2\/pages\/1134\/revisions\/2235"}],"up":[{"embeddable":true,"href":"https:\/\/wp.ufpel.edu.br\/engenhariadepetroleo\/wp-json\/wp\/v2\/pages\/1120"}],"wp:attachment":[{"href":"https:\/\/wp.ufpel.edu.br\/engenhariadepetroleo\/wp-json\/wp\/v2\/media?parent=1134"}],"curies":[{"name":"wp","href":"https:\/\/api.w.org\/{rel}","templated":true}]}}