{"id":1130,"date":"2020-07-04T16:48:17","date_gmt":"2020-07-04T19:48:17","guid":{"rendered":"https:\/\/wp.ufpel.edu.br\/engenhariadepetroleo\/?page_id=1130"},"modified":"2022-04-19T16:44:19","modified_gmt":"2022-04-19T19:44:19","slug":"2018-2","status":"publish","type":"page","link":"https:\/\/wp.ufpel.edu.br\/engenhariadepetroleo\/publicacoes\/tccs\/2018-2\/","title":{"rendered":"2018"},"content":{"rendered":"<h2>TRABALHOS DE CONCLUS\u00c3O DE CURSO DO ANO DE 2018<\/h2>\n<p>ANDR\u00c9IA CRYSTINA SILVA JARDIM &#8211; <a href=\"http:\/\/pergamum.ufpel.edu.br:8080\/pergamumweb\/vinculos\/0000ad\/0000ad95.pdf\">Abandono permanente de po\u00e7os petrol\u00edferos \u00a0[recurso eletr\u00f4nico]:\u00a0um estudo comparativo entre a portaria anp n\u00b025\/2002 e as novas diretrizes para abandono de po\u00e7os, segundo o IBP<\/a><\/p>\n<p>ARI DIAS JUNIOR &#8211; <a href=\"http:\/\/pergamum.ufpel.edu.br:8080\/pergamumweb\/vinculos\/0000ad\/0000ad22.pdf\">Managed pressure drilling &#8211; revis\u00e3o bibliogr\u00e1fica e estudo de suas aplica\u00e7\u00f5es no Brasil<\/a><\/p>\n<p>AUGUSTO GAMBIN KLAUS &#8211; <a href=\"http:\/\/pergamum.ufpel.edu.br:8080\/pergamumweb\/vinculos\/0000ad\/0000ad9a.pdf\">Influ\u00eancia do movimento for\u00e7ado horizontal sobre o desempenho de um riser r\u00edgido vertical<\/a><\/p>\n<p>AUGUSTO GIUDICE DE OLIVEIRA &#8211; <a href=\"http:\/\/pergamum.ufpel.edu.br:8080\/pergamumweb\/vinculos\/0000ad\/0000ad00.pdf\">Procedimento de canhoneio de po\u00e7os de petr\u00f3leo:\u00a0t\u00e9cnicas utilizadas, explosivos empregados e constru\u00e7\u00e3o de prot\u00f3tipo did\u00e1tico<\/a><\/p>\n<p>BEATRIZ PACHECO JUNQUEIRA &#8211; <a href=\"http:\/\/pergamum.ufpel.edu.br:8080\/pergamumweb\/vinculos\/0000ac\/0000acf6.pdf\">Avalia\u00e7\u00e3o de l\u00edquidos i\u00f4nicos como estabilizantes\/desestabilizantes de asfaltenos e como agente desemulsificante<\/a><\/p>\n<p>BRUNO VERNOCHI DA CONCEI\u00c7\u00c3O &#8211; <a href=\"http:\/\/pergamum.ufpel.edu.br:8080\/pergamumweb\/vinculos\/0000ad\/0000ad1e.pdf\">Desenvolvimento de um simulador computacional de reservat\u00f3rio de petr\u00f3leo utilizando a metodologia Fully Implicit Black-Oil<\/a><\/p>\n<p>FILIPE GIUDICE D&#8217;AVILA &#8211; <a href=\"http:\/\/pergamum.ufpel.edu.br:8080\/pergamumweb\/vinculos\/0000ac\/0000acf3.pdf\">Estudo do efeito da press\u00e3o e da recombina\u00e7\u00e3o de gases na cristaliza\u00e7\u00e3o de parafinas em tr\u00eas amostras de petr\u00f3leo<\/a><\/p>\n<p>FRANCISCO EVIL\u00c1SIO TEIXEIRA DE MELO J\u00daNIOR &#8211; <a href=\"http:\/\/pergamum.ufpel.edu.br:8080\/pergamumweb\/vinculos\/0000ad\/0000ad97.pdf\">L\u00f3gica fuzzy e rede neural artificial combinados com krigagem como ferramenta de caracteriza\u00e7\u00e3o de reservat\u00f3rio &#8211; estudo de caso<\/a><\/p>\n<p>HENRIQUE FONSECA NEUTZLING &#8211; <a href=\"http:\/\/pergamum.ufpel.edu.br:8080\/pergamumweb\/vinculos\/0000ad\/0000ad93.pdf\">Compara\u00e7\u00e3o entre modelos geoestat\u00edsticos gerados por krigagem ordin\u00e1ria e simula\u00e7\u00e3o sequencial gaussiana:\u00a0estudo de caso do Campo de Alwyn<\/a><\/p>\n<p>KELVIN JARDEL ROBE &#8211; <a href=\"http:\/\/pergamum.ufpel.edu.br:8080\/pergamumweb\/vinculos\/0000ad\/0000ad84.pdf\">Extra\u00e7\u00e3o e produ\u00e7\u00e3o de hidrocarbonetos em zonas \u00e1rticas, procedimentos empregados, viabilidade econ\u00f4mica e perspectivas para o futuro<\/a><\/p>\n<p>LUCAS MACEDO DE OLIVEIRA &#8211; <a href=\"https:\/\/pergamum.ufpel.edu.br\/pergamumweb\/vinculos\/0000d3\/0000d3d3.pdf\">T\u00e9cnicas de controle de po\u00e7os de petr\u00f3leo: An\u00e1lise de estudos de casos acerca dos acidentes causados por blowout<\/a><\/p>\n<p>NAT\u00c1LIA SANTAMARINA DA SILVA &#8211; <a href=\"http:\/\/pergamum.ufpel.edu.br:8080\/pergamumweb\/vinculos\/0000ac\/0000acfd.pdf\">Estudo sobre a aplica\u00e7\u00e3o dos m\u00e9todos de estimula\u00e7\u00e3o de po\u00e7o para a remo\u00e7\u00e3o do dano de forma\u00e7\u00e3o<\/a><\/p>\n<p>RENAN APOLONIO MAR\u00c7AL &#8211; <a href=\"http:\/\/pergamum.ufpel.edu.br:8080\/pergamumweb\/vinculos\/0000ad\/0000ad78.pdf\">An\u00e1lise do comportamento din\u00e2mico de um riser r\u00edgido:\u00a0compara\u00e7\u00e3o entre um m\u00e9todo num\u00e9rico e experimental<\/a><\/p>\n<p>&nbsp;<\/p>\n<p>&nbsp;<\/p>\n<h6 style=\"text-align: right;\">ATUALIZADO EM 19 DE ABRIL DE 2022.<\/h6>\n<h6 style=\"text-align: right;\"><\/h6>\n","protected":false},"excerpt":{"rendered":"<p>TRABALHOS DE CONCLUS\u00c3O DE CURSO DO ANO DE 2018 ANDR\u00c9IA CRYSTINA SILVA JARDIM &#8211; Abandono permanente de po\u00e7os petrol\u00edferos \u00a0[recurso eletr\u00f4nico]:\u00a0um estudo comparativo entre a portaria anp n\u00b025\/2002 e as novas diretrizes para abandono de po\u00e7os, segundo o IBP ARI DIAS JUNIOR &#8211; Managed pressure drilling &#8211; revis\u00e3o bibliogr\u00e1fica e estudo de suas aplica\u00e7\u00f5es no [&hellip;]<\/p>\n","protected":false},"author":197,"featured_media":0,"parent":1120,"menu_order":5,"comment_status":"closed","ping_status":"closed","template":"","meta":{"jetpack_post_was_ever_published":false,"footnotes":""},"class_list":["post-1130","page","type-page","status-publish","hentry"],"jetpack_sharing_enabled":true,"jetpack_shortlink":"https:\/\/wp.me\/P6Pmcg-ie","jetpack_likes_enabled":true,"jetpack-related-posts":[],"_links":{"self":[{"href":"https:\/\/wp.ufpel.edu.br\/engenhariadepetroleo\/wp-json\/wp\/v2\/pages\/1130","targetHints":{"allow":["GET"]}}],"collection":[{"href":"https:\/\/wp.ufpel.edu.br\/engenhariadepetroleo\/wp-json\/wp\/v2\/pages"}],"about":[{"href":"https:\/\/wp.ufpel.edu.br\/engenhariadepetroleo\/wp-json\/wp\/v2\/types\/page"}],"author":[{"embeddable":true,"href":"https:\/\/wp.ufpel.edu.br\/engenhariadepetroleo\/wp-json\/wp\/v2\/users\/197"}],"replies":[{"embeddable":true,"href":"https:\/\/wp.ufpel.edu.br\/engenhariadepetroleo\/wp-json\/wp\/v2\/comments?post=1130"}],"version-history":[{"count":9,"href":"https:\/\/wp.ufpel.edu.br\/engenhariadepetroleo\/wp-json\/wp\/v2\/pages\/1130\/revisions"}],"predecessor-version":[{"id":2234,"href":"https:\/\/wp.ufpel.edu.br\/engenhariadepetroleo\/wp-json\/wp\/v2\/pages\/1130\/revisions\/2234"}],"up":[{"embeddable":true,"href":"https:\/\/wp.ufpel.edu.br\/engenhariadepetroleo\/wp-json\/wp\/v2\/pages\/1120"}],"wp:attachment":[{"href":"https:\/\/wp.ufpel.edu.br\/engenhariadepetroleo\/wp-json\/wp\/v2\/media?parent=1130"}],"curies":[{"name":"wp","href":"https:\/\/api.w.org\/{rel}","templated":true}]}}