{"id":1128,"date":"2020-07-04T16:47:52","date_gmt":"2020-07-04T19:47:52","guid":{"rendered":"https:\/\/wp.ufpel.edu.br\/engenhariadepetroleo\/?page_id=1128"},"modified":"2020-09-01T17:14:56","modified_gmt":"2020-09-01T20:14:56","slug":"2017-2","status":"publish","type":"page","link":"https:\/\/wp.ufpel.edu.br\/engenhariadepetroleo\/publicacoes\/tccs\/2017-2\/","title":{"rendered":"2017"},"content":{"rendered":"<h2>TRABALHOS DE CONCLUS\u00c3O DE CURSO DO ANO DE 2017<\/h2>\n<p>BRUNA BORN PUREZA &#8211;<\/p>\n<p>CRISTIANO DOS SANTOS AZEREDO &#8211;<\/p>\n<p>DANIELLE CORR\u00caA MIRAPALHETE LIMA &#8211;<\/p>\n<p>FRANKLIN K\u00d6HLER &#8211;<\/p>\n<p>GABRIELA MEDEIROS CARNEIRO &#8211;<\/p>\n<p>HENRIQUE TREPTOW WEINBERGER &#8211;<\/p>\n<p>JAYANA NICARETTA DA SILVA &#8211;<\/p>\n<p>JHORDANA VENCATO DIAS &#8211;<\/p>\n<p>JOS\u00c9 HENRIQUE BITENCOURT ZIMMERMANN &#8211;<a href=\"http:\/\/pergamum.ufpel.edu.br:8080\/pergamumweb\/vinculos\/0000ac\/0000aceb.pdf\"> Modelagem geoestat\u00edstica no campo de namorado: krigagem ordin\u00e1ria versus simula\u00e7\u00e3o sequencial gaussiana<\/a><\/p>\n<p>LEONARDO RONNE DE OLIVEIRA CRUZ &#8211;<\/p>\n<p>LUCAS TRENTIN &#8211;<\/p>\n<p>LU\u00cdS HENRIQUE DE OLIVEIRA KONZEN &#8211;<\/p>\n<p>LUIZA RODRIGUES SOARES &#8211;<\/p>\n<p>MARCELO SILVA VELHO &#8211;<\/p>\n<p>MARYANE SILVA FERREIRA &#8211;<\/p>\n<p>MATEUS RIBEIRO VEIGA DE MOURA &#8211;<\/p>\n<p>MAUREN COSTA DA SILVA &#8211;<\/p>\n<p>MORGANA DOS SANTOS MENSCH &#8211;<\/p>\n<p>RAPHAEL FREIRE DE MELLO BISNETO &#8211;<\/p>\n<p>ROSBERGUER DE ALMEIDA CAMARGO &#8211;<\/p>\n<p>THYESCO CARLO PATZOLD DOS SANTOS &#8211;<\/p>\n<h6 style=\"text-align: right\">ATUALIZADO EM 01 DE SETEMBRO DE 2020.<\/h6>\n<h6 style=\"text-align: right\"><\/h6>\n","protected":false},"excerpt":{"rendered":"<p>TRABALHOS DE CONCLUS\u00c3O DE CURSO DO ANO DE 2017 BRUNA BORN PUREZA &#8211; CRISTIANO DOS SANTOS AZEREDO &#8211; DANIELLE CORR\u00caA MIRAPALHETE LIMA &#8211; FRANKLIN K\u00d6HLER &#8211; GABRIELA MEDEIROS CARNEIRO &#8211; HENRIQUE TREPTOW WEINBERGER &#8211; JAYANA NICARETTA DA SILVA &#8211; JHORDANA VENCATO DIAS &#8211; JOS\u00c9 HENRIQUE BITENCOURT ZIMMERMANN &#8211; Modelagem geoestat\u00edstica no campo de namorado: krigagem [&hellip;]<\/p>\n","protected":false},"author":197,"featured_media":0,"parent":1120,"menu_order":4,"comment_status":"closed","ping_status":"closed","template":"","meta":{"jetpack_post_was_ever_published":false,"footnotes":""},"class_list":["post-1128","page","type-page","status-publish","hentry"],"jetpack_sharing_enabled":true,"jetpack_shortlink":"https:\/\/wp.me\/P6Pmcg-ic","jetpack_likes_enabled":true,"jetpack-related-posts":[],"_links":{"self":[{"href":"https:\/\/wp.ufpel.edu.br\/engenhariadepetroleo\/wp-json\/wp\/v2\/pages\/1128","targetHints":{"allow":["GET"]}}],"collection":[{"href":"https:\/\/wp.ufpel.edu.br\/engenhariadepetroleo\/wp-json\/wp\/v2\/pages"}],"about":[{"href":"https:\/\/wp.ufpel.edu.br\/engenhariadepetroleo\/wp-json\/wp\/v2\/types\/page"}],"author":[{"embeddable":true,"href":"https:\/\/wp.ufpel.edu.br\/engenhariadepetroleo\/wp-json\/wp\/v2\/users\/197"}],"replies":[{"embeddable":true,"href":"https:\/\/wp.ufpel.edu.br\/engenhariadepetroleo\/wp-json\/wp\/v2\/comments?post=1128"}],"version-history":[{"count":7,"href":"https:\/\/wp.ufpel.edu.br\/engenhariadepetroleo\/wp-json\/wp\/v2\/pages\/1128\/revisions"}],"predecessor-version":[{"id":1567,"href":"https:\/\/wp.ufpel.edu.br\/engenhariadepetroleo\/wp-json\/wp\/v2\/pages\/1128\/revisions\/1567"}],"up":[{"embeddable":true,"href":"https:\/\/wp.ufpel.edu.br\/engenhariadepetroleo\/wp-json\/wp\/v2\/pages\/1120"}],"wp:attachment":[{"href":"https:\/\/wp.ufpel.edu.br\/engenhariadepetroleo\/wp-json\/wp\/v2\/media?parent=1128"}],"curies":[{"name":"wp","href":"https:\/\/api.w.org\/{rel}","templated":true}]}}