{"id":1126,"date":"2020-07-04T16:46:59","date_gmt":"2020-07-04T19:46:59","guid":{"rendered":"https:\/\/wp.ufpel.edu.br\/engenhariadepetroleo\/?page_id=1126"},"modified":"2020-09-01T16:54:30","modified_gmt":"2020-09-01T19:54:30","slug":"2016-2","status":"publish","type":"page","link":"https:\/\/wp.ufpel.edu.br\/engenhariadepetroleo\/publicacoes\/tccs\/2016-2\/","title":{"rendered":"2016"},"content":{"rendered":"<h2>TRABALHOS DE CONCLUS\u00c3O DE CURSO DO ANO DE 2016<\/h2>\n<p>ANDREZZA RIBEIRO FRETES &#8211;<\/p>\n<p>EDUARDO SGANZERLA FERREIRA &#8211;<\/p>\n<p>ERLON RIBEIRO COSTA DOS SANTOS &#8211; <a href=\"http:\/\/pergamum.ufpel.edu.br:8080\/pergamumweb\/vinculos\/0000ad\/0000ad02.pdf\">Eleva\u00e7\u00e3o de petr\u00f3leo:\u00a0o estudo da eleva\u00e7\u00e3o artificial a g\u00e1s intermitente<\/a><\/p>\n<p>FRANCINE SELAU BORGES &#8211;<\/p>\n<p>GUILHERME DA CUNHA PONTES &#8211; <a href=\"http:\/\/pergamum.ufpel.edu.br:8080\/pergamumweb\/vinculos\/0000ac\/0000ac10.pdf\">Avalia\u00e7\u00e3o de projetos de petr\u00f3leo e an\u00e1lise da influ\u00eancia dos indicadores econ\u00f4micos<\/a><\/p>\n<p>GUILHERME KELLER EIDT &#8211;<\/p>\n<p>ISABELLA GHESLA ROSSETTI &#8211; <a href=\"http:\/\/pergamum.ufpel.edu.br:8080\/pergamumweb\/vinculos\/0000ac\/0000ac0c.pdf\">Simula\u00e7\u00e3o de diferentes estrat\u00e9gias de inje\u00e7\u00e3o de g\u00e1s em reservat\u00f3rio carbon\u00e1tico naturalmente fraturado<\/a><\/p>\n<p>JO\u00c3O PAULO MEIRELLES &#8211;<\/p>\n<p>JO\u00c3O PEDRO DO AMARAL PIRES &#8211;<\/p>\n<p>LAYLANA CORN\u00c9LIO DE DEUS &#8211;<\/p>\n<p>LET\u00cdCIA SIQUEIRA DOS SANTOS &#8211; <a href=\"http:\/\/pergamum.ufpel.edu.br:8080\/pergamumweb\/vinculos\/0000ac\/0000ac0e.pdf\">Aplica\u00e7\u00e3o do conceito de valor da informa\u00e7\u00e3o em projetos de avalia\u00e7\u00e3o e desenvolvimento de campos de petr\u00f3leo<\/a><\/p>\n<p>NAT\u00c1LIA FIRNKES &#8211;<\/p>\n<p>OT\u00c1VIO FREITAS NEVES &#8211;<\/p>\n<p>PAULO IN\u00c1CIO GIACOMONI COLOMBELLI &#8211;<\/p>\n<p>R\u00d4MULO F\u00c9LIX NUNES &#8211;<\/p>\n<p>VICENTE BECKER DE AZEVEDO &#8211;<\/p>\n<p>&nbsp;<\/p>\n<h6 style=\"text-align: right\">ATUALIZADO EM 01 DE SETEMBRO DE 2020.<\/h6>\n<h6 style=\"text-align: right\"><\/h6>\n","protected":false},"excerpt":{"rendered":"<p>TRABALHOS DE CONCLUS\u00c3O DE CURSO DO ANO DE 2016 ANDREZZA RIBEIRO FRETES &#8211; EDUARDO SGANZERLA FERREIRA &#8211; ERLON RIBEIRO COSTA DOS SANTOS &#8211; Eleva\u00e7\u00e3o de petr\u00f3leo:\u00a0o estudo da eleva\u00e7\u00e3o artificial a g\u00e1s intermitente FRANCINE SELAU BORGES &#8211; GUILHERME DA CUNHA PONTES &#8211; Avalia\u00e7\u00e3o de projetos de petr\u00f3leo e an\u00e1lise da influ\u00eancia dos indicadores econ\u00f4micos GUILHERME [&hellip;]<\/p>\n","protected":false},"author":197,"featured_media":0,"parent":1120,"menu_order":3,"comment_status":"closed","ping_status":"closed","template":"","meta":{"jetpack_post_was_ever_published":false,"footnotes":""},"class_list":["post-1126","page","type-page","status-publish","hentry"],"jetpack_sharing_enabled":true,"jetpack_shortlink":"https:\/\/wp.me\/P6Pmcg-ia","jetpack_likes_enabled":true,"jetpack-related-posts":[],"_links":{"self":[{"href":"https:\/\/wp.ufpel.edu.br\/engenhariadepetroleo\/wp-json\/wp\/v2\/pages\/1126","targetHints":{"allow":["GET"]}}],"collection":[{"href":"https:\/\/wp.ufpel.edu.br\/engenhariadepetroleo\/wp-json\/wp\/v2\/pages"}],"about":[{"href":"https:\/\/wp.ufpel.edu.br\/engenhariadepetroleo\/wp-json\/wp\/v2\/types\/page"}],"author":[{"embeddable":true,"href":"https:\/\/wp.ufpel.edu.br\/engenhariadepetroleo\/wp-json\/wp\/v2\/users\/197"}],"replies":[{"embeddable":true,"href":"https:\/\/wp.ufpel.edu.br\/engenhariadepetroleo\/wp-json\/wp\/v2\/comments?post=1126"}],"version-history":[{"count":8,"href":"https:\/\/wp.ufpel.edu.br\/engenhariadepetroleo\/wp-json\/wp\/v2\/pages\/1126\/revisions"}],"predecessor-version":[{"id":1566,"href":"https:\/\/wp.ufpel.edu.br\/engenhariadepetroleo\/wp-json\/wp\/v2\/pages\/1126\/revisions\/1566"}],"up":[{"embeddable":true,"href":"https:\/\/wp.ufpel.edu.br\/engenhariadepetroleo\/wp-json\/wp\/v2\/pages\/1120"}],"wp:attachment":[{"href":"https:\/\/wp.ufpel.edu.br\/engenhariadepetroleo\/wp-json\/wp\/v2\/media?parent=1126"}],"curies":[{"name":"wp","href":"https:\/\/api.w.org\/{rel}","templated":true}]}}