{"id":1124,"date":"2020-07-04T16:46:29","date_gmt":"2020-07-04T19:46:29","guid":{"rendered":"https:\/\/wp.ufpel.edu.br\/engenhariadepetroleo\/?page_id=1124"},"modified":"2020-09-01T16:46:39","modified_gmt":"2020-09-01T19:46:39","slug":"2015-2","status":"publish","type":"page","link":"https:\/\/wp.ufpel.edu.br\/engenhariadepetroleo\/publicacoes\/tccs\/2015-2\/","title":{"rendered":"2015"},"content":{"rendered":"<h2>TRABALHOS DE CONCLUS\u00c3O DE CURSO DO ANO DE 2015<\/h2>\n<p>ANDR\u00c9 MICHELS &#8211; <a href=\"http:\/\/pergamum.ufpel.edu.br:8080\/pergamumweb\/vinculos\/0000ad\/0000ad14.pdf\">Desenvolvimento de uma metodologia para completa\u00e7\u00e3o de po\u00e7os submarinos \u00a0<\/a><\/p>\n<p>ANE DE MARCO LAMONATO &#8211; <a href=\"http:\/\/pergamum.ufpel.edu.br:8080\/pergamumweb\/vinculos\/0000ad\/0000ad04.pdf\">An\u00e1lises petrof\u00edsicas de arenitos do po\u00e7o 2-ANP-5-MA da Bacia S\u00e3o Lu\u00eds e da forma\u00e7\u00e3o Botucatu, Bacia do Paran\u00e1<\/a><\/p>\n<p>CARLINE SCHARDONG &#8211; <a href=\"http:\/\/pergamum.ufpel.edu.br:8080\/pergamumweb\/vinculos\/0000ac\/0000acef.pdf\">Ajuste de hist\u00f3rico assistido combinado com planejamento de experimentos:\u00a0aplica\u00e7\u00e3o no campo de Alwyn<\/a><\/p>\n<p>CRISTIANO BADERMANN DA SILVA &#8211;<\/p>\n<p>FRANCISCO ALMEIDA MASSIERE &#8211; <a href=\"http:\/\/pergamum.ufpel.edu.br:8080\/pergamumweb\/vinculos\/0000ac\/0000ac08.pdf\">Coluna de revestimento em po\u00e7os de petr\u00f3leo<\/a><\/p>\n<p>GIOVANE BERTUOL &#8211;<\/p>\n<p>MARIA LUIZA SPESSATTO BRESCIANINI &#8211;<\/p>\n<p>MATHEUS GON\u00c7ALVES ESTANISLAU &#8211; <a href=\"http:\/\/pergamum.ufpel.edu.br:8080\/pergamumweb\/vinculos\/0000ad\/0000ad17.pdf\">C\u00e1lculo do coeficiente global de transfer\u00eancia de calor em po\u00e7os de petr\u00f3leo para aplica\u00e7\u00e3o em modelos t\u00e9rmicos<\/a><\/p>\n<p>RENATA ALBERTON &#8211;<\/p>\n<p>RODRIGO GON\u00c7ALVES VAZ &#8211; <a href=\"http:\/\/pergamum.ufpel.edu.br:8080\/pergamumweb\/vinculos\/0000ad\/0000ad20.pdf\">Aplica\u00e7\u00e3o de redes neurais para correla\u00e7\u00e3o de propriedades do petr\u00f3leo com dados de espectroscopia de infravermelho pr\u00f3ximo<\/a><\/p>\n<p>THALITA FAGUNDES LEAL &#8211;<\/p>\n<p>VICTOR AUGUSTO KOLHS CATTANI &#8211;<\/p>\n<p>WILLIAM CHALUB CRUZ &#8211; <a href=\"http:\/\/pergamum.ufpel.edu.br:8080\/pergamumweb\/vinculos\/0000ad\/0000ad10.pdf\">Ajuste de hist\u00f3rico utilizando a metodologia de Hooke&amp;Jeevs e planejamento estat\u00edstico<\/a><\/p>\n<h6 style=\"text-align: right\">ATUALIZADO EM 01 DE SETEMBRO DE 2020.<\/h6>\n","protected":false},"excerpt":{"rendered":"<p>TRABALHOS DE CONCLUS\u00c3O DE CURSO DO ANO DE 2015 ANDR\u00c9 MICHELS &#8211; Desenvolvimento de uma metodologia para completa\u00e7\u00e3o de po\u00e7os submarinos \u00a0 ANE DE MARCO LAMONATO &#8211; An\u00e1lises petrof\u00edsicas de arenitos do po\u00e7o 2-ANP-5-MA da Bacia S\u00e3o Lu\u00eds e da forma\u00e7\u00e3o Botucatu, Bacia do Paran\u00e1 CARLINE SCHARDONG &#8211; Ajuste de hist\u00f3rico assistido combinado com planejamento [&hellip;]<\/p>\n","protected":false},"author":197,"featured_media":0,"parent":1120,"menu_order":2,"comment_status":"closed","ping_status":"closed","template":"","meta":{"jetpack_post_was_ever_published":false,"footnotes":""},"class_list":["post-1124","page","type-page","status-publish","hentry"],"jetpack_sharing_enabled":true,"jetpack_shortlink":"https:\/\/wp.me\/P6Pmcg-i8","jetpack_likes_enabled":true,"jetpack-related-posts":[],"_links":{"self":[{"href":"https:\/\/wp.ufpel.edu.br\/engenhariadepetroleo\/wp-json\/wp\/v2\/pages\/1124","targetHints":{"allow":["GET"]}}],"collection":[{"href":"https:\/\/wp.ufpel.edu.br\/engenhariadepetroleo\/wp-json\/wp\/v2\/pages"}],"about":[{"href":"https:\/\/wp.ufpel.edu.br\/engenhariadepetroleo\/wp-json\/wp\/v2\/types\/page"}],"author":[{"embeddable":true,"href":"https:\/\/wp.ufpel.edu.br\/engenhariadepetroleo\/wp-json\/wp\/v2\/users\/197"}],"replies":[{"embeddable":true,"href":"https:\/\/wp.ufpel.edu.br\/engenhariadepetroleo\/wp-json\/wp\/v2\/comments?post=1124"}],"version-history":[{"count":7,"href":"https:\/\/wp.ufpel.edu.br\/engenhariadepetroleo\/wp-json\/wp\/v2\/pages\/1124\/revisions"}],"predecessor-version":[{"id":1565,"href":"https:\/\/wp.ufpel.edu.br\/engenhariadepetroleo\/wp-json\/wp\/v2\/pages\/1124\/revisions\/1565"}],"up":[{"embeddable":true,"href":"https:\/\/wp.ufpel.edu.br\/engenhariadepetroleo\/wp-json\/wp\/v2\/pages\/1120"}],"wp:attachment":[{"href":"https:\/\/wp.ufpel.edu.br\/engenhariadepetroleo\/wp-json\/wp\/v2\/media?parent=1124"}],"curies":[{"name":"wp","href":"https:\/\/api.w.org\/{rel}","templated":true}]}}