{"id":1122,"date":"2020-07-04T16:46:04","date_gmt":"2020-07-04T19:46:04","guid":{"rendered":"https:\/\/wp.ufpel.edu.br\/engenhariadepetroleo\/?page_id=1122"},"modified":"2020-09-01T16:36:07","modified_gmt":"2020-09-01T19:36:07","slug":"2014-2","status":"publish","type":"page","link":"https:\/\/wp.ufpel.edu.br\/engenhariadepetroleo\/publicacoes\/tccs\/2014-2\/","title":{"rendered":"2014"},"content":{"rendered":"<h2>TRABALHOS DE CONCLUS\u00c3O DE CURSO DO ANO DE 2014<\/h2>\n<p>EVELYN CRISTINA TONIN &#8211;<\/p>\n<p>FORLAN LA ROSA ALMEIDA &#8211; <a href=\"http:\/\/pergamum.ufpel.edu.br:8080\/pergamumweb\/vinculos\/0000ac\/0000ac02.pdf\">Avalia\u00e7\u00e3o da integra\u00e7\u00e3o da S\u00edsmica 4D (TIME-LAPSE) ao processo de ajuste de hist\u00f3rico: estudo comparativo<\/a><\/p>\n<p>GUILHERME NARCISO MEDEIROS &#8211;<\/p>\n<p>LARISSA PINHEIRO COSTA &#8211;<\/p>\n<p>LAUREN FRANCINE IRIGOITE FARIAS &#8211;<\/p>\n<p>MICHELE SCHMITT &#8211;<\/p>\n<p>NAT\u00c1LIA MARIA ORNELLAS &#8211; <a href=\"http:\/\/pergamum.ufpel.edu.br:8080\/pergamumweb\/vinculos\/0000ac\/0000ac04.pdf\">An\u00e1lise do comportamento din\u00e2mico de um riser para seu dimensionamento<\/a><\/p>\n<p>PATRICIA PIZANE TIMM &#8211; <a href=\"http:\/\/pergamum.ufpel.edu.br:8080\/pergamumweb\/vinculos\/0000ad\/0000ad1c.pdf\">Moldagem geol\u00f3gica e petrof\u00edsica 3D de um reservat\u00f3rio de \u00f3leo \u00a0<\/a><\/p>\n<p>ROBISON QUINTANA SAALFELD &#8211; <a href=\"http:\/\/pergamum.ufpel.edu.br:8080\/pergamumweb\/vinculos\/0000ad\/0000ad1c.pdf\">Ajuste de hist\u00f3rico em modelos homog\u00eaneos para a representa\u00e7\u00e3o de reservat\u00f3rios naturalmente fraturados<\/a><\/p>\n<p>&nbsp;<\/p>\n<h6 style=\"text-align: right\">atualizado em 01 de setembro de 2020.<\/h6>\n","protected":false},"excerpt":{"rendered":"<p>TRABALHOS DE CONCLUS\u00c3O DE CURSO DO ANO DE 2014 EVELYN CRISTINA TONIN &#8211; FORLAN LA ROSA ALMEIDA &#8211; Avalia\u00e7\u00e3o da integra\u00e7\u00e3o da S\u00edsmica 4D (TIME-LAPSE) ao processo de ajuste de hist\u00f3rico: estudo comparativo GUILHERME NARCISO MEDEIROS &#8211; LARISSA PINHEIRO COSTA &#8211; LAUREN FRANCINE IRIGOITE FARIAS &#8211; MICHELE SCHMITT &#8211; NAT\u00c1LIA MARIA ORNELLAS &#8211; An\u00e1lise do [&hellip;]<\/p>\n","protected":false},"author":197,"featured_media":0,"parent":1120,"menu_order":1,"comment_status":"closed","ping_status":"closed","template":"","meta":{"jetpack_post_was_ever_published":false,"footnotes":""},"class_list":["post-1122","page","type-page","status-publish","hentry"],"jetpack_sharing_enabled":true,"jetpack_shortlink":"https:\/\/wp.me\/P6Pmcg-i6","jetpack_likes_enabled":true,"jetpack-related-posts":[],"_links":{"self":[{"href":"https:\/\/wp.ufpel.edu.br\/engenhariadepetroleo\/wp-json\/wp\/v2\/pages\/1122","targetHints":{"allow":["GET"]}}],"collection":[{"href":"https:\/\/wp.ufpel.edu.br\/engenhariadepetroleo\/wp-json\/wp\/v2\/pages"}],"about":[{"href":"https:\/\/wp.ufpel.edu.br\/engenhariadepetroleo\/wp-json\/wp\/v2\/types\/page"}],"author":[{"embeddable":true,"href":"https:\/\/wp.ufpel.edu.br\/engenhariadepetroleo\/wp-json\/wp\/v2\/users\/197"}],"replies":[{"embeddable":true,"href":"https:\/\/wp.ufpel.edu.br\/engenhariadepetroleo\/wp-json\/wp\/v2\/comments?post=1122"}],"version-history":[{"count":8,"href":"https:\/\/wp.ufpel.edu.br\/engenhariadepetroleo\/wp-json\/wp\/v2\/pages\/1122\/revisions"}],"predecessor-version":[{"id":1564,"href":"https:\/\/wp.ufpel.edu.br\/engenhariadepetroleo\/wp-json\/wp\/v2\/pages\/1122\/revisions\/1564"}],"up":[{"embeddable":true,"href":"https:\/\/wp.ufpel.edu.br\/engenhariadepetroleo\/wp-json\/wp\/v2\/pages\/1120"}],"wp:attachment":[{"href":"https:\/\/wp.ufpel.edu.br\/engenhariadepetroleo\/wp-json\/wp\/v2\/media?parent=1122"}],"curies":[{"name":"wp","href":"https:\/\/api.w.org\/{rel}","templated":true}]}}