{"id":1047,"date":"2020-08-28T16:25:52","date_gmt":"2020-08-28T19:25:52","guid":{"rendered":"https:\/\/wp.ufpel.edu.br\/engenhariadepetroleo\/?page_id=1047"},"modified":"2025-09-30T16:33:55","modified_gmt":"2025-09-30T19:33:55","slug":"extensao","status":"publish","type":"page","link":"https:\/\/wp.ufpel.edu.br\/engenhariadepetroleo\/projetos\/extensao\/","title":{"rendered":"Extens\u00e3o"},"content":{"rendered":"<h2>PROJETOS LIGADOS A PROFESSORES DO CURSO DE ENGENHARIA DE PETR\u00d3LEO<\/h2>\n<h3><a href=\"https:\/\/institucional.ufpel.edu.br\/projetos\/id\/u7331\">Promovendo inclus\u00e3o tecnol\u00f3gica: a\u00e7\u00e3o extensionista na Engenharia de Petr\u00f3leo<\/a><\/h3>\n<p>ANTONIO ALVES DA SILVA JUNIOR<\/p>\n<p>________________________________________________________________________________<\/p>\n<h3><a href=\"https:\/\/institucional.ufpel.edu.br\/projetos\/id\/u2067\">Geos<\/a><\/h3>\n<p>CAMILE URBAN<\/p>\n<p>________________________________________________________________________________<\/p>\n<h3><a href=\"https:\/\/institucional.ufpel.edu.br\/projetos\/id\/u3788\">A profiss\u00e3o do Engenheiro de Petr\u00f3leo<\/a><\/h3>\n<p>CAMILE URBAN<\/p>\n<p>FORLAN ALMEIDA<\/p>\n<p>JOSE WILSON DA SILVA<\/p>\n<p>LARISSA PINHEIRO COSTA<\/p>\n<p>VALMIR FRANCISCO RISSO<\/p>\n<p>________________________________________________________________________________<\/p>\n<h3><a href=\"https:\/\/institucional.ufpel.edu.br\/projetos\/id\/u1828\">A Utiliza\u00e7\u00e3o de metodologias l\u00fadicas no Processo de Ensino em Geologia<\/a><\/h3>\n<p>CAMILE URBAN<\/p>\n<p>________________________________________________________________________________<\/p>\n<h3><a href=\"https:\/\/institucional.ufpel.edu.br\/projetos\/id\/u9208\">Levantamento da Geodiversidade na regi\u00e3o do Projeto Geoparque Paisagem das \u00c1guas (PGPA) \u2013 RS (Pelotas, Rio Grande, S\u00e3o Jos\u00e9 do Norte, S\u00e3o Loure\u00e7o do Sul, Turu\u00e7u, Arroio do Padre, Cap\u00e3o do Le\u00e3o e Santa Vit\u00f3ria do Palmar)<\/a><\/h3>\n<p>CAMILE URBAN<\/p>\n<p>________________________________________________________________________________<\/p>\n<h3><a href=\"https:\/\/institucional.ufpel.edu.br\/projetos\/id\/u6720\">Projeto Geoparque Paisagem das \u00c1guas<\/a><\/h3>\n<p>CAMILE URBAN<\/p>\n<p>________________________________________________________________________________<\/p>\n<h3><a href=\"https:\/\/institucional.ufpel.edu.br\/projetos\/id\/u7870\">Mulheres e Energia &#8211; WIN<\/a><\/h3>\n<p>CAMILE URBAN<\/p>\n<p>LARISSA PINHEIRO COSTA<\/p>\n<p>________________________________________________________________________________<\/p>\n<h3><a href=\"https:\/\/institucional.ufpel.edu.br\/projetos\/id\/u6008\">Plant\u00e3o Tira-D\u00favidas<\/a><\/h3>\n<p>FORLAN ALMEIDA<\/p>\n<p>MARISTELA BAGATIN SILVA<\/p>\n<p>________________________________________________________________________________<\/p>\n<h3><a href=\"https:\/\/institucional.ufpel.edu.br\/projetos\/id\/u9086\">Desenvolvimento de aplicativo (ProCalc) para apoio a aprendizagem de Matem\u00e1tica para o ensino superior &#8211; 2025<\/a><\/h3>\n<p>GIOVANI MATTE CIOCCARI<\/p>\n<p>________________________________________________________________________________<\/p>\n<h3><a href=\"https:\/\/institucional.ufpel.edu.br\/projetos\/id\/u4988\">Empresa J\u00fanior (Geoprocessamento e Engenharia de Petr\u00f3leo)<\/a><\/h3>\n<p>JOSE WILSON DA SILVA<\/p>\n<p>________________________________________________________________________________<\/p>\n<h3><a href=\"https:\/\/institucional.ufpel.edu.br\/projetos\/id\/u9219\">O ingl\u00eas na Engenharia de Petr\u00f3leo<\/a><\/h3>\n<p>LARISSA PINHEIRO COSTA<\/p>\n<p>ROMULO HENRIQUE BATISTA DE FARIAS<\/p>\n<p>________________________________________________________________________________<\/p>\n<h3><a href=\"https:\/\/institucional.ufpel.edu.br\/projetos\/id\/u520\">Apoio ao desenvolvimento do Saneamento nos munic\u00edpios da Zona Sul<\/a><\/h3>\n<p>ROMULO HENRIQUE BATISTA DE FARIAS<\/p>\n<p>________________________________________________________________________________<\/p>\n<h6 style=\"text-align: right;\">ATUALIZADO EM 30 de setembro DE 2025.<\/h6>\n","protected":false},"excerpt":{"rendered":"<p>PROJETOS LIGADOS A PROFESSORES DO CURSO DE ENGENHARIA DE PETR\u00d3LEO Promovendo inclus\u00e3o tecnol\u00f3gica: a\u00e7\u00e3o extensionista na Engenharia de Petr\u00f3leo ANTONIO ALVES DA SILVA JUNIOR ________________________________________________________________________________ Geos CAMILE URBAN ________________________________________________________________________________ A profiss\u00e3o do Engenheiro de Petr\u00f3leo CAMILE URBAN FORLAN ALMEIDA JOSE WILSON DA SILVA LARISSA PINHEIRO COSTA VALMIR FRANCISCO RISSO ________________________________________________________________________________ A Utiliza\u00e7\u00e3o de metodologias l\u00fadicas [&hellip;]<\/p>\n","protected":false},"author":197,"featured_media":0,"parent":1041,"menu_order":3,"comment_status":"closed","ping_status":"closed","template":"","meta":{"jetpack_post_was_ever_published":false,"footnotes":""},"class_list":["post-1047","page","type-page","status-publish","hentry"],"jetpack_sharing_enabled":true,"jetpack_shortlink":"https:\/\/wp.me\/P6Pmcg-gT","jetpack_likes_enabled":true,"jetpack-related-posts":[],"_links":{"self":[{"href":"https:\/\/wp.ufpel.edu.br\/engenhariadepetroleo\/wp-json\/wp\/v2\/pages\/1047","targetHints":{"allow":["GET"]}}],"collection":[{"href":"https:\/\/wp.ufpel.edu.br\/engenhariadepetroleo\/wp-json\/wp\/v2\/pages"}],"about":[{"href":"https:\/\/wp.ufpel.edu.br\/engenhariadepetroleo\/wp-json\/wp\/v2\/types\/page"}],"author":[{"embeddable":true,"href":"https:\/\/wp.ufpel.edu.br\/engenhariadepetroleo\/wp-json\/wp\/v2\/users\/197"}],"replies":[{"embeddable":true,"href":"https:\/\/wp.ufpel.edu.br\/engenhariadepetroleo\/wp-json\/wp\/v2\/comments?post=1047"}],"version-history":[{"count":3,"href":"https:\/\/wp.ufpel.edu.br\/engenhariadepetroleo\/wp-json\/wp\/v2\/pages\/1047\/revisions"}],"predecessor-version":[{"id":3154,"href":"https:\/\/wp.ufpel.edu.br\/engenhariadepetroleo\/wp-json\/wp\/v2\/pages\/1047\/revisions\/3154"}],"up":[{"embeddable":true,"href":"https:\/\/wp.ufpel.edu.br\/engenhariadepetroleo\/wp-json\/wp\/v2\/pages\/1041"}],"wp:attachment":[{"href":"https:\/\/wp.ufpel.edu.br\/engenhariadepetroleo\/wp-json\/wp\/v2\/media?parent=1047"}],"curies":[{"name":"wp","href":"https:\/\/api.w.org\/{rel}","templated":true}]}}