{"id":1043,"date":"2020-07-04T16:24:57","date_gmt":"2020-07-04T19:24:57","guid":{"rendered":"https:\/\/wp.ufpel.edu.br\/engenhariadepetroleo\/?page_id=1043"},"modified":"2025-09-30T16:35:06","modified_gmt":"2025-09-30T19:35:06","slug":"ensino","status":"publish","type":"page","link":"https:\/\/wp.ufpel.edu.br\/engenhariadepetroleo\/projetos\/ensino\/","title":{"rendered":"Ensino"},"content":{"rendered":"<h2>PROJETOS LIGADOS A PROFESSORES DO CURSO DE ENGENHARIA DE PETR\u00d3LEO<\/h2>\n<h3><a href=\"https:\/\/institucional.ufpel.edu.br\/projetos\/id\/u6136\">A escrita t\u00e9cnico-cient\u00edfica aplicada as ci\u00eancias exatas e da terra<\/a><\/h3>\n<p>ANTONIO ALVES DA SILVA JUNIOR<\/p>\n<p>LARISSA PINHEIRO COSTA<\/p>\n<p>________________________________________________________________________________<\/p>\n<h3><a href=\"https:\/\/institucional.ufpel.edu.br\/projetos\/id\/u8859\">Projeto de Ensino: Estratigrafia Aplicada a Concursos para a Petrobras<\/a><\/h3>\n<p>CAMILE URBAN<\/p>\n<p>________________________________________________________________________________<\/p>\n<h3><a href=\"https:\/\/institucional.ufpel.edu.br\/projetos\/id\/u8763\">Cataloga\u00e7\u00e3o da cole\u00e7\u00e3o de minerais e rochas do curso de Engenharia Geol\u00f3gica<\/a><\/h3>\n<p>CAMILE URBAN<\/p>\n<p>________________________________________________________________________________<\/p>\n<h3><a href=\"https:\/\/institucional.ufpel.edu.br\/projetos\/id\/u1506\">Programa de Monitoria da UFPEL<\/a><\/h3>\n<p>CAMILE URBAN<\/p>\n<p>FERNADA VAZ ALVES RISSO<\/p>\n<p>FORLAN ALMEIDA<\/p>\n<p>JOSE WILSON DA SILVA<\/p>\n<p>LARISSA PINHEIRO COSTA<\/p>\n<p>MARISTELA BAGATIN SILVA<\/p>\n<p>VALMIR FRANCISCO RISSO<\/p>\n<p>________________________________________________________________________________<\/p>\n<h3><a href=\"https:\/\/institucional.ufpel.edu.br\/projetos\/id\/u2010\">SPEaking<\/a><\/h3>\n<p>FERNADA VAZ ALVES RISSO<\/p>\n<p>FORLAN ALMEIDA<\/p>\n<p>LARISSA PINHEIRO COSTA<\/p>\n<p>________________________________________________________________________________<\/p>\n<h3><a href=\"https:\/\/institucional.ufpel.edu.br\/projetos\/id\/u7946\">UFPel convida: uma jornada pela educa\u00e7\u00e3o superior<\/a><\/h3>\n<p>FORLAN ALMEIDA<\/p>\n<p>JOSE WILSON DA SILVA<\/p>\n<p>LARISSA PINHEIRO COSTA<\/p>\n<p>ROMULO HENRIQUE BATISTA DE FARIAS<\/p>\n<p>________________________________________________________________________________<\/p>\n<h3><a href=\"https:\/\/institucional.ufpel.edu.br\/projetos\/id\/u9083\">IX Semana Acad\u00eamica da Engenharia Ambiental e Sanit\u00e1ria e II Semana de Sustentabilidade do CEng<\/a><\/h3>\n<p>LARISSA PINHEIRO COSTA<\/p>\n<p>ROMULO HENRIQUE BATISTA DE FARIAS<\/p>\n<p>________________________________________________________________________________<\/p>\n<h3><a href=\"https:\/\/institucional.ufpel.edu.br\/projetos\/id\/u8413\">Apostila de Geoqu\u00edmica do Petr\u00f3leo<\/a><\/h3>\n<p>MARISTELA BAGATIN SILVA<\/p>\n<p>________________________________________________________________________________<\/p>\n<h6 style=\"text-align: right;\"><\/h6>\n<h6 style=\"text-align: right;\"><\/h6>\n<h6 style=\"text-align: right;\">Atualizado em 30 de setembro de 2025.<\/h6>\n<p>&nbsp;<\/p>\n","protected":false},"excerpt":{"rendered":"<p>PROJETOS LIGADOS A PROFESSORES DO CURSO DE ENGENHARIA DE PETR\u00d3LEO A escrita t\u00e9cnico-cient\u00edfica aplicada as ci\u00eancias exatas e da terra ANTONIO ALVES DA SILVA JUNIOR LARISSA PINHEIRO COSTA ________________________________________________________________________________ Projeto de Ensino: Estratigrafia Aplicada a Concursos para a Petrobras CAMILE URBAN ________________________________________________________________________________ Cataloga\u00e7\u00e3o da cole\u00e7\u00e3o de minerais e rochas do curso de Engenharia Geol\u00f3gica CAMILE [&hellip;]<\/p>\n","protected":false},"author":197,"featured_media":0,"parent":1041,"menu_order":1,"comment_status":"closed","ping_status":"closed","template":"","meta":{"jetpack_post_was_ever_published":false,"footnotes":""},"class_list":["post-1043","page","type-page","status-publish","hentry"],"jetpack_sharing_enabled":true,"jetpack_shortlink":"https:\/\/wp.me\/P6Pmcg-gP","jetpack_likes_enabled":true,"jetpack-related-posts":[],"_links":{"self":[{"href":"https:\/\/wp.ufpel.edu.br\/engenhariadepetroleo\/wp-json\/wp\/v2\/pages\/1043","targetHints":{"allow":["GET"]}}],"collection":[{"href":"https:\/\/wp.ufpel.edu.br\/engenhariadepetroleo\/wp-json\/wp\/v2\/pages"}],"about":[{"href":"https:\/\/wp.ufpel.edu.br\/engenhariadepetroleo\/wp-json\/wp\/v2\/types\/page"}],"author":[{"embeddable":true,"href":"https:\/\/wp.ufpel.edu.br\/engenhariadepetroleo\/wp-json\/wp\/v2\/users\/197"}],"replies":[{"embeddable":true,"href":"https:\/\/wp.ufpel.edu.br\/engenhariadepetroleo\/wp-json\/wp\/v2\/comments?post=1043"}],"version-history":[{"count":3,"href":"https:\/\/wp.ufpel.edu.br\/engenhariadepetroleo\/wp-json\/wp\/v2\/pages\/1043\/revisions"}],"predecessor-version":[{"id":3155,"href":"https:\/\/wp.ufpel.edu.br\/engenhariadepetroleo\/wp-json\/wp\/v2\/pages\/1043\/revisions\/3155"}],"up":[{"embeddable":true,"href":"https:\/\/wp.ufpel.edu.br\/engenhariadepetroleo\/wp-json\/wp\/v2\/pages\/1041"}],"wp:attachment":[{"href":"https:\/\/wp.ufpel.edu.br\/engenhariadepetroleo\/wp-json\/wp\/v2\/media?parent=1043"}],"curies":[{"name":"wp","href":"https:\/\/api.w.org\/{rel}","templated":true}]}}