{"id":1029,"date":"2020-07-04T16:20:56","date_gmt":"2020-07-04T19:20:56","guid":{"rendered":"https:\/\/wp.ufpel.edu.br\/engenhariadepetroleo\/?page_id=1029"},"modified":"2022-02-09T18:06:16","modified_gmt":"2022-02-09T21:06:16","slug":"horarios","status":"publish","type":"page","link":"https:\/\/wp.ufpel.edu.br\/engenhariadepetroleo\/repositorio\/horarios\/","title":{"rendered":"Hor\u00e1rios"},"content":{"rendered":"<h2>Ofertas e Hor\u00e1rios &#8211; Calend\u00e1rio 2021\/02<\/h2>\n<p><a href=\"https:\/\/wp.ufpel.edu.br\/engenhariadepetroleo\/files\/2022\/02\/Horarios-Alunos-2021-2-Engenharia-de-Petroleo.pdf\" target=\"_blank\" rel=\"noopener noreferrer nofollow\">Clique para acessar o Horarios-Alunos-2021-2-Engenharia-de-Petroleo.pdf<\/a><\/p>\n<p>&nbsp;<\/p>\n<h6 style=\"text-align: right\">Atualizado em 09 de Fevereiro de 2022.<\/h6>\n","protected":false},"excerpt":{"rendered":"<p>Ofertas e Hor\u00e1rios &#8211; Calend\u00e1rio 2021\/02 Clique para acessar o Horarios-Alunos-2021-2-Engenharia-de-Petroleo.pdf &nbsp; Atualizado em 09 de Fevereiro de 2022.<\/p>\n","protected":false},"author":197,"featured_media":0,"parent":1021,"menu_order":4,"comment_status":"closed","ping_status":"closed","template":"","meta":{"jetpack_post_was_ever_published":false,"footnotes":""},"class_list":["post-1029","page","type-page","status-publish","hentry"],"jetpack_sharing_enabled":true,"jetpack_shortlink":"https:\/\/wp.me\/P6Pmcg-gB","jetpack_likes_enabled":true,"jetpack-related-posts":[],"_links":{"self":[{"href":"https:\/\/wp.ufpel.edu.br\/engenhariadepetroleo\/wp-json\/wp\/v2\/pages\/1029","targetHints":{"allow":["GET"]}}],"collection":[{"href":"https:\/\/wp.ufpel.edu.br\/engenhariadepetroleo\/wp-json\/wp\/v2\/pages"}],"about":[{"href":"https:\/\/wp.ufpel.edu.br\/engenhariadepetroleo\/wp-json\/wp\/v2\/types\/page"}],"author":[{"embeddable":true,"href":"https:\/\/wp.ufpel.edu.br\/engenhariadepetroleo\/wp-json\/wp\/v2\/users\/197"}],"replies":[{"embeddable":true,"href":"https:\/\/wp.ufpel.edu.br\/engenhariadepetroleo\/wp-json\/wp\/v2\/comments?post=1029"}],"version-history":[{"count":22,"href":"https:\/\/wp.ufpel.edu.br\/engenhariadepetroleo\/wp-json\/wp\/v2\/pages\/1029\/revisions"}],"predecessor-version":[{"id":2030,"href":"https:\/\/wp.ufpel.edu.br\/engenhariadepetroleo\/wp-json\/wp\/v2\/pages\/1029\/revisions\/2030"}],"up":[{"embeddable":true,"href":"https:\/\/wp.ufpel.edu.br\/engenhariadepetroleo\/wp-json\/wp\/v2\/pages\/1021"}],"wp:attachment":[{"href":"https:\/\/wp.ufpel.edu.br\/engenhariadepetroleo\/wp-json\/wp\/v2\/media?parent=1029"}],"curies":[{"name":"wp","href":"https:\/\/api.w.org\/{rel}","templated":true}]}}